{"id":161370,"date":"2026-01-09T15:12:43","date_gmt":"2026-01-09T14:12:43","guid":{"rendered":"https:\/\/secureus.se\/usb-c-till-usb-c-kabel-5m\/"},"modified":"2026-02-03T11:48:15","modified_gmt":"2026-02-03T10:48:15","slug":"usb-c-till-usb-c-kabel-5m","status":"publish","type":"product","link":"https:\/\/secureus.se\/es\/usb-c-till-usb-c-kabel-5m\/","title":{"rendered":"Cable USB C de 5 m: cable de alimentaci\u00f3n USB-C a USB-C"},"content":{"rendered":"<h3 data-start=\"348\" data-end=\"413\">Cable de alimentaci\u00f3n USB-C a USB-C para una instalaci\u00f3n fija y segura<\/h3>\n<p data-start=\"414\" data-end=\"634\">Este cable de alimentaci\u00f3n USB-C a USB-C de 5 metros est\u00e1 dise\u00f1ado para alimentar dispositivos que utilizan USB-C tanto en la fuente de alimentaci\u00f3n como en el dispositivo. Es ideal para instalaciones que requieren un funcionamiento estable y un mayor alcance.<\/p>\n<h3 data-start=\"636\" data-end=\"659\">\u00c1rea de aplicaci\u00f3n<\/h3>\n<p data-start=\"660\" data-end=\"821\">El cable se utiliza para la alimentaci\u00f3n continua de dispositivos USB-C de bajo consumo. Es especialmente adecuado para productos de seguridad que no requieren transferencia de datos.<\/p>\n<h3 data-start=\"823\" data-end=\"837\">Beneficios<\/h3>\n<ul data-start=\"838\" data-end=\"1002\">\n<li data-start=\"838\" data-end=\"883\">\n<p data-start=\"840\" data-end=\"883\">Longitud de cable de 5 metros para una colocaci\u00f3n flexible<\/p>\n<\/li>\n<li data-start=\"884\" data-end=\"921\">\n<p data-start=\"886\" data-end=\"921\">Suministro de energ\u00eda estable a trav\u00e9s de USB-C<\/p>\n<\/li>\n<li data-start=\"922\" data-end=\"965\">\n<p data-start=\"924\" data-end=\"965\">Cable grueso (3,5 mm) para un funcionamiento fiable<\/p>\n<\/li>\n<li data-start=\"966\" data-end=\"1002\">\n<p data-start=\"968\" data-end=\"1002\">F\u00e1cil instalaci\u00f3n plug-and-play<\/p>\n<\/li>\n<\/ul>\n<h3 data-start=\"1004\" data-end=\"1028\">Informaci\u00f3n importante<\/h3>\n<p data-start=\"1029\" data-end=\"1142\">Este es un <strong data-start=\"1041\" data-end=\"1059\">cable de alimentaci\u00f3n limpio<\/strong>El cable es <strong data-start=\"1071\" data-end=\"1141\">No est\u00e1 dise\u00f1ado para transferencia de datos, sincronizaci\u00f3n o carga r\u00e1pida.<\/strong>.<\/p>\n<h3 data-start=\"1144\" data-end=\"1176\">Usos t\u00edpicos<\/h3>\n<ul data-start=\"1177\" data-end=\"1323\">\n<li data-start=\"1177\" data-end=\"1200\">\n<p data-start=\"1179\" data-end=\"1200\">C\u00e1maras de vigilancia<\/p>\n<\/li>\n<li data-start=\"1201\" data-end=\"1233\">\n<p data-start=\"1203\" data-end=\"1233\">Equipos de alarma y seguridad<\/p>\n<\/li>\n<li data-start=\"1234\" data-end=\"1285\">\n<p data-start=\"1236\" data-end=\"1285\">Sensores y accesorios tecnol\u00f3gicos con alimentaci\u00f3n USB-C<\/p>\n<\/li>\n<li data-start=\"1286\" data-end=\"1323\">\n<p data-start=\"1288\" data-end=\"1323\">Instalaci\u00f3n fija o semifija<\/p>\n<\/li>\n<\/ul>\n<hr data-start=\"1325\" data-end=\"1328\" \/>\n<p data-start=\"1330\" data-end=\"1361\"><strong data-start=\"1330\" data-end=\"1359\">ESPECIFICACIONES T\u00c9CNICAS:<\/strong><\/p>\n<ul data-start=\"1362\" data-end=\"1608\">\n<li data-start=\"1362\" data-end=\"1394\">\n<p data-start=\"1364\" data-end=\"1394\">Conexi\u00f3n: USB-C a USB-C<\/p>\n<\/li>\n<li data-start=\"1395\" data-end=\"1434\">\n<p data-start=\"1397\" data-end=\"1434\">Funci\u00f3n: S\u00f3lo energ\u00eda<\/p>\n<\/li>\n<li data-start=\"1435\" data-end=\"1452\">\n<p data-start=\"1437\" data-end=\"1452\">Voltaje: 5 V<\/p>\n<\/li>\n<li data-start=\"1453\" data-end=\"1475\">\n<p data-start=\"1455\" data-end=\"1475\">Corriente: 0,5 A<\/p>\n<\/li>\n<li data-start=\"1476\" data-end=\"1493\">\n<p data-start=\"1478\" data-end=\"1493\">Potencia: 2,5 W<\/p>\n<\/li>\n<li data-start=\"1494\" data-end=\"1515\">\n<p data-start=\"1496\" data-end=\"1515\">Longitud del cable: 5,0 m<\/p>\n<\/li>\n<li data-start=\"1516\" data-end=\"1546\">\n<p data-start=\"1518\" data-end=\"1546\">Di\u00e1metro del cable (DE): 3,5 mm<\/p>\n<\/li>\n<li data-start=\"1547\" data-end=\"1560\">\n<p data-start=\"1549\" data-end=\"1560\">Color: blanco<\/p>\n<\/li>\n<li data-start=\"1561\" data-end=\"1587\">\n<p data-start=\"1563\" data-end=\"1587\">Embalaje: Bolsa de pl\u00e1stico<\/p>\n<\/li>\n<li data-start=\"1588\" data-end=\"1608\">\n<p data-start=\"1590\" data-end=\"1608\">Certificaci\u00f3n: CE<\/p>\n<\/li>\n<\/ul>","protected":false},"excerpt":{"rendered":"<p>Cable de alimentaci\u00f3n USB-C a USB-C de 5 metros para una alimentaci\u00f3n estable. Dise\u00f1ado para dispositivos USB-C como c\u00e1maras, alarmas y otros dispositivos de bajo consumo. Solo para alimentaci\u00f3n, no para transferencia de datos.<\/p>","protected":false},"featured_media":161369,"template":"","meta":{"_acf_changed":false},"product_brand":[],"product_cat":[4959],"product_tag":[],"class_list":{"0":"post-161370","1":"product","2":"type-product","3":"status-publish","4":"has-post-thumbnail","6":"product_cat-stromforsorjning","7":"product_shipping_class-postnord-varubrev","8":"tm-no-options","10":"first","11":"outofstock","12":"taxable","13":"shipping-taxable","14":"purchasable","15":"product-type-simple"},"acf":[],"_links":{"self":[{"href":"https:\/\/secureus.se\/es\/wp-json\/wp\/v2\/product\/161370","targetHints":{"allow":["GET"]}}],"collection":[{"href":"https:\/\/secureus.se\/es\/wp-json\/wp\/v2\/product"}],"about":[{"href":"https:\/\/secureus.se\/es\/wp-json\/wp\/v2\/types\/product"}],"wp:featuredmedia":[{"embeddable":true,"href":"https:\/\/secureus.se\/es\/wp-json\/wp\/v2\/media\/161369"}],"wp:attachment":[{"href":"https:\/\/secureus.se\/es\/wp-json\/wp\/v2\/media?parent=161370"}],"wp:term":[{"taxonomy":"product_brand","embeddable":true,"href":"https:\/\/secureus.se\/es\/wp-json\/wp\/v2\/product_brand?post=161370"},{"taxonomy":"product_cat","embeddable":true,"href":"https:\/\/secureus.se\/es\/wp-json\/wp\/v2\/product_cat?post=161370"},{"taxonomy":"product_tag","embeddable":true,"href":"https:\/\/secureus.se\/es\/wp-json\/wp\/v2\/product_tag?post=161370"}],"curies":[{"name":"wp","href":"https:\/\/api.w.org\/{rel}","templated":true}]}}