{"id":161373,"date":"2026-01-07T15:44:02","date_gmt":"2026-01-07T14:44:02","guid":{"rendered":"https:\/\/secureus.se\/?post_type=product&#038;p=161373"},"modified":"2026-04-15T06:49:08","modified_gmt":"2026-04-15T04:49:08","slug":"stromadapter-12v-2a-5m-vit","status":"publish","type":"product","link":"https:\/\/secureus.se\/es\/stromadapter-12v-2a-5m-vit\/","title":{"rendered":"Adaptador de corriente 12 V 2 A \u2013 Cable de 5 m \u2013 Blanco"},"content":{"rendered":"<h3 data-start=\"2124\" data-end=\"2173\">Fuente de alimentaci\u00f3n fiable y de largo alcance<\/h3>\n<p data-start=\"2174\" data-end=\"2366\">Este adaptador de corriente de 12 V suministra hasta 2 A y est\u00e1 dise\u00f1ado para el funcionamiento continuo de productos de seguridad. Con un cable de 5 metros, la instalaci\u00f3n es flexible incluso cuando la toma de corriente est\u00e1 lejos.<\/p>\n<h3 data-start=\"2368\" data-end=\"2382\">Beneficios<\/h3>\n<ul data-start=\"2383\" data-end=\"2530\">\n<li data-start=\"2383\" data-end=\"2406\">\n<p data-start=\"2385\" data-end=\"2406\">Alimentaci\u00f3n estable de 12 V CC<\/p>\n<\/li>\n<li data-start=\"2407\" data-end=\"2448\">\n<p data-start=\"2409\" data-end=\"2448\">Cable de 5 metros para una f\u00e1cil instalaci\u00f3n<\/p>\n<\/li>\n<li data-start=\"2449\" data-end=\"2476\">\n<p data-start=\"2451\" data-end=\"2476\">Enchufe de CC premontado<\/p>\n<\/li>\n<li data-start=\"2477\" data-end=\"2530\">\n<p data-start=\"2479\" data-end=\"2530\">Adecuado para instalaciones discretas gracias al color blanco.<\/p>\n<\/li>\n<\/ul>\n<h3 data-start=\"2532\" data-end=\"2556\">\u00c1reas de uso<\/h3>\n<p data-start=\"2557\" data-end=\"2656\">Se utiliza para alarmas, teclados y otros equipos de seguridad que requieren una fuente de alimentaci\u00f3n externa de 12 V.<\/p>\n<h3 data-start=\"2658\" data-end=\"2678\">Compatibilidad<\/h3>\n<ul data-start=\"2679\" data-end=\"2737\">\n<li data-start=\"2679\" data-end=\"2711\">\n<p data-start=\"2681\" data-end=\"2711\">Equipo con entrada de 12 V CC<\/p>\n<\/li>\n<li data-start=\"2712\" data-end=\"2737\">\n<p data-start=\"2714\" data-end=\"2737\">Enchufe de CC de 5,5 \u00d7 2,1 mm<\/p>\n<\/li>\n<\/ul>\n<hr data-start=\"2739\" data-end=\"2742\" \/>\n<p data-start=\"2744\" data-end=\"2775\"><strong data-start=\"2744\" data-end=\"2773\">ESPECIFICACIONES T\u00c9CNICAS:<\/strong><\/p>\n<ul data-start=\"2776\" data-end=\"3044\">\n<li data-start=\"2776\" data-end=\"2816\">\n<p data-start=\"2778\" data-end=\"2816\">Voltaje de entrada: CA 100-240 V, 0,8 A<\/p>\n<\/li>\n<li data-start=\"2817\" data-end=\"2839\">\n<p data-start=\"2819\" data-end=\"2839\">Frecuencia: 50\/60 Hz<\/p>\n<\/li>\n<li data-start=\"2840\" data-end=\"2868\">\n<p data-start=\"2842\" data-end=\"2868\">Voltaje de salida: DC 12 V<\/p>\n<\/li>\n<li data-start=\"2869\" data-end=\"2900\">\n<p data-start=\"2871\" data-end=\"2900\">Corriente de salida: 2 A (2000 mA)<\/p>\n<\/li>\n<li data-start=\"2901\" data-end=\"2917\">\n<p data-start=\"2903\" data-end=\"2917\">Potencia: 24W<\/p>\n<\/li>\n<li data-start=\"2918\" data-end=\"2941\">\n<p data-start=\"2920\" data-end=\"2941\">Contacto: Contacto de la UE<\/p>\n<\/li>\n<li data-start=\"2942\" data-end=\"2987\">\n<p data-start=\"2944\" data-end=\"2987\">Enchufe de CC: 5,5 \u00d7 2,1 mm, 10 mm de longitud, 180\u00b0<\/p>\n<\/li>\n<li data-start=\"2988\" data-end=\"3009\">\n<p data-start=\"2990\" data-end=\"3009\">Longitud del cable: 5,0 m<\/p>\n<\/li>\n<li data-start=\"3010\" data-end=\"3023\">\n<p data-start=\"3012\" data-end=\"3023\">Color: blanco<\/p>\n<\/li>\n<li data-start=\"3024\" data-end=\"3044\">\n<p data-start=\"3026\" data-end=\"3044\">Certificaci\u00f3n: CE<\/p>\n<\/li>\n<\/ul>","protected":false},"excerpt":{"rendered":"<p>Adaptador de corriente de 12 V con cable de 5 metros para una alimentaci\u00f3n estable y segura. Apto para alarmas y equipos de seguridad que requieren 12 V CC. Incluye enchufe UE y enchufe CC.<\/p>","protected":false},"featured_media":161374,"template":"","meta":{"_acf_changed":false},"product_brand":[],"product_cat":[4959],"product_tag":[4863],"class_list":{"0":"post-161373","1":"product","2":"type-product","3":"status-publish","4":"has-post-thumbnail","6":"product_cat-stromforsorjning","7":"product_tag-pf","8":"product_shipping_class-postnord-varubrev","9":"pa_brands-stonehouse-security","10":"pa_farg-vit","11":"tm-no-options","13":"first","14":"instock","15":"taxable","16":"shipping-taxable","17":"purchasable","18":"product-type-simple"},"acf":[],"_links":{"self":[{"href":"https:\/\/secureus.se\/es\/wp-json\/wp\/v2\/product\/161373","targetHints":{"allow":["GET"]}}],"collection":[{"href":"https:\/\/secureus.se\/es\/wp-json\/wp\/v2\/product"}],"about":[{"href":"https:\/\/secureus.se\/es\/wp-json\/wp\/v2\/types\/product"}],"wp:featuredmedia":[{"embeddable":true,"href":"https:\/\/secureus.se\/es\/wp-json\/wp\/v2\/media\/161374"}],"wp:attachment":[{"href":"https:\/\/secureus.se\/es\/wp-json\/wp\/v2\/media?parent=161373"}],"wp:term":[{"taxonomy":"product_brand","embeddable":true,"href":"https:\/\/secureus.se\/es\/wp-json\/wp\/v2\/product_brand?post=161373"},{"taxonomy":"product_cat","embeddable":true,"href":"https:\/\/secureus.se\/es\/wp-json\/wp\/v2\/product_cat?post=161373"},{"taxonomy":"product_tag","embeddable":true,"href":"https:\/\/secureus.se\/es\/wp-json\/wp\/v2\/product_tag?post=161373"}],"curies":[{"name":"wp","href":"https:\/\/api.w.org\/{rel}","templated":true}]}}