{"id":161493,"date":"2022-07-04T07:50:02","date_gmt":"2022-07-04T05:50:02","guid":{"rendered":"https:\/\/secureus.se\/ellas-sl630\/"},"modified":"2026-03-18T12:11:00","modified_gmt":"2026-03-18T11:11:00","slug":"ellas-sl630","status":"publish","type":"product","link":"https:\/\/secureus.se\/es\/ellas-sl630\/","title":{"rendered":"Cerradura el\u00e9ctrica Safetron SL630 (Nueva generaci\u00f3n)"},"content":{"rendered":"<p>SAFETRON SL630 (nueva generaci\u00f3n) es una cerradura electromec\u00e1nica con tecnolog\u00eda de presi\u00f3n de banda (patente en tr\u00e1mite). Esta cerradura ofrece un amplio y exclusivo campo de aplicaci\u00f3n que abarca requisitos funcionales como activaci\u00f3n el\u00e9ctrica, automatizaci\u00f3n de puertas, evacuaci\u00f3n de emergencia, contenci\u00f3n de incendios, funci\u00f3n dividida y reocupaci\u00f3n. Nunca antes se hab\u00edan satisfecho tantos requisitos funcionales complejos con una misma carcasa.<\/p>\n<p>SAFETRON SL630 se puede utilizar ventajosamente en combinaci\u00f3n con la automatizaci\u00f3n de puertas y, al mismo tiempo, equiparse con presostatos activados electr\u00f3nicamente. La cerradura est\u00e1 equipada con solenoides dobles, uno controla el desbloqueo de la caja de doble funci\u00f3n y el otro la activaci\u00f3n de la funci\u00f3n de empuje. Esto significa que la conexi\u00f3n a la automatizaci\u00f3n de puertas y a los sistemas de acceso se puede realizar por separado.<\/p>\n<p>\u2022 Estuche de doble funci\u00f3n: Funci\u00f3n para diestros<\/p>\n<p>\u2022 Pulsador: Funci\u00f3n inversa<\/p>\n<p>SAFETRON SL630 se puede configurar para funci\u00f3n dividida o individual, lo que significa que las v\u00e1lvulas se abren mediante activaci\u00f3n electr\u00f3nica desde ambos lados.<\/p>\n<p>SAFETRON SL630 est\u00e1 certificado y marcado CE para su uso en l\u00edmites de celdas de fuego con la m\u00e1s alta clase de resistencia al fuego: 120 min.<\/p>\n<p>SAFETRON SL630 puede equiparse con dos accesorios de escape de emergencia diferentes: 793 o 794. Elija 793 para la posici\u00f3n del bot\u00f3n pulsador cuando la cerradura est\u00e9 configurada en funci\u00f3n dividida o 794 para la posici\u00f3n del cilindro cuando la cerradura est\u00e9 configurada en funci\u00f3n \u00fanica o cuando se vaya a utilizar una manija de tracci\u00f3n.<\/p>\n<p>SAFETRON SL630 tambi\u00e9n cumple con los requisitos de reencapsulamiento. La funci\u00f3n del bot\u00f3n pulsador de la cerradura tiene una funci\u00f3n inversa y, por lo tanto, activa la reentrada al romper el voltaje en el entorno de la puerta. La aver\u00eda puede producirse por una alarma de incendios activada o por un dispositivo de emergencia 794 activado en combinaci\u00f3n con la tarjeta de rel\u00e9 SAFETRON REC (tarjeta de reingreso).<\/p>\n<p>\u2022 Funci\u00f3n dividida o \u00fanica<\/p>\n<p>\u2022 Tecnolog\u00eda de impresi\u00f3n de listas<\/p>\n<p>\u2022 Aprobado para fuego: 120 min<\/p>\n<p>\u2022 Adaptado para automatizaci\u00f3n de puertas<\/p>\n<p>\u2022 Colocaci\u00f3n moderna del pist\u00f3n<\/p>\n<p>\u2022 Funci\u00f3n de avance y retroceso<\/p>\n<p>\u2022 Evacuaci\u00f3n de emergencia seg\u00fan SS-EN 179<\/p>\n<p>\u2022 Indicaciones: enclavamiento, movimiento del pulsador, estado del cilindro y de la puerta<\/p>\n<p>\u2022 Multivoltaje: 10-30 VCC<\/p>\n<p>\u2022 Evacuaci\u00f3n de emergencia aprobada junto con Accesorios de Emergencia 793 y 794<\/p>\n<p>\u2022 Reingreso por aver\u00eda de alarma de incendio o mediante SAFETRON REC (tarjeta de reingreso)<\/p>","protected":false},"excerpt":{"rendered":"<p>SAFETRON SL630 (nya geneationen)\u00a0 \u00e4r ett elektromekaniskt l\u00e5s med patents\u00f6kt listtrycksteknik. L\u00e5set har ett brett och unikt anv\u00e4ndningsomr\u00e5de som t\u00e4cker in funktionskrav s\u00e5som elektrisk aktivering, d\u00f6rrautomatik, n\u00f6dutrymning, brandigenh\u00e5llning, splitfunktion samt<\/p>","protected":false},"featured_media":142242,"template":"","meta":{"_acf_changed":false},"product_brand":[],"product_cat":[2429],"product_tag":[2286,4510,4866,4511],"class_list":{"0":"post-161493","1":"product","2":"type-product","3":"status-publish","4":"has-post-thumbnail","6":"product_cat-ellas","7":"product_tag-ellas-eltryckeslas","8":"product_tag-rel-safetron-eltryckeslas","9":"product_tag-safetron-20","10":"product_tag-safetron-eltryckeslas","11":"product_shipping_class-tunga-paket","12":"pa_brands-7safetron","13":"tm-no-options","15":"first","16":"instock","17":"sale","18":"featured","19":"taxable","20":"shipping-taxable","21":"purchasable","22":"product-type-simple"},"acf":[],"_links":{"self":[{"href":"https:\/\/secureus.se\/es\/wp-json\/wp\/v2\/product\/161493","targetHints":{"allow":["GET"]}}],"collection":[{"href":"https:\/\/secureus.se\/es\/wp-json\/wp\/v2\/product"}],"about":[{"href":"https:\/\/secureus.se\/es\/wp-json\/wp\/v2\/types\/product"}],"wp:featuredmedia":[{"embeddable":true,"href":"https:\/\/secureus.se\/es\/wp-json\/wp\/v2\/media\/142242"}],"wp:attachment":[{"href":"https:\/\/secureus.se\/es\/wp-json\/wp\/v2\/media?parent=161493"}],"wp:term":[{"taxonomy":"product_brand","embeddable":true,"href":"https:\/\/secureus.se\/es\/wp-json\/wp\/v2\/product_brand?post=161493"},{"taxonomy":"product_cat","embeddable":true,"href":"https:\/\/secureus.se\/es\/wp-json\/wp\/v2\/product_cat?post=161493"},{"taxonomy":"product_tag","embeddable":true,"href":"https:\/\/secureus.se\/es\/wp-json\/wp\/v2\/product_tag?post=161493"}],"curies":[{"name":"wp","href":"https:\/\/api.w.org\/{rel}","templated":true}]}}