{"id":161793,"date":"2025-11-20T10:17:32","date_gmt":"2025-11-20T09:17:32","guid":{"rendered":"https:\/\/secureus.se\/blixtljus-vit-led-td-sl32-12-24v\/"},"modified":"2026-03-31T13:25:46","modified_gmt":"2026-03-31T11:25:46","slug":"blixtljus-vit-led-td-sl32-12-24v","status":"publish","type":"product","link":"https:\/\/secureus.se\/es\/blixtljus-vit-led-td-sl32-12-24v\/","title":{"rendered":"Luz intermitente LED BLANCA TD-SL32 12-24V L\u00e1mpara con 90 destellos por minuto 12-24V"},"content":{"rendered":"<h2 data-start=\"0\" data-end=\"39\">Blixtljus TD-SL32 \u2013 Vit LED (12\u201324V)<\/h2>\n<p data-start=\"41\" data-end=\"261\">TD-SL32 \u00e4r ett kompakt <strong data-start=\"64\" data-end=\"81\">LED-blixtljus<\/strong> som anv\u00e4nds som tydlig, visuell varningssignal i olika typer av larmsystem. N\u00e4r larmet aktiveras blinkar blixtljuset kraftigt f\u00f6r att b\u00e5de <strong data-start=\"221\" data-end=\"242\">varna omgivningen<\/strong> y <strong data-start=\"247\" data-end=\"260\">avskr\u00e4cka<\/strong>.<\/p>\n<p data-start=\"263\" data-end=\"382\">Passar bra f\u00f6r exempelvis villa, garage, f\u00f6rr\u00e5d, butik och andra milj\u00f6er d\u00e4r du vill f\u00e5 en extra tydlig larmindikering.<\/p>\n<hr data-start=\"384\" data-end=\"387\" \/>\n<h3 data-start=\"389\" data-end=\"401\">Beneficios<\/h3>\n<ul data-start=\"402\" data-end=\"635\">\n<li data-start=\"402\" data-end=\"442\">\n<p data-start=\"404\" data-end=\"442\">Tydligt <strong data-start=\"412\" data-end=\"431\">stroboskopblink<\/strong> vid larm<\/p>\n<\/li>\n<li data-start=\"443\" data-end=\"506\">\n<p data-start=\"445\" data-end=\"506\"><strong data-start=\"445\" data-end=\"459\">LED-teknik<\/strong> f\u00f6r l\u00e5ng livsl\u00e4ngd och l\u00e5g energif\u00f6rbrukning<\/p>\n<\/li>\n<li data-start=\"507\" data-end=\"543\">\n<p data-start=\"509\" data-end=\"543\">Fungerar p\u00e5 <strong data-start=\"521\" data-end=\"541\">12V eller 24V DC<\/strong><\/p>\n<\/li>\n<li data-start=\"544\" data-end=\"585\">\n<p data-start=\"546\" data-end=\"585\">Robust kapsling i slitstark ABS-plast<\/p>\n<\/li>\n<li data-start=\"586\" data-end=\"635\">\n<p data-start=\"588\" data-end=\"635\">Enkel montering med medf\u00f6ljande f\u00e4ste\/skruvar<\/p>\n<\/li>\n<\/ul>\n<hr data-start=\"637\" data-end=\"640\" \/>\n<h3 data-start=\"642\" data-end=\"670\">Especificaciones t\u00e9cnicas<\/h3>\n<ul data-start=\"671\" data-end=\"945\">\n<li data-start=\"671\" data-end=\"694\">\n<p data-start=\"673\" data-end=\"694\"><strong data-start=\"673\" data-end=\"684\">Modelo:<\/strong> TD-SL32<\/p>\n<\/li>\n<li data-start=\"695\" data-end=\"712\">\n<p data-start=\"697\" data-end=\"712\"><strong data-start=\"697\" data-end=\"706\">Pintar:<\/strong> Blanco<\/p>\n<\/li>\n<li data-start=\"713\" data-end=\"735\">\n<p data-start=\"715\" data-end=\"735\"><strong data-start=\"715\" data-end=\"729\">Fuente de luz:<\/strong> CONDUJO<\/p>\n<\/li>\n<li data-start=\"736\" data-end=\"771\">\n<p data-start=\"738\" data-end=\"771\"><strong data-start=\"738\" data-end=\"756\">Voltaje de funcionamiento:<\/strong> DC 12V \/ 24V<\/p>\n<\/li>\n<li data-start=\"772\" data-end=\"805\">\n<p data-start=\"774\" data-end=\"805\"><strong data-start=\"774\" data-end=\"795\">Consumo de energ\u00eda:<\/strong> \u2264 80 mA<\/p>\n<\/li>\n<li data-start=\"806\" data-end=\"846\">\n<p data-start=\"808\" data-end=\"846\"><strong data-start=\"808\" data-end=\"826\">Frecuencia de destello:<\/strong> ca 90 blink\/minut<\/p>\n<\/li>\n<li data-start=\"847\" data-end=\"891\">\n<p data-start=\"849\" data-end=\"891\"><strong data-start=\"849\" data-end=\"870\">Temperatura de trabajo:<\/strong> \u221210\u00b0C a +50\u00b0C<\/p>\n<\/li>\n<li data-start=\"892\" data-end=\"917\">\n<p data-start=\"894\" data-end=\"917\"><strong data-start=\"894\" data-end=\"903\">Peso:<\/strong> ca 99\u2013100 g<\/p>\n<\/li>\n<li data-start=\"918\" data-end=\"945\">\n<p data-start=\"920\" data-end=\"945\"><strong data-start=\"920\" data-end=\"929\">Medida:<\/strong> ca 70 \u00d7 45 mm<\/p>\n<\/li>\n<\/ul>\n<hr data-start=\"947\" data-end=\"950\" \/>\n<h3 data-start=\"952\" data-end=\"978\">Montering &amp; anslutning<\/h3>\n<p data-start=\"979\" data-end=\"1220\">TD-SL32 ansluts vanligtvis till <strong data-start=\"1011\" data-end=\"1036\">larmcentralens utg\u00e5ng<\/strong> (siren\/flash-utg\u00e5ng) s\u00e5 att den aktiveras vid larm. Den kan \u00e4ven drivas via <strong data-start=\"1113\" data-end=\"1123\">12 V CC<\/strong> om du vill anv\u00e4nda den i en frist\u00e5ende l\u00f6sning (f\u00f6ruts\u00e4tter att din installation st\u00f6djer detta).<\/p>\n<p data-start=\"1222\" data-end=\"1237\"><strong data-start=\"1222\" data-end=\"1237\">Conexi\u00f3n:<\/strong><\/p>\n<ul data-start=\"1238\" data-end=\"1294\">\n<li data-start=\"1238\" data-end=\"1265\">\n<p data-start=\"1240\" data-end=\"1265\"><strong data-start=\"1240\" data-end=\"1254\">Cable rojo:<\/strong> + (plus)<\/p>\n<\/li>\n<li data-start=\"1266\" data-end=\"1294\">\n<p data-start=\"1268\" data-end=\"1294\"><strong data-start=\"1268\" data-end=\"1284\">Cable negro:<\/strong> \u2212 (minus)<\/p>\n<\/li>\n<\/ul>\n<p data-start=\"1296\" data-end=\"1386\">Monteras enkelt med skruv och f\u00e4ste, s\u00e5 att blixtljuset syns tydligt fr\u00e5n \u00f6nskad riktning.<\/p>","protected":false},"excerpt":{"rendered":"<p>Esta se\u00f1al de luz estrobosc\u00f3pica blanca (modelo TD-SL32) es un dispositivo de advertencia visual confiable para sistemas de alarma.<\/p>\n<p>Funciona con sistemas de 12 V o 24 V y proporciona una potente luz blanca intermitente (90 destellos\/minuto) para disuadir a los intrusos.<\/p>","protected":false},"featured_media":161792,"template":"","meta":{"_acf_changed":false},"product_brand":[],"product_cat":[1562,5103],"product_tag":[5076],"class_list":{"0":"post-161793","1":"product","2":"type-product","3":"status-publish","4":"has-post-thumbnail","6":"product_cat-larmdon-blixtljus","7":"product_cat-blixtljus-kombisiren","8":"product_tag-larmdon-blixtljus-vit","9":"product_shipping_class-postnord-varubrev","10":"pa_brands-stonehouse-security","11":"pa_farg-vit","12":"tm-no-options","14":"first","15":"instock","16":"sale","17":"featured","18":"taxable","19":"shipping-taxable","20":"purchasable","21":"product-type-simple"},"acf":[],"_links":{"self":[{"href":"https:\/\/secureus.se\/es\/wp-json\/wp\/v2\/product\/161793","targetHints":{"allow":["GET"]}}],"collection":[{"href":"https:\/\/secureus.se\/es\/wp-json\/wp\/v2\/product"}],"about":[{"href":"https:\/\/secureus.se\/es\/wp-json\/wp\/v2\/types\/product"}],"wp:featuredmedia":[{"embeddable":true,"href":"https:\/\/secureus.se\/es\/wp-json\/wp\/v2\/media\/161792"}],"wp:attachment":[{"href":"https:\/\/secureus.se\/es\/wp-json\/wp\/v2\/media?parent=161793"}],"wp:term":[{"taxonomy":"product_brand","embeddable":true,"href":"https:\/\/secureus.se\/es\/wp-json\/wp\/v2\/product_brand?post=161793"},{"taxonomy":"product_cat","embeddable":true,"href":"https:\/\/secureus.se\/es\/wp-json\/wp\/v2\/product_cat?post=161793"},{"taxonomy":"product_tag","embeddable":true,"href":"https:\/\/secureus.se\/es\/wp-json\/wp\/v2\/product_tag?post=161793"}],"curies":[{"name":"wp","href":"https:\/\/api.w.org\/{rel}","templated":true}]}}