{"id":161929,"date":"2025-10-01T16:44:16","date_gmt":"2025-10-01T14:44:16","guid":{"rendered":"https:\/\/secureus.se\/batteribackup-12v-3a-med-ups-funktion-for-passersystem\/"},"modified":"2026-03-30T14:37:18","modified_gmt":"2026-03-30T12:37:18","slug":"batteribackup-12v-3a-med-ups-funktion-for-passersystem","status":"publish","type":"product","link":"https:\/\/secureus.se\/es\/batteribackup-12v-3a-med-ups-funktion-for-passersystem\/","title":{"rendered":"Bater\u00eda de reserva de 12 V y 3 A con funci\u00f3n SAI para sistemas de control de acceso"},"content":{"rendered":"<h3 data-start=\"605\" data-end=\"659\">Bater\u00eda de respaldo de 12 V 3 A con funci\u00f3n UPS - SP-12V-3A<\/h3>\n<p data-start=\"661\" data-end=\"848\">SP-12V-3A es un <strong data-start=\"678\" data-end=\"706\">SAI profesional de 12 V CC<\/strong> Dise\u00f1ado para sistemas donde el funcionamiento continuo es esencial. La unidad se utiliza principalmente en <strong data-start=\"790\" data-end=\"847\">Sistemas de control de acceso, entornos de puertas e instalaciones de seguridad.<\/strong>.<\/p>\n<p data-start=\"850\" data-end=\"1028\">En caso de un corte de energ\u00eda, el SAI cambia autom\u00e1ticamente al funcionamiento con bater\u00eda a trav\u00e9s de una fuente de alimentaci\u00f3n externa. <strong data-start=\"932\" data-end=\"953\">Bater\u00eda de 12 V\/7 Ah<\/strong>, garantizando que los dispositivos conectados sigan funcionando sin interrupciones.<\/p>\n<p data-start=\"1192\" data-end=\"1237\">Claro <strong data-start=\"1200\" data-end=\"1219\">Indicadores LED<\/strong> muestra el estado de:<\/p>\n<ul data-start=\"1238\" data-end=\"1314\">\n<li data-start=\"1238\" data-end=\"1256\">\n<p data-start=\"1240\" data-end=\"1256\">Tensi\u00f3n de red de CA<\/p>\n<\/li>\n<li data-start=\"1257\" data-end=\"1270\">\n<p data-start=\"1259\" data-end=\"1270\">Salida de CC<\/p>\n<\/li>\n<li data-start=\"1271\" data-end=\"1290\">\n<p data-start=\"1273\" data-end=\"1290\">Carga de la bater\u00eda<\/p>\n<\/li>\n<li data-start=\"1291\" data-end=\"1314\">\n<p data-start=\"1293\" data-end=\"1314\">Voltaje de bater\u00eda bajo<\/p>\n<\/li>\n<\/ul>\n<p data-start=\"1316\" data-end=\"1441\">La unidad est\u00e1 equipada con <strong data-start=\"1340\" data-end=\"1368\">protecci\u00f3n autorrecuperable<\/strong> contra cortocircuito, sobrecorriente, sobretensi\u00f3n, sobredescarga y descarga profunda.<\/p>\n<hr data-start=\"1443\" data-end=\"1446\" \/>\n<h3 data-start=\"1448\" data-end=\"1475\">Caracter\u00edsticas y beneficios \u2013 Bater\u00eda de respaldo de 12 V y 3 A<\/h3>\n<ul data-start=\"1477\" data-end=\"1757\">\n<li data-start=\"1477\" data-end=\"1521\">\n<p data-start=\"1479\" data-end=\"1521\">Funci\u00f3n autom\u00e1tica de UPS en caso de fallo de alimentaci\u00f3n<\/p>\n<\/li>\n<li data-start=\"1563\" data-end=\"1585\">\n<p data-start=\"1565\" data-end=\"1585\">Carga m\u00e1xima: 3A<\/p>\n<\/li>\n<li data-start=\"1586\" data-end=\"1623\">\n<p data-start=\"1588\" data-end=\"1623\">Protecci\u00f3n contra fallos el\u00e9ctricos y da\u00f1os en la bater\u00eda<\/p>\n<\/li>\n<li data-start=\"1624\" data-end=\"1667\">\n<p data-start=\"1626\" data-end=\"1667\">Estado del LED claro para una f\u00e1cil monitorizaci\u00f3n<\/p>\n<\/li>\n<li data-start=\"1668\" data-end=\"1715\">\n<p data-start=\"1670\" data-end=\"1715\">Conexiones de terminales para una instalaci\u00f3n segura<\/p>\n<\/li>\n<li data-start=\"1716\" data-end=\"1757\">\n<p data-start=\"1718\" data-end=\"1757\">Destinado para uso profesional en interiores.<\/p>\n<\/li>\n<\/ul>\n<hr data-start=\"1759\" data-end=\"1762\" \/>\n<h3 data-start=\"1764\" data-end=\"1792\">Especificaciones t\u00e9cnicas<\/h3>\n<ul data-start=\"1794\" data-end=\"2172\">\n<li data-start=\"1794\" data-end=\"1830\">\n<p data-start=\"1796\" data-end=\"1830\"><strong data-start=\"1796\" data-end=\"1807\">Entrada:<\/strong> 100\u2013240 V CA, 50\/60 Hz<\/p>\n<\/li>\n<li data-start=\"1831\" data-end=\"1878\">\n<p data-start=\"1833\" data-end=\"1878\"><strong data-start=\"1833\" data-end=\"1850\">Salida (red el\u00e9ctrica):<\/strong> 12,0\u201314,0 V CC (ajustable)<\/p>\n<\/li>\n<li data-start=\"1879\" data-end=\"1918\">\n<p data-start=\"1881\" data-end=\"1918\"><strong data-start=\"1881\" data-end=\"1902\">Salida (bater\u00eda):<\/strong> 10,0\u201312,5 V CC<\/p>\n<\/li>\n<li data-start=\"1919\" data-end=\"1944\">\n<p data-start=\"1921\" data-end=\"1944\"><strong data-start=\"1921\" data-end=\"1937\">Corriente m\u00e1xima de salida:<\/strong> 3.0A<\/p>\n<\/li>\n<li data-start=\"1945\" data-end=\"1974\">\n<p data-start=\"1947\" data-end=\"1974\"><strong data-start=\"1947\" data-end=\"1967\">Carga de la bater\u00eda:<\/strong> 0,8 A<\/p>\n<\/li>\n<li data-start=\"1975\" data-end=\"2026\">\n<p data-start=\"1977\" data-end=\"2026\"><strong data-start=\"1977\" data-end=\"2003\">Bater\u00eda recomendada:<\/strong> 12 V \/ 7 Ah (no incluido)<\/p>\n<\/li>\n<li data-start=\"2027\" data-end=\"2062\">\n<p data-start=\"2029\" data-end=\"2062\"><strong data-start=\"2029\" data-end=\"2044\">Temperatura:<\/strong> -20 a +45\u00b0C<\/p>\n<\/li>\n<li data-start=\"2063\" data-end=\"2114\">\n<p data-start=\"2065\" data-end=\"2114\"><strong data-start=\"2065\" data-end=\"2079\">Humedad:<\/strong> Hasta 90 % (sin condensaci\u00f3n)<\/p>\n<\/li>\n<li data-start=\"2115\" data-end=\"2147\">\n<p data-start=\"2117\" data-end=\"2147\"><strong data-start=\"2117\" data-end=\"2131\">Montaje:<\/strong> Pared, interior<\/p>\n<\/li>\n<li data-start=\"2148\" data-end=\"2172\">\n<p data-start=\"2150\" data-end=\"2172\"><strong data-start=\"2150\" data-end=\"2167\">Proceso de dar un t\u00edtulo:<\/strong> CE<\/p>\n<\/li>\n<\/ul>\n<hr data-start=\"2174\" data-end=\"2177\" \/>\n<h3 data-start=\"2179\" data-end=\"2209\">Usos t\u00edpicos<\/h3>\n<ul data-start=\"2211\" data-end=\"2371\">\n<li data-start=\"2211\" data-end=\"2244\">\n<p data-start=\"2213\" data-end=\"2244\">Control de acceso y controles de puertas<\/p>\n<\/li>\n<li data-start=\"2245\" data-end=\"2285\">\n<p data-start=\"2247\" data-end=\"2285\">Cerraduras el\u00e9ctricas y electromec\u00e1nicas<\/p>\n<\/li>\n<li data-start=\"2286\" data-end=\"2313\">\n<p data-start=\"2288\" data-end=\"2313\">Control de portones y portones<\/p>\n<\/li>\n<li data-start=\"2314\" data-end=\"2343\">\n<p data-start=\"2316\" data-end=\"2343\">Sistemas de alarma y seguridad<\/p>\n<\/li>\n<li data-start=\"2344\" data-end=\"2371\">\n<p data-start=\"2346\" data-end=\"2371\">Soluciones contra incendios y emergencias<\/p>\n<\/li>\n<\/ul>\n<hr data-start=\"2373\" data-end=\"2376\" \/>\n<h3 data-start=\"2378\" data-end=\"2394\">Instalaci\u00f3n<\/h3>\n<p data-start=\"2396\" data-end=\"2537\">El producto est\u00e1 destinado a <strong data-start=\"2420\" data-end=\"2443\">instalaci\u00f3n en interiores<\/strong> y debe ser instalado por <strong data-start=\"2467\" data-end=\"2487\">t\u00e9cnico autorizado<\/strong>. Aseg\u00farese de que haya una buena ventilaci\u00f3n y una conexi\u00f3n a tierra adecuada.<\/p>\n<p data-start=\"2396\" data-end=\"2537\"><span data-teams=\"true\">Tama\u00f1o: 195 x 225 x 83 mm<\/span><\/p>","protected":false},"excerpt":{"rendered":"<p data-start=\"198\" data-end=\"489\"><strong data-start=\"198\" data-end=\"272\">Bater\u00eda de reserva SAI de 12 V y 3 A para instalaciones de control de acceso y seguridad.<\/strong><br data-start=\"272\" data-end=\"275\" \/>El SP-12V-3A ofrece un funcionamiento estable durante cortes de energ\u00eda con conmutaci\u00f3n autom\u00e1tica a bater\u00eda. Su clara indicaci\u00f3n LED y sus protecciones integradas lo hacen ideal para controladores de puertas, cerraduras el\u00e9ctricas y controles de portones.<\/p>\n<p data-start=\"491\" data-end=\"537\"><em data-start=\"491\" data-end=\"537\">Bater\u00eda recomendada: 12V \/ 7Ah (no incluida).<\/em><\/p>","protected":false},"featured_media":161927,"template":"","meta":{"_acf_changed":false},"product_brand":[],"product_cat":[2721],"product_tag":[],"class_list":{"0":"post-161929","1":"product","2":"type-product","3":"status-publish","4":"has-post-thumbnail","6":"product_cat-batteribackuper","7":"pa_brands-stonehouse-security","8":"tm-no-options","10":"first","11":"instock","12":"sale","13":"taxable","14":"shipping-taxable","15":"purchasable","16":"product-type-simple"},"acf":[],"_links":{"self":[{"href":"https:\/\/secureus.se\/es\/wp-json\/wp\/v2\/product\/161929","targetHints":{"allow":["GET"]}}],"collection":[{"href":"https:\/\/secureus.se\/es\/wp-json\/wp\/v2\/product"}],"about":[{"href":"https:\/\/secureus.se\/es\/wp-json\/wp\/v2\/types\/product"}],"wp:featuredmedia":[{"embeddable":true,"href":"https:\/\/secureus.se\/es\/wp-json\/wp\/v2\/media\/161927"}],"wp:attachment":[{"href":"https:\/\/secureus.se\/es\/wp-json\/wp\/v2\/media?parent=161929"}],"wp:term":[{"taxonomy":"product_brand","embeddable":true,"href":"https:\/\/secureus.se\/es\/wp-json\/wp\/v2\/product_brand?post=161929"},{"taxonomy":"product_cat","embeddable":true,"href":"https:\/\/secureus.se\/es\/wp-json\/wp\/v2\/product_cat?post=161929"},{"taxonomy":"product_tag","embeddable":true,"href":"https:\/\/secureus.se\/es\/wp-json\/wp\/v2\/product_tag?post=161929"}],"curies":[{"name":"wp","href":"https:\/\/api.w.org\/{rel}","templated":true}]}}