{"id":161937,"date":"2025-10-01T16:44:16","date_gmt":"2025-10-01T14:44:16","guid":{"rendered":"https:\/\/secureus.se\/mini-batteribackup-12v-3a-ups-i-plast\/"},"modified":"2026-04-15T13:34:41","modified_gmt":"2026-04-15T11:34:41","slug":"mini-batteribackup-12v-3a-ups-i-plast","status":"publish","type":"product","link":"https:\/\/secureus.se\/es\/mini-batteribackup-12v-3a-ups-i-plast\/","title":{"rendered":"Mini SAI de bater\u00eda de reserva de 12 V y 3 A en caja de pl\u00e1stico"},"content":{"rendered":"<h3 data-start=\"728\" data-end=\"781\">Mini sistema de alimentaci\u00f3n ininterrumpida (UPS) de 12 V y 3 A con bater\u00eda de respaldo, en carcasa de pl\u00e1stico - BB-12V-3A<\/h3>\n<p data-start=\"783\" data-end=\"953\">BB-12V-3A es un <strong data-start=\"799\" data-end=\"837\">UPS compacto de 12 V CC en carcasa de pl\u00e1stico<\/strong>, dise\u00f1ado para <strong data-start=\"853\" data-end=\"891\">aplicaciones generales de baja tensi\u00f3n<\/strong> donde la f\u00e1cil instalaci\u00f3n, el bajo peso y el funcionamiento estable son importantes.<\/p>\n<p data-start=\"955\" data-end=\"1120\">En caso de un fallo de alimentaci\u00f3n, el dispositivo cambia autom\u00e1ticamente al funcionamiento con bater\u00eda a trav\u00e9s de una fuente de alimentaci\u00f3n externa. <strong data-start=\"1038\" data-end=\"1059\">Bater\u00eda de 12 V\/7 Ah<\/strong>, lo que garantiza el funcionamiento continuo de los dispositivos conectados.<\/p>\n<p data-start=\"1284\" data-end=\"1335\">Claro <strong data-start=\"1291\" data-end=\"1309\">Indicaci\u00f3n LED<\/strong> Proporciona una breve descripci\u00f3n general de:<\/p>\n<ul data-start=\"1336\" data-end=\"1412\">\n<li data-start=\"1336\" data-end=\"1354\">\n<p data-start=\"1338\" data-end=\"1354\">Tensi\u00f3n de red de CA<\/p>\n<\/li>\n<li data-start=\"1355\" data-end=\"1368\">\n<p data-start=\"1357\" data-end=\"1368\">Salida de CC<\/p>\n<\/li>\n<li data-start=\"1369\" data-end=\"1388\">\n<p data-start=\"1371\" data-end=\"1388\">Carga de la bater\u00eda<\/p>\n<\/li>\n<li data-start=\"1389\" data-end=\"1412\">\n<p data-start=\"1391\" data-end=\"1412\">Voltaje de bater\u00eda bajo<\/p>\n<\/li>\n<\/ul>\n<p data-start=\"1414\" data-end=\"1552\">El SAI tiene protecci\u00f3n incorporada contra <strong data-start=\"1444\" data-end=\"1504\">cortocircuito, sobrecorriente, sobrecarga y descarga profunda<\/strong>, con reinicio autom\u00e1tico cuando cesa la falla.<\/p>\n<p data-start=\"1554\" data-end=\"1674\">La carcasa de pl\u00e1stico hace que el modelo sea particularmente adecuado para <strong data-start=\"1603\" data-end=\"1644\">instalaciones sin clasificaci\u00f3n de seguridad<\/strong> donde no se requiere protecci\u00f3n contra manipulaciones.<\/p>\n<hr data-start=\"1676\" data-end=\"1679\" \/>\n<h3 data-start=\"1681\" data-end=\"1708\">Caracter\u00edsticas y beneficios<\/h3>\n<ul data-start=\"1710\" data-end=\"2011\">\n<li data-start=\"1710\" data-end=\"1741\">\n<p data-start=\"1712\" data-end=\"1741\">SAI compacto en carcasa de pl\u00e1stico<\/p>\n<\/li>\n<li data-start=\"1742\" data-end=\"1786\">\n<p data-start=\"1744\" data-end=\"1786\">Funcionamiento autom\u00e1tico de la bater\u00eda en caso de fallo de alimentaci\u00f3n<\/p>\n<\/li>\n<li data-start=\"1828\" data-end=\"1850\">\n<p data-start=\"1830\" data-end=\"1850\">Carga m\u00e1xima: 3A<\/p>\n<\/li>\n<li data-start=\"1851\" data-end=\"1894\">\n<p data-start=\"1853\" data-end=\"1894\">Indicador LED claro para el estado de funcionamiento y la bater\u00eda.<\/p>\n<\/li>\n<li data-start=\"1895\" data-end=\"1936\">\n<p data-start=\"1897\" data-end=\"1936\">Protecci\u00f3n integrada contra fallos el\u00e9ctricos y de bater\u00eda.<\/p>\n<\/li>\n<li data-start=\"1937\" data-end=\"1969\">\n<p data-start=\"1939\" data-end=\"1969\">Instalaci\u00f3n f\u00e1cil y r\u00e1pida<\/p>\n<\/li>\n<li data-start=\"1970\" data-end=\"2011\">\n<p data-start=\"1972\" data-end=\"2011\">Soluci\u00f3n asequible para funcionamiento general a 12 V.<\/p>\n<\/li>\n<\/ul>\n<hr data-start=\"2013\" data-end=\"2016\" \/>\n<h3 data-start=\"2018\" data-end=\"2046\">Especificaciones t\u00e9cnicas<\/h3>\n<ul data-start=\"2048\" data-end=\"2450\">\n<li data-start=\"2048\" data-end=\"2084\">\n<p data-start=\"2050\" data-end=\"2084\"><strong data-start=\"2050\" data-end=\"2061\">Entrada:<\/strong> 100\u2013240 V CA, 50\/60 Hz<\/p>\n<\/li>\n<li data-start=\"2173\" data-end=\"2198\">\n<p data-start=\"2175\" data-end=\"2198\"><strong data-start=\"2175\" data-end=\"2191\">Corriente m\u00e1xima de salida:<\/strong> 3.0A<\/p>\n<\/li>\n<li data-start=\"2199\" data-end=\"2228\">\n<p data-start=\"2201\" data-end=\"2228\"><strong data-start=\"2201\" data-end=\"2221\">Carga de la bater\u00eda:<\/strong> 0,8 A<\/p>\n<\/li>\n<li data-start=\"2229\" data-end=\"2252\">\n<p data-start=\"2231\" data-end=\"2252\"><strong data-start=\"2231\" data-end=\"2244\">Recinto:<\/strong> Pl\u00e1stico<\/p>\n<\/li>\n<li data-start=\"2253\" data-end=\"2304\">\n<p data-start=\"2255\" data-end=\"2304\"><strong data-start=\"2255\" data-end=\"2281\">Bater\u00eda recomendada:<\/strong> 12 V \/ 7 Ah (no incluido)<\/p>\n<\/li>\n<li data-start=\"2305\" data-end=\"2340\">\n<p data-start=\"2307\" data-end=\"2340\"><strong data-start=\"2307\" data-end=\"2322\">Temperatura:<\/strong> -20 a +45\u00b0C<\/p>\n<\/li>\n<li data-start=\"2341\" data-end=\"2392\">\n<p data-start=\"2343\" data-end=\"2392\"><strong data-start=\"2343\" data-end=\"2357\">Humedad:<\/strong> Hasta 90 % (sin condensaci\u00f3n)<\/p>\n<\/li>\n<li data-start=\"2393\" data-end=\"2425\">\n<p data-start=\"2395\" data-end=\"2425\"><strong data-start=\"2395\" data-end=\"2409\">Montaje:<\/strong> Interior, pared<\/p>\n<\/li>\n<li data-start=\"2426\" data-end=\"2450\">\n<p data-start=\"2428\" data-end=\"2450\"><strong data-start=\"2428\" data-end=\"2445\">Proceso de dar un t\u00edtulo:<\/strong> CE<\/p>\n<\/li>\n<\/ul>\n<hr data-start=\"2452\" data-end=\"2455\" \/>\n<h3 data-start=\"2457\" data-end=\"2487\">Usos t\u00edpicos<\/h3>\n<ul data-start=\"2489\" data-end=\"2670\">\n<li data-start=\"2489\" data-end=\"2525\">\n<p data-start=\"2491\" data-end=\"2525\">Sistemas de alarma y seguridad m\u00e1s peque\u00f1os<\/p>\n<\/li>\n<li data-start=\"2526\" data-end=\"2550\">\n<p data-start=\"2528\" data-end=\"2550\">Sistema de control de acceso m\u00e1s sencillo<\/p>\n<\/li>\n<li data-start=\"2551\" data-end=\"2601\">\n<p data-start=\"2553\" data-end=\"2601\">Routers, switches y equipos de red (12V)<\/p>\n<\/li>\n<li data-start=\"2602\" data-end=\"2635\">\n<p data-start=\"2604\" data-end=\"2635\">Peque\u00f1os sistemas de control y electr\u00f3nica<\/p>\n<\/li>\n<li data-start=\"2636\" data-end=\"2670\">\n<p data-start=\"2638\" data-end=\"2670\">Alimentaci\u00f3n de respaldo general de 12 V para interiores<\/p>\n<\/li>\n<\/ul>\n<hr data-start=\"2672\" data-end=\"2675\" \/>\n<h3 data-start=\"2677\" data-end=\"2693\">Instalaci\u00f3n<\/h3>\n<p data-start=\"2695\" data-end=\"2837\">Destinado a <strong data-start=\"2706\" data-end=\"2721\">uso en interiores<\/strong>.<br data-start=\"2722\" data-end=\"2725\" \/>El SAI debe montarse firmemente con buena ventilaci\u00f3n. Se recomienda que la instalaci\u00f3n la realice un t\u00e9cnico. <strong data-start=\"2816\" data-end=\"2836\">t\u00e9cnico autorizado<\/strong>.<\/p>\n<p data-start=\"2695\" data-end=\"2837\"><span data-teams=\"true\">Tama\u00f1o: 195 x 225 x 83 mm<\/span><\/p>","protected":false},"excerpt":{"rendered":"<p data-start=\"306\" data-end=\"614\"><strong data-start=\"306\" data-end=\"359\">Compacto SAI de 12 V y 3 A con bater\u00eda de reserva en caja de pl\u00e1stico.<\/strong><br data-start=\"359\" data-end=\"362\" \/>El BB-12V-3A es un UPS de CC de 12 V peque\u00f1o y pr\u00e1ctico para instalaciones de seguridad y bajo voltaje m\u00e1s simples.<\/p>\n<p data-start=\"306\" data-end=\"614\">El funcionamiento autom\u00e1tico de la bater\u00eda en caso de un corte de energ\u00eda y la clara indicaci\u00f3n LED lo hacen ideal para sistemas m\u00e1s peque\u00f1os donde se requiere un funcionamiento continuo.<\/p>\n<p data-start=\"616\" data-end=\"662\"><em data-start=\"616\" data-end=\"662\">Bater\u00eda recomendada: 12V \/ 7Ah (no incluida).<\/em><\/p>","protected":false},"featured_media":161933,"template":"","meta":{"_acf_changed":false},"product_brand":[],"product_cat":[2721],"product_tag":[],"class_list":{"0":"post-161937","1":"product","2":"type-product","3":"status-publish","4":"has-post-thumbnail","6":"product_cat-batteribackuper","7":"pa_brands-stonehouse-security","8":"tm-no-options","10":"first","11":"instock","12":"sale","13":"taxable","14":"shipping-taxable","15":"purchasable","16":"product-type-simple"},"acf":[],"_links":{"self":[{"href":"https:\/\/secureus.se\/es\/wp-json\/wp\/v2\/product\/161937","targetHints":{"allow":["GET"]}}],"collection":[{"href":"https:\/\/secureus.se\/es\/wp-json\/wp\/v2\/product"}],"about":[{"href":"https:\/\/secureus.se\/es\/wp-json\/wp\/v2\/types\/product"}],"wp:featuredmedia":[{"embeddable":true,"href":"https:\/\/secureus.se\/es\/wp-json\/wp\/v2\/media\/161933"}],"wp:attachment":[{"href":"https:\/\/secureus.se\/es\/wp-json\/wp\/v2\/media?parent=161937"}],"wp:term":[{"taxonomy":"product_brand","embeddable":true,"href":"https:\/\/secureus.se\/es\/wp-json\/wp\/v2\/product_brand?post=161937"},{"taxonomy":"product_cat","embeddable":true,"href":"https:\/\/secureus.se\/es\/wp-json\/wp\/v2\/product_cat?post=161937"},{"taxonomy":"product_tag","embeddable":true,"href":"https:\/\/secureus.se\/es\/wp-json\/wp\/v2\/product_tag?post=161937"}],"curies":[{"name":"wp","href":"https:\/\/api.w.org\/{rel}","templated":true}]}}