{"id":161942,"date":"2026-02-02T13:33:10","date_gmt":"2026-02-02T12:33:10","guid":{"rendered":"https:\/\/secureus.se\/mifare-desfire-2k-ev3-kort-100-pack-13-56-mhz\/"},"modified":"2026-02-27T14:29:31","modified_gmt":"2026-02-27T13:29:31","slug":"mifare-desfire-2k-ev3-kort-100-pack-13-56-mhz","status":"publish","type":"product","link":"https:\/\/secureus.se\/es\/mifare-desfire-2k-ev3-kort-100-pack-13-56-mhz\/","title":{"rendered":"Tarjeta Mifare DESFire 2K EV3 - paquete de 100, 13,56 MHz"},"content":{"rendered":"<p>Tarjetas Mifare Desfire 2K EV3 blancas en blanco - paquete de 100<\/p>\n<p>Estas tarjetas MIFARE DESFire EV3 2K utilizan la \u00faltima tecnolog\u00eda de chip de NXP para ofrecer un rendimiento r\u00e1pido, seguro y fiable. Con 2 KB de memoria, admiten m\u00faltiples aplicaciones en una sola tarjeta. Operando a 13,56 MHz, ofrecen velocidades de transferencia de datos de hasta 848 Kbit\/s, lo que las hace ideales para control de acceso, tr\u00e1nsito y otros sistemas seguros.<\/p>\n<p>Se vende en paquetes de 100.<br \/>\nTama\u00f1o de tarjeta de cr\u00e9dito CR80 est\u00e1ndar (86 mm x 54 mm)<br \/>\nCapacidad de memoria de 2K bytes<br \/>\nSoluci\u00f3n ideal para aplicaciones de identidad, control de acceso y micropagos.<\/p>\n<p>Peso del producto:<br \/>\n0,60 kilogramos<\/p>","protected":false},"excerpt":{"rendered":"<p>Tarjetas Mifare Desfire 2K EV3 blancas en blanco - paquete de 100<\/p>","protected":false},"featured_media":161941,"template":"","meta":{"_acf_changed":false},"product_brand":[],"product_cat":[4233],"product_tag":[],"class_list":{"0":"post-161942","1":"product","2":"type-product","3":"status-publish","4":"has-post-thumbnail","6":"product_cat-rfid-kort-desfire","7":"tm-no-options","9":"first","10":"instock","11":"sale","12":"taxable","13":"shipping-taxable","14":"purchasable","15":"product-type-simple"},"acf":[],"_links":{"self":[{"href":"https:\/\/secureus.se\/es\/wp-json\/wp\/v2\/product\/161942","targetHints":{"allow":["GET"]}}],"collection":[{"href":"https:\/\/secureus.se\/es\/wp-json\/wp\/v2\/product"}],"about":[{"href":"https:\/\/secureus.se\/es\/wp-json\/wp\/v2\/types\/product"}],"wp:featuredmedia":[{"embeddable":true,"href":"https:\/\/secureus.se\/es\/wp-json\/wp\/v2\/media\/161941"}],"wp:attachment":[{"href":"https:\/\/secureus.se\/es\/wp-json\/wp\/v2\/media?parent=161942"}],"wp:term":[{"taxonomy":"product_brand","embeddable":true,"href":"https:\/\/secureus.se\/es\/wp-json\/wp\/v2\/product_brand?post=161942"},{"taxonomy":"product_cat","embeddable":true,"href":"https:\/\/secureus.se\/es\/wp-json\/wp\/v2\/product_cat?post=161942"},{"taxonomy":"product_tag","embeddable":true,"href":"https:\/\/secureus.se\/es\/wp-json\/wp\/v2\/product_tag?post=161942"}],"curies":[{"name":"wp","href":"https:\/\/api.w.org\/{rel}","templated":true}]}}