{"id":161944,"date":"2022-04-29T14:31:00","date_gmt":"2022-04-29T12:31:00","guid":{"rendered":"https:\/\/secureus.se\/kombitagg-lika-chip-assa-pro\/"},"modified":"2026-03-27T15:20:09","modified_gmt":"2026-03-27T14:20:09","slug":"kombitagg-lika-chip-assa-pro","status":"publish","type":"product","link":"https:\/\/secureus.se\/es\/kombitagg-lika-chip-assa-pro\/","title":{"rendered":"Etiqueta combinada EM + Mifare1k\u00ae para ASSA ARX con los mismos n\u00fameros programados \u2013 Pro"},"content":{"rendered":"<h1>Etiqueta combinada EM\/Mifare1k<\/h1>\n<h3><strong>Control de Acceso con Alarma \u2013 Reservas \u2013 Visitas<\/strong><\/h3>\n<h3>Aqu\u00ed hemos grabado un n\u00famero que tiene la misma programaci\u00f3n para Bewator.<\/h3>\n<p><strong>Esto significa que funciona tanto en sistemas EM como Mifare pero con la ventaja de que solo tienes un n\u00famero con el que trabajar e ingresar en tu sistema bewator. Normalmente, tienes n\u00fameros diferentes para EM y Mifare, lo que significa que necesitas ingresar 2 n\u00fameros en lugar de solo copiar uno, lo que ahorra tiempo.<\/strong>Esta etiqueta funciona en todos los sistemas que utilizan tecnolog\u00eda EM y Mifare, incluidos RCO, Bewator\/Vanderbilt, Aptus, ASSA ARX y otros tipos de sistemas, por ejemplo: sistemas de visitantes o iniciar sesi\u00f3n en computadoras\/impresoras. Nuestra etiqueta RFID \u201cABS Pro\u201d est\u00e1 creada para satisfacer las necesidades m\u00e1s exigentes en seguridad e identificaci\u00f3n. Con su robusta construcci\u00f3n en material ABS y perfil delgado de tan solo 2,9 mm, ofrece un equilibrio perfecto entre durabilidad y elegancia. Su elegante superficie lo hace ideal para grabar con n\u00fameros est\u00e1ndar o incluir su logotipo, ya sea a trav\u00e9s de un dise\u00f1o grabado o coloreado. Ya sea que necesite un producto confiable para control de acceso, gesti\u00f3n de visitantes, reservas, alarmas, cargadores de autom\u00f3viles, gesti\u00f3n de almacenes u otras aplicaciones, nuestro \u201cABS Pro\u201d es la elecci\u00f3n perfecta. Est\u00e1 disponible en muchas variantes y tambi\u00e9n podemos fabricarlo con el chip de su elecci\u00f3n. Los est\u00e1ndares actuales para las tarjetas de acceso son: EM4200, Mifare1k, la combinaci\u00f3n de Mifare1k y EM4200, Mifare4k, la combinaci\u00f3n de Mifare4k y EM4200 y DESFire. Puede adaptar su soluci\u00f3n a sus necesidades espec\u00edficas. Entendemos la importancia de ofrecer productos RFID de alta calidad que cumplan con los requisitos y expectativas actuales. Por eso nos esforzamos en ofrecer la mejor tecnolog\u00eda y compatibilidad para mejorar la seguridad y la eficiencia de sus sistemas.<\/p>\n<h3><strong>Etiqueta combinada para ASSA ARX, personalizada para proyectos \u00fanicos<\/strong><\/h3>\n<p>Las ventajas de nuestras etiquetas RFID incluyen la compatibilidad con diferentes sistemas\/tecnolog\u00edas, as\u00ed como la capacidad de personalizar las etiquetas para adaptarse a proyectos \u00fanicos. Podemos programar e integrar diferentes chips para satisfacer requisitos de aplicaciones espec\u00edficas y crear soluciones personalizadas. Cont\u00e1ctenos hoy para discutir sus ideas de proyecto y obtener una soluci\u00f3n de etiqueta RFID personalizada para sus necesidades.<\/p>\n<h5><strong>Entrega r\u00e1pida y siempre en stock.<\/strong><\/h5>\n<p>La etiqueta llavero RFID \u201cABS Pro\u201d est\u00e1 siempre en stock con m\u00e1s de 80.000 unidades en 6 colores (rojo, azul, blanco, negro, verde, amarillo) y con diferentes chips. Con la ayuda de nuestras m\u00e1quinas l\u00e1ser y software, puede elegir un logotipo y n\u00fameros \u00fanicos para grabar con entrega en 1-3 d\u00edas.<\/p>\n<h3>\u00a1Como siempre! Credencial de acceso Rfid con chip original de<a href=\"https:\/\/www.nxp.com\/\" rel=\"noopener\"> NXP<\/a> y <a href=\"https:\/\/www.emmicroelectronic.com\/\" rel=\"noopener\">Microelectr\u00f3nica EM.<\/a><\/h3>\n<p><strong>\u00a1Apto para todo y para todos!<\/strong><\/p>\n<ul>\n<li>Sistema de control de acceso<\/li>\n<li>Sistema de visitantes<\/li>\n<li>Reserva<\/li>\n<li>Sistemas de alarma y seguridad<\/li>\n<\/ul>\n<p><strong>Ventajas del Combi Tag \u201cABS Pro\u201d para ASSA ARX<\/strong><\/p>\n<ul>\n<li>Construcci\u00f3n robusta en material ABS<\/li>\n<li>Perfil delgado de s\u00f3lo 2,9 mm<\/li>\n<li>Posibilidad de grabar n\u00fameros est\u00e1ndar o incluir logotipo.<\/li>\n<li>Amplia gama de variantes de chips para adaptarse a diferentes necesidades y siempre en stock.<\/li>\n<\/ul>","protected":false},"excerpt":{"rendered":"<p>Nuestra etiqueta RFID m\u00e1s popular \u201cABS Pro\u201d: la soluci\u00f3n perfecta para sistemas de seguridad e identificaci\u00f3n. Aqu\u00ed con chips duales en una etiqueta combinada: chip EM4200 + Mifare1k con el mismo n\u00famero de chip para un manejo m\u00e1s sencillo. La etiqueta tiene solo 2,9 mm de grosor, est\u00e1 hecha de material ABS duro con una superficie elegante que se adapta a cualquier lugar. Este producto tiene un chip certificado por NXP\u00ae, una empresa de tecnolog\u00eda global con sede en los Pa\u00edses Bajos. NXP\u00ae se especializa en RFID y NFC y ofrece una gama de productos en seguridad, conectividad y soluciones integradas.<\/p>","protected":false},"featured_media":163686,"template":"","meta":{"_acf_changed":false},"product_brand":[],"product_cat":[4786],"product_tag":[4146,2095,2958],"class_list":{"0":"post-161944","1":"product","2":"type-product","3":"status-publish","4":"has-post-thumbnail","6":"product_cat-mifare1kem4200-tagg","7":"product_tag-nxp","8":"product_tag-rfid-500","9":"product_tag-stonehouse-produkt","10":"product_shipping_class-postnord-varubrev","11":"pa_brands-stonehouse-security","12":"pa_chip-teknik-lika-chipnummer-1-nummer-graverat-kombitagg","13":"pa_farg-svart","14":"tm-no-options","16":"first","17":"instock","18":"sale","19":"featured","20":"taxable","21":"shipping-taxable","22":"purchasable","23":"product-type-simple"},"acf":[],"_links":{"self":[{"href":"https:\/\/secureus.se\/es\/wp-json\/wp\/v2\/product\/161944","targetHints":{"allow":["GET"]}}],"collection":[{"href":"https:\/\/secureus.se\/es\/wp-json\/wp\/v2\/product"}],"about":[{"href":"https:\/\/secureus.se\/es\/wp-json\/wp\/v2\/types\/product"}],"wp:featuredmedia":[{"embeddable":true,"href":"https:\/\/secureus.se\/es\/wp-json\/wp\/v2\/media\/163686"}],"wp:attachment":[{"href":"https:\/\/secureus.se\/es\/wp-json\/wp\/v2\/media?parent=161944"}],"wp:term":[{"taxonomy":"product_brand","embeddable":true,"href":"https:\/\/secureus.se\/es\/wp-json\/wp\/v2\/product_brand?post=161944"},{"taxonomy":"product_cat","embeddable":true,"href":"https:\/\/secureus.se\/es\/wp-json\/wp\/v2\/product_cat?post=161944"},{"taxonomy":"product_tag","embeddable":true,"href":"https:\/\/secureus.se\/es\/wp-json\/wp\/v2\/product_tag?post=161944"}],"curies":[{"name":"wp","href":"https:\/\/api.w.org\/{rel}","templated":true}]}}