{"id":161946,"date":"2025-10-01T16:44:15","date_gmt":"2025-10-01T14:44:15","guid":{"rendered":"https:\/\/secureus.se\/batteribackup-12v-3a-for-cctv\/"},"modified":"2026-04-15T16:35:12","modified_gmt":"2026-04-15T14:35:12","slug":"batteribackup-12v-3a-for-cctv","status":"publish","type":"product","link":"https:\/\/secureus.se\/es\/batteribackup-12v-3a-for-cctv\/","title":{"rendered":"Bater\u00eda de reserva 12V 3A con SAI de 4 canales para CCTV"},"content":{"rendered":"<h3 data-start=\"789\" data-end=\"847\">Bater\u00eda de respaldo de 12 V y 3 A para c\u00e1maras de CCTV \u2013 SPF-12V-3A<\/h3>\n<p data-start=\"849\" data-end=\"1002\">SPF-12V-3A es un <strong data-start=\"866\" data-end=\"916\">UPS de 12 V CC especialmente dise\u00f1ado para sistemas de CCTV<\/strong>, donde varias c\u00e1maras necesitan una fuente de alimentaci\u00f3n estable y segura, incluso durante cortes de energ\u00eda.<\/p>\n<p data-start=\"1004\" data-end=\"1204\">El UPS tiene <strong data-start=\"1015\" data-end=\"1044\">cuatro salidas de CC independientes<\/strong>, donde cada salida es individual <strong data-start=\"1079\" data-end=\"1089\">asegurado<\/strong>, que proporciona una alta confiabilidad operativa y protege tanto las c\u00e1maras como el cableado en caso de falla o cortocircuito en un canal individual.<\/p>\n<p data-start=\"1206\" data-end=\"1378\">En caso de un corte de energ\u00eda, el dispositivo cambia autom\u00e1ticamente al funcionamiento con bater\u00eda a trav\u00e9s de una fuente de alimentaci\u00f3n externa. <strong data-start=\"1288\" data-end=\"1309\">Bater\u00eda de 12 V\/7 Ah<\/strong>, para que las c\u00e1maras y los perif\u00e9ricos sigan funcionando sin interrupciones.<\/p>\n<p data-start=\"1567\" data-end=\"1601\">Claro <strong data-start=\"1575\" data-end=\"1594\">Indicadores LED<\/strong> muestra:<\/p>\n<ul data-start=\"1602\" data-end=\"1678\">\n<li data-start=\"1602\" data-end=\"1620\">\n<p data-start=\"1604\" data-end=\"1620\">Tensi\u00f3n de red de CA<\/p>\n<\/li>\n<li data-start=\"1621\" data-end=\"1634\">\n<p data-start=\"1623\" data-end=\"1634\">Salida de CC<\/p>\n<\/li>\n<li data-start=\"1635\" data-end=\"1654\">\n<p data-start=\"1637\" data-end=\"1654\">Carga de la bater\u00eda<\/p>\n<\/li>\n<li data-start=\"1655\" data-end=\"1678\">\n<p data-start=\"1657\" data-end=\"1678\">Voltaje de bater\u00eda bajo<\/p>\n<\/li>\n<\/ul>\n<p data-start=\"789\" data-end=\"847\">Bater\u00eda de respaldo de 12 V 3 A para CCTV <span style=\"font-size: 16px;\">est\u00e1 equipado con protecci\u00f3n contra <\/span>cortocircuito, sobrecorriente, sobrecarga y descarga profunda<span style=\"font-size: 16px;\">, con rearme autom\u00e1tico cuando desaparece la aver\u00eda.<\/span><\/p>\n<hr data-start=\"1828\" data-end=\"1831\" \/>\n<h3 data-start=\"1833\" data-end=\"1860\">Caracter\u00edsticas y beneficios<\/h3>\n<ul data-start=\"1862\" data-end=\"2187\">\n<li data-start=\"1862\" data-end=\"1901\">\n<p data-start=\"1864\" data-end=\"1901\">Especialmente adaptado para c\u00e1maras CCTV<\/p>\n<\/li>\n<li data-start=\"1902\" data-end=\"1943\">\n<p data-start=\"1904\" data-end=\"1943\">4 salidas de CC con fusibles individuales<\/p>\n<\/li>\n<li data-start=\"1944\" data-end=\"1988\">\n<p data-start=\"1946\" data-end=\"1988\">Funcionamiento autom\u00e1tico de la bater\u00eda en caso de fallo de alimentaci\u00f3n<\/p>\n<\/li>\n<li data-start=\"2030\" data-end=\"2058\">\n<p data-start=\"2032\" data-end=\"2058\">Carga total m\u00e1xima: 3 A<\/p>\n<\/li>\n<li data-start=\"2059\" data-end=\"2095\">\n<p data-start=\"2061\" data-end=\"2095\">Estado del LED para una f\u00e1cil monitorizaci\u00f3n<\/p>\n<\/li>\n<li data-start=\"2096\" data-end=\"2128\">\n<p data-start=\"2098\" data-end=\"2128\">Protecci\u00f3n contra fallos el\u00e9ctricos y de bater\u00eda<\/p>\n<\/li>\n<li data-start=\"2129\" data-end=\"2187\">\n<p data-start=\"2131\" data-end=\"2187\">Soluci\u00f3n estable para instalaciones de c\u00e1maras profesionales<\/p>\n<\/li>\n<\/ul>\n<hr data-start=\"2189\" data-end=\"2192\" \/>\n<h3 data-start=\"2194\" data-end=\"2222\">Especificaciones t\u00e9cnicas<\/h3>\n<ul data-start=\"2224\" data-end=\"2657\">\n<li data-start=\"2224\" data-end=\"2260\">\n<p data-start=\"2226\" data-end=\"2260\"><strong data-start=\"2226\" data-end=\"2237\">Entrada:<\/strong> 100\u2013240 V CA, 50\/60 Hz<\/p>\n<\/li>\n<li data-start=\"2349\" data-end=\"2382\">\n<p data-start=\"2351\" data-end=\"2382\"><strong data-start=\"2351\" data-end=\"2367\">Corriente m\u00e1xima de salida:<\/strong> 3.0A (total)<\/p>\n<\/li>\n<li data-start=\"2383\" data-end=\"2412\">\n<p data-start=\"2385\" data-end=\"2412\"><strong data-start=\"2385\" data-end=\"2405\">Carga de la bater\u00eda:<\/strong> 0,8 A<\/p>\n<\/li>\n<li data-start=\"2413\" data-end=\"2459\">\n<p data-start=\"2415\" data-end=\"2459\"><strong data-start=\"2415\" data-end=\"2428\">Salidas:<\/strong> 4 \u00d7 CC, con fusibles individuales<\/p>\n<\/li>\n<li data-start=\"2460\" data-end=\"2511\">\n<p data-start=\"2462\" data-end=\"2511\"><strong data-start=\"2462\" data-end=\"2488\">Bater\u00eda recomendada:<\/strong> 12 V \/ 7 Ah (no incluido)<\/p>\n<\/li>\n<li data-start=\"2512\" data-end=\"2547\">\n<p data-start=\"2514\" data-end=\"2547\"><strong data-start=\"2514\" data-end=\"2529\">Temperatura:<\/strong> -20 a +45\u00b0C<\/p>\n<\/li>\n<li data-start=\"2548\" data-end=\"2599\">\n<p data-start=\"2550\" data-end=\"2599\"><strong data-start=\"2550\" data-end=\"2564\">Humedad:<\/strong> Hasta 90 % (sin condensaci\u00f3n)<\/p>\n<\/li>\n<li data-start=\"2600\" data-end=\"2632\">\n<p data-start=\"2602\" data-end=\"2632\"><strong data-start=\"2602\" data-end=\"2616\">Montaje:<\/strong> Interior, pared<\/p>\n<\/li>\n<li data-start=\"2633\" data-end=\"2657\">\n<p data-start=\"2635\" data-end=\"2657\"><strong data-start=\"2635\" data-end=\"2652\">Proceso de dar un t\u00edtulo:<\/strong> CE<\/p>\n<\/li>\n<\/ul>\n<hr data-start=\"2659\" data-end=\"2662\" \/>\n<h3 data-start=\"2664\" data-end=\"2694\">Usos t\u00edpicos<\/h3>\n<ul data-start=\"2696\" data-end=\"2881\">\n<li data-start=\"2696\" data-end=\"2734\">\n<p data-start=\"2698\" data-end=\"2734\">C\u00e1maras CCTV (anal\u00f3gicas e IP a trav\u00e9s de 12 V)<\/p>\n<\/li>\n<li data-start=\"2735\" data-end=\"2773\">\n<p data-start=\"2737\" data-end=\"2773\">Sistemas de c\u00e1maras de tama\u00f1o peque\u00f1o y mediano<\/p>\n<\/li>\n<li data-start=\"2774\" data-end=\"2813\">\n<p data-start=\"2776\" data-end=\"2813\">NVR\/DVR con fuente de alimentaci\u00f3n externa<\/p>\n<\/li>\n<li data-start=\"2814\" data-end=\"2881\">\n<p data-start=\"2816\" data-end=\"2881\">Instalaciones de seguridad donde m\u00faltiples cargas requieren fusibles separados<\/p>\n<\/li>\n<\/ul>\n<hr data-start=\"2883\" data-end=\"2886\" \/>\n<h3 data-start=\"2888\" data-end=\"2904\">Instalaci\u00f3n<\/h3>\n<p data-start=\"2906\" data-end=\"3104\">Destinado a <strong data-start=\"2917\" data-end=\"2940\">instalaci\u00f3n en interiores<\/strong>.<br data-start=\"2941\" data-end=\"2944\" \/>El UPS se monta en la pared y se conecta mediante bloques de terminales.<br data-start=\"2998\" data-end=\"3001\" \/>Se recomienda que la instalaci\u00f3n la realice <strong data-start=\"3043\" data-end=\"3063\">t\u00e9cnico autorizado<\/strong>, especialmente con sistemas de c\u00e1maras multicanal.<\/p>\n<p data-start=\"2906\" data-end=\"3104\"><span data-teams=\"true\">Tama\u00f1o: 195 x 225 x 83 mm<\/span><\/p>","protected":false},"excerpt":{"rendered":"<p data-start=\"376\" data-end=\"675\"><strong data-start=\"376\" data-end=\"440\">SAI de 12 V y 3 A para c\u00e1maras de CCTV con 4 salidas independientes con fusibles.<\/strong><br data-start=\"440\" data-end=\"443\" \/>El SPF-12V-3A es un SAI profesional dise\u00f1ado espec\u00edficamente para instalaciones de c\u00e1maras. El funcionamiento autom\u00e1tico de la bater\u00eda en caso de fallo de alimentaci\u00f3n, la tensi\u00f3n de salida ajustable y las salidas con fusibles individuales lo hacen ideal para el funcionamiento de varias c\u00e1maras de vigilancia.<\/p>\n<p data-start=\"677\" data-end=\"723\"><em data-start=\"677\" data-end=\"723\">Bater\u00eda recomendada: 12V \/ 7Ah (no incluida).<\/em><\/p>","protected":false},"featured_media":161945,"template":"","meta":{"_acf_changed":false},"product_brand":[],"product_cat":[2721],"product_tag":[],"class_list":{"0":"post-161946","1":"product","2":"type-product","3":"status-publish","4":"has-post-thumbnail","6":"product_cat-batteribackuper","7":"pa_brands-stonehouse-security","8":"tm-no-options","10":"first","11":"instock","12":"sale","13":"taxable","14":"shipping-taxable","15":"purchasable","16":"product-type-simple"},"acf":[],"_links":{"self":[{"href":"https:\/\/secureus.se\/es\/wp-json\/wp\/v2\/product\/161946","targetHints":{"allow":["GET"]}}],"collection":[{"href":"https:\/\/secureus.se\/es\/wp-json\/wp\/v2\/product"}],"about":[{"href":"https:\/\/secureus.se\/es\/wp-json\/wp\/v2\/types\/product"}],"wp:featuredmedia":[{"embeddable":true,"href":"https:\/\/secureus.se\/es\/wp-json\/wp\/v2\/media\/161945"}],"wp:attachment":[{"href":"https:\/\/secureus.se\/es\/wp-json\/wp\/v2\/media?parent=161946"}],"wp:term":[{"taxonomy":"product_brand","embeddable":true,"href":"https:\/\/secureus.se\/es\/wp-json\/wp\/v2\/product_brand?post=161946"},{"taxonomy":"product_cat","embeddable":true,"href":"https:\/\/secureus.se\/es\/wp-json\/wp\/v2\/product_cat?post=161946"},{"taxonomy":"product_tag","embeddable":true,"href":"https:\/\/secureus.se\/es\/wp-json\/wp\/v2\/product_tag?post=161946"}],"curies":[{"name":"wp","href":"https:\/\/api.w.org\/{rel}","templated":true}]}}