{"id":161952,"date":"2025-10-01T16:44:16","date_gmt":"2025-10-01T14:44:16","guid":{"rendered":"https:\/\/secureus.se\/batteribackup-24v-5a-for-passersystem\/"},"modified":"2026-04-15T13:31:34","modified_gmt":"2026-04-15T11:31:34","slug":"batteribackup-24v-5a-for-passersystem","status":"publish","type":"product","link":"https:\/\/secureus.se\/es\/batteribackup-24v-5a-for-passersystem\/","title":{"rendered":"Bater\u00eda de reserva 24V 5A con funci\u00f3n SAI para sistemas de control de acceso"},"content":{"rendered":"<h3 data-start=\"695\" data-end=\"748\">Bater\u00eda de respaldo de 24 V 5 A con funci\u00f3n UPS - SP-24V-5A<\/h3>\n<p data-start=\"750\" data-end=\"911\">SP-24V-5A es un <strong data-start=\"766\" data-end=\"794\">SAI profesional de 24 V CC<\/strong> con alta potencia de salida encendida <strong data-start=\"815\" data-end=\"830\">hasta 5A<\/strong>, desarrollado para instalaciones donde la alta carga y la confiabilidad operativa son cruciales.<\/p>\n<p data-start=\"913\" data-end=\"1099\">En caso de un corte de energ\u00eda, el dispositivo cambia autom\u00e1ticamente al funcionamiento con bater\u00eda a trav\u00e9s de <strong data-start=\"983\" data-end=\"1026\">dos bater\u00edas externas de 12 V\/7 Ah en serie<\/strong>, lo que garantiza el funcionamiento continuo de los sistemas conectados sin interrupciones.<\/p>\n<p data-start=\"1263\" data-end=\"1308\">Claro <strong data-start=\"1271\" data-end=\"1290\">Indicadores LED<\/strong> muestra el estado de:<\/p>\n<ul data-start=\"1309\" data-end=\"1385\">\n<li data-start=\"1309\" data-end=\"1327\">\n<p data-start=\"1311\" data-end=\"1327\">Tensi\u00f3n de red de CA<\/p>\n<\/li>\n<li data-start=\"1328\" data-end=\"1341\">\n<p data-start=\"1330\" data-end=\"1341\">Salida de CC<\/p>\n<\/li>\n<li data-start=\"1342\" data-end=\"1361\">\n<p data-start=\"1344\" data-end=\"1361\">Carga de la bater\u00eda<\/p>\n<\/li>\n<li data-start=\"1362\" data-end=\"1385\">\n<p data-start=\"1364\" data-end=\"1385\">Voltaje de bater\u00eda bajo<\/p>\n<\/li>\n<\/ul>\n<p data-start=\"1387\" data-end=\"1512\">La unidad est\u00e1 equipada con <strong data-start=\"1411\" data-end=\"1439\">protecci\u00f3n autorrecuperable<\/strong> contra cortocircuito, sobrecorriente, sobretensi\u00f3n, sobredescarga y descarga profunda.<\/p>\n<hr data-start=\"1514\" data-end=\"1517\" \/>\n<h3 data-start=\"1519\" data-end=\"1546\">Caracter\u00edsticas y beneficios<\/h3>\n<ul data-start=\"1548\" data-end=\"1902\">\n<li data-start=\"1548\" data-end=\"1592\">\n<p data-start=\"1550\" data-end=\"1592\">Funci\u00f3n autom\u00e1tica de UPS en caso de fallo de alimentaci\u00f3n<\/p>\n<\/li>\n<li data-start=\"1634\" data-end=\"1656\">\n<p data-start=\"1636\" data-end=\"1656\">Carga m\u00e1xima: 5A<\/p>\n<\/li>\n<li data-start=\"1657\" data-end=\"1705\">\n<p data-start=\"1659\" data-end=\"1705\">Soporte para sistemas de bater\u00edas de 24 V (2 \u00d7 12 V en serie)<\/p>\n<\/li>\n<li data-start=\"1706\" data-end=\"1754\">\n<p data-start=\"1708\" data-end=\"1754\">Protecci\u00f3n integral contra fallas el\u00e9ctricas y da\u00f1os en la bater\u00eda.<\/p>\n<\/li>\n<li data-start=\"1755\" data-end=\"1801\">\n<p data-start=\"1757\" data-end=\"1801\">Indicaci\u00f3n de estado LED para una f\u00e1cil monitorizaci\u00f3n<\/p>\n<\/li>\n<li data-start=\"1802\" data-end=\"1860\">\n<p data-start=\"1804\" data-end=\"1860\">Conexiones de terminales para una instalaci\u00f3n segura y clara<\/p>\n<\/li>\n<li data-start=\"1861\" data-end=\"1902\">\n<p data-start=\"1863\" data-end=\"1902\">Destinado para uso profesional en interiores.<\/p>\n<\/li>\n<\/ul>\n<hr data-start=\"1904\" data-end=\"1907\" \/>\n<h3 data-start=\"1909\" data-end=\"1937\">Especificaciones t\u00e9cnicas<\/h3>\n<ul data-start=\"1939\" data-end=\"2328\">\n<li data-start=\"1939\" data-end=\"1975\">\n<p data-start=\"1941\" data-end=\"1975\"><strong data-start=\"1941\" data-end=\"1952\">Entrada:<\/strong> 190\u2013240 V CA, 50\/60 Hz<\/p>\n<\/li>\n<li data-start=\"1976\" data-end=\"2023\">\n<p data-start=\"1978\" data-end=\"2023\"><strong data-start=\"1978\" data-end=\"1995\">Salida (red el\u00e9ctrica):<\/strong> 24,0\u201328,0 V CC (ajustable)<\/p>\n<\/li>\n<li data-start=\"2024\" data-end=\"2063\">\n<p data-start=\"2026\" data-end=\"2063\"><strong data-start=\"2026\" data-end=\"2047\">Salida (bater\u00eda):<\/strong> 20,6\u201326,0 V CC<\/p>\n<\/li>\n<li data-start=\"2064\" data-end=\"2089\">\n<p data-start=\"2066\" data-end=\"2089\"><strong data-start=\"2066\" data-end=\"2082\">Corriente m\u00e1xima de salida:<\/strong> 5.0A<\/p>\n<\/li>\n<li data-start=\"2090\" data-end=\"2119\">\n<p data-start=\"2092\" data-end=\"2119\"><strong data-start=\"2092\" data-end=\"2112\">Carga de la bater\u00eda:<\/strong> 1.0A<\/p>\n<\/li>\n<li data-start=\"2120\" data-end=\"2182\">\n<p data-start=\"2122\" data-end=\"2182\"><strong data-start=\"2122\" data-end=\"2148\">Bater\u00eda recomendada:<\/strong> 2 \u00d7 12 V \/ 7 Ah (de serie, no incluidas)<\/p>\n<\/li>\n<li data-start=\"2183\" data-end=\"2218\">\n<p data-start=\"2185\" data-end=\"2218\"><strong data-start=\"2185\" data-end=\"2200\">Temperatura:<\/strong> -20 a +45\u00b0C<\/p>\n<\/li>\n<li data-start=\"2219\" data-end=\"2270\">\n<p data-start=\"2221\" data-end=\"2270\"><strong data-start=\"2221\" data-end=\"2235\">Humedad:<\/strong> Hasta 90 % (sin condensaci\u00f3n)<\/p>\n<\/li>\n<li data-start=\"2271\" data-end=\"2303\">\n<p data-start=\"2273\" data-end=\"2303\"><strong data-start=\"2273\" data-end=\"2287\">Montaje:<\/strong> Pared, interior<\/p>\n<\/li>\n<li data-start=\"2304\" data-end=\"2328\">\n<p data-start=\"2306\" data-end=\"2328\"><strong data-start=\"2306\" data-end=\"2323\">Proceso de dar un t\u00edtulo:<\/strong> CE<\/p>\n<\/li>\n<\/ul>\n<hr data-start=\"2330\" data-end=\"2333\" \/>\n<h3 data-start=\"2335\" data-end=\"2365\">Usos t\u00edpicos<\/h3>\n<ul data-start=\"2367\" data-end=\"2536\">\n<li data-start=\"2367\" data-end=\"2406\">\n<p data-start=\"2369\" data-end=\"2406\">Sistemas de control de acceso y entornos de puertas m\u00e1s grandes<\/p>\n<\/li>\n<li data-start=\"2407\" data-end=\"2434\">\n<p data-start=\"2409\" data-end=\"2434\">Control de portones y portones<\/p>\n<\/li>\n<li data-start=\"2435\" data-end=\"2481\">\n<p data-start=\"2437\" data-end=\"2481\">Cerraduras el\u00e9ctricas y electromec\u00e1nicas (24V)<\/p>\n<\/li>\n<li data-start=\"2482\" data-end=\"2511\">\n<p data-start=\"2484\" data-end=\"2511\">Sistemas de seguridad y alarma<\/p>\n<\/li>\n<li data-start=\"2512\" data-end=\"2536\">\n<p data-start=\"2514\" data-end=\"2536\">Sistemas contra incendios y emergencias<\/p>\n<\/li>\n<\/ul>\n<hr data-start=\"2538\" data-end=\"2541\" \/>\n<h3 data-start=\"2543\" data-end=\"2559\">Instalaci\u00f3n<\/h3>\n<p data-start=\"2561\" data-end=\"2739\">El producto est\u00e1 destinado a <strong data-start=\"2585\" data-end=\"2608\">instalaci\u00f3n en interiores<\/strong> y debe ser instalado por <strong data-start=\"2632\" data-end=\"2652\">t\u00e9cnico autorizado<\/strong>.<br data-start=\"2653\" data-end=\"2656\" \/>Aseg\u00farese de que haya una conexi\u00f3n a tierra adecuada, una buena ventilaci\u00f3n y una configuraci\u00f3n correcta de la bater\u00eda (serie).<\/p>\n<p data-start=\"2561\" data-end=\"2739\"><span data-teams=\"true\">Tama\u00f1o: 195 x 225 x 83 mm<\/span><\/p>","protected":false},"excerpt":{"rendered":"<p data-start=\"244\" data-end=\"569\"><strong data-start=\"244\" data-end=\"318\">Bater\u00eda de reserva SAI de 24 V y 5 A para instalaciones de control de acceso y seguridad.<\/strong><br data-start=\"318\" data-end=\"321\" \/>Este potente SAI de 24 V CC garantiza el funcionamiento en caso de corte del suministro el\u00e9ctrico con conmutaci\u00f3n autom\u00e1tica a la bater\u00eda. El voltaje de salida ajustable, la clara indicaci\u00f3n LED y la protecci\u00f3n integral lo hacen ideal para controles de puertas, control de portones y sistemas de seguridad exigentes.<\/p>\n<p data-start=\"571\" data-end=\"629\"><em data-start=\"571\" data-end=\"629\">Bater\u00eda recomendada: 2 \u00d7 12V \/ 7Ah en serie (no incluidas).<\/em><\/p>","protected":false},"featured_media":161950,"template":"","meta":{"_acf_changed":false},"product_brand":[],"product_cat":[2721],"product_tag":[],"class_list":{"0":"post-161952","1":"product","2":"type-product","3":"status-publish","4":"has-post-thumbnail","6":"product_cat-batteribackuper","7":"pa_brands-stonehouse-security","8":"tm-no-options","10":"first","11":"instock","12":"sale","13":"taxable","14":"shipping-taxable","15":"purchasable","16":"product-type-simple"},"acf":[],"_links":{"self":[{"href":"https:\/\/secureus.se\/es\/wp-json\/wp\/v2\/product\/161952","targetHints":{"allow":["GET"]}}],"collection":[{"href":"https:\/\/secureus.se\/es\/wp-json\/wp\/v2\/product"}],"about":[{"href":"https:\/\/secureus.se\/es\/wp-json\/wp\/v2\/types\/product"}],"wp:featuredmedia":[{"embeddable":true,"href":"https:\/\/secureus.se\/es\/wp-json\/wp\/v2\/media\/161950"}],"wp:attachment":[{"href":"https:\/\/secureus.se\/es\/wp-json\/wp\/v2\/media?parent=161952"}],"wp:term":[{"taxonomy":"product_brand","embeddable":true,"href":"https:\/\/secureus.se\/es\/wp-json\/wp\/v2\/product_brand?post=161952"},{"taxonomy":"product_cat","embeddable":true,"href":"https:\/\/secureus.se\/es\/wp-json\/wp\/v2\/product_cat?post=161952"},{"taxonomy":"product_tag","embeddable":true,"href":"https:\/\/secureus.se\/es\/wp-json\/wp\/v2\/product_tag?post=161952"}],"curies":[{"name":"wp","href":"https:\/\/api.w.org\/{rel}","templated":true}]}}