{"id":162171,"date":"2025-11-21T14:39:45","date_gmt":"2025-11-21T13:39:45","guid":{"rendered":"https:\/\/secureus.se\/provkit-testifire-xtr2-provningshojd-6-m-varme-co-rok\/"},"modified":"2026-03-26T12:22:11","modified_gmt":"2026-03-26T11:22:11","slug":"provkit-testifire-2001-5-6-m-varme-rok","status":"publish","type":"product","link":"https:\/\/secureus.se\/es\/provkit-testifire-2001-5-6-m-varme-rok\/","title":{"rendered":"Kit de prueba Testifire 2001 5 \u2013 6 m (calor\/humo)"},"content":{"rendered":"<h1 class=\"product_title entry-title\">Kit de prueba Testifire 2001 5 \u2013 6 m (calor\/humo)<\/h1>\n<h3 data-start=\"376\" data-end=\"432\">Pruebas confiables de detectores de incendios y CO<\/h3>\n<p data-start=\"433\" data-end=\"688\">El kit de prueba Testifire 2001 est\u00e1 dise\u00f1ado para simplificar y garantizar la prueba funcional de detectores de humo, detectores de calor y detectores de mon\u00f3xido de carbono.<\/p>\n<p data-start=\"433\" data-end=\"688\">Al simular condiciones de alarma reales, se garantiza que los detectores funcionen correctamente y cumplan con los requisitos aplicables.<\/p>\n<h3 data-start=\"690\" data-end=\"737\">Trabajo eficiente y seguro desde el nivel del suelo<\/h3>\n<p data-start=\"738\" data-end=\"960\">El kit est\u00e1 adaptado para probar alturas de hasta aproximadamente 6 metros, lo que permite probar detectores sin escaleras ni ascensores.<\/p>\n<p data-start=\"738\" data-end=\"960\">Esto contribuye a un entorno de trabajo m\u00e1s seguro y ahorra tiempo tanto durante la instalaci\u00f3n como durante el mantenimiento.<\/p>\n<h3 data-start=\"962\" data-end=\"1013\">Kit de pruebas completo para uso profesional<\/h3>\n<p data-start=\"1014\" data-end=\"1227\">El kit de prueba contiene Testifire 2001 para probar humo, calor y CO y Solo 100 para su aplicaci\u00f3n.<\/p>\n<p data-start=\"1014\" data-end=\"1227\">La combinaci\u00f3n proporciona una soluci\u00f3n flexible y confiable para el servicio, mantenimiento y puesta en marcha de sistemas de alarma contra incendios.<\/p>\n<p data-start=\"1229\" data-end=\"1244\"><strong data-start=\"1229\" data-end=\"1242\">Ventajas:<\/strong><\/p>\n<ul data-start=\"1245\" data-end=\"1471\">\n<li data-start=\"1245\" data-end=\"1302\">\n<p data-start=\"1247\" data-end=\"1302\">Prueba detectores de humo, calor y CO con el mismo dispositivo<\/p>\n<\/li>\n<li data-start=\"1303\" data-end=\"1358\">\n<p data-start=\"1305\" data-end=\"1358\">Pruebas realistas que verifican el funcionamiento real<\/p>\n<\/li>\n<li data-start=\"1359\" data-end=\"1408\">\n<p data-start=\"1361\" data-end=\"1408\">No necesita llamas abiertas ni gases peligrosos<\/p>\n<\/li>\n<li data-start=\"1409\" data-end=\"1471\">\n<p data-start=\"1411\" data-end=\"1471\">Adecuado para propiedades, industrias y entornos p\u00fablicos.<\/p>\n<\/li>\n<\/ul>\n<p data-start=\"1473\" data-end=\"1498\"><strong data-start=\"1473\" data-end=\"1496\">\u00c1reas de uso:<\/strong><\/p>\n<ul data-start=\"1499\" data-end=\"1641\">\n<li data-start=\"1499\" data-end=\"1537\">\n<p data-start=\"1501\" data-end=\"1537\">Mantenimiento peri\u00f3dico de alarmas contra incendios<\/p>\n<\/li>\n<li data-start=\"1538\" data-end=\"1578\">\n<p data-start=\"1540\" data-end=\"1578\">Comprobaci\u00f3n del funcionamiento durante una nueva instalaci\u00f3n<\/p>\n<\/li>\n<li data-start=\"1579\" data-end=\"1641\">\n<p data-start=\"1581\" data-end=\"1641\">Trabajos de servicio en propiedades comerciales y p\u00fablicas<\/p>\n<\/li>\n<li data-start=\"1579\" data-end=\"1641\">\n<p data-start=\"1643\" data-end=\"1674\"><strong data-start=\"1643\" data-end=\"1672\">ESPECIFICACIONES T\u00c9CNICAS:<\/strong><\/p>\n<ul data-start=\"1675\" data-end=\"1871\">\n<li data-start=\"1675\" data-end=\"1718\">\n<p data-start=\"1677\" data-end=\"1718\">Tipo de producto: Kit de prueba de detector<\/p>\n<\/li>\n<li data-start=\"1719\" data-end=\"1752\">\n<p data-start=\"1721\" data-end=\"1752\">Tipos de detectores: humo, calor, CO<\/p>\n<\/li>\n<li data-start=\"1753\" data-end=\"1785\">\n<p data-start=\"1755\" data-end=\"1785\">Altura de prueba: Aproximadamente 6 metros<\/p>\n<\/li>\n<li data-start=\"1786\" data-end=\"1824\">\n<p data-start=\"1788\" data-end=\"1824\">Contenido: Testifire 2001, Solo 100<\/p>\n<\/li>\n<li data-start=\"1825\" data-end=\"1871\">\n<p data-start=\"1827\" data-end=\"1871\">Uso: Prueba manual desde el nivel del suelo<\/p>\n<\/li>\n<\/ul>\n<\/li>\n<\/ul>","protected":false},"excerpt":{"rendered":"<p>El kit de pruebas Testifire 2001 es un kit de pruebas completo para probar de forma segura y eficiente detectores de humo, calor y CO.<\/p>\n<p>El kit est\u00e1 adaptado para probar alturas de hasta aproximadamente 6 metros y es adecuado tanto para propietarios de inmuebles como para instaladores profesionales.<\/p>\n<p>Una soluci\u00f3n pr\u00e1ctica para la comprobaci\u00f3n peri\u00f3dica de sensores de fuego y gas.<\/p>","protected":false},"featured_media":162170,"template":"","meta":{"_acf_changed":false},"product_brand":[],"product_cat":[3848,2946],"product_tag":[],"class_list":{"0":"post-162171","1":"product","2":"type-product","3":"status-publish","4":"has-post-thumbnail","6":"product_cat-testifire-kit","7":"product_cat-testifire","8":"tm-no-options","10":"first","11":"onbackorder","12":"taxable","13":"shipping-taxable","14":"purchasable","15":"product-type-simple"},"acf":[],"_links":{"self":[{"href":"https:\/\/secureus.se\/es\/wp-json\/wp\/v2\/product\/162171","targetHints":{"allow":["GET"]}}],"collection":[{"href":"https:\/\/secureus.se\/es\/wp-json\/wp\/v2\/product"}],"about":[{"href":"https:\/\/secureus.se\/es\/wp-json\/wp\/v2\/types\/product"}],"wp:featuredmedia":[{"embeddable":true,"href":"https:\/\/secureus.se\/es\/wp-json\/wp\/v2\/media\/162170"}],"wp:attachment":[{"href":"https:\/\/secureus.se\/es\/wp-json\/wp\/v2\/media?parent=162171"}],"wp:term":[{"taxonomy":"product_brand","embeddable":true,"href":"https:\/\/secureus.se\/es\/wp-json\/wp\/v2\/product_brand?post=162171"},{"taxonomy":"product_cat","embeddable":true,"href":"https:\/\/secureus.se\/es\/wp-json\/wp\/v2\/product_cat?post=162171"},{"taxonomy":"product_tag","embeddable":true,"href":"https:\/\/secureus.se\/es\/wp-json\/wp\/v2\/product_tag?post=162171"}],"curies":[{"name":"wp","href":"https:\/\/api.w.org\/{rel}","templated":true}]}}