{"id":162177,"date":"2025-11-21T14:39:40","date_gmt":"2025-11-21T13:39:40","guid":{"rendered":"https:\/\/secureus.se\/provkit-testifire-xtr2-provningshojd-93-m-varme-co-rok-vaskor-nedtagare\/"},"modified":"2026-03-26T12:22:28","modified_gmt":"2026-03-26T11:22:28","slug":"provkit-testifire-2001-provningshojd-93-m-varme-co-rok-vaskor-nedtagare","status":"publish","type":"product","link":"https:\/\/secureus.se\/es\/provkit-testifire-2001-provningshojd-93-m-varme-co-rok-vaskor-nedtagare\/","title":{"rendered":"Kit de prueba Testifire 2001 altura de prueba 9,3 m (calor + CO + humo) \u2013 Bolsas y desmontajes"},"content":{"rendered":"<h1>Kit de prueba Testifire 2001 altura de prueba 9,3 m (calor + CO + humo) \u2013 Bolsas y desmontajes<\/h1>\n<h3 data-start=\"338\" data-end=\"404\">Pruebas seguras de detectores de humo, calor y CO a grandes altitudes<\/h3>\n<p data-start=\"405\" data-end=\"627\">El kit de prueba Testifire 2001 est\u00e1 dise\u00f1ado para probar detectores de humo, detectores de calor y detectores de mon\u00f3xido de carbono utilizando m\u00e9todos de prueba realistas.<\/p>\n<p data-start=\"405\" data-end=\"627\">Esto garantiza que los detectores funcionen correctamente y cumplan con los requisitos de seguridad.<\/p>\n<h3 data-start=\"629\" data-end=\"671\">Pruebas efectivas hasta 9,3 metros<\/h3>\n<p data-start=\"672\" data-end=\"895\">El kit est\u00e1 adaptado para probar alturas de hasta aproximadamente 9,3 metros.<\/p>\n<p data-start=\"672\" data-end=\"895\">Con las bolsas y descensores incluidos se pueden realizar pruebas a grandes altitudes de forma segura sin necesidad de escaleras ni elevadores, reduciendo riesgos y ahorrando tiempo.<\/p>\n<h3 data-start=\"897\" data-end=\"953\">Kit de pruebas completo para uso profesional<\/h3>\n<p data-start=\"954\" data-end=\"1197\">El kit contiene Testifire 2001, Solo 100, tres Solo 101, TS3 y Solo 610, proporcionando una soluci\u00f3n completa para el servicio, mantenimiento y puesta en servicio de detectores de incendios y CO.<\/p>\n<p data-start=\"954\" data-end=\"1197\">Todo est\u00e1 dise\u00f1ado para proporcionar un proceso de trabajo flexible y confiable.<\/p>\n<p data-start=\"1199\" data-end=\"1214\"><strong data-start=\"1199\" data-end=\"1212\">Ventajas:<\/strong><\/p>\n<ul data-start=\"1215\" data-end=\"1450\">\n<li data-start=\"1215\" data-end=\"1256\">\n<p data-start=\"1217\" data-end=\"1256\">Prueba detectores de humo, calor y CO<\/p>\n<\/li>\n<li data-start=\"1257\" data-end=\"1297\">\n<p data-start=\"1259\" data-end=\"1297\">Pruebas a alturas de hasta 9,3 metros<\/p>\n<\/li>\n<li data-start=\"1298\" data-end=\"1343\">\n<p data-start=\"1300\" data-end=\"1343\">Uso seguro con bolsas y dispositivos desmontables<\/p>\n<\/li>\n<li data-start=\"1344\" data-end=\"1381\">\n<p data-start=\"1346\" data-end=\"1381\">Condiciones de prueba realistas<\/p>\n<\/li>\n<li data-start=\"1382\" data-end=\"1450\">\n<p data-start=\"1384\" data-end=\"1450\">Adecuado para instalaci\u00f3n, servicio y mantenimiento en edificios de gran altura.<\/p>\n<\/li>\n<\/ul>\n<p data-start=\"1452\" data-end=\"1477\"><strong data-start=\"1452\" data-end=\"1475\">\u00c1reas de uso:<\/strong><\/p>\n<ul data-start=\"1478\" data-end=\"1617\">\n<li data-start=\"1478\" data-end=\"1525\">\n<p data-start=\"1480\" data-end=\"1525\">Servicio y mantenimiento de alarmas contra incendios y CO<\/p>\n<\/li>\n<li data-start=\"1526\" data-end=\"1566\">\n<p data-start=\"1528\" data-end=\"1566\">Comprobaci\u00f3n del funcionamiento durante una nueva instalaci\u00f3n<\/p>\n<\/li>\n<li data-start=\"1567\" data-end=\"1617\">\n<p data-start=\"1569\" data-end=\"1617\">Pruebas en entornos comerciales y p\u00fablicos<\/p>\n<\/li>\n<\/ul>\n<p data-start=\"1619\" data-end=\"1650\"><strong data-start=\"1619\" data-end=\"1648\">ESPECIFICACIONES T\u00c9CNICAS:<\/strong><\/p>\n<ul data-start=\"1651\" data-end=\"2037\">\n<li data-start=\"1651\" data-end=\"1694\">\n<p data-start=\"1653\" data-end=\"1694\">Tipo de producto: Kit de prueba de detector<\/p>\n<\/li>\n<li data-start=\"1695\" data-end=\"1759\">\n<p data-start=\"1697\" data-end=\"1759\">Tipos de detectores: detectores de humo, detectores de calor, detectores de CO<\/p>\n<\/li>\n<li data-start=\"1760\" data-end=\"1794\">\n<p data-start=\"1762\" data-end=\"1794\">Altura de prueba: Aproximadamente 9,3 metros<\/p>\n<\/li>\n<li data-start=\"1795\" data-end=\"1840\">\n<p data-start=\"1797\" data-end=\"1840\">M\u00e9todos de prueba: Pruebas de humo, calor y CO<\/p>\n<\/li>\n<li data-start=\"1841\" data-end=\"1908\">\n<p data-start=\"1843\" data-end=\"1908\">Contenido: Testifire 2001, Solo 100, 3 \u00d7 Solo 101, TS3, Solo 610<\/p>\n<\/li>\n<li data-start=\"1909\" data-end=\"1944\">\n<p data-start=\"1911\" data-end=\"1944\">Accesorios: Bolsas y dispositivos de desmontaje<\/p>\n<\/li>\n<li data-start=\"1945\" data-end=\"1989\">\n<p data-start=\"1947\" data-end=\"1989\">Aplicaci\u00f3n: Pruebas manuales a gran altitud<\/p>\n<\/li>\n<li data-start=\"1990\" data-end=\"2037\">\n<p data-start=\"1992\" data-end=\"2037\">Grupo objetivo: Instaladores y personal de servicio<\/p>\n<\/li>\n<\/ul>","protected":false},"excerpt":{"rendered":"<p>El kit de pruebas Testifire 2001 es un kit de pruebas completo para detectores de humo, calor y CO, adaptado para probar alturas de hasta aproximadamente 9,3 metros.<\/p>\n<p>El kit incluye bolsas y un dispositivo de desmontaje y es adecuado para instaladores y personal de servicio que necesitan realizar comprobaciones de funcionamiento seguras y eficientes a grandes altitudes.<\/p>","protected":false},"featured_media":162176,"template":"","meta":{"_acf_changed":false},"product_brand":[],"product_cat":[3848,2946],"product_tag":[],"class_list":{"0":"post-162177","1":"product","2":"type-product","3":"status-publish","4":"has-post-thumbnail","6":"product_cat-testifire-kit","7":"product_cat-testifire","8":"tm-no-options","10":"first","11":"onbackorder","12":"taxable","13":"shipping-taxable","14":"purchasable","15":"product-type-simple"},"acf":[],"_links":{"self":[{"href":"https:\/\/secureus.se\/es\/wp-json\/wp\/v2\/product\/162177","targetHints":{"allow":["GET"]}}],"collection":[{"href":"https:\/\/secureus.se\/es\/wp-json\/wp\/v2\/product"}],"about":[{"href":"https:\/\/secureus.se\/es\/wp-json\/wp\/v2\/types\/product"}],"wp:featuredmedia":[{"embeddable":true,"href":"https:\/\/secureus.se\/es\/wp-json\/wp\/v2\/media\/162176"}],"wp:attachment":[{"href":"https:\/\/secureus.se\/es\/wp-json\/wp\/v2\/media?parent=162177"}],"wp:term":[{"taxonomy":"product_brand","embeddable":true,"href":"https:\/\/secureus.se\/es\/wp-json\/wp\/v2\/product_brand?post=162177"},{"taxonomy":"product_cat","embeddable":true,"href":"https:\/\/secureus.se\/es\/wp-json\/wp\/v2\/product_cat?post=162177"},{"taxonomy":"product_tag","embeddable":true,"href":"https:\/\/secureus.se\/es\/wp-json\/wp\/v2\/product_tag?post=162177"}],"curies":[{"name":"wp","href":"https:\/\/api.w.org\/{rel}","templated":true}]}}