{"id":162181,"date":"2025-11-21T14:39:32","date_gmt":"2025-11-21T13:39:32","guid":{"rendered":"https:\/\/secureus.se\/provkit-testifire-xtr2-provningshojd-93-m-varme-rok-vaskor-nedtagare\/"},"modified":"2026-03-26T12:23:09","modified_gmt":"2026-03-26T11:23:09","slug":"provkit-testifire-xtr2-provningshojd-93-m-varme-rok-vaskor-nedtagare","status":"publish","type":"product","link":"https:\/\/secureus.se\/es\/provkit-testifire-xtr2-provningshojd-93-m-varme-rok-vaskor-nedtagare\/","title":{"rendered":"Kit de prueba Testifire XTR2 altura de prueba 9,3 m (calor + humo) \u2013 Bolsas y desmontajes"},"content":{"rendered":"<h1>Kit de prueba Testifire XTR2 altura de prueba 9,3 m (calor + humo) \u2013 Bolsas y desmontajes<\/h1>\n<h3 data-start=\"307\" data-end=\"355\">Pruebas seguras de detectores de humo y calor<\/h3>\n<p data-start=\"356\" data-end=\"561\">El kit de prueba Testifire XTR2 permite realizar pruebas precisas de detectores de humo y calor utilizando m\u00e9todos de prueba realistas.<\/p>\n<p data-start=\"356\" data-end=\"561\">Esto garantiza que los detectores funcionen correctamente y cumplan con los requisitos de seguridad aplicables.<\/p>\n<h3 data-start=\"563\" data-end=\"596\">Pruebas hasta 9,3 metros<\/h3>\n<p data-start=\"597\" data-end=\"812\">El kit est\u00e1 adaptado para probar alturas de hasta aproximadamente 9,3 metros.<\/p>\n<p data-start=\"597\" data-end=\"812\">Con bolsas y dispositivos de desmontaje, el equipo puede ser transportado y utilizado en grandes alturas de forma segura y pr\u00e1ctica, sin necesidad de escaleras ni ascensores.<\/p>\n<h3 data-start=\"814\" data-end=\"856\">Kit completo para uso profesional<\/h3>\n<p data-start=\"857\" data-end=\"1076\">El kit de prueba contiene Testifire 1001, Solo 100, tres Solo 101, TS3, Solo 200 y Solo 610.<\/p>\n<p data-start=\"857\" data-end=\"1076\">La combinaci\u00f3n proporciona una soluci\u00f3n flexible y confiable para la instalaci\u00f3n, el servicio y el mantenimiento recurrente de detectores de incendios.<\/p>\n<p data-start=\"1078\" data-end=\"1093\"><strong data-start=\"1078\" data-end=\"1091\">Ventajas:<\/strong><\/p>\n<ul data-start=\"1094\" data-end=\"1313\">\n<li data-start=\"1094\" data-end=\"1129\">\n<p data-start=\"1096\" data-end=\"1129\">Prueba de detectores de humo y calor<\/p>\n<\/li>\n<li data-start=\"1130\" data-end=\"1167\">\n<p data-start=\"1132\" data-end=\"1167\">Pruebas hasta 9,3 metros de altura<\/p>\n<\/li>\n<li data-start=\"1168\" data-end=\"1226\">\n<p data-start=\"1170\" data-end=\"1226\">Transporte y manipulaci\u00f3n seguros con bolsas y dispositivos de desmontaje<\/p>\n<\/li>\n<li data-start=\"1227\" data-end=\"1259\">\n<p data-start=\"1229\" data-end=\"1259\">Pruebas funcionales realistas<\/p>\n<\/li>\n<li data-start=\"1260\" data-end=\"1313\">\n<p data-start=\"1262\" data-end=\"1313\">Adecuado para edificios comerciales y p\u00fablicos.<\/p>\n<\/li>\n<\/ul>\n<p data-start=\"1315\" data-end=\"1340\"><strong data-start=\"1315\" data-end=\"1338\">\u00c1reas de uso:<\/strong><\/p>\n<ul data-start=\"1341\" data-end=\"1476\">\n<li data-start=\"1341\" data-end=\"1379\">\n<p data-start=\"1343\" data-end=\"1379\">Servicio y mantenimiento de alarmas contra incendios<\/p>\n<\/li>\n<li data-start=\"1380\" data-end=\"1420\">\n<p data-start=\"1382\" data-end=\"1420\">Comprobaci\u00f3n del funcionamiento durante una nueva instalaci\u00f3n<\/p>\n<\/li>\n<li data-start=\"1421\" data-end=\"1476\">\n<p data-start=\"1423\" data-end=\"1476\">Pruebas en edificios altos y entornos industriales<\/p>\n<\/li>\n<\/ul>\n<p data-start=\"1478\" data-end=\"1509\"><strong data-start=\"1478\" data-end=\"1507\">ESPECIFICACIONES T\u00c9CNICAS:<\/strong><\/p>\n<ul data-start=\"1510\" data-end=\"1885\">\n<li data-start=\"1510\" data-end=\"1553\">\n<p data-start=\"1512\" data-end=\"1553\">Tipo de producto: Kit de prueba de detector<\/p>\n<\/li>\n<li data-start=\"1554\" data-end=\"1603\">\n<p data-start=\"1556\" data-end=\"1603\">Tipos de detectores: detectores de humo, detectores de calor<\/p>\n<\/li>\n<li data-start=\"1604\" data-end=\"1638\">\n<p data-start=\"1606\" data-end=\"1638\">Altura de prueba: Aproximadamente 9,3 metros<\/p>\n<\/li>\n<li data-start=\"1639\" data-end=\"1678\">\n<p data-start=\"1641\" data-end=\"1678\">M\u00e9todos de prueba: Pruebas de humo y calor<\/p>\n<\/li>\n<li data-start=\"1679\" data-end=\"1756\">\n<p data-start=\"1681\" data-end=\"1756\">Contenido: Testifire 1001, Solo 100, 3 \u00d7 Solo 101, TS3, Solo 200, Solo 610<\/p>\n<\/li>\n<li data-start=\"1757\" data-end=\"1792\">\n<p data-start=\"1759\" data-end=\"1792\">Accesorios: Bolsas y dispositivos de desmontaje<\/p>\n<\/li>\n<li data-start=\"1793\" data-end=\"1837\">\n<p data-start=\"1795\" data-end=\"1837\">Aplicaci\u00f3n: Pruebas manuales a gran altitud<\/p>\n<\/li>\n<li data-start=\"1838\" data-end=\"1885\">\n<p data-start=\"1840\" data-end=\"1885\">Grupo objetivo: Instaladores y personal de servicio<\/p>\n<\/li>\n<\/ul>","protected":false},"excerpt":{"rendered":"<p>El kit de prueba Testifire XTR2 es un kit de prueba completo para detectores de humo y calor de hasta aproximadamente 9,3 metros.<\/p>\n<p>El kit viene con bolsas y un downrigger y est\u00e1 dise\u00f1ado para instaladores y personal de servicio que necesitan pruebas seguras y eficientes a grandes altitudes.<\/p>","protected":false},"featured_media":162180,"template":"","meta":{"_acf_changed":false},"product_brand":[],"product_cat":[3848,2946],"product_tag":[],"class_list":{"0":"post-162181","1":"product","2":"type-product","3":"status-publish","4":"has-post-thumbnail","6":"product_cat-testifire-kit","7":"product_cat-testifire","8":"tm-no-options","10":"first","11":"onbackorder","12":"taxable","13":"shipping-taxable","14":"purchasable","15":"product-type-simple"},"acf":[],"_links":{"self":[{"href":"https:\/\/secureus.se\/es\/wp-json\/wp\/v2\/product\/162181","targetHints":{"allow":["GET"]}}],"collection":[{"href":"https:\/\/secureus.se\/es\/wp-json\/wp\/v2\/product"}],"about":[{"href":"https:\/\/secureus.se\/es\/wp-json\/wp\/v2\/types\/product"}],"wp:featuredmedia":[{"embeddable":true,"href":"https:\/\/secureus.se\/es\/wp-json\/wp\/v2\/media\/162180"}],"wp:attachment":[{"href":"https:\/\/secureus.se\/es\/wp-json\/wp\/v2\/media?parent=162181"}],"wp:term":[{"taxonomy":"product_brand","embeddable":true,"href":"https:\/\/secureus.se\/es\/wp-json\/wp\/v2\/product_brand?post=162181"},{"taxonomy":"product_cat","embeddable":true,"href":"https:\/\/secureus.se\/es\/wp-json\/wp\/v2\/product_cat?post=162181"},{"taxonomy":"product_tag","embeddable":true,"href":"https:\/\/secureus.se\/es\/wp-json\/wp\/v2\/product_tag?post=162181"}],"curies":[{"name":"wp","href":"https:\/\/api.w.org\/{rel}","templated":true}]}}