{"id":162185,"date":"2025-11-21T14:39:31","date_gmt":"2025-11-21T13:39:31","guid":{"rendered":"https:\/\/secureus.se\/provkit-testifire-xtr2-provningshojd-93-m-varme-rok-vaskor\/"},"modified":"2026-04-08T15:59:37","modified_gmt":"2026-04-08T13:59:37","slug":"provkit-testifire-xtr2-provningshojd-93-m-varme-rok-vaskor","status":"publish","type":"product","link":"https:\/\/secureus.se\/es\/provkit-testifire-xtr2-provningshojd-93-m-varme-rok-vaskor\/","title":{"rendered":"Kit de prueba Testifire XTR2 altura de prueba 9,3 m (Calor + Humo) \u2013 Bolsas"},"content":{"rendered":"<h1>Kit de prueba Testifire XTR2 altura de prueba 9,3 m (Calor + Humo) \u2013 Bolsas<\/h1>\n<h3 data-start=\"294\" data-end=\"355\">Pruebas seguras y confiables de detectores de humo y calor<\/h3>\n<p data-start=\"356\" data-end=\"541\">El kit de prueba Testifire XTR2 permite probar detectores de humo y calor utilizando m\u00e9todos realistas, garantizando que los detectores funcionen correctamente y cumplan con los requisitos de seguridad.<\/p>\n<h3 data-start=\"543\" data-end=\"576\">Pruebas hasta 9,3 metros<\/h3>\n<p data-start=\"577\" data-end=\"776\">El kit est\u00e1 dise\u00f1ado para probar alturas de hasta aproximadamente 9,3 metros.<\/p>\n<p data-start=\"577\" data-end=\"776\">Con las bolsas incluidas, el equipo puede transportarse y utilizarse a grandes alturas de forma segura, sin necesidad de escaleras ni ascensores.<\/p>\n<h3 data-start=\"778\" data-end=\"834\">Kit de pruebas completo para uso profesional<\/h3>\n<p data-start=\"835\" data-end=\"1044\">El kit de prueba contiene Testifire 1001, Solo 100, tres Solo 101, TS3 y Solo 610.<\/p>\n<p data-start=\"835\" data-end=\"1044\">La combinaci\u00f3n proporciona una soluci\u00f3n flexible y confiable para la instalaci\u00f3n, el servicio y el mantenimiento recurrente de detectores de incendios.<\/p>\n<p data-start=\"1046\" data-end=\"1061\"><strong data-start=\"1046\" data-end=\"1059\">Ventajas:<\/strong><\/p>\n<ul data-start=\"1062\" data-end=\"1280\">\n<li data-start=\"1062\" data-end=\"1097\">\n<p data-start=\"1064\" data-end=\"1097\">Prueba de detectores de humo y calor<\/p>\n<\/li>\n<li data-start=\"1098\" data-end=\"1135\">\n<p data-start=\"1100\" data-end=\"1135\">Pruebas hasta 9,3 metros de altura<\/p>\n<\/li>\n<li data-start=\"1136\" data-end=\"1180\">\n<p data-start=\"1138\" data-end=\"1180\">Transporte y almacenamiento seguro con bolsas<\/p>\n<\/li>\n<li data-start=\"1181\" data-end=\"1226\">\n<p data-start=\"1183\" data-end=\"1226\">Pruebas funcionales realistas y fiables<\/p>\n<\/li>\n<li data-start=\"1227\" data-end=\"1280\">\n<p data-start=\"1229\" data-end=\"1280\">Adecuado para edificios comerciales y p\u00fablicos.<\/p>\n<\/li>\n<\/ul>\n<p data-start=\"1282\" data-end=\"1307\"><strong data-start=\"1282\" data-end=\"1305\">\u00c1reas de uso:<\/strong><\/p>\n<ul data-start=\"1308\" data-end=\"1443\">\n<li data-start=\"1308\" data-end=\"1346\">\n<p data-start=\"1310\" data-end=\"1346\">Servicio y mantenimiento de alarmas contra incendios<\/p>\n<\/li>\n<li data-start=\"1347\" data-end=\"1387\">\n<p data-start=\"1349\" data-end=\"1387\">Comprobaci\u00f3n del funcionamiento durante una nueva instalaci\u00f3n<\/p>\n<\/li>\n<li data-start=\"1388\" data-end=\"1443\">\n<p data-start=\"1390\" data-end=\"1443\">Pruebas en edificios altos y entornos industriales<\/p>\n<\/li>\n<\/ul>\n<p data-start=\"1445\" data-end=\"1476\"><strong data-start=\"1445\" data-end=\"1474\">ESPECIFICACIONES T\u00c9CNICAS:<\/strong><\/p>\n<ul data-start=\"1477\" data-end=\"1828\">\n<li data-start=\"1477\" data-end=\"1520\">\n<p data-start=\"1479\" data-end=\"1520\">Tipo de producto: Kit de prueba de detector<\/p>\n<\/li>\n<li data-start=\"1521\" data-end=\"1570\">\n<p data-start=\"1523\" data-end=\"1570\">Tipos de detectores: detectores de humo, detectores de calor<\/p>\n<\/li>\n<li data-start=\"1571\" data-end=\"1605\">\n<p data-start=\"1573\" data-end=\"1605\">Altura de prueba: Aproximadamente 9,3 metros<\/p>\n<\/li>\n<li data-start=\"1606\" data-end=\"1645\">\n<p data-start=\"1608\" data-end=\"1645\">M\u00e9todos de prueba: Pruebas de humo y calor<\/p>\n<\/li>\n<li data-start=\"1646\" data-end=\"1713\">\n<p data-start=\"1648\" data-end=\"1713\">Contenido: Testifire XTR2 con accesorios, Solo 100, 3 \u00d7 Solo 101, TS3, Solo 610<\/p>\n<\/li>\n<li data-start=\"1714\" data-end=\"1735\">\n<p data-start=\"1716\" data-end=\"1735\">Accesorios: Bolsos<\/p>\n<\/li>\n<li data-start=\"1736\" data-end=\"1780\">\n<p data-start=\"1738\" data-end=\"1780\">Aplicaci\u00f3n: Pruebas manuales a gran altitud<\/p>\n<\/li>\n<\/ul>","protected":false},"excerpt":{"rendered":"<p>El kit de prueba Testifire XTR2 es un kit de prueba completo para detectores de humo y calor de hasta aproximadamente 9,3 metros.<\/p>\n<p>El kit viene con bolsas y es ideal para instaladores y personal de servicio que necesitan pruebas seguras y eficientes a grandes altitudes.<\/p>","protected":false},"featured_media":162184,"template":"","meta":{"_acf_changed":false},"product_brand":[],"product_cat":[3848,2946],"product_tag":[],"class_list":{"0":"post-162185","1":"product","2":"type-product","3":"status-publish","4":"has-post-thumbnail","6":"product_cat-testifire-kit","7":"product_cat-testifire","8":"tm-no-options","10":"first","11":"instock","12":"sale","13":"taxable","14":"shipping-taxable","15":"purchasable","16":"product-type-simple"},"acf":[],"_links":{"self":[{"href":"https:\/\/secureus.se\/es\/wp-json\/wp\/v2\/product\/162185","targetHints":{"allow":["GET"]}}],"collection":[{"href":"https:\/\/secureus.se\/es\/wp-json\/wp\/v2\/product"}],"about":[{"href":"https:\/\/secureus.se\/es\/wp-json\/wp\/v2\/types\/product"}],"wp:featuredmedia":[{"embeddable":true,"href":"https:\/\/secureus.se\/es\/wp-json\/wp\/v2\/media\/162184"}],"wp:attachment":[{"href":"https:\/\/secureus.se\/es\/wp-json\/wp\/v2\/media?parent=162185"}],"wp:term":[{"taxonomy":"product_brand","embeddable":true,"href":"https:\/\/secureus.se\/es\/wp-json\/wp\/v2\/product_brand?post=162185"},{"taxonomy":"product_cat","embeddable":true,"href":"https:\/\/secureus.se\/es\/wp-json\/wp\/v2\/product_cat?post=162185"},{"taxonomy":"product_tag","embeddable":true,"href":"https:\/\/secureus.se\/es\/wp-json\/wp\/v2\/product_tag?post=162185"}],"curies":[{"name":"wp","href":"https:\/\/api.w.org\/{rel}","templated":true}]}}