{"id":162187,"date":"2025-11-21T14:39:36","date_gmt":"2025-11-21T13:39:36","guid":{"rendered":"https:\/\/secureus.se\/provkit-testifire-xtr2-provningshojd-73-m-varme-co-rok-vaskor\/"},"modified":"2026-04-23T12:44:07","modified_gmt":"2026-04-23T10:44:07","slug":"provkit-testifire-2001-provningshojd-73-m-varme-co-rok-vaskor","status":"publish","type":"product","link":"https:\/\/secureus.se\/es\/provkit-testifire-2001-provningshojd-73-m-varme-co-rok-vaskor\/","title":{"rendered":"Kit de prueba Testifire 2001 altura de prueba 7,3 m (Calor + CO + Humo) \u2013 Bolsas"},"content":{"rendered":"<h1>Kit de prueba Testifire 2001 altura de prueba 7,3 m (Calor + CO + Humo) \u2013 Bolsas<\/h1>\n<h3 data-start=\"304\" data-end=\"366\">Pruebas confiables de detectores de humo, calor y CO<\/h3>\n<p data-start=\"367\" data-end=\"597\">El kit de prueba Testifire 2001 permite comprobar detectores de humo, detectores de calor y detectores de mon\u00f3xido de carbono mediante m\u00e9todos de prueba realistas.<\/p>\n<p data-start=\"367\" data-end=\"597\">Esto garantiza que los detectores reaccionen correctamente y cumplan los requisitos de seguridad.<\/p>\n<h3 data-start=\"599\" data-end=\"632\">Pruebas hasta 7,3 metros<\/h3>\n<p data-start=\"633\" data-end=\"834\">El kit est\u00e1 dise\u00f1ado para probar alturas de hasta aproximadamente 7,3 metros.<\/p>\n<p data-start=\"633\" data-end=\"834\">Con las bolsas incluidas, el equipo puede ser transportado y utilizado de forma segura y pr\u00e1ctica, sin necesidad de escaleras ni ascensores.<\/p>\n<h3 data-start=\"836\" data-end=\"887\">Kit de pruebas completo para uso profesional<\/h3>\n<p data-start=\"888\" data-end=\"1110\">El kit de prueba contiene Testifire 2001, Solo 108, tres Solo 101, TS3 y Solo 610.<\/p>\n<p data-start=\"888\" data-end=\"1110\">Esta combinaci\u00f3n proporciona una soluci\u00f3n flexible y confiable para la instalaci\u00f3n, el servicio y el mantenimiento recurrente de detectores de incendio y CO.<\/p>\n<p data-start=\"1112\" data-end=\"1127\"><strong data-start=\"1112\" data-end=\"1125\">Ventajas:<\/strong><\/p>\n<ul data-start=\"1128\" data-end=\"1352\">\n<li data-start=\"1128\" data-end=\"1169\">\n<p data-start=\"1130\" data-end=\"1169\">Prueba detectores de humo, calor y CO<\/p>\n<\/li>\n<li data-start=\"1170\" data-end=\"1207\">\n<p data-start=\"1172\" data-end=\"1207\">Pruebas hasta 7,3 metros de altura<\/p>\n<\/li>\n<li data-start=\"1208\" data-end=\"1252\">\n<p data-start=\"1210\" data-end=\"1252\">Transporte y almacenamiento seguro con bolsas<\/p>\n<\/li>\n<li data-start=\"1253\" data-end=\"1298\">\n<p data-start=\"1255\" data-end=\"1298\">Pruebas funcionales realistas y fiables<\/p>\n<\/li>\n<li data-start=\"1299\" data-end=\"1352\">\n<p data-start=\"1301\" data-end=\"1352\">Adecuado para edificios comerciales y p\u00fablicos.<\/p>\n<\/li>\n<\/ul>\n<p data-start=\"1354\" data-end=\"1379\"><strong data-start=\"1354\" data-end=\"1377\">\u00c1reas de uso:<\/strong><\/p>\n<ul data-start=\"1380\" data-end=\"1528\">\n<li data-start=\"1380\" data-end=\"1427\">\n<p data-start=\"1382\" data-end=\"1427\">Servicio y mantenimiento de alarmas contra incendios y CO<\/p>\n<\/li>\n<li data-start=\"1428\" data-end=\"1468\">\n<p data-start=\"1430\" data-end=\"1468\">Comprobaci\u00f3n del funcionamiento durante una nueva instalaci\u00f3n<\/p>\n<\/li>\n<li data-start=\"1469\" data-end=\"1528\">\n<p data-start=\"1471\" data-end=\"1528\">Pruebas en edificios de mediana altura y entornos industriales<\/p>\n<\/li>\n<\/ul>\n<p data-start=\"1530\" data-end=\"1561\"><strong data-start=\"1530\" data-end=\"1559\">ESPECIFICACIONES T\u00c9CNICAS:<\/strong><\/p>\n<ul data-start=\"1562\" data-end=\"1939\">\n<li data-start=\"1562\" data-end=\"1605\">\n<p data-start=\"1564\" data-end=\"1605\">Tipo de producto: Kit de prueba de detector<\/p>\n<\/li>\n<li data-start=\"1606\" data-end=\"1670\">\n<p data-start=\"1608\" data-end=\"1670\">Tipos de detectores: detectores de humo, detectores de calor, detectores de CO<\/p>\n<\/li>\n<li data-start=\"1671\" data-end=\"1705\">\n<p data-start=\"1673\" data-end=\"1705\">Altura de prueba: Aproximadamente 7,3 metros<\/p>\n<\/li>\n<li data-start=\"1706\" data-end=\"1751\">\n<p data-start=\"1708\" data-end=\"1751\">M\u00e9todos de prueba: Pruebas de humo, calor y CO<\/p>\n<\/li>\n<li data-start=\"1752\" data-end=\"1819\">\n<p data-start=\"1754\" data-end=\"1819\">Contenido: Testifire 2001, Solo 108, 3 \u00d7 Solo 101, TS3, Solo 610<\/p>\n<\/li>\n<li data-start=\"1820\" data-end=\"1841\">\n<p data-start=\"1822\" data-end=\"1841\">Accesorios: Bolsos<\/p>\n<\/li>\n<li data-start=\"1842\" data-end=\"1891\">\n<p data-start=\"1844\" data-end=\"1891\">Aplicaci\u00f3n: Pruebas manuales a media altitud<\/p>\n<\/li>\n<li data-start=\"1892\" data-end=\"1939\">\n<p data-start=\"1894\" data-end=\"1939\">\n<\/li>\n<\/ul>","protected":false},"excerpt":{"rendered":"<p>El kit de pruebas Testifire 2001 es un kit de pruebas completo para detectores de humo, calor y CO hasta aproximadamente 7,3 metros.<\/p>\n<p>El kit se entrega con bolsas y es adecuado para instaladores y personal de servicio que necesitan un control de funcionamiento seguro y eficaz a media altitud.<\/p>","protected":false},"featured_media":162186,"template":"","meta":{"_acf_changed":false},"product_brand":[],"product_cat":[3848,2946],"product_tag":[],"class_list":{"0":"post-162187","1":"product","2":"type-product","3":"status-publish","4":"has-post-thumbnail","6":"product_cat-testifire-kit","7":"product_cat-testifire","8":"tm-no-options","10":"first","11":"instock","12":"taxable","13":"shipping-taxable","14":"purchasable","15":"product-type-simple"},"acf":[],"_links":{"self":[{"href":"https:\/\/secureus.se\/es\/wp-json\/wp\/v2\/product\/162187","targetHints":{"allow":["GET"]}}],"collection":[{"href":"https:\/\/secureus.se\/es\/wp-json\/wp\/v2\/product"}],"about":[{"href":"https:\/\/secureus.se\/es\/wp-json\/wp\/v2\/types\/product"}],"wp:featuredmedia":[{"embeddable":true,"href":"https:\/\/secureus.se\/es\/wp-json\/wp\/v2\/media\/162186"}],"wp:attachment":[{"href":"https:\/\/secureus.se\/es\/wp-json\/wp\/v2\/media?parent=162187"}],"wp:term":[{"taxonomy":"product_brand","embeddable":true,"href":"https:\/\/secureus.se\/es\/wp-json\/wp\/v2\/product_brand?post=162187"},{"taxonomy":"product_cat","embeddable":true,"href":"https:\/\/secureus.se\/es\/wp-json\/wp\/v2\/product_cat?post=162187"},{"taxonomy":"product_tag","embeddable":true,"href":"https:\/\/secureus.se\/es\/wp-json\/wp\/v2\/product_tag?post=162187"}],"curies":[{"name":"wp","href":"https:\/\/api.w.org\/{rel}","templated":true}]}}