{"id":162189,"date":"2025-11-21T14:39:32","date_gmt":"2025-11-21T13:39:32","guid":{"rendered":"https:\/\/secureus.se\/provkit-testifire-xtr2-provningshojd-27-m-varme-co-rok\/"},"modified":"2026-04-08T15:59:31","modified_gmt":"2026-04-08T13:59:31","slug":"provkit-testifire-2001-provningshojd-27-m-varme-co-rok","status":"publish","type":"product","link":"https:\/\/secureus.se\/es\/provkit-testifire-2001-provningshojd-27-m-varme-co-rok\/","title":{"rendered":"Kit de prueba Testifire 2001 altura de prueba 2,7 m (calor + CO + humo)"},"content":{"rendered":"<h1>Kit de prueba Testifire 2001 altura de prueba 2,7 m (calor + CO + humo)<\/h1>\n<h3 data-start=\"317\" data-end=\"381\">Pruebas f\u00e1ciles y seguras para detectores de humo, calor y mon\u00f3xido de carbono.<\/h3>\n<p data-start=\"382\" data-end=\"644\">El kit de prueba Testifire 2001 permite comprobar que los detectores de humo, los detectores de calor y los detectores de mon\u00f3xido de carbono funcionan correctamente.<\/p>\n<p data-start=\"382\" data-end=\"644\">Los m\u00e9todos de prueba realistas garantizan que los detectores reaccionen como deben en situaciones de incendio o relacionadas con gases.<\/p>\n<h3 data-start=\"646\" data-end=\"672\">Pruebas a baja altitud<\/h3>\n<p data-start=\"673\" data-end=\"889\">El kit est\u00e1 adaptado para realizar pruebas a alturas de hasta aproximadamente 2,7 metros, lo que facilita la comprobaci\u00f3n de los detectores directamente desde el nivel del suelo sin necesidad de escaleras.<\/p>\n<p data-start=\"673\" data-end=\"889\">Esto ahorra tiempo y minimiza los riesgos durante el servicio y el mantenimiento.<\/p>\n<h3 data-start=\"891\" data-end=\"942\">Kit de pruebas completo para uso profesional<\/h3>\n<p data-start=\"943\" data-end=\"1102\">El kit contiene el Testifire 2001 y el Solo 101, lo que proporciona una soluci\u00f3n fiable para la instalaci\u00f3n, el mantenimiento y las pruebas peri\u00f3dicas de los detectores de incendios y de mon\u00f3xido de carbono.<\/p>\n<p data-start=\"1104\" data-end=\"1119\"><strong data-start=\"1104\" data-end=\"1117\">Ventajas:<\/strong><\/p>\n<ul data-start=\"1120\" data-end=\"1339\">\n<li data-start=\"1120\" data-end=\"1161\">\n<p data-start=\"1122\" data-end=\"1161\">Prueba detectores de humo, calor y CO<\/p>\n<\/li>\n<li data-start=\"1162\" data-end=\"1199\">\n<p data-start=\"1164\" data-end=\"1199\">Pruebas de hasta 2,7 metros de altura.<\/p>\n<\/li>\n<li data-start=\"1200\" data-end=\"1244\">\n<p data-start=\"1202\" data-end=\"1244\">Uso f\u00e1cil y seguro desde el nivel del suelo.<\/p>\n<\/li>\n<li data-start=\"1245\" data-end=\"1277\">\n<p data-start=\"1247\" data-end=\"1277\">Pruebas funcionales realistas<\/p>\n<\/li>\n<li data-start=\"1278\" data-end=\"1339\">\n<p data-start=\"1280\" data-end=\"1339\">Adecuado tanto para entornos residenciales como para peque\u00f1os comercios.<\/p>\n<\/li>\n<\/ul>\n<p data-start=\"1341\" data-end=\"1366\"><strong data-start=\"1341\" data-end=\"1364\">\u00c1reas de uso:<\/strong><\/p>\n<ul data-start=\"1367\" data-end=\"1503\">\n<li data-start=\"1367\" data-end=\"1414\">\n<p data-start=\"1369\" data-end=\"1414\">Mantenimiento y servicio de alarmas contra incendios y de mon\u00f3xido de carbono.<\/p>\n<\/li>\n<li data-start=\"1415\" data-end=\"1455\">\n<p data-start=\"1417\" data-end=\"1455\">Comprobaci\u00f3n del funcionamiento durante una nueva instalaci\u00f3n<\/p>\n<\/li>\n<li data-start=\"1456\" data-end=\"1503\">\n<p data-start=\"1458\" data-end=\"1503\">Pruebas en hogares, oficinas y edificios m\u00e1s peque\u00f1os.<\/p>\n<\/li>\n<\/ul>\n<p data-start=\"1505\" data-end=\"1536\"><strong data-start=\"1505\" data-end=\"1534\">ESPECIFICACIONES T\u00c9CNICAS:<\/strong><\/p>\n<ul data-start=\"1537\" data-end=\"1864\">\n<li data-start=\"1537\" data-end=\"1580\">\n<p data-start=\"1539\" data-end=\"1580\">Tipo de producto: Kit de prueba de detector<\/p>\n<\/li>\n<li data-start=\"1581\" data-end=\"1645\">\n<p data-start=\"1583\" data-end=\"1645\">Tipos de detectores: detectores de humo, detectores de calor, detectores de CO<\/p>\n<\/li>\n<li data-start=\"1646\" data-end=\"1680\">\n<p data-start=\"1648\" data-end=\"1680\">Altura de prueba: Aproximadamente 2,7 metros<\/p>\n<\/li>\n<li data-start=\"1681\" data-end=\"1726\">\n<p data-start=\"1683\" data-end=\"1726\">M\u00e9todos de prueba: Pruebas de humo, calor y CO<\/p>\n<\/li>\n<li data-start=\"1727\" data-end=\"1765\">\n<p data-start=\"1729\" data-end=\"1765\">Contenido: Testifire 2001, Solo 101<\/p>\n<\/li>\n<li data-start=\"1766\" data-end=\"1812\">\n<p data-start=\"1768\" data-end=\"1812\">Uso: Prueba manual desde el nivel del suelo<\/p>\n<\/li>\n<li data-start=\"1813\" data-end=\"1864\">\n<p data-start=\"1815\" data-end=\"1864\">P\u00fablico objetivo: Instaladores y administradores de propiedades.<\/p>\n<\/li>\n<\/ul>","protected":false},"excerpt":{"rendered":"<p>El kit de prueba Testifire 2001 es un kit de prueba compacto para detectores de humo, calor y CO de hasta aproximadamente 2,7 metros.<\/p>\n<p>El kit contiene Testifire 2001 y Solo 101 y es adecuado para instaladores y administradores de propiedades que necesitan un control de funciones seguro y sencillo a baja altitud.<\/p>","protected":false},"featured_media":162188,"template":"","meta":{"_acf_changed":false},"product_brand":[],"product_cat":[3848,2946],"product_tag":[],"class_list":{"0":"post-162189","1":"product","2":"type-product","3":"status-publish","4":"has-post-thumbnail","6":"product_cat-testifire-kit","7":"product_cat-testifire","8":"tm-no-options","10":"first","11":"instock","12":"taxable","13":"shipping-taxable","14":"purchasable","15":"product-type-simple"},"acf":[],"_links":{"self":[{"href":"https:\/\/secureus.se\/es\/wp-json\/wp\/v2\/product\/162189","targetHints":{"allow":["GET"]}}],"collection":[{"href":"https:\/\/secureus.se\/es\/wp-json\/wp\/v2\/product"}],"about":[{"href":"https:\/\/secureus.se\/es\/wp-json\/wp\/v2\/types\/product"}],"wp:featuredmedia":[{"embeddable":true,"href":"https:\/\/secureus.se\/es\/wp-json\/wp\/v2\/media\/162188"}],"wp:attachment":[{"href":"https:\/\/secureus.se\/es\/wp-json\/wp\/v2\/media?parent=162189"}],"wp:term":[{"taxonomy":"product_brand","embeddable":true,"href":"https:\/\/secureus.se\/es\/wp-json\/wp\/v2\/product_brand?post=162189"},{"taxonomy":"product_cat","embeddable":true,"href":"https:\/\/secureus.se\/es\/wp-json\/wp\/v2\/product_cat?post=162189"},{"taxonomy":"product_tag","embeddable":true,"href":"https:\/\/secureus.se\/es\/wp-json\/wp\/v2\/product_tag?post=162189"}],"curies":[{"name":"wp","href":"https:\/\/api.w.org\/{rel}","templated":true}]}}