{"id":162191,"date":"2025-11-21T14:39:29","date_gmt":"2025-11-21T13:39:29","guid":{"rendered":"https:\/\/secureus.se\/provkit-testifire-xtr2-provningshojd-73-m-varme-rok-vaskor-nedtagare\/"},"modified":"2026-04-08T16:04:44","modified_gmt":"2026-04-08T14:04:44","slug":"provkit-testifire-xtr2-provningshojd-73-m-varme-rok-vaskor-nedtagare","status":"publish","type":"product","link":"https:\/\/secureus.se\/es\/provkit-testifire-xtr2-provningshojd-73-m-varme-rok-vaskor-nedtagare\/","title":{"rendered":"Kit de prueba Testifire XTR2 altura de prueba 7,3 m (calor + humo) \u2013 Bolsas y desmontajes"},"content":{"rendered":"<h1>Kit de prueba Testifire XTR2 altura de prueba 7,3 m (calor + humo) \u2013 Bolsas y desmontajes<\/h1>\n<h3 data-start=\"514\" data-end=\"566\">Pruebas seguras y eficientes de detectores de incendios<\/h3>\n<p data-start=\"567\" data-end=\"844\">El kit de prueba Testifire XTR2 est\u00e1 desarrollado para realizar pruebas funcionales seguras y confiables de detectores de humo y calor en entornos comerciales y p\u00fablicos.<\/p>\n<p data-start=\"567\" data-end=\"844\">El kit permite realizar pruebas desde el nivel del suelo, minimizando la necesidad de escaleras o elevadores y aumentando la seguridad al trabajar en altura.<\/p>\n<h3 data-start=\"846\" data-end=\"892\">Soluci\u00f3n de prueba combinada para humo y calor<\/h3>\n<p data-start=\"893\" data-end=\"1142\">El Testifire 1001 genera humo y calor controlados para verificar que el detector responda correctamente en condiciones realistas.<\/p>\n<p data-start=\"893\" data-end=\"1142\">Esto garantiza que el sistema de alarma contra incendios funcione seg\u00fan lo previsto y cumpla con los requisitos de servicio y mantenimiento aplicables.<\/p>\n<h3 data-start=\"1144\" data-end=\"1186\">Kit completo para uso profesional<\/h3>\n<p data-start=\"1187\" data-end=\"1276\">El kit de prueba contiene todo lo necesario para realizar pruebas efectivas hasta aproximadamente 7,3 metros:<\/p>\n<ul data-start=\"1277\" data-end=\"1428\">\n<li data-start=\"1277\" data-end=\"1318\">\n<p data-start=\"1279\" data-end=\"1318\">Postes telesc\u00f3picos para un alcance flexible<\/p>\n<\/li>\n<li data-start=\"1319\" data-end=\"1368\">\n<p data-start=\"1321\" data-end=\"1368\">Herramienta de desmontaje para un f\u00e1cil desmontaje de detectores.<\/p>\n<\/li>\n<li data-start=\"1369\" data-end=\"1428\">\n<p data-start=\"1371\" data-end=\"1428\">Bolsa de transporte estable para un almacenamiento y transporte seguros.<\/p>\n<\/li>\n<\/ul>\n<p data-start=\"1430\" data-end=\"1566\">La soluci\u00f3n es ideal para propietarios de inmuebles, empresas de servicios e instaladores de protecci\u00f3n contra incendios que trabajan con controles funcionales recurrentes.<\/p>\n<h3 data-start=\"1568\" data-end=\"1592\">\u00c1reas de uso<\/h3>\n<ul data-start=\"1593\" data-end=\"1708\">\n<li data-start=\"1593\" data-end=\"1632\">\n<p data-start=\"1595\" data-end=\"1632\">Oficinas y locales comerciales<\/p>\n<\/li>\n<li data-start=\"1633\" data-end=\"1677\">\n<p data-start=\"1635\" data-end=\"1677\">Escuelas, hospitales y edificios p\u00fablicos<\/p>\n<\/li>\n<li data-start=\"1678\" data-end=\"1708\">\n<p data-start=\"1680\" data-end=\"1708\">Locales industriales y de almacenamiento<\/p>\n<\/li>\n<\/ul>\n<p data-start=\"1715\" data-end=\"1746\"><strong data-start=\"1715\" data-end=\"1744\">ESPECIFICACIONES T\u00c9CNICAS:<\/strong><\/p>\n<ul data-start=\"1747\" data-end=\"1982\">\n<li data-start=\"1747\" data-end=\"1777\">\n<p data-start=\"1749\" data-end=\"1777\">Altura de prueba: aproximadamente 7,3 m<\/p>\n<\/li>\n<li data-start=\"1778\" data-end=\"1821\">\n<p data-start=\"1780\" data-end=\"1821\">Tipos de detectores: Detectores de humo y calor<\/p>\n<\/li>\n<li data-start=\"1822\" data-end=\"1856\">\n<p data-start=\"1824\" data-end=\"1856\">Equipo de prueba: Testifire 1001<\/p>\n<\/li>\n<li data-start=\"1857\" data-end=\"1893\">\n<p data-start=\"1859\" data-end=\"1893\">Ca\u00f1as: Solo 108 + 3 x Solo 101<\/p>\n<\/li>\n<li data-start=\"1894\" data-end=\"1917\">\n<p data-start=\"1896\" data-end=\"1917\">Decepci\u00f3n: Solo 200<\/p>\n<\/li>\n<li data-start=\"1918\" data-end=\"1946\">\n<p data-start=\"1920\" data-end=\"1946\">Accesorios: TS3, Solo 610<\/p>\n<\/li>\n<li data-start=\"1947\" data-end=\"1982\">\n<p data-start=\"1949\" data-end=\"1982\">Almacenamiento: Bolsa de transporte incluida.<\/p>\n<\/li>\n<\/ul>","protected":false},"excerpt":{"rendered":"<p>El kit de pruebas Testifire XTR2 es un kit de pruebas completo para probar detectores de humo y calor hasta aproximadamente 7,3 metros de altura.<\/p>\n<p>El paquete est\u00e1 dise\u00f1ado para instaladores profesionales y personal de servicio que realizan controles peri\u00f3dicos de los detectores de incendios.<\/p>\n<p>Se suministra completo con cabezal de prueba, varillas telesc\u00f3picas, dispositivo de desmontaje y bolsa de transporte.<\/p>","protected":false},"featured_media":162190,"template":"","meta":{"_acf_changed":false},"product_brand":[],"product_cat":[3848,2946],"product_tag":[],"class_list":{"0":"post-162191","1":"product","2":"type-product","3":"status-publish","4":"has-post-thumbnail","6":"product_cat-testifire-kit","7":"product_cat-testifire","8":"tm-no-options","10":"first","11":"instock","12":"sale","13":"taxable","14":"shipping-taxable","15":"purchasable","16":"product-type-simple"},"acf":[],"_links":{"self":[{"href":"https:\/\/secureus.se\/es\/wp-json\/wp\/v2\/product\/162191","targetHints":{"allow":["GET"]}}],"collection":[{"href":"https:\/\/secureus.se\/es\/wp-json\/wp\/v2\/product"}],"about":[{"href":"https:\/\/secureus.se\/es\/wp-json\/wp\/v2\/types\/product"}],"wp:featuredmedia":[{"embeddable":true,"href":"https:\/\/secureus.se\/es\/wp-json\/wp\/v2\/media\/162190"}],"wp:attachment":[{"href":"https:\/\/secureus.se\/es\/wp-json\/wp\/v2\/media?parent=162191"}],"wp:term":[{"taxonomy":"product_brand","embeddable":true,"href":"https:\/\/secureus.se\/es\/wp-json\/wp\/v2\/product_brand?post=162191"},{"taxonomy":"product_cat","embeddable":true,"href":"https:\/\/secureus.se\/es\/wp-json\/wp\/v2\/product_cat?post=162191"},{"taxonomy":"product_tag","embeddable":true,"href":"https:\/\/secureus.se\/es\/wp-json\/wp\/v2\/product_tag?post=162191"}],"curies":[{"name":"wp","href":"https:\/\/api.w.org\/{rel}","templated":true}]}}