{"id":162193,"date":"2025-11-21T14:39:28","date_gmt":"2025-11-21T13:39:28","guid":{"rendered":"https:\/\/secureus.se\/provkit-testifire-xtr2-provningshojd-73-m-varme-rok-vaskor\/"},"modified":"2026-04-23T12:44:37","modified_gmt":"2026-04-23T10:44:37","slug":"provkit-testifire-xtr2-provningshojd-73-m-varme-rok-vaskor","status":"publish","type":"product","link":"https:\/\/secureus.se\/es\/provkit-testifire-xtr2-provningshojd-73-m-varme-rok-vaskor\/","title":{"rendered":"Kit de prueba Testifire XTR2 altura de prueba 7,3 m (Calor + Humo) \u2013 Bolsas"},"content":{"rendered":"<h1>Kit de prueba Testifire XTR2 altura de prueba 7,3 m (Calor + Humo) \u2013 Bolsas<\/h1>\n<h3 data-start=\"488\" data-end=\"544\">Pruebas profesionales de detectores de humo y calor.<\/h3>\n<p data-start=\"545\" data-end=\"806\">El kit de prueba Testifire XTR2 est\u00e1 dise\u00f1ado para realizar pruebas funcionales seguras y eficientes de detectores de humo y calor en edificios donde se requiere trabajar en altura.<\/p>\n<p data-start=\"545\" data-end=\"806\">Realizar las pruebas desde el nivel del suelo reduce la necesidad de escaleras y elevadores, lo que mejora tanto la seguridad como el flujo de trabajo.<\/p>\n<h3 data-start=\"808\" data-end=\"848\">Pruebas realistas de detectores de incendios<\/h3>\n<p data-start=\"849\" data-end=\"1094\">El Testifire 1001 se utiliza para generar humo y calor controlados que activan el detector de forma realista.<\/p>\n<p data-start=\"849\" data-end=\"1094\">Esto garantiza que los detectores respondan correctamente y cumplan con los requisitos para el servicio, la inspecci\u00f3n y el mantenimiento de los sistemas de alarma contra incendios.<\/p>\n<h3 data-start=\"1096\" data-end=\"1139\">Kit de prueba flexible y f\u00e1cil de usar<\/h3>\n<p data-start=\"1140\" data-end=\"1351\">Gracias a las varillas telesc\u00f3picas, se pueden realizar pruebas hasta una altura de aproximadamente 7,3 metros.<\/p>\n<p data-start=\"1140\" data-end=\"1351\">El kit est\u00e1 adaptado para el uso profesional diario y se entrega en pr\u00e1cticas bolsas que protegen el equipo durante el transporte y el almacenamiento.<\/p>\n<p data-start=\"1353\" data-end=\"1522\">Este kit de prueba es especialmente adecuado para empresas de servicios, t\u00e9cnicos de protecci\u00f3n contra incendios y administradores de propiedades que necesitan una soluci\u00f3n fiable para las pruebas peri\u00f3dicas de detectores.<\/p>\n<h3 data-start=\"1524\" data-end=\"1556\">Usos t\u00edpicos<\/h3>\n<ul data-start=\"1557\" data-end=\"1661\">\n<li data-start=\"1557\" data-end=\"1591\">\n<p data-start=\"1559\" data-end=\"1591\">Propiedades de oficinas y locales comerciales<\/p>\n<\/li>\n<li data-start=\"1592\" data-end=\"1618\">\n<p data-start=\"1594\" data-end=\"1618\">Escuelas y entornos sanitarios<\/p>\n<\/li>\n<li data-start=\"1619\" data-end=\"1661\">\n<p data-start=\"1621\" data-end=\"1661\">Almacenes, industria y locales p\u00fablicos<\/p>\n<\/li>\n<\/ul>\n<p data-start=\"1668\" data-end=\"1699\"><strong data-start=\"1668\" data-end=\"1697\">ESPECIFICACIONES T\u00c9CNICAS:<\/strong><\/p>\n<ul data-start=\"1700\" data-end=\"1903\">\n<li data-start=\"1700\" data-end=\"1730\">\n<p data-start=\"1702\" data-end=\"1730\">Altura de prueba: aproximadamente 7,3 m<\/p>\n<\/li>\n<li data-start=\"1731\" data-end=\"1774\">\n<p data-start=\"1733\" data-end=\"1774\">Tipos de detectores: Detectores de humo y calor<\/p>\n<\/li>\n<li data-start=\"1775\" data-end=\"1809\">\n<p data-start=\"1777\" data-end=\"1809\">Equipo de prueba: Testifire 1001<\/p>\n<\/li>\n<li data-start=\"1810\" data-end=\"1846\">\n<p data-start=\"1812\" data-end=\"1846\">Ca\u00f1as: Solo 108 + 3 x Solo 101<\/p>\n<\/li>\n<li data-start=\"1847\" data-end=\"1875\">\n<p data-start=\"1849\" data-end=\"1875\">Accesorios: TS3, Solo 610<\/p>\n<\/li>\n<li data-start=\"1876\" data-end=\"1903\">\n<p data-start=\"1878\" data-end=\"1903\">Almacenamiento: Bolsas incluidas<\/p>\n<\/li>\n<\/ul>","protected":false},"excerpt":{"rendered":"<p data-start=\"131\" data-end=\"457\">El kit de pruebas Testifire XTR2 es un kit de pruebas completo para probar detectores de humo y calor hasta aproximadamente 7,3 metros de altura.<\/p>\n<p data-start=\"131\" data-end=\"457\">El kit est\u00e1 destinado a instaladores profesionales y personal de servicio que realizan comprobaciones peri\u00f3dicas de las alarmas contra incendios.<\/p>\n<p data-start=\"131\" data-end=\"457\">Se suministra con equipo de prueba, postes telesc\u00f3picos y bolsas de transporte.<\/p>","protected":false},"featured_media":162192,"template":"","meta":{"_acf_changed":false},"product_brand":[],"product_cat":[3848,2946],"product_tag":[],"class_list":{"0":"post-162193","1":"product","2":"type-product","3":"status-publish","4":"has-post-thumbnail","6":"product_cat-testifire-kit","7":"product_cat-testifire","8":"tm-no-options","10":"first","11":"instock","12":"taxable","13":"shipping-taxable","14":"purchasable","15":"product-type-simple"},"acf":[],"_links":{"self":[{"href":"https:\/\/secureus.se\/es\/wp-json\/wp\/v2\/product\/162193","targetHints":{"allow":["GET"]}}],"collection":[{"href":"https:\/\/secureus.se\/es\/wp-json\/wp\/v2\/product"}],"about":[{"href":"https:\/\/secureus.se\/es\/wp-json\/wp\/v2\/types\/product"}],"wp:featuredmedia":[{"embeddable":true,"href":"https:\/\/secureus.se\/es\/wp-json\/wp\/v2\/media\/162192"}],"wp:attachment":[{"href":"https:\/\/secureus.se\/es\/wp-json\/wp\/v2\/media?parent=162193"}],"wp:term":[{"taxonomy":"product_brand","embeddable":true,"href":"https:\/\/secureus.se\/es\/wp-json\/wp\/v2\/product_brand?post=162193"},{"taxonomy":"product_cat","embeddable":true,"href":"https:\/\/secureus.se\/es\/wp-json\/wp\/v2\/product_cat?post=162193"},{"taxonomy":"product_tag","embeddable":true,"href":"https:\/\/secureus.se\/es\/wp-json\/wp\/v2\/product_tag?post=162193"}],"curies":[{"name":"wp","href":"https:\/\/api.w.org\/{rel}","templated":true}]}}