{"id":162199,"date":"2025-11-21T14:39:25","date_gmt":"2025-11-21T13:39:25","guid":{"rendered":"https:\/\/secureus.se\/provkit-testifire-xtr2-provningshojd-4-m-varme-rok\/"},"modified":"2026-04-08T15:59:50","modified_gmt":"2026-04-08T13:59:50","slug":"provkit-testifire-xtr2-provningshojd-4-m-varme-rok","status":"publish","type":"product","link":"https:\/\/secureus.se\/es\/provkit-testifire-xtr2-provningshojd-4-m-varme-rok\/","title":{"rendered":"Kit de prueba Testifire XTR2 altura de prueba 4 m (calor + humo)"},"content":{"rendered":"<h1>Kit de prueba Testifire XTR2 altura de prueba 4 m (calor + humo)<\/h1>\n<h3 data-start=\"510\" data-end=\"571\">S\u00e4ker provning av r\u00f6k- och v\u00e4rmedetektorer upp till 4 m<\/h3>\n<p data-start=\"572\" data-end=\"833\">Provkit Testifire XTR2 \u00e4r utvecklat f\u00f6r effektiv funktionsprovning av r\u00f6k- och v\u00e4rmedetektorer i byggnader d\u00e4r takh\u00f6jden \u00f6verstiger standardniv\u00e5.<\/p>\n<p data-start=\"572\" data-end=\"833\">Genom att utf\u00f6ra provning fr\u00e5n golvniv\u00e5 minskas behovet av stegar, vilket f\u00f6rb\u00e4ttrar b\u00e5de s\u00e4kerhet och arbetsmilj\u00f6.<\/p>\n<h3 data-start=\"835\" data-end=\"874\">Realistisk test med r\u00f6k och v\u00e4rme<\/h3>\n<p data-start=\"875\" data-end=\"1119\">Testifire 1001 genererar kontrollerad r\u00f6k och v\u00e4rme f\u00f6r att aktivera detektorn p\u00e5 ett verklighetstroget s\u00e4tt.<\/p>\n<p data-start=\"875\" data-end=\"1119\">Detta s\u00e4kerst\u00e4ller att detektorer reagerar korrekt vid brand och uppfyller kraven vid service, besiktning och \u00e5terkommande kontroller.<\/p>\n<h3 data-start=\"1121\" data-end=\"1164\">Enkel och professionell arbetsl\u00f6sning<\/h3>\n<p data-start=\"1165\" data-end=\"1401\">Med Solo 108-st\u00e5ngen n\u00e5r du detektorer upp till cirka 4 meters h\u00f6jd p\u00e5 ett stabilt och kontrollerat s\u00e4tt.<\/p>\n<p data-start=\"1165\" data-end=\"1401\">Kitet \u00e4r l\u00e4tt att anv\u00e4nda och l\u00e4mpar sig v\u00e4l f\u00f6r dagligt arbete i exempelvis kontor, skolor, v\u00e5rdlokaler och offentliga byggnader.<\/p>\n<p data-start=\"1403\" data-end=\"1561\">Provningskitet \u00e4r ett utm\u00e4rkt val f\u00f6r installat\u00f6rer, servicef\u00f6retag och fastighetsf\u00f6rvaltare som beh\u00f6ver en p\u00e5litlig l\u00f6sning f\u00f6r regelbunden detektortestning.<\/p>\n<p data-start=\"1568\" data-end=\"1599\"><strong data-start=\"1568\" data-end=\"1597\">ESPECIFICACIONES T\u00c9CNICAS:<\/strong><\/p>\n<ul data-start=\"1600\" data-end=\"1766\">\n<li data-start=\"1600\" data-end=\"1628\">\n<p data-start=\"1602\" data-end=\"1628\">Altura de prueba: aproximadamente 4 m<\/p>\n<\/li>\n<li data-start=\"1629\" data-end=\"1672\">\n<p data-start=\"1631\" data-end=\"1672\">Tipos de detectores: Detectores de humo y calor<\/p>\n<\/li>\n<li data-start=\"1673\" data-end=\"1707\">\n<p data-start=\"1675\" data-end=\"1707\">Equipo de prueba: Testifire 1001<\/p>\n<\/li>\n<li data-start=\"1708\" data-end=\"1727\">\n<p data-start=\"1710\" data-end=\"1727\">St\u00e5ng: Solo 108<\/p>\n<\/li>\n<li data-start=\"1728\" data-end=\"1766\">\n<p data-start=\"1730\" data-end=\"1766\">Aplicaci\u00f3n: Pruebas desde el nivel del suelo<\/p>\n<\/li>\n<\/ul>","protected":false},"excerpt":{"rendered":"<p>El kit de prueba Testifire XTR2 es un pr\u00e1ctico kit de prueba para probar detectores de humo y calor hasta aproximadamente 4 metros de altura.<\/p>\n<p>El kit est\u00e1 dise\u00f1ado para realizar pruebas seguras desde el nivel del suelo en entornos con alturas de techo medias.<\/p>\n<p>Adecuado para servicio profesional y mantenimiento de sistemas de alarma contra incendios.<\/p>","protected":false},"featured_media":162198,"template":"","meta":{"_acf_changed":false},"product_brand":[],"product_cat":[3848,2946],"product_tag":[],"class_list":{"0":"post-162199","1":"product","2":"type-product","3":"status-publish","4":"has-post-thumbnail","6":"product_cat-testifire-kit","7":"product_cat-testifire","8":"tm-no-options","10":"first","11":"instock","12":"taxable","13":"shipping-taxable","14":"purchasable","15":"product-type-simple"},"acf":[],"_links":{"self":[{"href":"https:\/\/secureus.se\/es\/wp-json\/wp\/v2\/product\/162199","targetHints":{"allow":["GET"]}}],"collection":[{"href":"https:\/\/secureus.se\/es\/wp-json\/wp\/v2\/product"}],"about":[{"href":"https:\/\/secureus.se\/es\/wp-json\/wp\/v2\/types\/product"}],"wp:featuredmedia":[{"embeddable":true,"href":"https:\/\/secureus.se\/es\/wp-json\/wp\/v2\/media\/162198"}],"wp:attachment":[{"href":"https:\/\/secureus.se\/es\/wp-json\/wp\/v2\/media?parent=162199"}],"wp:term":[{"taxonomy":"product_brand","embeddable":true,"href":"https:\/\/secureus.se\/es\/wp-json\/wp\/v2\/product_brand?post=162199"},{"taxonomy":"product_cat","embeddable":true,"href":"https:\/\/secureus.se\/es\/wp-json\/wp\/v2\/product_cat?post=162199"},{"taxonomy":"product_tag","embeddable":true,"href":"https:\/\/secureus.se\/es\/wp-json\/wp\/v2\/product_tag?post=162199"}],"curies":[{"name":"wp","href":"https:\/\/api.w.org\/{rel}","templated":true}]}}