{"id":162207,"date":"2025-11-21T14:05:01","date_gmt":"2025-11-21T13:05:01","guid":{"rendered":"https:\/\/secureus.se\/solo-303-solo-365-kit-provningshojd-4-m-provning-rok\/"},"modified":"2026-05-05T17:40:44","modified_gmt":"2026-05-05T15:40:44","slug":"solo-303-solo-365-kit-provningshojd-4-m-provning-rok","status":"publish","type":"product","link":"https:\/\/secureus.se\/es\/solo-303-solo-365-kit-provningshojd-4-m-provning-rok\/","title":{"rendered":"Solo 303 \u2013 Kit Solo 365 de prueba a 4 m de altura \u2013 Prueba de humo"},"content":{"rendered":"<h1>Solo 303 \u2013 Kit Solo 365 de prueba a 4 m de altura \u2013 Prueba de humo<\/h1>\n<h3 data-start=\"451\" data-end=\"501\">Pruebas seguras y eficientes de detectores de humo<\/h3>\n<p data-start=\"502\" data-end=\"743\">El kit Solo 303 \u2013 Solo 365 est\u00e1 dise\u00f1ado para realizar pruebas funcionales fiables de detectores de humo en edificios con alturas de techo medias. Al realizar pruebas directamente desde el suelo, se mejora la seguridad y el flujo de trabajo durante el mantenimiento y las inspecciones peri\u00f3dicas.<\/p>\n<h3 data-start=\"745\" data-end=\"773\">Pruebas de humo realistas<\/h3>\n<p data-start=\"774\" data-end=\"988\">El comprobador de detectores de humo Solo 365 genera un aerosol de prueba controlado que activa el detector sin dejar residuos. Esto garantiza que el detector responda correctamente y cumpla con los requisitos de inspecci\u00f3n y mantenimiento.<\/p>\n<h3 data-start=\"990\" data-end=\"1028\">Alcance estable de hasta 4 metros<\/h3>\n<p data-start=\"1029\" data-end=\"1200\">Con la p\u00e9rtiga telesc\u00f3pica Solo 108, podr\u00e1 alcanzar f\u00e1cilmente detectores de hasta una altura aproximada de 4 metros. La combinaci\u00f3n de cabezal de prueba y p\u00e9rtiga proporciona un buen control y un posicionamiento preciso durante las pruebas.<\/p>\n<h3 data-start=\"1202\" data-end=\"1242\">Adecuado para entornos profesionales.<\/h3>\n<p data-start=\"1243\" data-end=\"1380\">El kit de prueba se utiliza de forma ventajosa en oficinas, escuelas, centros de salud y edificios p\u00fablicos donde se requiere una comprobaci\u00f3n peri\u00f3dica de los detectores de humo.<\/p>\n<p data-start=\"1387\" data-end=\"1418\"><strong data-start=\"1387\" data-end=\"1416\">ESPECIFICACIONES T\u00c9CNICAS:<\/strong><\/p>\n<ul data-start=\"1419\" data-end=\"1599\">\n<li data-start=\"1419\" data-end=\"1447\">\n<p data-start=\"1421\" data-end=\"1447\">Altura de prueba: aproximadamente 4 m<\/p>\n<\/li>\n<li data-start=\"1448\" data-end=\"1478\">\n<p data-start=\"1450\" data-end=\"1478\">Tipo de detector: Detectores de humo<\/p>\n<\/li>\n<li data-start=\"1479\" data-end=\"1526\">\n<p data-start=\"1481\" data-end=\"1526\">Equipo de prueba: Probador de detectores de humo Solo 365<\/p>\n<\/li>\n<li data-start=\"1527\" data-end=\"1560\">\n<p data-start=\"1529\" data-end=\"1560\">Poste: Poste telesc\u00f3pico Solo 108<\/p>\n<\/li>\n<li data-start=\"1561\" data-end=\"1599\">\n<p data-start=\"1563\" data-end=\"1599\">Aplicaci\u00f3n: Pruebas desde el nivel del suelo<\/p>\n<\/li>\n<\/ul>","protected":false},"excerpt":{"rendered":"<p>El kit Solo 303 \u2013 Solo 365 es un kit de prueba completo para probar detectores de humo hasta aproximadamente 4 metros de altura.<\/p>\n<p>El kit permite realizar pruebas seguras desde el nivel del suelo sin necesidad de una escalera.<\/p>\n<p>Adecuado para el mantenimiento profesional de sistemas de alarma contra incendios.<\/p>","protected":false},"featured_media":162206,"template":"","meta":{"_acf_changed":false},"product_brand":[],"product_cat":[5072,5073],"product_tag":[],"class_list":{"0":"post-162207","1":"product","2":"type-product","3":"status-publish","4":"has-post-thumbnail","6":"product_cat-solo-365","7":"product_cat-solo-365-kit","8":"tm-no-options","10":"first","11":"instock","12":"sale","13":"taxable","14":"shipping-taxable","15":"purchasable","16":"product-type-simple"},"acf":[],"_links":{"self":[{"href":"https:\/\/secureus.se\/es\/wp-json\/wp\/v2\/product\/162207","targetHints":{"allow":["GET"]}}],"collection":[{"href":"https:\/\/secureus.se\/es\/wp-json\/wp\/v2\/product"}],"about":[{"href":"https:\/\/secureus.se\/es\/wp-json\/wp\/v2\/types\/product"}],"wp:featuredmedia":[{"embeddable":true,"href":"https:\/\/secureus.se\/es\/wp-json\/wp\/v2\/media\/162206"}],"wp:attachment":[{"href":"https:\/\/secureus.se\/es\/wp-json\/wp\/v2\/media?parent=162207"}],"wp:term":[{"taxonomy":"product_brand","embeddable":true,"href":"https:\/\/secureus.se\/es\/wp-json\/wp\/v2\/product_brand?post=162207"},{"taxonomy":"product_cat","embeddable":true,"href":"https:\/\/secureus.se\/es\/wp-json\/wp\/v2\/product_cat?post=162207"},{"taxonomy":"product_tag","embeddable":true,"href":"https:\/\/secureus.se\/es\/wp-json\/wp\/v2\/product_tag?post=162207"}],"curies":[{"name":"wp","href":"https:\/\/api.w.org\/{rel}","templated":true}]}}