{"id":162211,"date":"2025-11-21T14:04:57","date_gmt":"2025-11-21T13:04:57","guid":{"rendered":"https:\/\/secureus.se\/solo-312-provningshojd-73-m-rok-varme-extra-es3-nedtagare-vaskor\/"},"modified":"2026-03-26T12:23:57","modified_gmt":"2026-03-26T11:23:57","slug":"solo-312-provningshojd-73-m-rok-varme-extra-es3-nedtagare-vaskor","status":"publish","type":"product","link":"https:\/\/secureus.se\/es\/solo-312-provningshojd-73-m-rok-varme-extra-es3-nedtagare-vaskor\/","title":{"rendered":"Altura de prueba Solo 312: 7,3 m \u2013 Humo + Calor \u2013 ES3 adicional, bajantes y bolsas"},"content":{"rendered":"<h1>Altura de prueba Solo 312 7,3 m \u2013 Humo + Calor \u2013 ES3 adicional, Downpipes y Bolsas<\/h1>\n<h3 data-start=\"486\" data-end=\"548\">Kit de prueba completo para detectores de humo y calor.<\/h3>\n<p data-start=\"549\" data-end=\"797\">El Solo 312 est\u00e1 dise\u00f1ado para realizar pruebas funcionales seguras y eficientes de detectores de humo y calor en edificios con techos altos.<\/p>\n<p data-start=\"549\" data-end=\"797\">Al realizar las pruebas desde el nivel del suelo, se reduce la necesidad de escaleras y elevadores, lo que mejora el entorno de trabajo y la seguridad.<\/p>\n<h3 data-start=\"799\" data-end=\"842\">Pruebas realistas con humo y calor.<\/h3>\n<p data-start=\"843\" data-end=\"1096\">El comprobador de detectores de humo Solo 365 con cartucho de humo ES3 genera un aerosol de prueba controlado que activa los detectores de humo de forma realista.<\/p>\n<p data-start=\"843\" data-end=\"1096\">Los detectores de calor se prueban con el comprobador de detectores de calor Solo 461, lo que hace que el kit sea adecuado para necesidades de prueba combinadas.<\/p>\n<h3 data-start=\"1098\" data-end=\"1148\">Alcance y flexibilidad de hasta 7,3 metros.<\/h3>\n<p data-start=\"1149\" data-end=\"1386\">El m\u00e1stil telesc\u00f3pico Solo 108, junto con tres extensiones de m\u00e1stil de prueba Solo 101, proporciona una altura m\u00e1xima de prueba de aproximadamente 7,3 metros.<\/p>\n<p data-start=\"1149\" data-end=\"1386\">La herramienta extractora de detectores Solo 200 permite desmontar f\u00e1cilmente los detectores cuando sea necesario, facilitando el mantenimiento y el reemplazo de las bater\u00edas.<\/p>\n<h3 data-start=\"1388\" data-end=\"1432\">Transporte y uso profesional<\/h3>\n<p data-start=\"1433\" data-end=\"1719\">Se incluyen estuches de transporte Solo 610 para un transporte y almacenamiento seguros. El cartucho de humo ES3 adicional proporciona mayor autonom\u00eda y minimiza las interrupciones durante las misiones de prueba exhaustivas.<\/p>\n<p data-start=\"1433\" data-end=\"1719\">El kit es ideal para instaladores, personal de servicio y administradores de propiedades en oficinas, escuelas, almacenes y edificios p\u00fablicos.<\/p>\n<p data-start=\"1726\" data-end=\"1757\"><strong data-start=\"1726\" data-end=\"1755\">ESPECIFICACIONES T\u00c9CNICAS:<\/strong><\/p>\n<ul data-start=\"1758\" data-end=\"2012\">\n<li data-start=\"1758\" data-end=\"1788\">\n<p data-start=\"1760\" data-end=\"1788\">Altura de prueba: aproximadamente 7,3 m<\/p>\n<\/li>\n<li data-start=\"1789\" data-end=\"1832\">\n<p data-start=\"1791\" data-end=\"1832\">Tipos de detectores: Detectores de humo y calor<\/p>\n<\/li>\n<li data-start=\"1833\" data-end=\"1857\">\n<p data-start=\"1835\" data-end=\"1857\">Probador de humo: Solo 365<\/p>\n<\/li>\n<li data-start=\"1858\" data-end=\"1884\">\n<p data-start=\"1860\" data-end=\"1884\">Probador de calor: Solo 461<\/p>\n<\/li>\n<li data-start=\"1885\" data-end=\"1921\">\n<p data-start=\"1887\" data-end=\"1921\">Ca\u00f1as: Solo 108 + 3 \u00d7 Solo 101<\/p>\n<\/li>\n<li data-start=\"1922\" data-end=\"1945\">\n<p data-start=\"1924\" data-end=\"1945\">Decepci\u00f3n: Solo 200<\/p>\n<\/li>\n<li data-start=\"1946\" data-end=\"1978\">\n<p data-start=\"1948\" data-end=\"1978\">Cartucho de humo: ES3 (extra incluido)<\/p>\n<\/li>\n<li data-start=\"1979\" data-end=\"2012\">\n<p data-start=\"1981\" data-end=\"2012\">Almacenamiento: Estuches de transporte Solo 610<\/p>\n<\/li>\n<\/ul>","protected":false},"excerpt":{"rendered":"<p>Solo 312 es un kit de prueba completo para detectores de humo y calor de hasta aproximadamente 7,3 metros de altura.<\/p>\n<p>El kit est\u00e1 dise\u00f1ado para pruebas y servicio profesionales, e incluye postes telesc\u00f3picos, dispositivos de desmontaje, estuches de transporte y cartucho de humo ES3 adicional.<\/p>\n<p>Perfecto para trabajar en espacios m\u00e1s grandes.<\/p>","protected":false},"featured_media":162210,"template":"","meta":{"_acf_changed":false},"product_brand":[],"product_cat":[5072,5073],"product_tag":[],"class_list":{"0":"post-162211","1":"product","2":"type-product","3":"status-publish","4":"has-post-thumbnail","6":"product_cat-solo-365","7":"product_cat-solo-365-kit","8":"tm-no-options","10":"first","11":"onbackorder","12":"taxable","13":"shipping-taxable","14":"purchasable","15":"product-type-simple"},"acf":[],"_links":{"self":[{"href":"https:\/\/secureus.se\/es\/wp-json\/wp\/v2\/product\/162211","targetHints":{"allow":["GET"]}}],"collection":[{"href":"https:\/\/secureus.se\/es\/wp-json\/wp\/v2\/product"}],"about":[{"href":"https:\/\/secureus.se\/es\/wp-json\/wp\/v2\/types\/product"}],"wp:featuredmedia":[{"embeddable":true,"href":"https:\/\/secureus.se\/es\/wp-json\/wp\/v2\/media\/162210"}],"wp:attachment":[{"href":"https:\/\/secureus.se\/es\/wp-json\/wp\/v2\/media?parent=162211"}],"wp:term":[{"taxonomy":"product_brand","embeddable":true,"href":"https:\/\/secureus.se\/es\/wp-json\/wp\/v2\/product_brand?post=162211"},{"taxonomy":"product_cat","embeddable":true,"href":"https:\/\/secureus.se\/es\/wp-json\/wp\/v2\/product_cat?post=162211"},{"taxonomy":"product_tag","embeddable":true,"href":"https:\/\/secureus.se\/es\/wp-json\/wp\/v2\/product_tag?post=162211"}],"curies":[{"name":"wp","href":"https:\/\/api.w.org\/{rel}","templated":true}]}}