{"id":162215,"date":"2025-11-21T14:04:53","date_gmt":"2025-11-21T13:04:53","guid":{"rendered":"https:\/\/secureus.se\/solo-301-solo-365-kit-provningshojd-27-m-provning-rok\/"},"modified":"2026-04-23T12:56:54","modified_gmt":"2026-04-23T10:56:54","slug":"solo-301-solo-365-kit-provningshojd-27-m-provning-rok","status":"publish","type":"product","link":"https:\/\/secureus.se\/es\/solo-301-solo-365-kit-provningshojd-27-m-provning-rok\/","title":{"rendered":"Kit de prueba Solo 301 \u2013 Solo 365, altura de prueba 2,7 m \u2013 Prueba de humo"},"content":{"rendered":"<h1>Kit de prueba Solo 301 \u2013 Solo 365, altura de prueba 2,7 m \u2013 Prueba de humo<\/h1>\n<h3 data-start=\"430\" data-end=\"477\">Prueba segura y sencilla de detectores de humo<\/h3>\n<p data-start=\"478\" data-end=\"711\">El kit Solo 301 \u2013 Solo 365 est\u00e1 desarrollado para realizar pruebas funcionales confiables de detectores de humo en espacios con altura de techo normal.<\/p>\n<p data-start=\"478\" data-end=\"711\">Como las pruebas se pueden realizar desde el nivel del suelo, se reduce la necesidad de escaleras, lo que simplifica el trabajo y aumenta la seguridad.<\/p>\n<h3 data-start=\"713\" data-end=\"739\">Pruebas de humo eficaces<\/h3>\n<p data-start=\"740\" data-end=\"948\">El probador de detector de humo Solo 365 genera un aerosol de prueba controlado que activa el detector de manera realista.<\/p>\n<p data-start=\"740\" data-end=\"948\">Esto garantiza que los detectores de humo respondan correctamente durante el servicio y mantenimiento regulares.<\/p>\n<h3 data-start=\"950\" data-end=\"992\">Alcance flexible hasta 2,7 metros<\/h3>\n<p data-start=\"993\" data-end=\"1195\">Con el extensor Solo 101 podr\u00e1s alcanzar f\u00e1cilmente detectores de hasta aproximadamente 2,7 metros de altura.<\/p>\n<p data-start=\"993\" data-end=\"1195\">El kit es compacto y liviano, lo que hace que sea f\u00e1cil de manejar en oficinas, habitaciones de hotel, escuelas y otros espacios m\u00e1s peque\u00f1os.<\/p>\n<p data-start=\"1202\" data-end=\"1233\"><strong data-start=\"1202\" data-end=\"1231\">ESPECIFICACIONES T\u00c9CNICAS:<\/strong><\/p>\n<ul data-start=\"1234\" data-end=\"1384\">\n<li data-start=\"1234\" data-end=\"1264\">\n<p data-start=\"1236\" data-end=\"1264\">Altura de prueba: aproximadamente 2,7 m<\/p>\n<\/li>\n<li data-start=\"1265\" data-end=\"1295\">\n<p data-start=\"1267\" data-end=\"1295\">Tipo de detector: Detectores de humo<\/p>\n<\/li>\n<li data-start=\"1296\" data-end=\"1320\">\n<p data-start=\"1298\" data-end=\"1320\">Probador de humo: Solo 365<\/p>\n<\/li>\n<li data-start=\"1321\" data-end=\"1345\">\n<p data-start=\"1323\" data-end=\"1345\">Extensor: Solo 101<\/p>\n<\/li>\n<li data-start=\"1346\" data-end=\"1384\">\n<p data-start=\"1348\" data-end=\"1384\">Aplicaci\u00f3n: Pruebas desde el nivel del suelo<\/p>\n<\/li>\n<\/ul>","protected":false},"excerpt":{"rendered":"<p>El kit Solo 301 \u2013 Solo 365 es un kit de prueba compacto para detectores de humo de hasta aproximadamente 2,7 metros de altura.<\/p>\n<p>El kit es f\u00e1cil de usar desde el nivel del suelo y viene con el comprobador de detector de humo Solo 365 y la extensi\u00f3n de varilla de prueba.<\/p>\n<p>Perfecto para espacios peque\u00f1os y medianos.<\/p>","protected":false},"featured_media":162214,"template":"","meta":{"_acf_changed":false},"product_brand":[],"product_cat":[5072,5073],"product_tag":[],"class_list":{"0":"post-162215","1":"product","2":"type-product","3":"status-publish","4":"has-post-thumbnail","6":"product_cat-solo-365","7":"product_cat-solo-365-kit","8":"tm-no-options","10":"first","11":"instock","12":"taxable","13":"shipping-taxable","14":"purchasable","15":"product-type-simple"},"acf":[],"_links":{"self":[{"href":"https:\/\/secureus.se\/es\/wp-json\/wp\/v2\/product\/162215","targetHints":{"allow":["GET"]}}],"collection":[{"href":"https:\/\/secureus.se\/es\/wp-json\/wp\/v2\/product"}],"about":[{"href":"https:\/\/secureus.se\/es\/wp-json\/wp\/v2\/types\/product"}],"wp:featuredmedia":[{"embeddable":true,"href":"https:\/\/secureus.se\/es\/wp-json\/wp\/v2\/media\/162214"}],"wp:attachment":[{"href":"https:\/\/secureus.se\/es\/wp-json\/wp\/v2\/media?parent=162215"}],"wp:term":[{"taxonomy":"product_brand","embeddable":true,"href":"https:\/\/secureus.se\/es\/wp-json\/wp\/v2\/product_brand?post=162215"},{"taxonomy":"product_cat","embeddable":true,"href":"https:\/\/secureus.se\/es\/wp-json\/wp\/v2\/product_cat?post=162215"},{"taxonomy":"product_tag","embeddable":true,"href":"https:\/\/secureus.se\/es\/wp-json\/wp\/v2\/product_tag?post=162215"}],"curies":[{"name":"wp","href":"https:\/\/api.w.org\/{rel}","templated":true}]}}