{"id":162222,"date":"2025-11-21T12:45:42","date_gmt":"2025-11-21T11:45:42","guid":{"rendered":"https:\/\/secureus.se\/testifire-cha-laddningsvagga-till-xtr2\/"},"modified":"2026-04-08T16:05:39","modified_gmt":"2026-04-08T14:05:39","slug":"testifire-cha-laddningsvagga-till-xtr2","status":"publish","type":"product","link":"https:\/\/secureus.se\/es\/testifire-cha-laddningsvagga-till-xtr2\/","title":{"rendered":"Base de carga Testifire-CHA para XTR2"},"content":{"rendered":"<h1>Base de carga Testifire-CHA para XTR2<\/h1>\n<h3 data-start=\"342\" data-end=\"381\">Base de carga para Testifire XTR2<\/h3>\n<p data-start=\"382\" data-end=\"594\">La base de carga Testifire-CHA garantiza que el generador de humo del Testifire XTR2 est\u00e9 siempre cargado y listo para la prueba.<\/p>\n<p data-start=\"382\" data-end=\"594\">El dise\u00f1o de la base le permite colocar f\u00e1cilmente el probador en modo de carga sin conexiones complicadas.<\/p>\n<h3 data-start=\"596\" data-end=\"630\">Instalaci\u00f3n f\u00e1cil y r\u00e1pida<\/h3>\n<p data-start=\"631\" data-end=\"817\">La instalaci\u00f3n es tan sencilla como cambiar el cartucho de humo o la bater\u00eda.<\/p>\n<p data-start=\"631\" data-end=\"817\">Testifire-CHA se conecta directamente al Testifire XTR2 y proporciona una carga segura y eficiente de la bater\u00eda en el generador de humo.<\/p>\n<h3 data-start=\"819\" data-end=\"856\">Perfecto para uso profesional.<\/h3>\n<p data-start=\"857\" data-end=\"1056\">La base de carga es ideal para instaladores y personal de servicio que realizan pruebas de humo peri\u00f3dicamente.<\/p>\n<p data-start=\"857\" data-end=\"1056\">Es especialmente \u00fatil para el servicio diario en oficinas, almacenes, escuelas o edificios p\u00fablicos.<\/p>\n<p data-start=\"1063\" data-end=\"1094\"><strong data-start=\"1063\" data-end=\"1092\">ESPECIFICACIONES T\u00c9CNICAS:<\/strong><\/p>\n<ul data-start=\"1095\" data-end=\"1268\">\n<li data-start=\"1095\" data-end=\"1120\">\n<p data-start=\"1097\" data-end=\"1120\">Modelo: Testifire-CHA<\/p>\n<\/li>\n<li data-start=\"1121\" data-end=\"1162\">\n<p data-start=\"1123\" data-end=\"1162\">Uso: Probador de humo Testifire XTR2<\/p>\n<\/li>\n<li data-start=\"1163\" data-end=\"1208\">\n<p data-start=\"1165\" data-end=\"1208\">Funci\u00f3n: Cargar la bater\u00eda del generador de humo<\/p>\n<\/li>\n<li data-start=\"1163\" data-end=\"1208\">F\u00e1cil instalaci\u00f3n: reemplazable como cartucho de humo o bater\u00eda.<\/li>\n<\/ul>","protected":false},"excerpt":{"rendered":"<p>Testifire-CHA es una base de carga para el Testifire XTR2 que facilita la carga del generador de humo.<\/p>\n<p>El kit reemplaza el funcionamiento por bater\u00eda y hace que las pruebas sean fluidas y confiables.<\/p>","protected":false},"featured_media":162220,"template":"","meta":{"_acf_changed":false},"product_brand":[],"product_cat":[2946,4757],"product_tag":[],"class_list":{"0":"post-162222","1":"product","2":"type-product","3":"status-publish","4":"has-post-thumbnail","6":"product_cat-testifire","7":"product_cat-xtr2","8":"tm-no-options","10":"first","11":"instock","12":"taxable","13":"shipping-taxable","14":"purchasable","15":"product-type-simple"},"acf":[],"_links":{"self":[{"href":"https:\/\/secureus.se\/es\/wp-json\/wp\/v2\/product\/162222","targetHints":{"allow":["GET"]}}],"collection":[{"href":"https:\/\/secureus.se\/es\/wp-json\/wp\/v2\/product"}],"about":[{"href":"https:\/\/secureus.se\/es\/wp-json\/wp\/v2\/types\/product"}],"wp:featuredmedia":[{"embeddable":true,"href":"https:\/\/secureus.se\/es\/wp-json\/wp\/v2\/media\/162220"}],"wp:attachment":[{"href":"https:\/\/secureus.se\/es\/wp-json\/wp\/v2\/media?parent=162222"}],"wp:term":[{"taxonomy":"product_brand","embeddable":true,"href":"https:\/\/secureus.se\/es\/wp-json\/wp\/v2\/product_brand?post=162222"},{"taxonomy":"product_cat","embeddable":true,"href":"https:\/\/secureus.se\/es\/wp-json\/wp\/v2\/product_cat?post=162222"},{"taxonomy":"product_tag","embeddable":true,"href":"https:\/\/secureus.se\/es\/wp-json\/wp\/v2\/product_tag?post=162222"}],"curies":[{"name":"wp","href":"https:\/\/api.w.org\/{rel}","templated":true}]}}