{"id":162223,"date":"2025-11-21T12:45:45","date_gmt":"2025-11-21T11:45:45","guid":{"rendered":"https:\/\/secureus.se\/testifire-wpsu-natadapter-230-v-till-testifire-xtr2\/"},"modified":"2026-04-08T16:00:07","modified_gmt":"2026-04-08T14:00:07","slug":"testifire-wpsu-natadapter-230-v-till-testifire-xtr2","status":"publish","type":"product","link":"https:\/\/secureus.se\/es\/testifire-wpsu-natadapter-230-v-till-testifire-xtr2\/","title":{"rendered":"Adaptador de corriente Testifire-WPSU de 230 V para Testifire XTR2"},"content":{"rendered":"<h1>Adaptador de corriente Testifire-WPSU de 230 V para Testifire XTR2<\/h1>\n<h3 data-start=\"360\" data-end=\"404\">Enkel n\u00e4tanslutning f\u00f6r Testifire XTR2<\/h3>\n<p data-start=\"405\" data-end=\"645\">Testifire-WPSU n\u00e4tadapter ger konstant str\u00f6mf\u00f6rs\u00f6rjning till Testifire XTR2, vilket eliminerar behovet av batteri under provning.<\/p>\n<p data-start=\"405\" data-end=\"645\">Adaptern g\u00f6r det m\u00f6jligt att arbeta l\u00e4ngre pass utan avbrott och s\u00e4kerst\u00e4ller stabil drift av r\u00f6kgeneratorn.<\/p>\n<h3 data-start=\"647\" data-end=\"678\">L\u00e4tt att byta och anv\u00e4nda<\/h3>\n<p data-start=\"679\" data-end=\"872\">Installation av n\u00e4tadaptern \u00e4r lika enkel som att byta r\u00f6kpatron eller batteri i Testifire XTR2.<\/p>\n<p data-start=\"679\" data-end=\"872\">Adaptern ansluts direkt till en standard 230 V-kontakt och g\u00f6r provningen smidig och p\u00e5litlig.<\/p>\n<h3 data-start=\"874\" data-end=\"903\">Para uso profesional<\/h3>\n<p data-start=\"904\" data-end=\"1091\">Denna n\u00e4tadapter \u00e4r idealisk f\u00f6r installat\u00f6rer och servicepersonal som vill ha en enkel l\u00f6sning f\u00f6r l\u00e5ngvarig provning av r\u00f6kdetektorer i kontor, skolor, lager och offentliga byggnader.<\/p>\n<p data-start=\"1098\" data-end=\"1129\"><strong data-start=\"1098\" data-end=\"1127\">ESPECIFICACIONES T\u00c9CNICAS:<\/strong><\/p>\n<ul data-start=\"1130\" data-end=\"1336\">\n<li data-start=\"1130\" data-end=\"1156\">\n<p data-start=\"1132\" data-end=\"1156\">Modell: Testifire-WPSU<\/p>\n<\/li>\n<li data-start=\"1157\" data-end=\"1176\">\n<p data-start=\"1159\" data-end=\"1176\">Sp\u00e4nning: 230 V<\/p>\n<\/li>\n<li data-start=\"1177\" data-end=\"1218\">\n<p data-start=\"1179\" data-end=\"1218\">Uso: Probador de humo Testifire XTR2<\/p>\n<\/li>\n<li data-start=\"1219\" data-end=\"1276\">\n<p data-start=\"1221\" data-end=\"1276\">Funktion: Konstant str\u00f6mf\u00f6rs\u00f6rjning, ers\u00e4tter batteri<\/p>\n<\/li>\n<li data-start=\"1277\" data-end=\"1336\">\n<p data-start=\"1279\" data-end=\"1336\">F\u00e1cil instalaci\u00f3n: reemplazable como bater\u00eda o cartucho de humo.<\/p>\n<\/li>\n<\/ul>","protected":false},"excerpt":{"rendered":"<p>Testifire-WPSU es un adaptador de corriente de 230 V para el Testifire XTR2, que reemplaza el funcionamiento con bater\u00eda y hace que el generador de humo sea f\u00e1cil de usar.<\/p>\n<p>Adecuado tanto para el servicio como para las pruebas diarias de detectores de humo.<\/p>","protected":false},"featured_media":162221,"template":"","meta":{"_acf_changed":false},"product_brand":[],"product_cat":[4757,2946],"product_tag":[],"class_list":{"0":"post-162223","1":"product","2":"type-product","3":"status-publish","4":"has-post-thumbnail","6":"product_cat-xtr2","7":"product_cat-testifire","8":"tm-no-options","10":"first","11":"instock","12":"taxable","13":"shipping-taxable","14":"purchasable","15":"product-type-simple"},"acf":[],"_links":{"self":[{"href":"https:\/\/secureus.se\/es\/wp-json\/wp\/v2\/product\/162223","targetHints":{"allow":["GET"]}}],"collection":[{"href":"https:\/\/secureus.se\/es\/wp-json\/wp\/v2\/product"}],"about":[{"href":"https:\/\/secureus.se\/es\/wp-json\/wp\/v2\/types\/product"}],"wp:featuredmedia":[{"embeddable":true,"href":"https:\/\/secureus.se\/es\/wp-json\/wp\/v2\/media\/162221"}],"wp:attachment":[{"href":"https:\/\/secureus.se\/es\/wp-json\/wp\/v2\/media?parent=162223"}],"wp:term":[{"taxonomy":"product_brand","embeddable":true,"href":"https:\/\/secureus.se\/es\/wp-json\/wp\/v2\/product_brand?post=162223"},{"taxonomy":"product_cat","embeddable":true,"href":"https:\/\/secureus.se\/es\/wp-json\/wp\/v2\/product_cat?post=162223"},{"taxonomy":"product_tag","embeddable":true,"href":"https:\/\/secureus.se\/es\/wp-json\/wp\/v2\/product_tag?post=162223"}],"curies":[{"name":"wp","href":"https:\/\/api.w.org\/{rel}","templated":true}]}}