{"id":162225,"date":"2025-11-21T12:45:44","date_gmt":"2025-11-21T11:45:44","guid":{"rendered":"https:\/\/secureus.se\/testifire-chak-laddningskit-till-xtr2\/"},"modified":"2026-04-08T16:05:35","modified_gmt":"2026-04-08T14:05:35","slug":"testifire-chak-laddningskit-till-xtr2","status":"publish","type":"product","link":"https:\/\/secureus.se\/es\/testifire-chak-laddningskit-till-xtr2\/","title":{"rendered":"Kit de carga Testifire-CHAK para XTR2"},"content":{"rendered":"<h1>Kit de carga Testifire-CHAK para XTR2<\/h1>\n<h3 data-start=\"374\" data-end=\"411\">Kit de carga para Testifire XTR2<\/h3>\n<p data-start=\"412\" data-end=\"628\">El kit de carga Testifire-CHAK proporciona un suministro de energ\u00eda confiable al Testifire XTR2 y permite turnos de trabajo m\u00e1s largos sin interrupciones.<\/p>\n<p data-start=\"412\" data-end=\"628\">El kit garantiza que el generador de humo est\u00e9 siempre completamente cargado y listo para la prueba.<\/p>\n<h3 data-start=\"630\" data-end=\"654\">F\u00e1cil instalaci\u00f3n<\/h3>\n<p data-start=\"655\" data-end=\"837\">La instalaci\u00f3n es tan sencilla como cambiar el cartucho de humo o la bater\u00eda.<\/p>\n<p data-start=\"655\" data-end=\"837\">El kit de carga se conecta directamente al Testifire XTR2 y proporciona una carga r\u00e1pida y segura de la bater\u00eda en el probador.<\/p>\n<h3 data-start=\"839\" data-end=\"868\">Para uso profesional<\/h3>\n<p data-start=\"869\" data-end=\"1060\">Este kit de carga es ideal para personal de servicio, instaladores y administradores de propiedades que prueban peri\u00f3dicamente los detectores de humo.<\/p>\n<p data-start=\"869\" data-end=\"1060\">Perfecto para oficinas, escuelas, almacenes y edificios p\u00fablicos.<\/p>\n<p data-start=\"1067\" data-end=\"1098\"><strong data-start=\"1067\" data-end=\"1096\">ESPECIFICACIONES T\u00c9CNICAS:<\/strong><\/p>\n<ul data-start=\"1099\" data-end=\"1273\">\n<li data-start=\"1099\" data-end=\"1125\">\n<p data-start=\"1101\" data-end=\"1125\">Modelo: Testifire-CHAK<\/p>\n<\/li>\n<li data-start=\"1126\" data-end=\"1167\">\n<p data-start=\"1128\" data-end=\"1167\">Uso: Probador de humo Testifire XTR2<\/p>\n<\/li>\n<li data-start=\"1168\" data-end=\"1213\">\n<p data-start=\"1170\" data-end=\"1213\">Funci\u00f3n: Cargar la bater\u00eda del generador de humo<\/p>\n<\/li>\n<li data-start=\"1214\" data-end=\"1273\">\n<p data-start=\"1216\" data-end=\"1273\">F\u00e1cil instalaci\u00f3n: reemplazable como cartucho de humo o bater\u00eda.<\/p>\n<\/li>\n<\/ul>","protected":false},"excerpt":{"rendered":"<p data-start=\"118\" data-end=\"343\">Testifire-CHAK es un kit de carga para el Testifire XTR2 que garantiza que el generador de humo est\u00e9 siempre listo para la prueba.<\/p>\n<p data-start=\"118\" data-end=\"343\">El kit es f\u00e1cil de usar y reemplaza el funcionamiento con bater\u00eda para per\u00edodos de trabajo m\u00e1s prolongados.<\/p>","protected":false},"featured_media":162224,"template":"","meta":{"_acf_changed":false},"product_brand":[],"product_cat":[4757,2946],"product_tag":[],"class_list":{"0":"post-162225","1":"product","2":"type-product","3":"status-publish","4":"has-post-thumbnail","6":"product_cat-xtr2","7":"product_cat-testifire","8":"tm-no-options","10":"first","11":"instock","12":"taxable","13":"shipping-taxable","14":"purchasable","15":"product-type-simple"},"acf":[],"_links":{"self":[{"href":"https:\/\/secureus.se\/es\/wp-json\/wp\/v2\/product\/162225","targetHints":{"allow":["GET"]}}],"collection":[{"href":"https:\/\/secureus.se\/es\/wp-json\/wp\/v2\/product"}],"about":[{"href":"https:\/\/secureus.se\/es\/wp-json\/wp\/v2\/types\/product"}],"wp:featuredmedia":[{"embeddable":true,"href":"https:\/\/secureus.se\/es\/wp-json\/wp\/v2\/media\/162224"}],"wp:attachment":[{"href":"https:\/\/secureus.se\/es\/wp-json\/wp\/v2\/media?parent=162225"}],"wp:term":[{"taxonomy":"product_brand","embeddable":true,"href":"https:\/\/secureus.se\/es\/wp-json\/wp\/v2\/product_brand?post=162225"},{"taxonomy":"product_cat","embeddable":true,"href":"https:\/\/secureus.se\/es\/wp-json\/wp\/v2\/product_cat?post=162225"},{"taxonomy":"product_tag","embeddable":true,"href":"https:\/\/secureus.se\/es\/wp-json\/wp\/v2\/product_tag?post=162225"}],"curies":[{"name":"wp","href":"https:\/\/api.w.org\/{rel}","templated":true}]}}