{"id":162227,"date":"2025-11-21T12:45:37","date_gmt":"2025-11-21T11:45:37","guid":{"rendered":"https:\/\/secureus.se\/flerkriterie-detektorprovare-testifire-xtr2-rok-varme\/"},"modified":"2026-04-08T16:00:22","modified_gmt":"2026-04-08T14:00:22","slug":"flerkriterie-detektorprovare-testifire-xtr2-rok-varme","status":"publish","type":"product","link":"https:\/\/secureus.se\/es\/flerkriterie-detektorprovare-testifire-xtr2-rok-varme\/","title":{"rendered":"Kit de inicio para comprobador de detectores multicriterio Testifire-XTR2 (humo\/calor)"},"content":{"rendered":"<h1>Detector multicriterio Testifire-XTR2 (humo\/calor)<\/h1>\n<h3 data-start=\"335\" data-end=\"381\">Herramientas de prueba para una prueba adecuada del detector<\/h3>\n<p data-start=\"382\" data-end=\"654\">Testifire-XTR2 es un comprobador de detectores multicriterio para pruebas funcionales de detectores de humo y calor en sistemas de alarma contra incendios.<\/p>\n<p data-start=\"382\" data-end=\"654\">Est\u00e1 dise\u00f1ado para uso profesional durante la instalaci\u00f3n, el servicio y el mantenimiento regular para garantizar que los detectores funcionen correctamente.<\/p>\n<h3 data-start=\"656\" data-end=\"695\">Todo lo que necesitas para realizar pruebas in situ<\/h3>\n<p data-start=\"696\" data-end=\"925\">La herramienta viene completa con bater\u00eda recargable, cargador y un cartucho de humo (TES3) para realizar pruebas realistas de detectores de humo.<\/p>\n<p data-start=\"696\" data-end=\"925\">Las pruebas se pueden realizar de forma r\u00e1pida y eficiente sin crear un incendio real ni poner en riesgo el equipo.<\/p>\n<h3 data-start=\"927\" data-end=\"971\">Informes y documentaci\u00f3n en tiempo real<\/h3>\n<p data-start=\"972\" data-end=\"1177\">Testifire-XTR2 admite aplicaciones y portales en la nube donde los resultados de las pruebas se registran autom\u00e1ticamente y se pueden guardar para documentaci\u00f3n y auditor\u00eda.<\/p>\n<p data-start=\"972\" data-end=\"1177\">Esto facilita el cumplimiento normativo y el autocontrol de acuerdo con los requisitos de protecci\u00f3n contra incendios.<\/p>\n<h3 data-start=\"1179\" data-end=\"1212\">Ventajas de Testifire-XTR2<\/h3>\n<ul data-start=\"1213\" data-end=\"1496\">\n<li data-start=\"1213\" data-end=\"1272\">\n<p data-start=\"1215\" data-end=\"1272\">Pruebas multicriterio para detectores de humo y calor<\/p>\n<\/li>\n<li data-start=\"1273\" data-end=\"1329\">\n<p data-start=\"1275\" data-end=\"1329\">Incluye bater\u00eda y cargador para uso m\u00f3vil.<\/p>\n<\/li>\n<li data-start=\"1330\" data-end=\"1386\">\n<p data-start=\"1332\" data-end=\"1386\">Incluye cartucho de humo TES3 para pruebas de humo realistas.<\/p>\n<\/li>\n<li data-start=\"1387\" data-end=\"1447\">\n<p data-start=\"1389\" data-end=\"1447\">Registro autom\u00e1tico y generaci\u00f3n de informes a trav\u00e9s de la aplicaci\u00f3n\/portal<\/p>\n<\/li>\n<li data-start=\"1448\" data-end=\"1496\">\n<p data-start=\"1450\" data-end=\"1496\">Documentaci\u00f3n clara para servicio e inspecci\u00f3n<\/p>\n<\/li>\n<\/ul>\n<p data-start=\"1498\" data-end=\"1525\">ESPECIFICACIONES T\u00c9CNICAS:<\/p>\n<ul data-start=\"1526\" data-end=\"1886\">\n<li data-start=\"1526\" data-end=\"1568\">\n<p data-start=\"1528\" data-end=\"1568\">Producto: Probador de detectores multicriterio<\/p>\n<\/li>\n<li data-start=\"1569\" data-end=\"1595\">\n<p data-start=\"1571\" data-end=\"1595\">Modelo: Testifire-XTR2<\/p>\n<\/li>\n<li data-start=\"1596\" data-end=\"1642\">\n<p data-start=\"1598\" data-end=\"1642\">Caracter\u00edsticas: Prueba de detectores de humo y calor.<\/p>\n<\/li>\n<li data-start=\"1643\" data-end=\"1694\">\n<p data-start=\"1645\" data-end=\"1694\">Se suministra con: Bater\u00eda, cargador, cartucho de humo TES3<\/p>\n<\/li>\n<li data-start=\"1695\" data-end=\"1773\">\n<p data-start=\"1697\" data-end=\"1773\">Compatibilidad: Detectores de humo \u00f3pticos y de ionizaci\u00f3n, as\u00ed como detectores de calor.<\/p>\n<\/li>\n<li data-start=\"1774\" data-end=\"1839\">\n<p data-start=\"1776\" data-end=\"1839\">Documentaci\u00f3n: Informes autom\u00e1ticos a trav\u00e9s de la aplicaci\u00f3n y el portal en la nube<\/p>\n<\/li>\n<li data-start=\"1840\" data-end=\"1886\">\n<p data-start=\"1842\" data-end=\"1886\">Fuente de alimentaci\u00f3n: Bater\u00eda recargable<\/p>\n<\/li>\n<\/ul>\n<ul class=\"mainfeatureslist\">\n<li>Funciona con la aplicaci\u00f3n DT Connect<\/li>\n<li>Incluye una prueba de 6 meses de DT Connect<\/li>\n<li>Generaci\u00f3n autom\u00e1tica de informes de pruebas<\/li>\n<\/ul>\n<p><strong>Contiene<\/strong>:<\/p>\n<p>1 x Testifire-XTR2-HEAD-001<br \/>\n1 bater\u00eda de iones de litio Testifire-BP-001<br \/>\n1 generador de humo Testifire-GEN-001<br \/>\n1 kit de carga Testifire-CHAK-001<br \/>\n1 cartucho de humo TES3<\/p>","protected":false},"excerpt":{"rendered":"<p>El comprobador de detectores multicriterio Testifire-XTR2 es una herramienta avanzada para pruebas funcionales de detectores de humo y calor.<\/p>\n<p>Viene con una bater\u00eda, un cargador y un cartucho de humo TES3, y facilita la prueba y documentaci\u00f3n de resultados.<\/p>\n<p>Adecuado para instaladores, personal de servicio y propietarios de propiedades.<\/p>","protected":false},"featured_media":162226,"template":"","meta":{"_acf_changed":false},"product_brand":[],"product_cat":[2946,4757],"product_tag":[],"class_list":{"0":"post-162227","1":"product","2":"type-product","3":"status-publish","4":"has-post-thumbnail","6":"product_cat-testifire","7":"product_cat-xtr2","8":"tm-no-options","10":"first","11":"instock","12":"taxable","13":"shipping-taxable","14":"purchasable","15":"product-type-simple"},"acf":[],"_links":{"self":[{"href":"https:\/\/secureus.se\/es\/wp-json\/wp\/v2\/product\/162227","targetHints":{"allow":["GET"]}}],"collection":[{"href":"https:\/\/secureus.se\/es\/wp-json\/wp\/v2\/product"}],"about":[{"href":"https:\/\/secureus.se\/es\/wp-json\/wp\/v2\/types\/product"}],"wp:featuredmedia":[{"embeddable":true,"href":"https:\/\/secureus.se\/es\/wp-json\/wp\/v2\/media\/162226"}],"wp:attachment":[{"href":"https:\/\/secureus.se\/es\/wp-json\/wp\/v2\/media?parent=162227"}],"wp:term":[{"taxonomy":"product_brand","embeddable":true,"href":"https:\/\/secureus.se\/es\/wp-json\/wp\/v2\/product_brand?post=162227"},{"taxonomy":"product_cat","embeddable":true,"href":"https:\/\/secureus.se\/es\/wp-json\/wp\/v2\/product_cat?post=162227"},{"taxonomy":"product_tag","embeddable":true,"href":"https:\/\/secureus.se\/es\/wp-json\/wp\/v2\/product_tag?post=162227"}],"curies":[{"name":"wp","href":"https:\/\/api.w.org\/{rel}","templated":true}]}}