{"id":162231,"date":"2025-11-21T12:45:41","date_gmt":"2025-11-21T11:45:41","guid":{"rendered":"https:\/\/secureus.se\/rokgenerator-testifire-gen-1pk-till-xtr2\/"},"modified":"2026-04-23T12:57:29","modified_gmt":"2026-04-23T10:57:29","slug":"rokgenerator-testifire-gen-1pk-till-xtr2","status":"publish","type":"product","link":"https:\/\/secureus.se\/es\/rokgenerator-testifire-gen-1pk-till-xtr2\/","title":{"rendered":"Generador de humo Testifire-Gen-1PK para XTR2"},"content":{"rendered":"<h1>Generador de humo Testifire-Gen-1PK para XTR2<\/h1>\n<h3 data-start=\"351\" data-end=\"399\">Generador de humo de repuesto para Testifire XTR2<\/h3>\n<p data-start=\"400\" data-end=\"602\">El Testifire-Gen-1PK est\u00e1 dise\u00f1ado para reemplazar el generador de humo existente en el Testifire XTR2.<\/p>\n<p data-start=\"400\" data-end=\"602\">Proporciona una producci\u00f3n de humo de prueba estable y fiable, lo que garantiza la correcta comprobaci\u00f3n de los detectores de humo.<\/p>\n<h3 data-start=\"604\" data-end=\"628\">F\u00e1cil instalaci\u00f3n<\/h3>\n<p data-start=\"629\" data-end=\"838\">Sustituirlo es tan sencillo como cambiar un cartucho de cigarrillo o una pila.<\/p>\n<p data-start=\"629\" data-end=\"838\">El generador de humo se instala directamente en el Testifire XTR2 y est\u00e1 listo para usar en segundos, lo que hace que el servicio y el mantenimiento sean eficientes y seguros.<\/p>\n<h3 data-start=\"840\" data-end=\"874\">Para uso profesional<\/h3>\n<p data-start=\"875\" data-end=\"1067\">El generador de humo es ideal para instaladores, t\u00e9cnicos de protecci\u00f3n contra incendios y personal de servicio que realizan pruebas peri\u00f3dicas de detectores de humo.<\/p>\n<p data-start=\"875\" data-end=\"1067\">Ideal para oficinas, almacenes, escuelas y edificios p\u00fablicos.<\/p>\n<p data-start=\"1074\" data-end=\"1105\"><strong data-start=\"1074\" data-end=\"1103\">ESPECIFICACIONES T\u00c9CNICAS:<\/strong><\/p>\n<ul data-start=\"1106\" data-end=\"1275\">\n<li data-start=\"1106\" data-end=\"1135\">\n<p data-start=\"1108\" data-end=\"1135\">Modelo: Testifire-Gen-1PK<\/p>\n<\/li>\n<li data-start=\"1136\" data-end=\"1177\">\n<p data-start=\"1138\" data-end=\"1177\">Uso: Probador de humo Testifire XTR2<\/p>\n<\/li>\n<li data-start=\"1178\" data-end=\"1215\">\n<p data-start=\"1180\" data-end=\"1215\">Funci\u00f3n: Generador de humo de repuesto<\/p>\n<\/li>\n<li data-start=\"1216\" data-end=\"1275\">\n<p data-start=\"1218\" data-end=\"1275\">F\u00e1cil instalaci\u00f3n: reemplazable como bater\u00eda o cartucho de humo.<\/p>\n<\/li>\n<\/ul>","protected":false},"excerpt":{"rendered":"<p data-start=\"121\" data-end=\"320\">El generador de humo Testifire-Gen-1PK es un generador de reemplazo para el Testifire XTR2.<\/p>\n<p data-start=\"121\" data-end=\"320\">Facilita la sustituci\u00f3n del generador de humo y garantiza una prueba de humo confiable en todo momento.<\/p>","protected":false},"featured_media":162230,"template":"","meta":{"_acf_changed":false},"product_brand":[],"product_cat":[4757,2946],"product_tag":[],"class_list":{"0":"post-162231","1":"product","2":"type-product","3":"status-publish","4":"has-post-thumbnail","6":"product_cat-xtr2","7":"product_cat-testifire","8":"tm-no-options","10":"first","11":"onbackorder","12":"taxable","13":"shipping-taxable","14":"purchasable","15":"product-type-simple"},"acf":[],"_links":{"self":[{"href":"https:\/\/secureus.se\/es\/wp-json\/wp\/v2\/product\/162231","targetHints":{"allow":["GET"]}}],"collection":[{"href":"https:\/\/secureus.se\/es\/wp-json\/wp\/v2\/product"}],"about":[{"href":"https:\/\/secureus.se\/es\/wp-json\/wp\/v2\/types\/product"}],"wp:featuredmedia":[{"embeddable":true,"href":"https:\/\/secureus.se\/es\/wp-json\/wp\/v2\/media\/162230"}],"wp:attachment":[{"href":"https:\/\/secureus.se\/es\/wp-json\/wp\/v2\/media?parent=162231"}],"wp:term":[{"taxonomy":"product_brand","embeddable":true,"href":"https:\/\/secureus.se\/es\/wp-json\/wp\/v2\/product_brand?post=162231"},{"taxonomy":"product_cat","embeddable":true,"href":"https:\/\/secureus.se\/es\/wp-json\/wp\/v2\/product_cat?post=162231"},{"taxonomy":"product_tag","embeddable":true,"href":"https:\/\/secureus.se\/es\/wp-json\/wp\/v2\/product_tag?post=162231"}],"curies":[{"name":"wp","href":"https:\/\/api.w.org\/{rel}","templated":true}]}}