{"id":162239,"date":"2025-11-21T12:45:38","date_gmt":"2025-11-21T11:45:38","guid":{"rendered":"https:\/\/secureus.se\/asd-adapter-till-testifire-xtr2\/"},"modified":"2026-03-26T12:25:09","modified_gmt":"2026-03-26T11:25:09","slug":"asd-adapter-till-testifire-xtr2","status":"publish","type":"product","link":"https:\/\/secureus.se\/es\/asd-adapter-till-testifire-xtr2\/","title":{"rendered":"Adaptador ASD para Testifire-XTR2"},"content":{"rendered":"<h1>Adaptador ASD para Testifire-XTR2<\/h1>\n<h3 data-start=\"339\" data-end=\"383\">Adaptador para detectores ASD y planos<\/h3>\n<p data-start=\"384\" data-end=\"578\">El adaptador ASD est\u00e1 dise\u00f1ado para proporcionar compatibilidad entre el Testifire-XTR2 y los detectores ASD y planos.<\/p>\n<p data-start=\"384\" data-end=\"578\">Esto facilita la prueba de diferentes tipos de detectores con el mismo equipo de prueba.<\/p>\n<h3 data-start=\"580\" data-end=\"602\">F\u00e1cil de usar<\/h3>\n<p data-start=\"603\" data-end=\"817\">El adaptador se monta r\u00e1pidamente en el Testifire-XTR2 y permite realizar pruebas de detectores ASD y planos de forma eficiente y segura.<\/p>\n<p data-start=\"603\" data-end=\"817\">Ideal para personal de servicio e instaladores que buscan una herramienta de prueba flexible.<\/p>\n<h3 data-start=\"819\" data-end=\"848\">Para uso profesional<\/h3>\n<p data-start=\"849\" data-end=\"1029\">El adaptador ASD es ideal para oficinas, escuelas, almacenes y edificios p\u00fablicos donde se utilizan detectores tanto est\u00e1ndar como planos.<\/p>\n<p data-start=\"849\" data-end=\"1029\">Ahorra tiempo y reduce la necesidad de varios evaluadores.<\/p>\n<p data-start=\"1036\" data-end=\"1067\"><strong data-start=\"1036\" data-end=\"1065\">ESPECIFICACIONES T\u00c9CNICAS:<\/strong><\/p>\n<ul data-start=\"1068\" data-end=\"1271\">\n<li data-start=\"1068\" data-end=\"1091\">\n<p data-start=\"1070\" data-end=\"1091\">Modelo: Adaptador ASD<\/p>\n<\/li>\n<li data-start=\"1092\" data-end=\"1152\">\n<p data-start=\"1094\" data-end=\"1152\">Aplicaci\u00f3n: Probador de detectores de humo y calor Testifire-XTR2<\/p>\n<\/li>\n<li data-start=\"1153\" data-end=\"1219\">\n<p data-start=\"1155\" data-end=\"1219\">Funci\u00f3n: Permite probar detectores ASD y planos.<\/p>\n<\/li>\n<li data-start=\"1220\" data-end=\"1271\">\n<p data-start=\"1222\" data-end=\"1271\">F\u00e1cil instalaci\u00f3n: Se monta r\u00e1pidamente en el probador.<\/p>\n<\/li>\n<\/ul>","protected":false},"excerpt":{"rendered":"<p data-start=\"122\" data-end=\"308\">El adaptador ASD le permite probar detectores ASD y planos con Testifire-XTR2.<\/p>\n<p data-start=\"122\" data-end=\"308\">F\u00e1cil de usar y compatible con el comprobador de detectores de humo y calor.<\/p>","protected":false},"featured_media":162238,"template":"","meta":{"_acf_changed":false},"product_brand":[],"product_cat":[4757,2946],"product_tag":[],"class_list":{"0":"post-162239","1":"product","2":"type-product","3":"status-publish","4":"has-post-thumbnail","6":"product_cat-xtr2","7":"product_cat-testifire","8":"tm-no-options","10":"first","11":"instock","12":"taxable","13":"shipping-taxable","14":"purchasable","15":"product-type-simple"},"acf":[],"_links":{"self":[{"href":"https:\/\/secureus.se\/es\/wp-json\/wp\/v2\/product\/162239","targetHints":{"allow":["GET"]}}],"collection":[{"href":"https:\/\/secureus.se\/es\/wp-json\/wp\/v2\/product"}],"about":[{"href":"https:\/\/secureus.se\/es\/wp-json\/wp\/v2\/types\/product"}],"wp:featuredmedia":[{"embeddable":true,"href":"https:\/\/secureus.se\/es\/wp-json\/wp\/v2\/media\/162238"}],"wp:attachment":[{"href":"https:\/\/secureus.se\/es\/wp-json\/wp\/v2\/media?parent=162239"}],"wp:term":[{"taxonomy":"product_brand","embeddable":true,"href":"https:\/\/secureus.se\/es\/wp-json\/wp\/v2\/product_brand?post=162239"},{"taxonomy":"product_cat","embeddable":true,"href":"https:\/\/secureus.se\/es\/wp-json\/wp\/v2\/product_cat?post=162239"},{"taxonomy":"product_tag","embeddable":true,"href":"https:\/\/secureus.se\/es\/wp-json\/wp\/v2\/product_tag?post=162239"}],"curies":[{"name":"wp","href":"https:\/\/api.w.org\/{rel}","templated":true}]}}