{"id":162243,"date":"2025-11-21T12:27:42","date_gmt":"2025-11-21T11:27:42","guid":{"rendered":"https:\/\/secureus.se\/solo-370-batteri-for-solo-365-roka-webbutik\/"},"modified":"2026-04-08T16:00:52","modified_gmt":"2026-04-08T14:00:52","slug":"solo-370-batteri-for-solo-365-roka-webbutik","status":"publish","type":"product","link":"https:\/\/secureus.se\/es\/solo-370-batteri-for-solo-365-roka-webbutik\/","title":{"rendered":"Bater\u00eda Solo 370 para Solo 365 \u2013 Tienda Online ROKA"},"content":{"rendered":"<h1>Bater\u00eda Solo 370 para Solo 365 \u2013 Tienda Online ROKA<\/h1>\n<h3 data-start=\"232\" data-end=\"269\">Bater\u00eda de repuesto para Solo 365<\/h3>\n<p data-start=\"270\" data-end=\"500\">La bater\u00eda Solo 370 es una fuente de energ\u00eda dedicada para el probador de detector de humo Solo 365.<\/p>\n<p data-start=\"270\" data-end=\"500\">Una bater\u00eda que funcione es esencial para que el probador pueda generar humo de prueba y realizar pruebas funcionales confiables de detectores de humo en sistemas de alarma contra incendios.<\/p>\n<h3 data-start=\"502\" data-end=\"548\">Larga vida \u00fatil para pruebas continuas<\/h3>\n<p data-start=\"549\" data-end=\"827\">Esta bater\u00eda est\u00e1 dise\u00f1ada para proporcionar un funcionamiento estable y duradero del Solo 365, reduciendo el riesgo de interrupciones durante el trabajo de prueba.<\/p>\n<p data-start=\"549\" data-end=\"827\">Al cambiar la bater\u00eda peri\u00f3dicamente, se garantiza que la herramienta de prueba est\u00e9 siempre lista para usarse durante la instalaci\u00f3n, el servicio o el mantenimiento.<\/p>\n<h3 data-start=\"829\" data-end=\"853\">F\u00e1cil instalaci\u00f3n<\/h3>\n<p data-start=\"854\" data-end=\"991\">El Solo 370 es f\u00e1cil de instalar y reemplazar en el Solo 365 sin la necesidad de herramientas especiales.<\/p>\n<p data-start=\"854\" data-end=\"991\">Esto hace que el reemplazo de la bater\u00eda sea f\u00e1cil incluso en las instalaciones del cliente.<\/p>\n<h3 data-start=\"993\" data-end=\"1020\">Ventajas del Solo 370<\/h3>\n<ul data-start=\"1021\" data-end=\"1144\">\n<li data-start=\"1021\" data-end=\"1059\">\n<p data-start=\"1023\" data-end=\"1059\">Bater\u00eda de repuesto para el comprobador Solo 365<\/p>\n<\/li>\n<li data-start=\"1060\" data-end=\"1103\">\n<p data-start=\"1062\" data-end=\"1103\">Garantiza pruebas funcionales confiables<\/p>\n<\/li>\n<li data-start=\"1104\" data-end=\"1125\">\n<p data-start=\"1106\" data-end=\"1125\">F\u00e1cil de reemplazar<\/p>\n<\/li>\n<li data-start=\"1126\" data-end=\"1144\">\n<p data-start=\"1128\" data-end=\"1144\">Largo tiempo de funcionamiento<\/p>\n<\/li>\n<\/ul>\n<p data-start=\"1146\" data-end=\"1173\">ESPECIFICACIONES T\u00c9CNICAS:<\/p>\n<ul data-start=\"1174\" data-end=\"1337\">\n<li data-start=\"1174\" data-end=\"1194\">\n<p data-start=\"1176\" data-end=\"1194\">Producto: Bater\u00eda<\/p>\n<\/li>\n<li data-start=\"1195\" data-end=\"1215\">\n<p data-start=\"1197\" data-end=\"1215\">Modelo: Solo 370<\/p>\n<\/li>\n<li data-start=\"1216\" data-end=\"1267\">\n<p data-start=\"1218\" data-end=\"1267\">Para usar con: Probador de detector de humo Solo 365<\/p>\n<\/li>\n<li data-start=\"1268\" data-end=\"1308\">\n<p data-start=\"1270\" data-end=\"1308\">Funci\u00f3n: Fuente de alimentaci\u00f3n para herramientas de prueba.<\/p>\n<\/li>\n<li data-start=\"1309\" data-end=\"1337\">\n<p data-start=\"1311\" data-end=\"1337\">Compatibilidad: Solo 365<\/p>\n<\/li>\n<\/ul>","protected":false},"excerpt":{"rendered":"<p>Solo 370 es una bater\u00eda de repuesto para el probador de detector de humo Solo 365.<\/p>\n<p>Esto garantiza el funcionamiento del comprobador para realizar pruebas funcionales fiables.<\/p>\n<p>Adecuado para t\u00e9cnicos de servicio, instaladores y personal de mantenimiento.<\/p>","protected":false},"featured_media":162242,"template":"","meta":{"_acf_changed":false},"product_brand":[],"product_cat":[5072,5089,5074],"product_tag":[],"class_list":{"0":"post-162243","1":"product","2":"type-product","3":"status-publish","4":"has-post-thumbnail","6":"product_cat-solo-365","7":"product_cat-solo-365-solo-365","8":"product_cat-stromforsorjning-professionella-verktyg-for-prov-och-underhall","9":"tm-no-options","11":"first","12":"instock","13":"taxable","14":"shipping-taxable","15":"purchasable","16":"product-type-simple"},"acf":[],"_links":{"self":[{"href":"https:\/\/secureus.se\/es\/wp-json\/wp\/v2\/product\/162243","targetHints":{"allow":["GET"]}}],"collection":[{"href":"https:\/\/secureus.se\/es\/wp-json\/wp\/v2\/product"}],"about":[{"href":"https:\/\/secureus.se\/es\/wp-json\/wp\/v2\/types\/product"}],"wp:featuredmedia":[{"embeddable":true,"href":"https:\/\/secureus.se\/es\/wp-json\/wp\/v2\/media\/162242"}],"wp:attachment":[{"href":"https:\/\/secureus.se\/es\/wp-json\/wp\/v2\/media?parent=162243"}],"wp:term":[{"taxonomy":"product_brand","embeddable":true,"href":"https:\/\/secureus.se\/es\/wp-json\/wp\/v2\/product_brand?post=162243"},{"taxonomy":"product_cat","embeddable":true,"href":"https:\/\/secureus.se\/es\/wp-json\/wp\/v2\/product_cat?post=162243"},{"taxonomy":"product_tag","embeddable":true,"href":"https:\/\/secureus.se\/es\/wp-json\/wp\/v2\/product_tag?post=162243"}],"curies":[{"name":"wp","href":"https:\/\/api.w.org\/{rel}","templated":true}]}}