{"id":162247,"date":"2025-11-21T12:27:37","date_gmt":"2025-11-21T11:27:37","guid":{"rendered":"https:\/\/secureus.se\/solo-365-provning-rokdetektor-punkt-samplande\/"},"modified":"2026-04-23T12:46:22","modified_gmt":"2026-04-23T10:46:22","slug":"solo-365-provning-rokdetektor-punkt-samplande","status":"publish","type":"product","link":"https:\/\/secureus.se\/es\/solo-365-provning-rokdetektor-punkt-samplande\/","title":{"rendered":"Solo 365 \u2013 Pruebas de detectores de humo (puntuales y de muestreo)"},"content":{"rendered":"<h1>Solo 365 \u2013 Pruebas de detectores de humo (puntuales y de muestreo)<\/h1>\n<h3 data-start=\"272\" data-end=\"312\">Pruebas efectivas de detectores de humo<\/h3>\n<p data-start=\"313\" data-end=\"577\">Solo 365 es una herramienta de prueba profesional para probar el funcionamiento de detectores de humo puntuales y de muestreo.<\/p>\n<p data-start=\"313\" data-end=\"577\">Al utilizar cartuchos de humo no presurizados, se crea humo de prueba realista que activa los detectores de manera segura y controlada, sin ning\u00fan riesgo real de incendio.<\/p>\n<h3 data-start=\"579\" data-end=\"605\">Soluci\u00f3n de pruebas completa<\/h3>\n<p data-start=\"606\" data-end=\"818\">Las pruebas se realizan de forma r\u00e1pida y sencilla con Solo 365 gracias a su dise\u00f1o f\u00e1cil de usar.<\/p>\n<p data-start=\"606\" data-end=\"818\">Es compatible con una amplia gama de detectores de humo y es adecuado para instalaci\u00f3n, servicio y mantenimiento recurrente.<\/p>\n<h3 data-start=\"820\" data-end=\"839\">Viene con<\/h3>\n<ul data-start=\"840\" data-end=\"1017\">\n<li data-start=\"840\" data-end=\"895\">\n<p data-start=\"842\" data-end=\"895\">Cabezal de prueba con copa para una correcta distribuci\u00f3n del humo<\/p>\n<\/li>\n<li data-start=\"896\" data-end=\"932\">\n<p data-start=\"898\" data-end=\"932\">Bater\u00eda Solo 370 para un funcionamiento seguro<\/p>\n<\/li>\n<li data-start=\"933\" data-end=\"977\">\n<p data-start=\"935\" data-end=\"977\">Casete de humo ES3 para humo de prueba controlado<\/p>\n<\/li>\n<li data-start=\"978\" data-end=\"1005\">\n<p data-start=\"980\" data-end=\"1005\">Generador de humo (Solo 371)<\/p>\n<\/li>\n<li data-start=\"1006\" data-end=\"1017\">\n<p data-start=\"1008\" data-end=\"1017\">Cargador<\/p>\n<\/li>\n<\/ul>\n<h3 data-start=\"1019\" data-end=\"1046\">Beneficios de Solo 365<\/h3>\n<ul data-start=\"1047\" data-end=\"1290\">\n<li data-start=\"1047\" data-end=\"1088\">\n<p data-start=\"1049\" data-end=\"1088\">Probador de detectores de humo seguro y confiable<\/p>\n<\/li>\n<li data-start=\"1089\" data-end=\"1136\">\n<p data-start=\"1091\" data-end=\"1136\">Se adapta tanto a detectores puntuales como de muestreo.<\/p>\n<\/li>\n<li data-start=\"1137\" data-end=\"1194\">\n<p data-start=\"1139\" data-end=\"1194\">Pruebas m\u00e1s r\u00e1pidas y sencillas en comparaci\u00f3n con los m\u00e9todos m\u00e1s antiguos<\/p>\n<\/li>\n<li data-start=\"1195\" data-end=\"1238\">\n<p data-start=\"1197\" data-end=\"1238\">Conjunto completo para pruebas funcionales in situ<\/p>\n<\/li>\n<li data-start=\"1239\" data-end=\"1290\">\n<p data-start=\"1241\" data-end=\"1290\">Sin riesgo de da\u00f1os a los detectores ni al medio ambiente.<\/p>\n<\/li>\n<\/ul>\n<p data-start=\"1292\" data-end=\"1319\">ESPECIFICACIONES T\u00c9CNICAS:<\/p>\n<ul data-start=\"1320\" data-end=\"1668\">\n<li data-start=\"1320\" data-end=\"1351\">\n<p data-start=\"1322\" data-end=\"1351\">Producto: Probador de detectores de humo<\/p>\n<\/li>\n<li data-start=\"1352\" data-end=\"1372\">\n<p data-start=\"1354\" data-end=\"1372\">Modelo: Solo 365<\/p>\n<\/li>\n<li data-start=\"1373\" data-end=\"1429\">\n<p data-start=\"1375\" data-end=\"1429\">Funci\u00f3n: Prueba de detectores de humo puntuales y de muestreo<\/p>\n<\/li>\n<li data-start=\"1430\" data-end=\"1476\">\n<p data-start=\"1432\" data-end=\"1476\">Medio de prueba: Cartucho de humo no presurizado (ES3)<\/p>\n<\/li>\n<li data-start=\"1477\" data-end=\"1532\">\n<p data-start=\"1479\" data-end=\"1532\">Fuente de alimentaci\u00f3n: Bater\u00eda recargable Solo 370<\/p>\n<\/li>\n<li data-start=\"1533\" data-end=\"1611\">\n<p data-start=\"1535\" data-end=\"1611\">Incluye: Cabezal de prueba con copa, cartucho de humo, generador de humo, bater\u00eda, cargador<\/p>\n<\/li>\n<li data-start=\"1612\" data-end=\"1668\">\n<p data-start=\"1614\" data-end=\"1668\">Seguridad: Humo de prueba controlado, sin fuego real.<\/p>\n<\/li>\n<\/ul>\n<p>&nbsp;<\/p>\n<p>&nbsp;<\/p>","protected":false},"excerpt":{"rendered":"<p>Solo 365 es un probador de detectores de humo tanto para detectores puntuales como de muestreo.<\/p>\n<p>Utiliza cartuchos de humo no presurizados para realizar pruebas seguras y efectivas.<\/p>\n<p>Completo con cabezal de prueba, bater\u00eda, cartucho de humo ES3, generador de humo y cargador.<\/p>","protected":false},"featured_media":162246,"template":"","meta":{"_acf_changed":false},"product_brand":[],"product_cat":[5072,5089],"product_tag":[],"class_list":{"0":"post-162247","1":"product","2":"type-product","3":"status-publish","4":"has-post-thumbnail","6":"product_cat-solo-365","7":"product_cat-solo-365-solo-365","8":"tm-no-options","10":"first","11":"instock","12":"taxable","13":"shipping-taxable","14":"purchasable","15":"product-type-simple"},"acf":[],"_links":{"self":[{"href":"https:\/\/secureus.se\/es\/wp-json\/wp\/v2\/product\/162247","targetHints":{"allow":["GET"]}}],"collection":[{"href":"https:\/\/secureus.se\/es\/wp-json\/wp\/v2\/product"}],"about":[{"href":"https:\/\/secureus.se\/es\/wp-json\/wp\/v2\/types\/product"}],"wp:featuredmedia":[{"embeddable":true,"href":"https:\/\/secureus.se\/es\/wp-json\/wp\/v2\/media\/162246"}],"wp:attachment":[{"href":"https:\/\/secureus.se\/es\/wp-json\/wp\/v2\/media?parent=162247"}],"wp:term":[{"taxonomy":"product_brand","embeddable":true,"href":"https:\/\/secureus.se\/es\/wp-json\/wp\/v2\/product_brand?post=162247"},{"taxonomy":"product_cat","embeddable":true,"href":"https:\/\/secureus.se\/es\/wp-json\/wp\/v2\/product_cat?post=162247"},{"taxonomy":"product_tag","embeddable":true,"href":"https:\/\/secureus.se\/es\/wp-json\/wp\/v2\/product_tag?post=162247"}],"curies":[{"name":"wp","href":"https:\/\/api.w.org\/{rel}","templated":true}]}}