{"id":162251,"date":"2025-11-21T12:21:25","date_gmt":"2025-11-21T11:21:25","guid":{"rendered":"https:\/\/secureus.se\/vd-provare-solo-424-natdriven-230-volt\/"},"modified":"2026-04-23T12:46:33","modified_gmt":"2026-04-23T10:46:33","slug":"vd-provare-solo-424-natdriven-230-volt","status":"publish","type":"product","link":"https:\/\/secureus.se\/es\/vd-provare-solo-424-natdriven-230-volt\/","title":{"rendered":"Comprobador VD Solo 424 alimentado por red 230 voltios"},"content":{"rendered":"<h1>Comprobador VD Solo 424 alimentado por red 230 voltios<\/h1>\n<h3 data-start=\"317\" data-end=\"360\">Pruebas de detectores de calor con alimentaci\u00f3n de red<\/h3>\n<p data-start=\"361\" data-end=\"634\">El VD\u2011tester Solo 424 es una herramienta de prueba profesional para probar el funcionamiento de detectores de calor en sistemas de alarma contra incendios.<\/p>\n<p data-start=\"361\" data-end=\"634\">Al conectarse directamente a la red el\u00e9ctrica de 230 V, se obtiene un suministro de calor estable y continuo durante las pruebas, eliminando la necesidad de bater\u00edas y carga.<\/p>\n<h3 data-start=\"636\" data-end=\"666\">Pruebas sencillas y precisas<\/h3>\n<p data-start=\"667\" data-end=\"1123\">La herramienta se utiliza junto con los postes de acceso Solo 101, Solo 108 y\/o Solo 100 para alcanzar detectores hasta aproximadamente 9,3 m por encima de la altura del techo.<\/p>\n<p data-start=\"667\" data-end=\"1123\">La taza de prueba transparente se coloca sobre el detector y se calienta de manera controlada, lo que le permite ver el LED indicador y verificar que el detector est\u00e1 respondiendo correctamente.<\/p>\n<p data-start=\"667\" data-end=\"1123\">Esto es importante para garantizar el funcionamiento de la protecci\u00f3n contra incendios durante la instalaci\u00f3n, el servicio y la inspecci\u00f3n peri\u00f3dica.<\/p>\n<h3 data-start=\"1125\" data-end=\"1152\">Ventajas de Solo 424<\/h3>\n<ul data-start=\"1153\" data-end=\"1512\">\n<li data-start=\"1153\" data-end=\"1202\">\n<p data-start=\"1155\" data-end=\"1202\">Unidad alimentada por red el\u00e9ctrica capaz de funcionar de forma continua<\/p>\n<\/li>\n<li data-start=\"1203\" data-end=\"1296\">\n<p data-start=\"1205\" data-end=\"1296\">Prueba detectores de temperatura fija, de velocidad de aumento y de calor combinado hasta aproximadamente 90 \u00b0C<\/p>\n<\/li>\n<li data-start=\"1297\" data-end=\"1353\">\n<p data-start=\"1299\" data-end=\"1353\">Se suministra con cable de 5 m (se puede ampliar con Solo 425)<\/p>\n<\/li>\n<li data-start=\"1354\" data-end=\"1415\">\n<p data-start=\"1356\" data-end=\"1415\">F\u00e1cil de usar con los postes de acceso Solo para trabajar en altura<\/p>\n<\/li>\n<li data-start=\"1416\" data-end=\"1512\">\n<p data-start=\"1418\" data-end=\"1512\">Resultados de pruebas claros y seguros con visibilidad LED en la taza<\/p>\n<\/li>\n<\/ul>\n<h3 data-start=\"1514\" data-end=\"1538\">\u00c1reas de uso<\/h3>\n<p data-start=\"1539\" data-end=\"1754\">El Solo 424 es ideal para t\u00e9cnicos que realizan pruebas funcionales en detectores de calor durante la instalaci\u00f3n, el mantenimiento regular o las tareas de servicio en edificios con diferentes alturas de techo.<\/p>\n<p data-start=\"1756\" data-end=\"1783\">ESPECIFICACIONES T\u00c9CNICAS:<\/p>\n<ul data-start=\"1784\" data-end=\"2219\">\n<li data-start=\"1784\" data-end=\"1827\">\n<p data-start=\"1786\" data-end=\"1827\">Producto: Comprobador de detector de calor alimentado por red<\/p>\n<\/li>\n<li data-start=\"1828\" data-end=\"1848\">\n<p data-start=\"1830\" data-end=\"1848\">Modelo: Solo 424<\/p>\n<\/li>\n<li data-start=\"1849\" data-end=\"1888\">\n<p data-start=\"1851\" data-end=\"1888\">Alimentaci\u00f3n: red el\u00e9ctrica de 230 V CA<\/p>\n<\/li>\n<li data-start=\"1889\" data-end=\"1939\">\n<p data-start=\"1891\" data-end=\"1939\">Funci\u00f3n: Prueba funcional de detectores de calor.<\/p>\n<\/li>\n<li data-start=\"1940\" data-end=\"2018\">\n<p data-start=\"1942\" data-end=\"2018\">Tipos de detectores: detectores de temperatura fija, de velocidad de aumento y combinados<\/p>\n<\/li>\n<li data-start=\"2019\" data-end=\"2060\">\n<p data-start=\"2021\" data-end=\"2060\">Temperatura m\u00e1xima de la muestra: hasta aprox. 90 \u00b0C<\/p>\n<\/li>\n<li data-start=\"2061\" data-end=\"2122\">\n<p data-start=\"2063\" data-end=\"2122\">Cable: 5 m para conexi\u00f3n a la red el\u00e9ctrica (ampliable con Solo 425)<\/p>\n<\/li>\n<li data-start=\"2123\" data-end=\"2219\">\n<p data-start=\"2125\" data-end=\"2219\">Compatible con: postes de acceso Solo 101, Solo 108, Solo 100<\/p>\n<\/li>\n<\/ul>","protected":false},"excerpt":{"rendered":"<p>El VD\u2011tester Solo 424 es una unidad de prueba alimentada por red para probar el funcionamiento de detectores de calor en sistemas de alarma contra incendios hasta una altura de techo de aproximadamente 9 m.<\/p>\n<p>Se conecta directamente a 230 V y proporciona pruebas r\u00e1pidas y confiables con una descripci\u00f3n general clara del LED.<\/p>\n<p>Adecuado para instaladores, personal de servicio y mantenimiento.<\/p>","protected":false},"featured_media":162250,"template":"","meta":{"_acf_changed":false},"product_brand":[],"product_cat":[2945,5088],"product_tag":[],"class_list":{"0":"post-162251","1":"product","2":"type-product","3":"status-publish","4":"has-post-thumbnail","6":"product_cat-solo","7":"product_cat-solo-solo","8":"tm-no-options","10":"first","11":"instock","12":"taxable","13":"shipping-taxable","14":"purchasable","15":"product-type-simple"},"acf":[],"_links":{"self":[{"href":"https:\/\/secureus.se\/es\/wp-json\/wp\/v2\/product\/162251","targetHints":{"allow":["GET"]}}],"collection":[{"href":"https:\/\/secureus.se\/es\/wp-json\/wp\/v2\/product"}],"about":[{"href":"https:\/\/secureus.se\/es\/wp-json\/wp\/v2\/types\/product"}],"wp:featuredmedia":[{"embeddable":true,"href":"https:\/\/secureus.se\/es\/wp-json\/wp\/v2\/media\/162250"}],"wp:attachment":[{"href":"https:\/\/secureus.se\/es\/wp-json\/wp\/v2\/media?parent=162251"}],"wp:term":[{"taxonomy":"product_brand","embeddable":true,"href":"https:\/\/secureus.se\/es\/wp-json\/wp\/v2\/product_brand?post=162251"},{"taxonomy":"product_cat","embeddable":true,"href":"https:\/\/secureus.se\/es\/wp-json\/wp\/v2\/product_cat?post=162251"},{"taxonomy":"product_tag","embeddable":true,"href":"https:\/\/secureus.se\/es\/wp-json\/wp\/v2\/product_tag?post=162251"}],"curies":[{"name":"wp","href":"https:\/\/api.w.org\/{rel}","templated":true}]}}