{"id":162253,"date":"2025-11-21T12:21:23","date_gmt":"2025-11-21T11:21:23","guid":{"rendered":"https:\/\/secureus.se\/vd-provare-solo-461-batteridriven\/"},"modified":"2026-03-26T12:26:34","modified_gmt":"2026-03-26T11:26:34","slug":"vd-provare-solo-461-batteridriven","status":"publish","type":"product","link":"https:\/\/secureus.se\/es\/vd-provare-solo-461-batteridriven\/","title":{"rendered":"Comprobador VD Solo 461 alimentado por bater\u00eda"},"content":{"rendered":"<h1>Comprobador VD Solo 461 alimentado por bater\u00eda<\/h1>\n<h3 data-start=\"335\" data-end=\"404\">Comprobador de detectores de calor alimentado por bater\u00eda para uso profesional<\/h3>\n<p data-start=\"405\" data-end=\"704\">El Solo 461 es un comprobador VD inal\u00e1mbrico y alimentado por bater\u00eda que se utiliza para realizar pruebas funcionales de detectores de calor en sistemas de alarma contra incendios.<\/p>\n<p data-start=\"405\" data-end=\"704\">Es especialmente adecuada para t\u00e9cnicos que necesitan una soluci\u00f3n de prueba m\u00f3vil y flexible, sin depender de la red el\u00e9ctrica mientras trabajan.<\/p>\n<h3 data-start=\"706\" data-end=\"739\">Pruebas eficientes y seguras<\/h3>\n<p data-start=\"740\" data-end=\"1104\">Con el Solo 461, se genera aire caliente que activa los detectores de calor con temperaturas de activaci\u00f3n de hasta aproximadamente 90 \u00b0C.<\/p>\n<p data-start=\"740\" data-end=\"1104\">El dise\u00f1o patentado garantiza que el calor se dirija eficazmente hacia el sensor del detector, proporcionando una activaci\u00f3n r\u00e1pida y fiable.<\/p>\n<p data-start=\"740\" data-end=\"1104\">La prueba comienza autom\u00e1ticamente cuando el detector activa el sensor infrarrojo de la cubierta de prueba.<\/p>\n<h3 data-start=\"1106\" data-end=\"1144\">Compacto, flexible y f\u00e1cil de usar.<\/h3>\n<p data-start=\"1145\" data-end=\"1438\">El Solo 461 es f\u00e1cil de usar con una sola mano o junto con p\u00e9rtigas de acceso (como el Solo 101, el Solo 108 o el Solo 100) para alcanzar detectores en techos de hasta aproximadamente 9,3 m de altura.<\/p>\n<p data-start=\"1145\" data-end=\"1438\">El funcionamiento a bater\u00eda facilita la realizaci\u00f3n de pruebas en m\u00faltiples ubicaciones sin necesidad de conexi\u00f3n a la red el\u00e9ctrica.<\/p>\n<h3 data-start=\"1440\" data-end=\"1472\">Qu\u00e9 incluye y beneficios<\/h3>\n<ul data-start=\"1473\" data-end=\"1905\">\n<li data-start=\"1473\" data-end=\"1537\">\n<p data-start=\"1475\" data-end=\"1537\">Dos bater\u00edas recargables (Solo 770) para un tiempo de funcionamiento prolongado.<\/p>\n<\/li>\n<li data-start=\"1538\" data-end=\"1617\">\n<p data-start=\"1540\" data-end=\"1617\">Cargador r\u00e1pido (Solo 727) que se puede conectar a la red el\u00e9ctrica o a la toma de 12 V del coche.<\/p>\n<\/li>\n<li data-start=\"1618\" data-end=\"1690\">\n<p data-start=\"1620\" data-end=\"1690\">El recipiente de prueba transparente permite una visi\u00f3n clara del indicador LED del detector.<\/p>\n<\/li>\n<li data-start=\"1691\" data-end=\"1770\">\n<p data-start=\"1693\" data-end=\"1770\">Dise\u00f1o inal\u00e1mbrico para mayor flexibilidad al trabajar en altura o en espacios reducidos.<\/p>\n<\/li>\n<li data-start=\"1771\" data-end=\"1905\">\n<p data-start=\"1773\" data-end=\"1905\">Adecuado para detectores de calor de temperatura fija, diferencial y combinada de hasta aproximadamente 90 \u00b0C.<\/p>\n<\/li>\n<\/ul>\n<p data-start=\"1907\" data-end=\"1934\">ESPECIFICACIONES T\u00c9CNICAS:<\/p>\n<ul data-start=\"1935\" data-end=\"2394\">\n<li data-start=\"1935\" data-end=\"1982\">\n<p data-start=\"1937\" data-end=\"1982\">Producto: Probador de detector de calor alimentado por bater\u00eda<\/p>\n<\/li>\n<li data-start=\"1983\" data-end=\"2023\">\n<p data-start=\"1985\" data-end=\"2023\">Modelo: Solo 461 (anteriormente Solo 460)<\/p>\n<\/li>\n<li data-start=\"2024\" data-end=\"2117\">\n<p data-start=\"2026\" data-end=\"2117\">Alimentaci\u00f3n: Funciona con bater\u00edas, incluyendo 2 bater\u00edas Solo 770 y un cargador r\u00e1pido Solo 727.<\/p>\n<\/li>\n<li data-start=\"2118\" data-end=\"2168\">\n<p data-start=\"2120\" data-end=\"2168\">Funci\u00f3n: Prueba funcional de detectores de calor.<\/p>\n<\/li>\n<li data-start=\"2169\" data-end=\"2212\">\n<p data-start=\"2171\" data-end=\"2212\">Temperatura: Disparo hasta aprox. 90 \u00b0C<\/p>\n<\/li>\n<li data-start=\"2213\" data-end=\"2294\">\n<p data-start=\"2215\" data-end=\"2294\">Compatibilidad: Detectores puntuales\/de calor con fotoc\u00e9lula rompible, de varias marcas.<\/p>\n<\/li>\n<li data-start=\"2295\" data-end=\"2394\">\n<p data-start=\"2297\" data-end=\"2394\">Utilizar con: P\u00e9rtigas de acceso Solo para alturas de hasta aprox. 9,3 m<\/p>\n<\/li>\n<\/ul>","protected":false},"excerpt":{"rendered":"<p>Solo 461 es un comprobador VD alimentado por bater\u00eda para pruebas funcionales de detectores de calor hasta aproximadamente 90 \u00b0C.<\/p>\n<p>Es inal\u00e1mbrico y viene con dos bater\u00edas y un cargador r\u00e1pido para un uso f\u00e1cil y confiable.<\/p>\n<p>Adecuado para instaladores, t\u00e9cnicos y personal de servicio.<\/p>","protected":false},"featured_media":162252,"template":"","meta":{"_acf_changed":false},"product_brand":[],"product_cat":[2945,5088],"product_tag":[],"class_list":{"0":"post-162253","1":"product","2":"type-product","3":"status-publish","4":"has-post-thumbnail","6":"product_cat-solo","7":"product_cat-solo-solo","8":"tm-no-options","10":"first","11":"instock","12":"taxable","13":"shipping-taxable","14":"purchasable","15":"product-type-simple"},"acf":[],"_links":{"self":[{"href":"https:\/\/secureus.se\/es\/wp-json\/wp\/v2\/product\/162253","targetHints":{"allow":["GET"]}}],"collection":[{"href":"https:\/\/secureus.se\/es\/wp-json\/wp\/v2\/product"}],"about":[{"href":"https:\/\/secureus.se\/es\/wp-json\/wp\/v2\/types\/product"}],"wp:featuredmedia":[{"embeddable":true,"href":"https:\/\/secureus.se\/es\/wp-json\/wp\/v2\/media\/162252"}],"wp:attachment":[{"href":"https:\/\/secureus.se\/es\/wp-json\/wp\/v2\/media?parent=162253"}],"wp:term":[{"taxonomy":"product_brand","embeddable":true,"href":"https:\/\/secureus.se\/es\/wp-json\/wp\/v2\/product_brand?post=162253"},{"taxonomy":"product_cat","embeddable":true,"href":"https:\/\/secureus.se\/es\/wp-json\/wp\/v2\/product_cat?post=162253"},{"taxonomy":"product_tag","embeddable":true,"href":"https:\/\/secureus.se\/es\/wp-json\/wp\/v2\/product_tag?post=162253"}],"curies":[{"name":"wp","href":"https:\/\/api.w.org\/{rel}","templated":true}]}}