{"id":162255,"date":"2025-11-21T12:21:21","date_gmt":"2025-11-21T11:21:21","guid":{"rendered":"https:\/\/secureus.se\/detektorprovare-solo-332-rok-co-for-solo-a5-och-solo-c3\/"},"modified":"2026-04-23T12:46:45","modified_gmt":"2026-04-23T10:46:45","slug":"detektorprovare-solo-332-rok-co-for-solo-a5-och-solo-c3","status":"publish","type":"product","link":"https:\/\/secureus.se\/es\/detektorprovare-solo-332-rok-co-for-solo-a5-och-solo-c3\/","title":{"rendered":"Comprobador de detectores Solo 332 (humo\/CO) para Solo A5 y Solo C3"},"content":{"rendered":"<h1>Comprobador de detectores Solo 332 (humo\/CO) para Solo A5 y Solo C3<\/h1>\n<h3 data-start=\"375\" data-end=\"426\">Pruebas de funcionamiento profesional de detectores<\/h3>\n<p data-start=\"427\" data-end=\"772\">El comprobador de detectores Solo 332 es una herramienta pr\u00e1ctica para verificar que los detectores de humo y mon\u00f3xido de carbono funcionan correctamente.<\/p>\n<p data-start=\"427\" data-end=\"772\">Est\u00e1 dise\u00f1ado para suministrar gas de muestra controlado directamente al sensor detector, lo cual es una parte importante de las pruebas funcionales mensuales, trimestrales o peri\u00f3dicas seg\u00fan los procedimientos de seguridad contra incendios.<\/p>\n<h3 data-start=\"774\" data-end=\"814\">Utilizar con Solo A5 y Solo C3<\/h3>\n<p data-start=\"815\" data-end=\"1098\">El Solo 332 se utiliza junto con los gases de prueba Solo A5 (para detectores de humo) y Solo C3 (para detectores de CO).<\/p>\n<p data-start=\"815\" data-end=\"1098\">Cuando se monta la bombona de gas de prueba en el comprobador, el gas se pulveriza en la copa de prueba y alrededor del detector, lo que permite realizar pruebas r\u00e1pidas y fiables.<\/p>\n<h3 data-start=\"1100\" data-end=\"1131\">Pruebas flexibles en altitud<\/h3>\n<p data-start=\"1132\" data-end=\"1407\">El comprobador se puede utilizar de forma manual o montado en postes telesc\u00f3picos Solo (Solo 101, Solo 108 y\/o Solo 100) para realizar pruebas en techos de hasta aproximadamente 9,3 m de altura.<\/p>\n<p data-start=\"1132\" data-end=\"1407\">La copa transparente permite una buena visibilidad de los indicadores LED del detector durante las pruebas.<\/p>\n<h3 data-start=\"1409\" data-end=\"1436\">Ventajas del Solo 332<\/h3>\n<ul data-start=\"1437\" data-end=\"1838\">\n<li data-start=\"1437\" data-end=\"1543\">\n<p data-start=\"1439\" data-end=\"1543\">Dise\u00f1ado para detectores de humo y mon\u00f3xido de carbono con amplia compatibilidad.<\/p>\n<\/li>\n<li data-start=\"1544\" data-end=\"1656\">\n<p data-start=\"1546\" data-end=\"1656\">Su mayor tama\u00f1o hace que sea adecuado para detectores de hasta aproximadamente 133 mm de di\u00e1metro.<\/p>\n<\/li>\n<li data-start=\"1657\" data-end=\"1751\">\n<p data-start=\"1659\" data-end=\"1751\">Se puede montar en varillas de extensi\u00f3n para realizar pruebas de altura.<\/p>\n<\/li>\n<li data-start=\"1752\" data-end=\"1838\">\n<p data-start=\"1754\" data-end=\"1838\">El vaso transparente proporciona una visi\u00f3n clara durante la prueba.<\/p>\n<\/li>\n<\/ul>\n<h3 data-start=\"1840\" data-end=\"1864\">\u00c1reas de uso<\/h3>\n<p data-start=\"1865\" data-end=\"2089\">El Solo 332 es ideal para pruebas de instalaci\u00f3n, servicio y mantenimiento rutinario de sistemas de alarma contra incendios en oficinas, industria, edificios p\u00fablicos y \u00e1reas residenciales donde se requiere una prueba precisa de los detectores.<\/p>\n<p data-start=\"2091\" data-end=\"2118\">ESPECIFICACIONES T\u00c9CNICAS:<\/p>\n<ul data-start=\"2119\" data-end=\"2700\">\n<li data-start=\"2119\" data-end=\"2156\">\n<p data-start=\"2121\" data-end=\"2156\">Producto: Probador de detectores (humo\/CO)<\/p>\n<\/li>\n<li data-start=\"2157\" data-end=\"2177\">\n<p data-start=\"2159\" data-end=\"2177\">Modelo: Solo 332<\/p>\n<\/li>\n<li data-start=\"2178\" data-end=\"2273\">\n<p data-start=\"2180\" data-end=\"2273\">Funci\u00f3n: Pruebas de funcionamiento de detectores de humo y mon\u00f3xido de carbono.<\/p>\n<\/li>\n<li data-start=\"2274\" data-end=\"2371\">\n<p data-start=\"2276\" data-end=\"2371\">Compatible con los siguientes gases de muestra: Solo A5 (humo), Solo C3 (CO)<\/p>\n<\/li>\n<li data-start=\"2372\" data-end=\"2456\">\n<p data-start=\"2374\" data-end=\"2456\">Di\u00e1metro m\u00e1ximo del detector: hasta aproximadamente 133 mm.<\/p>\n<\/li>\n<li data-start=\"2457\" data-end=\"2595\">\n<p data-start=\"2459\" data-end=\"2595\">Utilizar con: postes telesc\u00f3picos Solo Solo 101, Solo 108, Solo 100 para pruebas de hasta ~9,3 m<\/p>\n<\/li>\n<li data-start=\"2596\" data-end=\"2700\">\n<p data-start=\"2598\" data-end=\"2700\">Vaso: Transparente con suspensi\u00f3n pivotante para realizar pruebas en diferentes \u00e1ngulos.<\/p>\n<\/li>\n<\/ul>","protected":false},"excerpt":{"rendered":"<p>El comprobador de detectores Solo 332 es una herramienta robusta para probar el funcionamiento de detectores de humo y CO en sistemas de alarma contra incendios.<\/p>\n<p>Se utiliza con los gases de prueba Solo A5 (humo) y Solo C3 (CO) y se puede montar en postes telesc\u00f3picos para realizar pruebas hasta una altura de techo de aproximadamente 9,3 m.<\/p>\n<p>Adecuado para instaladores, t\u00e9cnicos y personal de servicio.<\/p>","protected":false},"featured_media":162254,"template":"","meta":{"_acf_changed":false},"product_brand":[],"product_cat":[2945,5088],"product_tag":[],"class_list":{"0":"post-162255","1":"product","2":"type-product","3":"status-publish","4":"has-post-thumbnail","6":"product_cat-solo","7":"product_cat-solo-solo","8":"tm-no-options","10":"first","11":"instock","12":"taxable","13":"shipping-taxable","14":"purchasable","15":"product-type-simple"},"acf":[],"_links":{"self":[{"href":"https:\/\/secureus.se\/es\/wp-json\/wp\/v2\/product\/162255","targetHints":{"allow":["GET"]}}],"collection":[{"href":"https:\/\/secureus.se\/es\/wp-json\/wp\/v2\/product"}],"about":[{"href":"https:\/\/secureus.se\/es\/wp-json\/wp\/v2\/types\/product"}],"wp:featuredmedia":[{"embeddable":true,"href":"https:\/\/secureus.se\/es\/wp-json\/wp\/v2\/media\/162254"}],"wp:attachment":[{"href":"https:\/\/secureus.se\/es\/wp-json\/wp\/v2\/media?parent=162255"}],"wp:term":[{"taxonomy":"product_brand","embeddable":true,"href":"https:\/\/secureus.se\/es\/wp-json\/wp\/v2\/product_brand?post=162255"},{"taxonomy":"product_cat","embeddable":true,"href":"https:\/\/secureus.se\/es\/wp-json\/wp\/v2\/product_cat?post=162255"},{"taxonomy":"product_tag","embeddable":true,"href":"https:\/\/secureus.se\/es\/wp-json\/wp\/v2\/product_tag?post=162255"}],"curies":[{"name":"wp","href":"https:\/\/api.w.org\/{rel}","templated":true}]}}