{"id":162257,"date":"2025-11-21T12:21:21","date_gmt":"2025-11-21T11:21:21","guid":{"rendered":"https:\/\/secureus.se\/universell-detektornedtagare-solo-200\/"},"modified":"2026-04-08T16:01:30","modified_gmt":"2026-04-08T14:01:30","slug":"universell-detektornedtagare-solo-200","status":"publish","type":"product","link":"https:\/\/secureus.se\/es\/universell-detektornedtagare-solo-200\/","title":{"rendered":"Detector universal removedor Solo 200"},"content":{"rendered":"<h1>Detector universal removedor Solo 200<\/h1>\n<h3 data-start=\"278\" data-end=\"324\">Extracci\u00f3n f\u00e1cil y segura de detectores<\/h3>\n<p data-start=\"325\" data-end=\"575\">El extractor de detectores universal Solo 200 est\u00e1 dise\u00f1ado para simplificar y agilizar la extracci\u00f3n de detectores de alarma contra incendios para servicio, mantenimiento o reemplazo.<\/p>\n<p data-start=\"325\" data-end=\"575\">Las garras ajustables proporcionan un buen agarre y se adaptan a la mayor\u00eda de los detectores comunes del mercado.<\/p>\n<h3 data-start=\"577\" data-end=\"610\">Uso flexible en altura<\/h3>\n<p data-start=\"611\" data-end=\"892\">La herramienta funciona port\u00e1til o montada en postes telesc\u00f3picos como Solo 101, Solo 110, Solo 111, Solo 108 y\/o Solo 100.<\/p>\n<p data-start=\"611\" data-end=\"892\">Esto permite alcanzar detectores en techos de hasta aproximadamente 9,3 m sin necesidad de utilizar una escalera, mejorando tanto la seguridad como la eficiencia en el lugar de trabajo.<\/p>\n<h3 data-start=\"894\" data-end=\"917\">Dise\u00f1o para profesionales<\/h3>\n<p data-start=\"918\" data-end=\"1199\">El dise\u00f1o universal con garras ajustables hace que el Solo 200 sea adecuado para una variedad de detectores e instalaciones.<\/p>\n<p data-start=\"918\" data-end=\"1199\">La construcci\u00f3n robusta soporta los rigores del uso frecuente y proporciona un agarre seguro para separar los detectores sin da\u00f1arlos ni la instalaci\u00f3n.<\/p>\n<h3 data-start=\"1201\" data-end=\"1228\">Ventajas de Solo 200<\/h3>\n<ul data-start=\"1229\" data-end=\"1430\">\n<li data-start=\"1229\" data-end=\"1279\">\n<p data-start=\"1231\" data-end=\"1279\">Se adapta a la mayor\u00eda de los tipos de detectores de alarma contra incendios.<\/p>\n<\/li>\n<li data-start=\"1280\" data-end=\"1316\">\n<p data-start=\"1282\" data-end=\"1316\">Garras ajustables para un agarre seguro.<\/p>\n<\/li>\n<li data-start=\"1317\" data-end=\"1377\">\n<p data-start=\"1319\" data-end=\"1377\">Se puede montar en m\u00faltiples postes telesc\u00f3picos para trabajar en altura.<\/p>\n<\/li>\n<li data-start=\"1378\" data-end=\"1430\">\n<p data-start=\"1380\" data-end=\"1430\">Mejora la eficiencia y la seguridad durante el servicio.<\/p>\n<\/li>\n<\/ul>\n<p data-start=\"1432\" data-end=\"1459\">ESPECIFICACIONES T\u00c9CNICAS:<\/p>\n<ul data-start=\"1460\" data-end=\"1740\">\n<li data-start=\"1460\" data-end=\"1501\">\n<p data-start=\"1462\" data-end=\"1501\">Producto: Removedor de detector universal<\/p>\n<\/li>\n<li data-start=\"1502\" data-end=\"1522\">\n<p data-start=\"1504\" data-end=\"1522\">Modelo: Solo 200<\/p>\n<\/li>\n<li data-start=\"1523\" data-end=\"1564\">\n<p data-start=\"1525\" data-end=\"1564\">Funci\u00f3n: Desmontar detectores de alarma contra incendios<\/p>\n<\/li>\n<li data-start=\"1565\" data-end=\"1613\">\n<p data-start=\"1567\" data-end=\"1613\">Garras: Ajustables para diferentes tama\u00f1os de detectores<\/p>\n<\/li>\n<li data-start=\"1614\" data-end=\"1682\">\n<p data-start=\"1616\" data-end=\"1682\">Compatible con: Solo 101, Solo 110, Solo 111, Solo 108, Solo 100<\/p>\n<\/li>\n<li data-start=\"1683\" data-end=\"1740\">\n<p data-start=\"1685\" data-end=\"1740\">Altura m\u00e1xima de trabajo: hasta aprox. 9,3 m con postes telesc\u00f3picos<\/p>\n<\/li>\n<\/ul>","protected":false},"excerpt":{"rendered":"<p>El extractor de detectores universal Solo 200 es una herramienta robusta para retirar detectores de alarma contra incendios de techos con garras ajustables.<\/p>\n<p>Se adapta a la mayor\u00eda de los tipos de detectores y se puede utilizar con postes de acceso para trabajos de hasta aproximadamente 9,3 m.<\/p>","protected":false},"featured_media":162256,"template":"","meta":{"_acf_changed":false},"product_brand":[],"product_cat":[2945,5088,2946],"product_tag":[],"class_list":{"0":"post-162257","1":"product","2":"type-product","3":"status-publish","4":"has-post-thumbnail","6":"product_cat-solo","7":"product_cat-solo-solo","8":"product_cat-testifire","9":"tm-no-options","11":"first","12":"instock","13":"taxable","14":"shipping-taxable","15":"purchasable","16":"product-type-simple"},"acf":[],"_links":{"self":[{"href":"https:\/\/secureus.se\/es\/wp-json\/wp\/v2\/product\/162257","targetHints":{"allow":["GET"]}}],"collection":[{"href":"https:\/\/secureus.se\/es\/wp-json\/wp\/v2\/product"}],"about":[{"href":"https:\/\/secureus.se\/es\/wp-json\/wp\/v2\/types\/product"}],"wp:featuredmedia":[{"embeddable":true,"href":"https:\/\/secureus.se\/es\/wp-json\/wp\/v2\/media\/162256"}],"wp:attachment":[{"href":"https:\/\/secureus.se\/es\/wp-json\/wp\/v2\/media?parent=162257"}],"wp:term":[{"taxonomy":"product_brand","embeddable":true,"href":"https:\/\/secureus.se\/es\/wp-json\/wp\/v2\/product_brand?post=162257"},{"taxonomy":"product_cat","embeddable":true,"href":"https:\/\/secureus.se\/es\/wp-json\/wp\/v2\/product_cat?post=162257"},{"taxonomy":"product_tag","embeddable":true,"href":"https:\/\/secureus.se\/es\/wp-json\/wp\/v2\/product_tag?post=162257"}],"curies":[{"name":"wp","href":"https:\/\/api.w.org\/{rel}","templated":true}]}}