{"id":162261,"date":"2025-11-21T12:16:48","date_gmt":"2025-11-21T11:16:48","guid":{"rendered":"https:\/\/secureus.se\/batteristav-solo-770-for-solo-461-testifire-1001-testifire-2001\/"},"modified":"2026-04-08T16:01:36","modified_gmt":"2026-04-08T14:01:36","slug":"batteristav-solo-770-for-solo-461-testifire-1001-testifire-2001","status":"publish","type":"product","link":"https:\/\/secureus.se\/es\/batteristav-solo-770-for-solo-461-testifire-1001-testifire-2001\/","title":{"rendered":"Varilla de bater\u00eda Solo 770 para Solo 461, Testifire 1001, Testifire 2001"},"content":{"rendered":"<h1>Varilla de bater\u00eda Solo 770 para Solo 461, Testifire 1001, Testifire 2001<\/h1>\n<h3 data-start=\"292\" data-end=\"339\">Bater\u00eda de larga duraci\u00f3n para equipos de prueba<\/h3>\n<p data-start=\"340\" data-end=\"660\">La bater\u00eda Solo 770 es una bater\u00eda recargable dise\u00f1ada espec\u00edficamente para su uso en probadores port\u00e1tiles como el Solo 461, Testifire 1001 y Testifire 2001.<\/p>\n<p data-start=\"340\" data-end=\"660\">La bater\u00eda est\u00e1 dise\u00f1ada para proporcionar un funcionamiento estable y duradero durante las pruebas de funcionamiento del detector, lo que la convierte en un componente esencial para t\u00e9cnicos y personal de servicio.<\/p>\n<h3 data-start=\"662\" data-end=\"697\">Compatibilidad y uso<\/h3>\n<p data-start=\"698\" data-end=\"989\">Solo 770 se incluye de serie en los kits para los comprobadores multicriterio Testifire 1000\/1001 y Testifire 2000\/2001 y en el comprobador de detectores de calor Solo 461.<\/p>\n<p data-start=\"698\" data-end=\"989\">Esto hace que la varilla de bater\u00eda sea una soluci\u00f3n vers\u00e1til para diferentes tipos de pruebas de detectores, ya sea que est\u00e9 probando detectores de humo, calor o de criterios m\u00faltiples.<\/p>\n<h3 data-start=\"991\" data-end=\"1023\">Carga y todos los beneficios<\/h3>\n<p data-start=\"1024\" data-end=\"1276\">La bater\u00eda solo se puede cargar con el cargador r\u00e1pido. <strong data-start=\"1074\" data-end=\"1086\">Solo 727<\/strong>, proporcionando un control de carga \u00f3ptimo y seguro.<\/p>\n<p data-start=\"1024\" data-end=\"1276\">Con el cargador adecuado, obtendr\u00e1 una r\u00e1pida restauraci\u00f3n de la capacidad de la bater\u00eda entre turnos de trabajo, lo que reduce el tiempo de inactividad en el lugar de trabajo.<\/p>\n<h3 data-start=\"1278\" data-end=\"1305\">Ventajas del Solo 770<\/h3>\n<ul data-start=\"1306\" data-end=\"1527\">\n<li data-start=\"1306\" data-end=\"1364\">\n<p data-start=\"1308\" data-end=\"1364\">Bater\u00eda recargable para comprobadores con largo tiempo de funcionamiento<\/p>\n<\/li>\n<li data-start=\"1365\" data-end=\"1419\">\n<p data-start=\"1367\" data-end=\"1419\">Compatible con Solo 461, Testifire 1001 y Testifire 2001<\/p>\n<\/li>\n<li data-start=\"1420\" data-end=\"1470\">\n<p data-start=\"1422\" data-end=\"1470\">Incluido en varios kits de prueba de Solo\/Testifire<\/p>\n<\/li>\n<li data-start=\"1471\" data-end=\"1527\">\n<p data-start=\"1473\" data-end=\"1527\">Cargue con el cargador r\u00e1pido Solo 727 para obtener el mejor rendimiento<\/p>\n<\/li>\n<\/ul>\n<p data-start=\"1529\" data-end=\"1556\"><strong>ESPECIFICACIONES T\u00c9CNICAS:<\/strong><\/p>\n<ul data-start=\"1557\" data-end=\"1820\">\n<li data-start=\"1557\" data-end=\"1598\">\n<p data-start=\"1559\" data-end=\"1598\">Producto: Varilla de bater\u00eda, recargable<\/p>\n<\/li>\n<li data-start=\"1599\" data-end=\"1619\">\n<p data-start=\"1601\" data-end=\"1619\">Modelo: Solo 770<\/p>\n<\/li>\n<li data-start=\"1620\" data-end=\"1680\">\n<p data-start=\"1622\" data-end=\"1680\">Compatible con: Solo 461, Testifire 1001, Testifire 2001<\/p>\n<\/li>\n<li data-start=\"1681\" data-end=\"1721\">\n<p data-start=\"1683\" data-end=\"1721\">Incluido en: Kit de prueba Solo\/Testifire<\/p>\n<\/li>\n<li data-start=\"1722\" data-end=\"1768\">\n<p data-start=\"1724\" data-end=\"1768\">Carga: Solo con cargador r\u00e1pido Solo 727<\/p>\n<\/li>\n<li data-start=\"1769\" data-end=\"1820\">\n<p data-start=\"1771\" data-end=\"1820\">Aplicaci\u00f3n: Fuente de alimentaci\u00f3n para probar detectores.<\/p>\n<\/li>\n<\/ul>","protected":false},"excerpt":{"rendered":"<p>La bater\u00eda Solo 770 es una bater\u00eda recargable para Solo 461, Testifire 1001 y Testifire 2001.<\/p>\n<p>Se incluye en el kit de comprobaci\u00f3n de detectores de calor y criterios m\u00faltiples y proporciona energ\u00eda confiable para pruebas en el sitio.<\/p>\n<p>S\u00f3lo se puede cargar con el cargador r\u00e1pido Solo 727.<\/p>","protected":false},"featured_media":162260,"template":"","meta":{"_acf_changed":false},"product_brand":[],"product_cat":[2945,5088,5074,2946],"product_tag":[],"class_list":{"0":"post-162261","1":"product","2":"type-product","3":"status-publish","4":"has-post-thumbnail","6":"product_cat-solo","7":"product_cat-solo-solo","8":"product_cat-stromforsorjning-professionella-verktyg-for-prov-och-underhall","9":"product_cat-testifire","10":"tm-no-options","12":"first","13":"instock","14":"taxable","15":"shipping-taxable","16":"purchasable","17":"product-type-simple"},"acf":[],"_links":{"self":[{"href":"https:\/\/secureus.se\/es\/wp-json\/wp\/v2\/product\/162261","targetHints":{"allow":["GET"]}}],"collection":[{"href":"https:\/\/secureus.se\/es\/wp-json\/wp\/v2\/product"}],"about":[{"href":"https:\/\/secureus.se\/es\/wp-json\/wp\/v2\/types\/product"}],"wp:featuredmedia":[{"embeddable":true,"href":"https:\/\/secureus.se\/es\/wp-json\/wp\/v2\/media\/162260"}],"wp:attachment":[{"href":"https:\/\/secureus.se\/es\/wp-json\/wp\/v2\/media?parent=162261"}],"wp:term":[{"taxonomy":"product_brand","embeddable":true,"href":"https:\/\/secureus.se\/es\/wp-json\/wp\/v2\/product_brand?post=162261"},{"taxonomy":"product_cat","embeddable":true,"href":"https:\/\/secureus.se\/es\/wp-json\/wp\/v2\/product_cat?post=162261"},{"taxonomy":"product_tag","embeddable":true,"href":"https:\/\/secureus.se\/es\/wp-json\/wp\/v2\/product_tag?post=162261"}],"curies":[{"name":"wp","href":"https:\/\/api.w.org\/{rel}","templated":true}]}}