{"id":162265,"date":"2025-11-21T12:27:42","date_gmt":"2025-11-21T11:27:42","guid":{"rendered":"https:\/\/secureus.se\/genomskinlig-kopp-memban-for-solo-365-spare-1058-001\/"},"modified":"2026-04-08T16:00:46","modified_gmt":"2026-04-08T14:00:46","slug":"genomskinlig-kopp-memban-for-solo-365-spare-1058-001","status":"publish","type":"product","link":"https:\/\/secureus.se\/es\/genomskinlig-kopp-memban-for-solo-365-spare-1058-001\/","title":{"rendered":"Vaso transparente y membrana para Solo 365 \u2013 Repuesto 1058-001"},"content":{"rendered":"<h1>Vaso transparente y membrana para Solo 365 \u2013 Repuesto 1058-001<\/h1>\n<h3 data-start=\"282\" data-end=\"329\">Pieza de repuesto para comprobador de detector de humo Solo 365<\/h3>\n<p data-start=\"330\" data-end=\"584\">El vaso transparente y la membrana de repuesto 1058-001 son una pieza de repuesto importante para el comprobador Solo 365.<\/p>\n<p data-start=\"330\" data-end=\"584\">El dise\u00f1o funcional garantiza que la prueba se realice correctamente al encapsular el humo y crear el punto de contacto correcto con el detector de humo durante la prueba funcional.<\/p>\n<h3 data-start=\"586\" data-end=\"627\">Para unas pruebas mejores y m\u00e1s eficientes<\/h3>\n<p data-start=\"628\" data-end=\"952\">Con el uso regular del Solo 365, la copa y la membrana pueden desgastarse o contaminarse, lo que puede afectar la precisi\u00f3n de la prueba.<\/p>\n<p data-start=\"628\" data-end=\"952\">Al reemplazarlo con una taza y membrana transparentes, se obtiene una visibilidad y un funcionamiento \u00f3ptimos durante cada prueba, lo que es crucial para garantizar que los detectores de humo funcionen correctamente.<\/p>\n<h3 data-start=\"954\" data-end=\"978\">F\u00e1cil instalaci\u00f3n<\/h3>\n<p data-start=\"979\" data-end=\"1185\">Esta pieza de repuesto es f\u00e1cil de instalar en el comprobador Solo 365 y no requiere herramientas especiales.<\/p>\n<p data-start=\"979\" data-end=\"1185\">El dise\u00f1o transparente tambi\u00e9n proporciona una buena visibilidad durante las pruebas y facilita la realizaci\u00f3n de pruebas consistentes.<\/p>\n<h3 data-start=\"1187\" data-end=\"1220\">Ventajas del repuesto 1058-001<\/h3>\n<ul data-start=\"1221\" data-end=\"1399\">\n<li data-start=\"1221\" data-end=\"1256\">\n<p data-start=\"1223\" data-end=\"1256\">Pieza de repuesto para el probador Solo 365<\/p>\n<\/li>\n<li data-start=\"1257\" data-end=\"1306\">\n<p data-start=\"1259\" data-end=\"1306\">Vaso transparente y membrana para mejor visibilidad.<\/p>\n<\/li>\n<li data-start=\"1307\" data-end=\"1348\">\n<p data-start=\"1309\" data-end=\"1348\">Garantiza pruebas funcionales correctas<\/p>\n<\/li>\n<li data-start=\"1349\" data-end=\"1399\">\n<p data-start=\"1351\" data-end=\"1399\">F\u00e1cil de reemplazar en caso de desgaste o contaminaci\u00f3n.<\/p>\n<\/li>\n<\/ul>\n<p data-start=\"1401\" data-end=\"1428\">ESPECIFICACIONES T\u00c9CNICAS:<\/p>\n<ul data-start=\"1429\" data-end=\"1621\">\n<li data-start=\"1429\" data-end=\"1456\">\n<p data-start=\"1431\" data-end=\"1456\">Producto: Copa y diafragma<\/p>\n<\/li>\n<li data-start=\"1457\" data-end=\"1483\">\n<p data-start=\"1459\" data-end=\"1483\">Modelo: Repuesto 1058-001<\/p>\n<\/li>\n<li data-start=\"1484\" data-end=\"1512\">\n<p data-start=\"1486\" data-end=\"1512\">Se adapta a: Solo 365 prueba<\/p>\n<\/li>\n<li data-start=\"1513\" data-end=\"1566\">\n<p data-start=\"1515\" data-end=\"1566\">Material: Pl\u00e1stico transparente (vaso) y membrana.<\/p>\n<\/li>\n<li data-start=\"1567\" data-end=\"1621\">\n<p data-start=\"1569\" data-end=\"1621\">Funci\u00f3n: garantizar un sellado adecuado durante las pruebas.<\/p>\n<\/li>\n<\/ul>","protected":false},"excerpt":{"rendered":"<p>La copa transparente y la membrana (repuesto 1058-001) son una pieza de repuesto para el probador de detector de humo Solo 365.<\/p>\n<p>Se utiliza para contener el humo de prueba y garantizar un contacto adecuado con el detector durante la prueba.<\/p>\n<p>Adecuado para instaladores y personal de servicio.<\/p>","protected":false},"featured_media":162264,"template":"","meta":{"_acf_changed":false},"product_brand":[],"product_cat":[5072,5089],"product_tag":[],"class_list":{"0":"post-162265","1":"product","2":"type-product","3":"status-publish","4":"has-post-thumbnail","6":"product_cat-solo-365","7":"product_cat-solo-365-solo-365","8":"tm-no-options","10":"first","11":"instock","12":"taxable","13":"shipping-taxable","14":"purchasable","15":"product-type-simple"},"acf":[],"_links":{"self":[{"href":"https:\/\/secureus.se\/es\/wp-json\/wp\/v2\/product\/162265","targetHints":{"allow":["GET"]}}],"collection":[{"href":"https:\/\/secureus.se\/es\/wp-json\/wp\/v2\/product"}],"about":[{"href":"https:\/\/secureus.se\/es\/wp-json\/wp\/v2\/types\/product"}],"wp:featuredmedia":[{"embeddable":true,"href":"https:\/\/secureus.se\/es\/wp-json\/wp\/v2\/media\/162264"}],"wp:attachment":[{"href":"https:\/\/secureus.se\/es\/wp-json\/wp\/v2\/media?parent=162265"}],"wp:term":[{"taxonomy":"product_brand","embeddable":true,"href":"https:\/\/secureus.se\/es\/wp-json\/wp\/v2\/product_brand?post=162265"},{"taxonomy":"product_cat","embeddable":true,"href":"https:\/\/secureus.se\/es\/wp-json\/wp\/v2\/product_cat?post=162265"},{"taxonomy":"product_tag","embeddable":true,"href":"https:\/\/secureus.se\/es\/wp-json\/wp\/v2\/product_tag?post=162265"}],"curies":[{"name":"wp","href":"https:\/\/api.w.org\/{rel}","templated":true}]}}