{"id":162267,"date":"2025-11-21T12:16:48","date_gmt":"2025-11-21T11:16:48","guid":{"rendered":"https:\/\/secureus.se\/forlangningskabel-5-m-solo-425\/"},"modified":"2026-04-08T16:01:40","modified_gmt":"2026-04-08T14:01:40","slug":"forlangningskabel-5-m-solo-425","status":"publish","type":"product","link":"https:\/\/secureus.se\/es\/forlangningskabel-5-m-solo-425\/","title":{"rendered":"Cable alargador de 5 m Solo 425"},"content":{"rendered":"<h1>Cable alargador de 5 m Solo 425<\/h1>\n<h3 data-start=\"277\" data-end=\"313\">Cable de extensi\u00f3n para Solo 424<\/h3>\n<p data-start=\"314\" data-end=\"560\">Solo 425 es un cable de extensi\u00f3n de 5 metros dise\u00f1ado para comprobadores VD alimentados por red el\u00e9ctrica Solo 424.<\/p>\n<p data-start=\"314\" data-end=\"560\">Cuando necesita alcance adicional al probar detectores de calor, este cable facilita alcanzar m\u00faltiples puntos de prueba sin mover constantemente la conexi\u00f3n de alimentaci\u00f3n.<\/p>\n<h3 data-start=\"562\" data-end=\"596\">Uso flexible en el sitio<\/h3>\n<p data-start=\"597\" data-end=\"826\">El cable de extensi\u00f3n le brinda m\u00e1s libertad cuando trabaja en habitaciones o edificios m\u00e1s grandes con pocas tomas de corriente.<\/p>\n<p data-start=\"597\" data-end=\"826\">Funciona en conjunto con Solo 424 y permite colocar el comprobador donde sea necesario, incluso si la toma de pared est\u00e1 a cierta distancia.<\/p>\n<h3 data-start=\"828\" data-end=\"855\">Ventajas del Solo 425<\/h3>\n<ul data-start=\"856\" data-end=\"999\">\n<li data-start=\"856\" data-end=\"893\">\n<p data-start=\"858\" data-end=\"893\">Cable adicional de 5 m para mayor alcance<\/p>\n<\/li>\n<li data-start=\"894\" data-end=\"924\">\n<p data-start=\"896\" data-end=\"924\">Compatible con el comprobador Solo 424 VD<\/p>\n<\/li>\n<li data-start=\"925\" data-end=\"958\">\n<p data-start=\"927\" data-end=\"958\">F\u00e1cil de usar y conectar<\/p>\n<\/li>\n<li data-start=\"959\" data-end=\"999\">\n<p data-start=\"961\" data-end=\"999\">Mejora la eficiencia en las pruebas<\/p>\n<\/li>\n<\/ul>\n<p data-start=\"1001\" data-end=\"1028\"><strong>ESPECIFICACIONES T\u00c9CNICAS:<\/strong><\/p>\n<ul data-start=\"1029\" data-end=\"1178\">\n<li data-start=\"1029\" data-end=\"1059\">\n<p data-start=\"1031\" data-end=\"1059\">Producto: Cable de extensi\u00f3n<\/p>\n<\/li>\n<li data-start=\"1060\" data-end=\"1080\">\n<p data-start=\"1062\" data-end=\"1080\">Modelo: Solo 425<\/p>\n<\/li>\n<li data-start=\"1081\" data-end=\"1095\">\n<p data-start=\"1083\" data-end=\"1095\">Longitud: 5 m<\/p>\n<\/li>\n<li data-start=\"1096\" data-end=\"1132\">\n<p data-start=\"1098\" data-end=\"1132\">Utilizado con: Comprobador Solo 424 VD<\/p>\n<\/li>\n<li data-start=\"1133\" data-end=\"1178\">\n<p data-start=\"1135\" data-end=\"1178\">Funci\u00f3n: Aumenta el rango de conexi\u00f3n de red<\/p>\n<\/li>\n<\/ul>","protected":false},"excerpt":{"rendered":"<p>El cable de extensi\u00f3n Solo 425 es un cable de red de 5 m de longitud para aumentar el alcance del comprobador VD Solo 424 al probar el funcionamiento de los detectores de calor.<\/p>\n<p>Proporciona mayor flexibilidad al trabajar en superficies m\u00e1s grandes. Ideal para instaladores y personal de servicio.<\/p>","protected":false},"featured_media":162266,"template":"","meta":{"_acf_changed":false},"product_brand":[],"product_cat":[2945,5088,5074],"product_tag":[],"class_list":{"0":"post-162267","1":"product","2":"type-product","3":"status-publish","4":"has-post-thumbnail","6":"product_cat-solo","7":"product_cat-solo-solo","8":"product_cat-stromforsorjning-professionella-verktyg-for-prov-och-underhall","9":"tm-no-options","11":"first","12":"instock","13":"taxable","14":"shipping-taxable","15":"purchasable","16":"product-type-simple"},"acf":[],"_links":{"self":[{"href":"https:\/\/secureus.se\/es\/wp-json\/wp\/v2\/product\/162267","targetHints":{"allow":["GET"]}}],"collection":[{"href":"https:\/\/secureus.se\/es\/wp-json\/wp\/v2\/product"}],"about":[{"href":"https:\/\/secureus.se\/es\/wp-json\/wp\/v2\/types\/product"}],"wp:featuredmedia":[{"embeddable":true,"href":"https:\/\/secureus.se\/es\/wp-json\/wp\/v2\/media\/162266"}],"wp:attachment":[{"href":"https:\/\/secureus.se\/es\/wp-json\/wp\/v2\/media?parent=162267"}],"wp:term":[{"taxonomy":"product_brand","embeddable":true,"href":"https:\/\/secureus.se\/es\/wp-json\/wp\/v2\/product_brand?post=162267"},{"taxonomy":"product_cat","embeddable":true,"href":"https:\/\/secureus.se\/es\/wp-json\/wp\/v2\/product_cat?post=162267"},{"taxonomy":"product_tag","embeddable":true,"href":"https:\/\/secureus.se\/es\/wp-json\/wp\/v2\/product_tag?post=162267"}],"curies":[{"name":"wp","href":"https:\/\/api.w.org\/{rel}","templated":true}]}}