{"id":162269,"date":"2025-11-21T12:16:48","date_gmt":"2025-11-21T11:16:48","guid":{"rendered":"https:\/\/secureus.se\/snabbladdare-solo-727-for-batteri-solo-770\/"},"modified":"2026-04-08T16:01:46","modified_gmt":"2026-04-08T14:01:46","slug":"snabbladdare-solo-727-for-batteri-solo-770","status":"publish","type":"product","link":"https:\/\/secureus.se\/es\/snabbladdare-solo-727-for-batteri-solo-770\/","title":{"rendered":"Cargador r\u00e1pido Solo 727 para bater\u00eda Solo 770"},"content":{"rendered":"<h1>Cargador r\u00e1pido Solo 727 para bater\u00eda Solo 770<\/h1>\n<h3 data-start=\"360\" data-end=\"403\">Cargador r\u00e1pido para varilla de bater\u00eda Solo 770<\/h3>\n<p data-start=\"404\" data-end=\"802\">El Solo 727 es un cargador r\u00e1pido desarrollado espec\u00edficamente para las bater\u00edas recargables Solo 770.<\/p>\n<p data-start=\"404\" data-end=\"802\">Estas bater\u00edas se utilizan en comprobadores de detectores port\u00e1tiles como el Solo 461 (comprobador de detector de calor) y en los comprobadores de criterios m\u00faltiples. <strong data-start=\"610\" data-end=\"633\">Testifire 1000\/1001<\/strong> y <strong data-start=\"638\" data-end=\"661\">Prueba de fuego 2000\/2001<\/strong>, lo que convierte al Solo 727 en un accesorio esencial para mantener su equipo de prueba listo para trabajar.<\/p>\n<h3 data-start=\"804\" data-end=\"837\">Carga r\u00e1pida y flexible<\/h3>\n<p data-start=\"838\" data-end=\"1183\">El cargador se puede conectar directamente a una toma de pared est\u00e1ndar de 230 V o a una toma de veh\u00edculo de 12 V, lo que proporciona flexibilidad en el lugar de trabajo.<\/p>\n<p data-start=\"838\" data-end=\"1183\">Est\u00e1 dise\u00f1ado para proporcionar una carga r\u00e1pida y segura para el Solo 770, y la marca roja en el cable facilita la identificaci\u00f3n de la conexi\u00f3n correcta para la bater\u00eda.<\/p>\n<h3 data-start=\"1185\" data-end=\"1237\">Fuente de alimentaci\u00f3n fiable y f\u00e1cil de usar<\/h3>\n<p data-start=\"1238\" data-end=\"1525\">Con Solo 727, obtiene una soluci\u00f3n de carga estable que minimiza el tiempo de inactividad y garantiza que sus bater\u00edas est\u00e9n listas cuando las necesite.<\/p>\n<p data-start=\"1238\" data-end=\"1525\">Esto facilita la prueba de detectores de humo, calor y CO durante la instalaci\u00f3n, el servicio o el mantenimiento.<\/p>\n<p data-start=\"1527\" data-end=\"1554\">ESPECIFICACIONES T\u00c9CNICAS:<\/p>\n<ul data-start=\"1555\" data-end=\"1946\">\n<li data-start=\"1555\" data-end=\"1596\">\n<p data-start=\"1557\" data-end=\"1596\">Producto: Cargador de bater\u00eda\/cargador r\u00e1pido<\/p>\n<\/li>\n<li data-start=\"1597\" data-end=\"1621\">\n<p data-start=\"1599\" data-end=\"1621\">Modelo: Solo 727\u2011001<\/p>\n<\/li>\n<li data-start=\"1622\" data-end=\"1686\">\n<p data-start=\"1624\" data-end=\"1686\">El paquete incluye: Cargador r\u00e1pido Solo 727 para Solo 770<\/p>\n<\/li>\n<li data-start=\"1687\" data-end=\"1727\">\n<p data-start=\"1689\" data-end=\"1727\">Compatibilidad: Bater\u00eda Solo 770<\/p>\n<\/li>\n<li data-start=\"1728\" data-end=\"1792\">\n<p data-start=\"1730\" data-end=\"1792\">Alimentaci\u00f3n: conexi\u00f3n de pared de 230 V y toma de veh\u00edculo de 12 V<\/p>\n<\/li>\n<li data-start=\"1793\" data-end=\"1859\">\n<p data-start=\"1795\" data-end=\"1859\">Funci\u00f3n: Carga de la bater\u00eda Solo 770 para equipos de prueba<\/p>\n<\/li>\n<li data-start=\"1860\" data-end=\"1946\">\n<p data-start=\"1862\" data-end=\"1946\">Uso: Carga \u00fanicamente la bater\u00eda del Solo 770<\/p>\n<\/li>\n<\/ul>","protected":false},"excerpt":{"rendered":"<p data-start=\"0\" data-end=\"338\">El cargador r\u00e1pido Solo 727 es un cargador de bater\u00eda dise\u00f1ado para la varilla de bater\u00eda Solo 770 utilizada en equipos de prueba como las series Solo 461 y Testifire.<\/p>\n<p data-start=\"0\" data-end=\"338\">Carga la bater\u00eda r\u00e1pidamente desde 230 V o 12 V.<\/p>\n<p data-start=\"0\" data-end=\"338\">Adecuado para t\u00e9cnicos y personal de servicio que necesitan un suministro de energ\u00eda r\u00e1pido y confiable.<\/p>\n<p data-start=\"340\" data-end=\"359\">","protected":false},"featured_media":162268,"template":"","meta":{"_acf_changed":false},"product_brand":[],"product_cat":[2945,5088,5074,2946],"product_tag":[],"class_list":{"0":"post-162269","1":"product","2":"type-product","3":"status-publish","4":"has-post-thumbnail","6":"product_cat-solo","7":"product_cat-solo-solo","8":"product_cat-stromforsorjning-professionella-verktyg-for-prov-och-underhall","9":"product_cat-testifire","10":"tm-no-options","12":"first","13":"instock","14":"taxable","15":"shipping-taxable","16":"purchasable","17":"product-type-simple"},"acf":[],"_links":{"self":[{"href":"https:\/\/secureus.se\/es\/wp-json\/wp\/v2\/product\/162269","targetHints":{"allow":["GET"]}}],"collection":[{"href":"https:\/\/secureus.se\/es\/wp-json\/wp\/v2\/product"}],"about":[{"href":"https:\/\/secureus.se\/es\/wp-json\/wp\/v2\/types\/product"}],"wp:featuredmedia":[{"embeddable":true,"href":"https:\/\/secureus.se\/es\/wp-json\/wp\/v2\/media\/162268"}],"wp:attachment":[{"href":"https:\/\/secureus.se\/es\/wp-json\/wp\/v2\/media?parent=162269"}],"wp:term":[{"taxonomy":"product_brand","embeddable":true,"href":"https:\/\/secureus.se\/es\/wp-json\/wp\/v2\/product_brand?post=162269"},{"taxonomy":"product_cat","embeddable":true,"href":"https:\/\/secureus.se\/es\/wp-json\/wp\/v2\/product_cat?post=162269"},{"taxonomy":"product_tag","embeddable":true,"href":"https:\/\/secureus.se\/es\/wp-json\/wp\/v2\/product_tag?post=162269"}],"curies":[{"name":"wp","href":"https:\/\/api.w.org\/{rel}","templated":true}]}}