{"id":162271,"date":"2025-11-21T12:10:22","date_gmt":"2025-11-21T11:10:22","guid":{"rendered":"https:\/\/secureus.se\/teleskopstang-4-segment-175-m-roka-webbutik\/"},"modified":"2026-04-08T16:01:51","modified_gmt":"2026-04-08T14:01:51","slug":"teleskopstang-4-segment-175-m-roka-webbutik","status":"publish","type":"product","link":"https:\/\/secureus.se\/es\/teleskopstang-4-segment-175-m-roka-webbutik\/","title":{"rendered":"P\u00e9rtiga telesc\u00f3pica de 4 segmentos, 1,75 m"},"content":{"rendered":"<h1>P\u00e9rtiga telesc\u00f3pica de 4 segmentos, 1,75 m | Tienda online de Roka<\/h1>\n<h3 data-start=\"257\" data-end=\"301\">Varilla telesc\u00f3pica f\u00e1cil de usar para realizar pruebas.<\/h3>\n<p data-start=\"302\" data-end=\"551\">La p\u00e9rtiga telesc\u00f3pica Solo 110 es una herramienta pr\u00e1ctica y liviana para alcanzar detectores en techos sin el uso de una escalera.<\/p>\n<p data-start=\"302\" data-end=\"551\">Est\u00e1 dise\u00f1ado para realizar pruebas con equipos Solo y facilita la realizaci\u00f3n de pruebas de detectores de humo, calor y CO a alturas de techo normales.<\/p>\n<h3 data-start=\"553\" data-end=\"591\">Construcci\u00f3n flexible y robusta<\/h3>\n<p data-start=\"592\" data-end=\"828\">El poste telesc\u00f3pico tiene cuatro segmentos ajustables que se pueden extender y bloquear f\u00e1cilmente en la posici\u00f3n deseada.<\/p>\n<p data-start=\"592\" data-end=\"828\">En su posici\u00f3n m\u00e1s peque\u00f1a, el poste es compacto y f\u00e1cil de manejar, al tiempo que ofrece alcance suficiente para la mayor\u00eda de los entornos de instalaci\u00f3n.<\/p>\n<h3 data-start=\"830\" data-end=\"861\">Combinar para mayor altura<\/h3>\n<p data-start=\"862\" data-end=\"1048\">El Solo 110 proporciona un alcance de hasta aproximadamente 3,25 m de altura de techo cuando se prueba.<\/p>\n<p data-start=\"862\" data-end=\"1048\">Si necesitas llegar a\u00fan m\u00e1s alto, puedes usarlo junto con una barra fija como <strong data-start=\"1006\" data-end=\"1018\">Solo 111<\/strong> para alcanzar hasta unos 4,7 m.<\/p>\n<h3 data-start=\"1050\" data-end=\"1077\">Ventajas del Solo 110<\/h3>\n<ul data-start=\"1078\" data-end=\"1259\">\n<li data-start=\"1078\" data-end=\"1125\">\n<p data-start=\"1080\" data-end=\"1125\">Poste telesc\u00f3pico ligero y flexible con 4 segmentos<\/p>\n<\/li>\n<li data-start=\"1126\" data-end=\"1165\">\n<p data-start=\"1128\" data-end=\"1165\">Alcance hasta aprox. 3,25 m de altura del techo<\/p>\n<\/li>\n<li data-start=\"1166\" data-end=\"1211\">\n<p data-start=\"1168\" data-end=\"1211\">F\u00e1cil de ajustar y bloquear a la longitud deseada.<\/p>\n<\/li>\n<li data-start=\"1212\" data-end=\"1259\">\n<p data-start=\"1214\" data-end=\"1259\">Se adapta a la herramienta de prueba del detector Solo<\/p>\n<\/li>\n<\/ul>\n<p data-start=\"1261\" data-end=\"1288\">ESPECIFICACIONES T\u00c9CNICAS:<\/p>\n<ul data-start=\"1289\" data-end=\"1459\">\n<li data-start=\"1289\" data-end=\"1315\">\n<p data-start=\"1291\" data-end=\"1315\">Producto: Poste telesc\u00f3pico<\/p>\n<\/li>\n<li data-start=\"1316\" data-end=\"1336\">\n<p data-start=\"1318\" data-end=\"1336\">Modelo: Solo 110<\/p>\n<\/li>\n<li data-start=\"1337\" data-end=\"1359\">\n<p data-start=\"1339\" data-end=\"1359\">Segmentos: 4 piezas<\/p>\n<\/li>\n<li data-start=\"1360\" data-end=\"1404\">\n<p data-start=\"1362\" data-end=\"1404\">Alcance m\u00e1ximo: hasta aprox. 3,25 m de altura del techo<\/p>\n<\/li>\n<li data-start=\"1405\" data-end=\"1459\">\n<p data-start=\"1407\" data-end=\"1459\">Compatible con: Herramienta de prueba individual (humo, calor, CO)<\/p>\n<\/li>\n<\/ul>","protected":false},"excerpt":{"rendered":"<p>El m\u00e1stil telesc\u00f3pico Solo 110 es un m\u00e1stil telesc\u00f3pico corto y ligero de 4 segmentos que permite alcanzar una altura de techo de hasta aproximadamente 3,25 m durante las pruebas.<\/p>\n<p>Es f\u00e1cil de usar y adecuado para probar herramientas para detectores de incendios.<\/p>","protected":false},"featured_media":162270,"template":"","meta":{"_acf_changed":false},"product_brand":[],"product_cat":[2945,5070,5088,5072,5089,2946],"product_tag":[],"class_list":{"0":"post-162271","1":"product","2":"type-product","3":"status-publish","4":"has-post-thumbnail","6":"product_cat-solo","7":"product_cat-provstanger","8":"product_cat-solo-solo","9":"product_cat-solo-365","10":"product_cat-solo-365-solo-365","11":"product_cat-testifire","12":"tm-no-options","14":"first","15":"onbackorder","16":"taxable","17":"shipping-taxable","18":"purchasable","19":"product-type-simple"},"acf":[],"_links":{"self":[{"href":"https:\/\/secureus.se\/es\/wp-json\/wp\/v2\/product\/162271","targetHints":{"allow":["GET"]}}],"collection":[{"href":"https:\/\/secureus.se\/es\/wp-json\/wp\/v2\/product"}],"about":[{"href":"https:\/\/secureus.se\/es\/wp-json\/wp\/v2\/types\/product"}],"wp:featuredmedia":[{"embeddable":true,"href":"https:\/\/secureus.se\/es\/wp-json\/wp\/v2\/media\/162270"}],"wp:attachment":[{"href":"https:\/\/secureus.se\/es\/wp-json\/wp\/v2\/media?parent=162271"}],"wp:term":[{"taxonomy":"product_brand","embeddable":true,"href":"https:\/\/secureus.se\/es\/wp-json\/wp\/v2\/product_brand?post=162271"},{"taxonomy":"product_cat","embeddable":true,"href":"https:\/\/secureus.se\/es\/wp-json\/wp\/v2\/product_cat?post=162271"},{"taxonomy":"product_tag","embeddable":true,"href":"https:\/\/secureus.se\/es\/wp-json\/wp\/v2\/product_tag?post=162271"}],"curies":[{"name":"wp","href":"https:\/\/api.w.org\/{rel}","templated":true}]}}