{"id":162277,"date":"2025-11-21T12:10:19","date_gmt":"2025-11-21T11:10:19","guid":{"rendered":"https:\/\/secureus.se\/provstangsforlangare-113-m-solo-101-for-solo-och-testifire-produkterna\/"},"modified":"2026-04-08T16:02:05","modified_gmt":"2026-04-08T14:02:05","slug":"provstangsforlangare-113-m-solo-101-for-solo-och-testifire-produkterna","status":"publish","type":"product","link":"https:\/\/secureus.se\/es\/provstangsforlangare-113-m-solo-101-for-solo-och-testifire-produkterna\/","title":{"rendered":"Extensi\u00f3n de varilla de prueba de 1,13 m \u2013 Solo 101 para productos Solo y Testifire"},"content":{"rendered":"<h1>Extensi\u00f3n de varilla de prueba de 1,13 m \u2013 Solo 101 para productos Solo y Testifire<\/h1>\n<h3 data-start=\"262\" data-end=\"312\">Extiende tu p\u00e9rtiga telesc\u00f3pica para mayor alcance.<\/h3>\n<p data-start=\"313\" data-end=\"507\">El extensor de varilla de prueba Solo 101 est\u00e1 dise\u00f1ado para proporcionar un mayor alcance al probar detectores de humo, calor y mon\u00f3xido de carbono.<\/p>\n<p data-start=\"313\" data-end=\"507\">Es compatible principalmente con el modelo Solo 110, pero tambi\u00e9n se puede utilizar con los modelos Solo 108 y Solo 100.<\/p>\n<h3 data-start=\"509\" data-end=\"534\">Uso flexible<\/h3>\n<p data-start=\"535\" data-end=\"782\">Cada extensor mide 0,5 m de largo y se pueden conectar hasta tres piezas, lo que permite una altura adicional total de 1,5 m.<\/p>\n<p data-start=\"535\" data-end=\"782\">Esto facilita el acceso a los detectores situados en altura sin necesidad de escaleras y aumenta la eficiencia durante el mantenimiento y la instalaci\u00f3n.<\/p>\n<h3 data-start=\"784\" data-end=\"811\">Beneficios de Solo 101<\/h3>\n<ul data-start=\"812\" data-end=\"1030\">\n<li data-start=\"812\" data-end=\"861\">\n<p data-start=\"814\" data-end=\"861\">Extiende los postes telesc\u00f3picos 0,5 m por unidad.<\/p>\n<\/li>\n<li data-start=\"862\" data-end=\"912\">\n<p data-start=\"864\" data-end=\"912\">Compatible con Solo 110, Solo 108 y Solo 100.<\/p>\n<\/li>\n<li data-start=\"913\" data-end=\"981\">\n<p data-start=\"915\" data-end=\"981\">Se pueden conectar hasta 3 piezas para un alcance adicional total de 1,5 m.<\/p>\n<\/li>\n<li data-start=\"982\" data-end=\"1030\">\n<p data-start=\"984\" data-end=\"1030\">F\u00e1cil y c\u00f3modo de usar en el lugar de trabajo.<\/p>\n<\/li>\n<\/ul>\n<p data-start=\"1032\" data-end=\"1059\">ESPECIFICACIONES T\u00c9CNICAS:<\/p>\n<ul data-start=\"1060\" data-end=\"1309\">\n<li data-start=\"1060\" data-end=\"1093\">\n<p data-start=\"1062\" data-end=\"1093\">Producto: Extensor de varilla de prueba<\/p>\n<\/li>\n<li data-start=\"1094\" data-end=\"1114\">\n<p data-start=\"1096\" data-end=\"1114\">Modelo: Solo 101<\/p>\n<\/li>\n<li data-start=\"1115\" data-end=\"1141\">\n<p data-start=\"1117\" data-end=\"1141\">Longitud por unidad: 0,5 m<\/p>\n<\/li>\n<li data-start=\"1142\" data-end=\"1190\">\n<p data-start=\"1144\" data-end=\"1190\">Compatible con: Solo 110, Solo 108, Solo 100<\/p>\n<\/li>\n<li data-start=\"1191\" data-end=\"1240\">\n<p data-start=\"1193\" data-end=\"1240\">N\u00famero m\u00e1ximo de unidades conectadas: 3 (1,5 m en total)<\/p>\n<\/li>\n<li data-start=\"1241\" data-end=\"1309\">\n<p data-start=\"1243\" data-end=\"1309\">Uso: Extiende varillas telesc\u00f3picas al probar detectores<\/p>\n<\/li>\n<\/ul>","protected":false},"excerpt":{"rendered":"<p>El extensor de varilla de muestra Solo 101 es una extensi\u00f3n de 0,5 m para varillas telesc\u00f3picas como la Solo 110, Solo 108 y Solo 100.<\/p>\n<p>Permite alcanzar techos m\u00e1s altos durante la prueba de detectores y se pueden conectar hasta tres.<\/p>","protected":false},"featured_media":162276,"template":"","meta":{"_acf_changed":false},"product_brand":[],"product_cat":[2945,5070,5088,5089,5072,2946],"product_tag":[],"class_list":{"0":"post-162277","1":"product","2":"type-product","3":"status-publish","4":"has-post-thumbnail","6":"product_cat-solo","7":"product_cat-provstanger","8":"product_cat-solo-solo","9":"product_cat-solo-365-solo-365","10":"product_cat-solo-365","11":"product_cat-testifire","12":"tm-no-options","14":"first","15":"instock","16":"taxable","17":"shipping-taxable","18":"purchasable","19":"product-type-simple"},"acf":[],"_links":{"self":[{"href":"https:\/\/secureus.se\/es\/wp-json\/wp\/v2\/product\/162277","targetHints":{"allow":["GET"]}}],"collection":[{"href":"https:\/\/secureus.se\/es\/wp-json\/wp\/v2\/product"}],"about":[{"href":"https:\/\/secureus.se\/es\/wp-json\/wp\/v2\/types\/product"}],"wp:featuredmedia":[{"embeddable":true,"href":"https:\/\/secureus.se\/es\/wp-json\/wp\/v2\/media\/162276"}],"wp:attachment":[{"href":"https:\/\/secureus.se\/es\/wp-json\/wp\/v2\/media?parent=162277"}],"wp:term":[{"taxonomy":"product_brand","embeddable":true,"href":"https:\/\/secureus.se\/es\/wp-json\/wp\/v2\/product_brand?post=162277"},{"taxonomy":"product_cat","embeddable":true,"href":"https:\/\/secureus.se\/es\/wp-json\/wp\/v2\/product_cat?post=162277"},{"taxonomy":"product_tag","embeddable":true,"href":"https:\/\/secureus.se\/es\/wp-json\/wp\/v2\/product_tag?post=162277"}],"curies":[{"name":"wp","href":"https:\/\/api.w.org\/{rel}","templated":true}]}}