{"id":162487,"date":"2026-02-19T16:01:28","date_gmt":"2026-02-19T15:01:28","guid":{"rendered":"https:\/\/secureus.se\/ajax-curtain-outdoor-jeweller-vit\/"},"modified":"2026-03-09T20:38:10","modified_gmt":"2026-03-09T19:38:10","slug":"ajax-curtain-outdoor-jeweller-vit","status":"publish","type":"product","link":"https:\/\/secureus.se\/es\/ajax-curtain-outdoor-jeweller-vit\/","title":{"rendered":"Cortina Ajax para exterior blanca"},"content":{"rendered":"<h1>Cortina Ajax para exterior, color blanco<\/h1>\n<p data-start=\"256\" data-end=\"584\">Ajax Curtain Outdoor Jeweller es un detector de movimiento de cortina inal\u00e1mbrico profesional desarrollado para una vigilancia perimetral precisa tanto en exteriores como en interiores.<\/p>\n<p data-start=\"256\" data-end=\"584\">Est\u00e1 dise\u00f1ado para proteger las \u00e1reas m\u00e1s vulnerables de la propiedad (ventanas, puertas, portones, cercas, pasajes y otras aberturas) donde la detecci\u00f3n temprana de intrusiones es crucial.<\/p>\n<p data-start=\"586\" data-end=\"964\">A diferencia de los detectores de movimiento tradicionales, Curtain Outdoor Jeweller funciona con una zona de detecci\u00f3n estrecha y direccional, lo que permite crear una protecci\u00f3n efectiva a lo largo del l\u00edmite del edificio sin restringir el movimiento dentro del \u00e1rea.<\/p>\n<p data-start=\"586\" data-end=\"964\">Esto lo hace ideal para hogares, propiedades comerciales, almacenes, oficinas y otros entornos cr\u00edticos para la seguridad donde se requieren alarmas perimetrales.<\/p>\n<h3 data-section-id=\"wllvvg\" data-start=\"971\" data-end=\"1015\">Detecci\u00f3n precisa de cortina para alarma perimetral<\/h3>\n<p data-start=\"1016\" data-end=\"1323\">Curtain Outdoor Jeweller utiliza un \u00e1ngulo de detecci\u00f3n estrecho de s\u00f3lo unos 8\u00b0, creando una zona de vigilancia precisa y controlada a lo largo de paredes, ventanas o pasajes.<\/p>\n<p data-start=\"1016\" data-end=\"1323\">Esto permite detectar intrusiones incluso antes de que alguien entre en el edificio, proporcionando una protecci\u00f3n eficaz para la propiedad.<\/p>\n<p data-start=\"1325\" data-end=\"1567\">Se puede detectar movimiento hasta a 12 metros de distancia dependiendo de la altura de instalaci\u00f3n y la configuraci\u00f3n.<\/p>\n<p data-start=\"1325\" data-end=\"1567\">El sensor se puede ajustar para diferentes rangos y entornos, proporcionando una gran flexibilidad durante la instalaci\u00f3n.<\/p>\n<p data-start=\"1569\" data-end=\"1602\">Esto lo hace especialmente adecuado para:<\/p>\n<ul data-start=\"1604\" data-end=\"1752\">\n<li data-section-id=\"1xft39\" data-start=\"1604\" data-end=\"1631\">\n<p data-start=\"1606\" data-end=\"1631\">Fachadas y muros exteriores<\/p>\n<\/li>\n<li data-section-id=\"1cgn0ty\" data-start=\"1632\" data-end=\"1657\">\n<p data-start=\"1634\" data-end=\"1657\">Entradas y puertas traseras<\/p>\n<\/li>\n<li data-section-id=\"1o408z9\" data-start=\"1658\" data-end=\"1674\">\n<p data-start=\"1660\" data-end=\"1674\">Puertas de garaje<\/p>\n<\/li>\n<li data-section-id=\"1g65czz\" data-start=\"1675\" data-end=\"1693\">\n<p data-start=\"1677\" data-end=\"1693\">Secciones de ventana<\/p>\n<\/li>\n<li data-section-id=\"9ybatx\" data-start=\"1694\" data-end=\"1716\">\n<p data-start=\"1696\" data-end=\"1716\">Puertas y vallas<\/p>\n<\/li>\n<li data-section-id=\"w2qid0\" data-start=\"1717\" data-end=\"1752\">\n<p data-start=\"1719\" data-end=\"1752\">Pasarelas y espacios estrechos<\/p>\n<\/li>\n<\/ul>\n<h3 data-start=\"1719\" data-end=\"1752\">Tecnolog\u00eda dual para m\u00e1xima confiabilidad<\/h3>\n<p data-start=\"1803\" data-end=\"2042\">Para garantizar la mayor confiabilidad operativa posible, Ajax Curtain Outdoor Jeweller utiliza detecci\u00f3n de movimiento dual avanzada.<\/p>\n<p data-start=\"1803\" data-end=\"2042\">El dispositivo combina dos sensores PIR con un sensor de microondas de banda K que trabajan juntos para analizar el movimiento.<\/p>\n<p data-start=\"2044\" data-end=\"2225\">Cuando los sensores PIR registran cambios de temperatura, la se\u00f1al es analizada a\u00fan m\u00e1s por el sensor de microondas.<\/p>\n<p data-start=\"2044\" data-end=\"2225\">Esto permite al sistema distinguir intrusiones reales de impactos ambientales como:<\/p>\n<ul data-start=\"2227\" data-end=\"2364\">\n<li data-section-id=\"1g0hmau\" data-start=\"2227\" data-end=\"2243\">\n<p data-start=\"2229\" data-end=\"2243\">Movimientos del viento<\/p>\n<\/li>\n<li data-section-id=\"7d6fv2\" data-start=\"2244\" data-end=\"2284\">\n<p data-start=\"2246\" data-end=\"2284\">Flujos de aire de ventilaci\u00f3n o aire acondicionado<\/p>\n<\/li>\n<li data-section-id=\"1gm22ep\" data-start=\"2285\" data-end=\"2318\">\n<p data-start=\"2287\" data-end=\"2318\">Cambios r\u00e1pidos de temperatura<\/p>\n<\/li>\n<li data-section-id=\"nr5uo0\" data-start=\"2319\" data-end=\"2342\">\n<p data-start=\"2321\" data-end=\"2342\">Reflejos de la luz del sol<\/p>\n<\/li>\n<li data-section-id=\"uf3obh\" data-start=\"2343\" data-end=\"2364\">\n<p data-start=\"2345\" data-end=\"2364\">Partes m\u00f3viles de la planta<\/p>\n<\/li>\n<\/ul>\n<p data-start=\"2366\" data-end=\"2634\">El algoritmo SmartDetect incorporado tambi\u00e9n analiza la firma de calor, el tama\u00f1o del objeto y los patrones de movimiento antes de activar una alarma.<\/p>\n<p data-start=\"2366\" data-end=\"2634\">El resultado es una precisi\u00f3n muy alta y un n\u00famero m\u00ednimo de falsas alarmas incluso en entornos exteriores dif\u00edciles.<\/p>\n<h3 data-section-id=\"sjcg9y\" data-start=\"2641\" data-end=\"2679\">Filtrado inteligente de falsas alarmas<\/h3>\n<p data-start=\"2680\" data-end=\"2938\">Curtain Outdoor Jeweller utiliza an\u00e1lisis de correlaci\u00f3n entre sensores para confirmar el movimiento antes de enviar una alarma.<\/p>\n<p data-start=\"2680\" data-end=\"2938\">El sistema activa el sensor de microondas solo cuando los sensores PIR registran se\u00f1ales coincidentes, lo que mejora a\u00fan m\u00e1s la precisi\u00f3n.<\/p>\n<p data-start=\"2940\" data-end=\"3149\">Adem\u00e1s, cuenta con una compensaci\u00f3n de temperatura que garantiza un funcionamiento correcto incluso cuando la temperatura ambiente est\u00e1 pr\u00f3xima a la temperatura corporal, por ejemplo durante los calurosos d\u00edas de verano.<\/p>\n<h3 data-section-id=\"cv1b6d\" data-start=\"3156\" data-end=\"3193\">Inmunidad para mascotas para una vida diaria segura<\/h3>\n<p data-start=\"3194\" data-end=\"3410\">Cuando se instala y configura correctamente, el detector no reaccionar\u00e1 ante mascotas hasta una altura de aproximadamente 1 metro.<\/p>\n<p data-start=\"3194\" data-end=\"3410\">Esto lo hace ideal para hogares y propiedades donde los animales se mueven libremente cerca de \u00e1reas protegidas.<\/p>\n<p data-start=\"3412\" data-end=\"3615\">Al ajustar la altura de instalaci\u00f3n y la posici\u00f3n de detecci\u00f3n, el sensor se puede optimizar para ignorar animales m\u00e1s peque\u00f1os y mantener una alta sensibilidad hacia los humanos.<\/p>","protected":false},"excerpt":{"rendered":"<p>Ajax Curtain Outdoor Jeweller es un detector de movimiento de cortina inal\u00e1mbrico avanzado para uso en exteriores e interiores.<\/p>\n<p>Est\u00e1 desarrollado para proteger ventanas, puertas, portones y otros pasos con vigilancia perimetral precisa.<\/p>\n<p>Con tecnolog\u00eda de detecci\u00f3n dual, alcance de hasta 12 metros y filtrado inteligente de falsas alarmas, proporciona seguridad confiable en todos los entornos.<\/p>\n<p>El dispositivo es resistente a la intemperie, tiene inmunidad a las mascotas y hasta 3 a\u00f1os de duraci\u00f3n de bater\u00eda, lo que lo hace ideal para instalaciones de alarmas profesionales.<\/p>","protected":false},"featured_media":162485,"template":"","meta":{"_acf_changed":false},"product_brand":[],"product_cat":[3156,3157],"product_tag":[],"class_list":{"0":"post-162487","1":"product","2":"type-product","3":"status-publish","4":"has-post-thumbnail","6":"product_cat-rorelse-och-kamera","7":"product_cat-utomhussakerhet","8":"pa_brands-ajax-systems","9":"pa_farg-vit","10":"tm-no-options","12":"first","13":"instock","14":"taxable","15":"shipping-taxable","16":"purchasable","17":"product-type-simple"},"acf":[],"_links":{"self":[{"href":"https:\/\/secureus.se\/es\/wp-json\/wp\/v2\/product\/162487","targetHints":{"allow":["GET"]}}],"collection":[{"href":"https:\/\/secureus.se\/es\/wp-json\/wp\/v2\/product"}],"about":[{"href":"https:\/\/secureus.se\/es\/wp-json\/wp\/v2\/types\/product"}],"wp:featuredmedia":[{"embeddable":true,"href":"https:\/\/secureus.se\/es\/wp-json\/wp\/v2\/media\/162485"}],"wp:attachment":[{"href":"https:\/\/secureus.se\/es\/wp-json\/wp\/v2\/media?parent=162487"}],"wp:term":[{"taxonomy":"product_brand","embeddable":true,"href":"https:\/\/secureus.se\/es\/wp-json\/wp\/v2\/product_brand?post=162487"},{"taxonomy":"product_cat","embeddable":true,"href":"https:\/\/secureus.se\/es\/wp-json\/wp\/v2\/product_cat?post=162487"},{"taxonomy":"product_tag","embeddable":true,"href":"https:\/\/secureus.se\/es\/wp-json\/wp\/v2\/product_tag?post=162487"}],"curies":[{"name":"wp","href":"https:\/\/api.w.org\/{rel}","templated":true}]}}