{"id":162589,"date":"2025-09-15T11:16:44","date_gmt":"2025-09-15T09:16:44","guid":{"rendered":"https:\/\/secureus.se\/?post_type=product&#038;p=162589"},"modified":"2026-04-09T15:44:21","modified_gmt":"2026-04-09T13:44:21","slug":"securex-heatsense-10-arsbatteri","status":"publish","type":"product","link":"https:\/\/secureus.se\/es\/securex-heatsense-10-arsbatteri\/","title":{"rendered":"SecureX HeatSense \u2013 Detector de calor con bater\u00eda de 10 a\u00f1os y certificado BS446-2"},"content":{"rendered":"<h2 data-start=\"335\" data-end=\"400\">SecureX HeatSense: detector de calor con bater\u00eda de 10 a\u00f1os (BS5446-2)<\/h2>\n<p data-start=\"402\" data-end=\"690\">SecureX HeatSense es un <strong data-start=\"426\" data-end=\"471\">Detector de calor certificado seg\u00fan BS5446-2<\/strong>Dise\u00f1ado para detectar aumentos anormales de temperatura que podr\u00edan indicar un incendio. Es especialmente adecuado para entornos donde los detectores de humo pueden generar falsas alarmas, como cocinas, garajes, talleres y espacios polvorientos.<\/p>\n<p data-start=\"692\" data-end=\"851\">En caso de un aumento peligroso de la temperatura, un <strong data-start=\"733\" data-end=\"774\">Sirena potente de \u226585 dB (a 3 metros)<\/strong> junto con un indicador LED claro, para que la alarma se detecte inmediatamente.<\/p>\n<p data-start=\"853\" data-end=\"964\">La bater\u00eda incorporada tiene una vida \u00fatil de hasta <strong data-start=\"905\" data-end=\"914\">10 a\u00f1os<\/strong>, lo que hace que HeatSense pr\u00e1cticamente no requiera mantenimiento.<\/p>\n<hr data-start=\"966\" data-end=\"969\" \/>\n<h2 data-start=\"971\" data-end=\"1030\">Protecci\u00f3n contra incendios interconectada: todas las unidades se activan simult\u00e1neamente<\/h2>\n<p data-start=\"1032\" data-end=\"1167\">SecureX HeatSense es parte de <strong data-start=\"1063\" data-end=\"1086\">Sistema contra incendios SecureX<\/strong> y se utiliza junto con <strong data-start=\"1115\" data-end=\"1133\">Centro SecureX<\/strong>, que es la unidad central del sistema.<\/p>\n<p data-start=\"1169\" data-end=\"1225\">Cuando <strong data-start=\"1173\" data-end=\"1179\">a<\/strong> El detector de humo o calor en el sistema activa:<\/p>\n<ul data-start=\"1226\" data-end=\"1362\">\n<li data-start=\"1226\" data-end=\"1278\">\n<p data-start=\"1228\" data-end=\"1278\"><strong data-start=\"1228\" data-end=\"1278\">Todos los detectores de humo y calor se activan simult\u00e1neamente<\/strong><\/p>\n<\/li>\n<li data-start=\"1279\" data-end=\"1317\">\n<p data-start=\"1281\" data-end=\"1317\">Las sirenas se activan en toda la propiedad.<\/p>\n<\/li>\n<li data-start=\"1318\" data-end=\"1362\">\n<p data-start=\"1320\" data-end=\"1362\">Las notificaciones push se env\u00edan en tiempo real a tu tel\u00e9fono m\u00f3vil<\/p>\n<\/li>\n<\/ul>\n<p data-start=\"1364\" data-end=\"1442\">La alarma <strong data-start=\"1371\" data-end=\"1441\">Se puede desactivar a trav\u00e9s del concentrador SecureX o directamente en la aplicaci\u00f3n Stonehouse Smart<\/strong>.<\/p>\n<p class=\"ds-markdown-paragraph\"><strong>\u00bfSe pueden conectar varios detectores sin un concentrador?<\/strong><br \/>\nPor supuesto. Puedes crear tu propia red inal\u00e1mbrica de RF donde todos los detectores est\u00e9n conectados. Si uno se activa, todos se activan, sin wifi ni internet.<\/p>\n<p class=\"ds-markdown-paragraph\">Perfecto para quienes quieren un sistema simple y robusto.<\/p>\n<p class=\"ds-markdown-paragraph\"><strong>\u00bfQu\u00e9 obtengo si me conecto a SecureX Connect Pro?<\/strong><br \/>\nCon el concentrador SecureX obtendr\u00e1s una funcionalidad ampliada:<\/p>\n<ul>\n<li>\n<p class=\"ds-markdown-paragraph\">Todos los detectores se activan simult\u00e1neamente<\/p>\n<\/li>\n<li>\n<p class=\"ds-markdown-paragraph\">Las notificaciones push se env\u00edan a su tel\u00e9fono m\u00f3vil en caso de alarma.<\/p>\n<\/li>\n<li>\n<p class=\"ds-markdown-paragraph\">Puede ver el estado y el historial en la aplicaci\u00f3n Stonehouse Smart.<\/p>\n<\/li>\n<li>\n<p class=\"ds-markdown-paragraph\">Puedes desactivar las alarmas mediante la aplicaci\u00f3n o el concentrador<\/p>\n<\/li>\n<li>\n<p class=\"ds-markdown-paragraph\">El sistema se convierte en parte de tu hogar inteligente<\/p>\n<\/li>\n<\/ul>\n<p class=\"ds-markdown-paragraph\"><strong>\u00bfTengo que elegir entre independiente o conectado?<\/strong><br \/>\nNo. Puedes comenzar con una red interconectada independiente y luego conectarla a SecureX Connect Pro cuando quieras controlar las aplicaciones y las notificaciones.<\/p>\n<p class=\"ds-markdown-paragraph\"><strong>\u00bfFunciona incluso si no hay internet?<\/strong><br \/>\nS\u00ed. La funci\u00f3n de alarma y la red interconectada funcionan localmente incluso sin Internet.<\/p>\n<p class=\"ds-markdown-paragraph\">Solo se necesita Internet para las notificaciones m\u00f3viles y el control remoto mediante la aplicaci\u00f3n.<\/p>\n<hr data-start=\"1538\" data-end=\"1541\" \/>\n<h2 data-start=\"1543\" data-end=\"1574\">Control y compatibilidad de aplicaciones<\/h2>\n<p data-start=\"1576\" data-end=\"1638\">Todos los eventos se muestran en <strong data-start=\"1599\" data-end=\"1625\">La aplicaci\u00f3n Stonehouse Smart<\/strong>, donde podr\u00e1s:<\/p>\n<ul data-start=\"1639\" data-end=\"1742\">\n<li data-start=\"1639\" data-end=\"1672\">\n<p data-start=\"1641\" data-end=\"1672\">Ver qu\u00e9 alarma se ha activado<\/p>\n<\/li>\n<li data-start=\"1673\" data-end=\"1706\">\n<p data-start=\"1675\" data-end=\"1706\">Reciba notificaciones push en tiempo real<\/p>\n<\/li>\n<li data-start=\"1707\" data-end=\"1742\">\n<p data-start=\"1709\" data-end=\"1742\">Apagar y reiniciar la alarma<\/p>\n<\/li>\n<\/ul>\n<p data-start=\"1744\" data-end=\"1756\"><strong data-start=\"1744\" data-end=\"1756\">Importante:<\/strong><\/p>\n<ul data-start=\"1757\" data-end=\"1940\">\n<li data-start=\"1757\" data-end=\"1798\">\n<p data-start=\"1759\" data-end=\"1798\">HeatSense se conecta al concentrador SecureX<\/p>\n<\/li>\n<li data-start=\"1799\" data-end=\"1862\">\n<p data-start=\"1801\" data-end=\"1862\">Es el concentrador que es compatible con <strong data-start=\"1837\" data-end=\"1860\">Tuya y la vida inteligente<\/strong><\/p>\n<\/li>\n<li data-start=\"1863\" data-end=\"1940\">\n<p data-start=\"1865\" data-end=\"1940\">El sensor es <strong data-start=\"1876\" data-end=\"1902\">no directamente compatible<\/strong> con Tuya o Smart Life sin hub<\/p>\n<\/li>\n<\/ul>\n<hr data-start=\"1942\" data-end=\"1945\" \/>\n<h2 data-start=\"1947\" data-end=\"1991\">F\u00e1cil instalaci\u00f3n y comunicaci\u00f3n estable.<\/h2>\n<p data-start=\"1993\" data-end=\"2208\">HeatSense se comunica de forma inal\u00e1mbrica a trav\u00e9s de <strong data-start=\"2029\" data-end=\"2040\">433 MHz<\/strong> y tiene un alcance de hasta <strong data-start=\"2073\" data-end=\"2097\">100 metros de visi\u00f3n clara<\/strong>Se monta f\u00e1cilmente en el techo y tiene un consumo en espera muy bajo, lo que contribuye a la larga duraci\u00f3n de la bater\u00eda.<\/p>\n<p data-start=\"2210\" data-end=\"2306\">El dise\u00f1o discreto significa que el detector se integra bien en entornos residenciales y comerciales.<\/p>\n<hr data-start=\"2308\" data-end=\"2311\" \/>\n<h2 data-start=\"2313\" data-end=\"2337\">Beneficios y caracter\u00edsticas<\/h2>\n<ul data-start=\"2339\" data-end=\"2796\">\n<li data-start=\"2339\" data-end=\"2372\">\n<p data-start=\"2341\" data-end=\"2372\">Certificado seg\u00fan <strong data-start=\"2360\" data-end=\"2372\">BS5446-2<\/strong><\/p>\n<\/li>\n<li data-start=\"2373\" data-end=\"2412\">\n<p data-start=\"2375\" data-end=\"2412\">Incorporado <strong data-start=\"2383\" data-end=\"2400\">Bater\u00eda de 10 a\u00f1os<\/strong> (no reemplazable)<\/p>\n<\/li>\n<li data-start=\"2413\" data-end=\"2455\">\n<p data-start=\"2415\" data-end=\"2455\">Sirena potente \u226585 dB e indicaci\u00f3n LED<\/p>\n<\/li>\n<li data-start=\"2456\" data-end=\"2504\">\n<p data-start=\"2458\" data-end=\"2504\">Todos los detectores de humo y calor se activan simult\u00e1neamente<\/p>\n<\/li>\n<li data-start=\"2505\" data-end=\"2554\">\n<p data-start=\"2507\" data-end=\"2554\">La alarma se desactiva mediante <strong data-start=\"2526\" data-end=\"2554\">Centro o aplicaci\u00f3n SecureX<\/strong><\/p>\n<\/li>\n<li data-start=\"2555\" data-end=\"2614\">\n<p data-start=\"2557\" data-end=\"2614\">Frecuencia inal\u00e1mbrica: <strong data-start=\"2575\" data-end=\"2595\">433 MHz (EV1527)<\/strong>, codificado para SecureX<\/p>\n<\/li>\n<li data-start=\"2615\" data-end=\"2675\">\n<p data-start=\"2617\" data-end=\"2675\">Conexi\u00f3n de hasta <strong data-start=\"2644\" data-end=\"2675\">40 detectores de humo y calor<\/strong><\/p>\n<\/li>\n<li data-start=\"2676\" data-end=\"2722\">\n<p data-start=\"2678\" data-end=\"2722\">Notificaciones en tiempo real en <strong data-start=\"2696\" data-end=\"2722\">La aplicaci\u00f3n Stonehouse Smart<\/strong><\/p>\n<\/li>\n<li data-start=\"2723\" data-end=\"2763\">\n<p data-start=\"2725\" data-end=\"2763\">Alcance hasta <strong data-start=\"2743\" data-end=\"2752\">100 metros<\/strong> (visi\u00f3n clara)<\/p>\n<\/li>\n<li data-start=\"2764\" data-end=\"2796\">\n<p data-start=\"2766\" data-end=\"2796\">Montaje en techo sencillo y discreto<\/p>\n<\/li>\n<li data-start=\"2764\" data-end=\"2796\">Dimensiones: 116 x 46 mm<\/li>\n<\/ul>\n<hr data-start=\"2798\" data-end=\"2801\" \/>\n<h2 data-start=\"2803\" data-end=\"2824\">\u00c1reas de uso<\/h2>\n<ul data-start=\"2826\" data-end=\"2942\">\n<li data-start=\"2826\" data-end=\"2864\">\n<p data-start=\"2828\" data-end=\"2864\">Cocina (minimiza las falsas alarmas causadas por los humos de la cocina)<\/p>\n<\/li>\n<li data-start=\"2865\" data-end=\"2888\">\n<p data-start=\"2867\" data-end=\"2888\">Garajes y talleres<\/p>\n<\/li>\n<li data-start=\"2889\" data-end=\"2909\">\n<p data-start=\"2891\" data-end=\"2909\">S\u00f3tano y trastero<\/p>\n<\/li>\n<li data-start=\"2910\" data-end=\"2942\">\n<p data-start=\"2912\" data-end=\"2942\">Comercios y entornos p\u00fablicos<\/p>\n<\/li>\n<\/ul>\n<hr data-start=\"2944\" data-end=\"2947\" \/>\n<h2 data-start=\"2949\" data-end=\"2968\">Contenido del env\u00edo<\/h2>\n<ul data-start=\"2970\" data-end=\"3062\">\n<li data-start=\"2970\" data-end=\"3011\">\n<p data-start=\"2972\" data-end=\"3011\">Detector de calor SecureX HeatSense: 1 pieza<\/p>\n<\/li>\n<li data-start=\"3012\" data-end=\"3029\">\n<p data-start=\"3014\" data-end=\"3029\">Tornillos: 2 piezas<\/p>\n<\/li>\n<li data-start=\"3030\" data-end=\"3045\">\n<p data-start=\"3032\" data-end=\"3045\">Enchufe: 2 piezas<\/p>\n<\/li>\n<li data-start=\"3046\" data-end=\"3062\">\n<p data-start=\"3048\" data-end=\"3062\">Manual: 1 pieza<\/p>\n<\/li>\n<li data-start=\"3046\" data-end=\"3062\">Bater\u00eda incorporada: vida \u00fatil estimada de 10 a\u00f1os<\/li>\n<\/ul>","protected":false},"excerpt":{"rendered":"<p>Detector de calor con certificaci\u00f3n BS5446-2 y bater\u00eda de 10 a\u00f1os de duraci\u00f3n. Ideal para cocinas y garajes.<\/p>\n<p>Se conecta a trav\u00e9s del concentrador SecureX y env\u00eda alarmas a su tel\u00e9fono m\u00f3vil a trav\u00e9s de la aplicaci\u00f3n Stonehouse Smart<\/p>","protected":false},"featured_media":163793,"template":"","meta":{"_acf_changed":false},"product_brand":[],"product_cat":[5062],"product_tag":[],"class_list":{"0":"post-162589","1":"product","2":"type-product","3":"status-publish","4":"has-post-thumbnail","6":"product_cat-securex-brand-gassensorer","7":"pa_brands-securex-connect-pro","8":"pa_brands-stonehouse-smart","9":"tm-no-options","11":"first","12":"instock","13":"sale","14":"taxable","15":"shipping-taxable","16":"purchasable","17":"product-type-simple"},"acf":[],"_links":{"self":[{"href":"https:\/\/secureus.se\/es\/wp-json\/wp\/v2\/product\/162589","targetHints":{"allow":["GET"]}}],"collection":[{"href":"https:\/\/secureus.se\/es\/wp-json\/wp\/v2\/product"}],"about":[{"href":"https:\/\/secureus.se\/es\/wp-json\/wp\/v2\/types\/product"}],"wp:featuredmedia":[{"embeddable":true,"href":"https:\/\/secureus.se\/es\/wp-json\/wp\/v2\/media\/163793"}],"wp:attachment":[{"href":"https:\/\/secureus.se\/es\/wp-json\/wp\/v2\/media?parent=162589"}],"wp:term":[{"taxonomy":"product_brand","embeddable":true,"href":"https:\/\/secureus.se\/es\/wp-json\/wp\/v2\/product_brand?post=162589"},{"taxonomy":"product_cat","embeddable":true,"href":"https:\/\/secureus.se\/es\/wp-json\/wp\/v2\/product_cat?post=162589"},{"taxonomy":"product_tag","embeddable":true,"href":"https:\/\/secureus.se\/es\/wp-json\/wp\/v2\/product_tag?post=162589"}],"curies":[{"name":"wp","href":"https:\/\/api.w.org\/{rel}","templated":true}]}}