{"id":162606,"date":"2025-09-15T11:16:43","date_gmt":"2025-09-15T09:16:43","guid":{"rendered":"https:\/\/secureus.se\/?post_type=product&#038;p=162606"},"modified":"2026-03-27T14:46:58","modified_gmt":"2026-03-27T13:46:58","slug":"securex-sirenguard-pro-utomhussiren","status":"publish","type":"product","link":"https:\/\/secureus.se\/es\/securex-sirenguard-pro-utomhussiren\/","title":{"rendered":"SecureX SirenGuard Pro \u2013 Sirena exterior con flash \u2013 Ajustable hasta 120 dB (largo alcance)"},"content":{"rendered":"<h2 data-start=\"177\" data-end=\"250\">SecureX SirenGuard Pro: sirena exterior con alarma antimanipulaci\u00f3n<\/h2>\n<p data-start=\"252\" data-end=\"586\">SecureX SirenGuard Pro es un <strong data-start=\"281\" data-end=\"318\">Sirena exterior potente y robusta<\/strong> Desarrollado para proporcionar m\u00e1xima disuasi\u00f3n e indicaci\u00f3n de alarma clara en el sistema de alarma SecureX. Con un <strong data-start=\"419\" data-end=\"459\">Alarma fuerte de hasta 120 dB<\/strong> en combinaci\u00f3n con <strong data-start=\"478\" data-end=\"506\">luz estrobosc\u00f3pica intermitente<\/strong> SirenGuard Pro garantiza que la alarma se escuche y se vea, incluso a distancia.<\/p>\n<p data-start=\"588\" data-end=\"739\">La sirena est\u00e1 dise\u00f1ada para entornos exteriores exigentes y es perfecta para <strong data-start=\"656\" data-end=\"710\">villas, negocios, naves, garajes y \u00e1reas industriales<\/strong> donde se requiere un alto nivel de seguridad.<\/p>\n<hr data-start=\"741\" data-end=\"744\" \/>\n<h3 data-start=\"746\" data-end=\"785\">Alarma clara de disuasi\u00f3n y manipulaci\u00f3n<\/h3>\n<p data-start=\"786\" data-end=\"825\">SecureX SirenGuard Pro est\u00e1 equipado con:<\/p>\n<ul data-start=\"826\" data-end=\"963\">\n<li data-start=\"826\" data-end=\"857\">\n<p data-start=\"828\" data-end=\"857\"><strong data-start=\"828\" data-end=\"857\">Dos potentes sensores de sonido<\/strong><\/p>\n<\/li>\n<li data-start=\"858\" data-end=\"888\">\n<p data-start=\"860\" data-end=\"888\"><strong data-start=\"860\" data-end=\"888\">5 niveles de volumen ajustables<\/strong><\/p>\n<\/li>\n<li data-start=\"889\" data-end=\"911\">\n<p data-start=\"891\" data-end=\"911\"><strong data-start=\"891\" data-end=\"911\">2 sonidos de alarma diferentes<\/strong><\/p>\n<\/li>\n<li data-start=\"912\" data-end=\"935\">\n<p data-start=\"914\" data-end=\"935\"><strong data-start=\"914\" data-end=\"935\">La sirena tiene una luz estrobosc\u00f3pica incorporada para indicaci\u00f3n visual.<\/strong><\/p>\n<\/li>\n<li data-start=\"936\" data-end=\"963\">\n<p data-start=\"938\" data-end=\"963\"><strong data-start=\"938\" data-end=\"963\">Alarma antimanipulaci\u00f3n incorporada<\/strong><\/p>\n<\/li>\n<\/ul>\n<p data-start=\"965\" data-end=\"1105\">La alarma antimanipulaci\u00f3n se activa inmediatamente despu\u00e9s de intentar desmontarlo y env\u00eda una alarma al sistema SecureX, proporcionando protecci\u00f3n adicional contra la manipulaci\u00f3n.<\/p>\n<hr data-start=\"1107\" data-end=\"1110\" \/>\n<h3 data-start=\"1112\" data-end=\"1160\">Funcionamiento flexible: red el\u00e9ctrica, bater\u00eda o panel solar<\/h3>\n<p data-start=\"1161\" data-end=\"1256\">SirenGuard Pro se puede utilizar de varias maneras diferentes, lo que lo hace muy flexible en su instalaci\u00f3n:<\/p>\n<ul data-start=\"1258\" data-end=\"1417\">\n<li data-start=\"1258\" data-end=\"1291\">\n<p data-start=\"1260\" data-end=\"1291\"><strong data-start=\"1260\" data-end=\"1291\">Adaptador de corriente (CC 6-15 V\/1 A)<\/strong><\/p>\n<\/li>\n<li data-start=\"1292\" data-end=\"1354\">\n<p data-start=\"1294\" data-end=\"1354\"><strong data-start=\"1294\" data-end=\"1328\">Bater\u00eda de litio incorporada de 5000 mAh<\/strong> (respaldo en caso de corte de energ\u00eda)<\/p>\n<\/li>\n<li data-start=\"1355\" data-end=\"1417\">\n<p data-start=\"1357\" data-end=\"1417\"><strong data-start=\"1357\" data-end=\"1379\">Panel solar (opcional)<\/strong> para un funcionamiento independiente y energ\u00e9ticamente eficiente<\/p>\n<\/li>\n<\/ul>\n<p data-start=\"1419\" data-end=\"1534\">Esto hace que la sirena sea ideal para lugares donde no hay energ\u00eda el\u00e9ctrica disponible o donde se desea minimizar el mantenimiento y el cableado.<\/p>\n<hr data-start=\"1536\" data-end=\"1539\" \/>\n<h3 data-start=\"1541\" data-end=\"1571\">Parte del sistema SecureX<\/h3>\n<p data-start=\"1572\" data-end=\"1730\">SecureX SirenGuard Pro es un componente del sistema de SecureX y siempre se utiliza junto con <strong data-start=\"1662\" data-end=\"1680\">Centro SecureX<\/strong>, que gestiona toda la comunicaci\u00f3n y el control de alarmas.<\/p>\n<ul data-start=\"1732\" data-end=\"1978\">\n<li data-start=\"1732\" data-end=\"1771\">\n<p data-start=\"1734\" data-end=\"1771\">La sirena se conecta al concentrador SecureX<\/p>\n<\/li>\n<li data-start=\"1772\" data-end=\"1822\">\n<p data-start=\"1774\" data-end=\"1822\">Todas las alarmas y estados se env\u00edan a trav\u00e9s del concentrador.<\/p>\n<\/li>\n<li data-start=\"1823\" data-end=\"1879\">\n<p data-start=\"1825\" data-end=\"1879\">Notificaciones push en tiempo real a trav\u00e9s de <strong data-start=\"1851\" data-end=\"1877\">La aplicaci\u00f3n Stonehouse Smart<\/strong><\/p>\n<\/li>\n<li data-start=\"1880\" data-end=\"1942\">\n<p data-start=\"1882\" data-end=\"1942\">Compatibilidad con <strong data-start=\"1901\" data-end=\"1940\">Tuya y Smart Life se realizan a trav\u00e9s del hub<\/strong><\/p>\n<\/li>\n<li data-start=\"1943\" data-end=\"1978\">\n<p data-start=\"1945\" data-end=\"1978\">La sirena no se utiliza de forma independiente<\/p>\n<\/li>\n<\/ul>\n<hr data-start=\"1980\" data-end=\"1983\" \/>\n<h3 data-start=\"1985\" data-end=\"2007\">Ventajas en breve<\/h3>\n<ul data-start=\"2008\" data-end=\"2375\">\n<li data-start=\"2008\" data-end=\"2058\">\n<p data-start=\"2010\" data-end=\"2058\">Alarma audible fuerte hasta <strong data-start=\"2037\" data-end=\"2047\">120 dB<\/strong> (5 niveles)<\/p>\n<\/li>\n<li data-start=\"2059\" data-end=\"2095\">\n<p data-start=\"2061\" data-end=\"2095\">Luz estrobosc\u00f3pica para advertencia visual<\/p>\n<\/li>\n<li data-start=\"2096\" data-end=\"2140\">\n<p data-start=\"2098\" data-end=\"2140\">Comunicaci\u00f3n de largo alcance<\/p>\n<\/li>\n<li data-start=\"2141\" data-end=\"2180\">\n<p data-start=\"2143\" data-end=\"2180\">Alarma antimanipulaci\u00f3n incorporada durante el desmontaje<\/p>\n<\/li>\n<li data-start=\"2181\" data-end=\"2237\">\n<p data-start=\"2183\" data-end=\"2237\">Funcionamiento mediante adaptador de red, bater\u00eda o panel solar (opcional)<\/p>\n<\/li>\n<li data-start=\"2238\" data-end=\"2275\">\n<p data-start=\"2240\" data-end=\"2275\">Integraci\u00f3n completa a trav\u00e9s del concentrador SecureX<\/p>\n<\/li>\n<li data-start=\"2276\" data-end=\"2318\">\n<p data-start=\"2278\" data-end=\"2318\">Notificaciones en tiempo real en la aplicaci\u00f3n Stonehouse Smart<\/p>\n<\/li>\n<li data-start=\"2319\" data-end=\"2375\">\n<p data-start=\"2321\" data-end=\"2375\">Construcci\u00f3n robusta y resistente a la intemperie para uso en exteriores.<\/p>\n<\/li>\n<\/ul>\n<hr data-start=\"2377\" data-end=\"2380\" \/>\n<h3 data-start=\"2382\" data-end=\"2412\">Usos t\u00edpicos<\/h3>\n<ul data-start=\"2413\" data-end=\"2550\">\n<li data-start=\"2413\" data-end=\"2440\">\n<p data-start=\"2415\" data-end=\"2440\">Villas y casas de verano<\/p>\n<\/li>\n<li data-start=\"2441\" data-end=\"2470\">\n<p data-start=\"2443\" data-end=\"2470\">Empresas y locales comerciales<\/p>\n<\/li>\n<li data-start=\"2471\" data-end=\"2508\">\n<p data-start=\"2473\" data-end=\"2508\">Garajes, almacenes y zonas industriales<\/p>\n<\/li>\n<li data-start=\"2509\" data-end=\"2550\">\n<p data-start=\"2511\" data-end=\"2550\">Entornos exteriores con altos requisitos de seguridad<\/p>\n<\/li>\n<\/ul>\n<hr data-start=\"2552\" data-end=\"2555\" \/>\n<h3 data-start=\"2557\" data-end=\"2582\">Especificaciones t\u00e9cnicas<\/h3>\n<ul data-start=\"2583\" data-end=\"2983\">\n<li data-start=\"2583\" data-end=\"2644\">\n<p data-start=\"2585\" data-end=\"2644\">Fuente de alimentaci\u00f3n: DC 6-15 V \/ 1 A o panel solar (opcional)<\/p>\n<\/li>\n<li data-start=\"2645\" data-end=\"2681\">\n<p data-start=\"2647\" data-end=\"2681\">Bater\u00eda: litio de 3,7 V \/ 5000 mAh<\/p>\n<\/li>\n<li data-start=\"2682\" data-end=\"2710\">\n<p data-start=\"2684\" data-end=\"2710\">Corriente en espera: aprox. 0,25 mA<\/p>\n<\/li>\n<li data-start=\"2711\" data-end=\"2734\">\n<p data-start=\"2713\" data-end=\"2734\">Corriente de alarma: &lt;500 mA<\/p>\n<\/li>\n<li data-start=\"2735\" data-end=\"2773\">\n<p data-start=\"2737\" data-end=\"2773\">Nivel de sonido: Hasta 120 dB (5 niveles)<\/p>\n<\/li>\n<li data-start=\"2774\" data-end=\"2823\">\n<p data-start=\"2776\" data-end=\"2823\">Tecnolog\u00eda inal\u00e1mbrica: largo alcance, codificaci\u00f3n SecureX<\/p>\n<\/li>\n<li data-start=\"2824\" data-end=\"2866\">\n<p data-start=\"2826\" data-end=\"2866\">Alcance: hasta aprox. 500 m (l\u00ednea de visi\u00f3n)<\/p>\n<\/li>\n<li data-start=\"2867\" data-end=\"2907\">\n<p data-start=\"2869\" data-end=\"2907\">Temperatura de funcionamiento: \u221220 \u00b0C a +50 \u00b0C<\/p>\n<\/li>\n<li data-start=\"2908\" data-end=\"2955\">\n<p data-start=\"2910\" data-end=\"2955\">Humedad relativa: &lt;95% (sin condensaci\u00f3n)<\/p>\n<\/li>\n<li data-start=\"2956\" data-end=\"2983\">\n<p data-start=\"2958\" data-end=\"2983\">Dimensiones: 270 \u00d7 180 \u00d7 47 mm<\/p>\n<\/li>\n<\/ul>\n<hr data-start=\"2985\" data-end=\"2988\" \/>\n<h3 data-start=\"2990\" data-end=\"3010\">Contenido del env\u00edo<\/h3>\n<ul data-start=\"3011\" data-end=\"3187\">\n<li data-start=\"3011\" data-end=\"3056\">\n<p data-start=\"3013\" data-end=\"3056\">Sirena exterior SecureX SirenGuard Pro: 1 unidad<\/p>\n<\/li>\n<li data-start=\"3057\" data-end=\"3087\">\n<p data-start=\"3059\" data-end=\"3087\">Placa de montaje en pared: 1 ud.<\/p>\n<\/li>\n<li data-start=\"3088\" data-end=\"3105\">\n<p data-start=\"3090\" data-end=\"3105\">Tornillos: 4 piezas<\/p>\n<\/li>\n<li data-start=\"3106\" data-end=\"3121\">\n<p data-start=\"3108\" data-end=\"3121\">Enchufe: 4 piezas<\/p>\n<\/li>\n<li data-start=\"3122\" data-end=\"3170\">\n<p data-start=\"3124\" data-end=\"3170\">Adaptador de corriente USB-C (para conexi\u00f3n a la red el\u00e9ctrica): 1 ud.<\/p>\n<\/li>\n<li data-start=\"3171\" data-end=\"3187\">\n<p data-start=\"3173\" data-end=\"3187\">Manual: 1 pieza<\/p>\n<\/li>\n<\/ul>","protected":false},"excerpt":{"rendered":"<p>SecureX SirenGuard Pro es una potente sirena para exteriores con nivel de sonido ajustable hasta 120 dB, luz estrobosc\u00f3pica y alarma antimanipulaci\u00f3n.<\/p>\n<p>Totalmente integrado con el concentrador SecureX, optimizado para la aplicaci\u00f3n Stonehouse Smart.<\/p>\n<p>Funciona con bater\u00eda incorporada, adaptador de CA o panel solar (opcional) para m\u00e1xima flexibilidad.<\/p>","protected":false},"featured_media":162600,"template":"","meta":{"_acf_changed":false},"product_brand":[],"product_cat":[5064],"product_tag":[],"class_list":{"0":"post-162606","1":"product","2":"type-product","3":"status-publish","4":"has-post-thumbnail","6":"product_cat-securex-sirener","7":"pa_brands-securex-connect-pro","8":"pa_brands-stonehouse-smart","9":"tm-no-options","11":"first","12":"instock","13":"sale","14":"taxable","15":"shipping-taxable","16":"purchasable","17":"product-type-simple"},"acf":[],"_links":{"self":[{"href":"https:\/\/secureus.se\/es\/wp-json\/wp\/v2\/product\/162606","targetHints":{"allow":["GET"]}}],"collection":[{"href":"https:\/\/secureus.se\/es\/wp-json\/wp\/v2\/product"}],"about":[{"href":"https:\/\/secureus.se\/es\/wp-json\/wp\/v2\/types\/product"}],"wp:featuredmedia":[{"embeddable":true,"href":"https:\/\/secureus.se\/es\/wp-json\/wp\/v2\/media\/162600"}],"wp:attachment":[{"href":"https:\/\/secureus.se\/es\/wp-json\/wp\/v2\/media?parent=162606"}],"wp:term":[{"taxonomy":"product_brand","embeddable":true,"href":"https:\/\/secureus.se\/es\/wp-json\/wp\/v2\/product_brand?post=162606"},{"taxonomy":"product_cat","embeddable":true,"href":"https:\/\/secureus.se\/es\/wp-json\/wp\/v2\/product_cat?post=162606"},{"taxonomy":"product_tag","embeddable":true,"href":"https:\/\/secureus.se\/es\/wp-json\/wp\/v2\/product_tag?post=162606"}],"curies":[{"name":"wp","href":"https:\/\/api.w.org\/{rel}","templated":true}]}}