{"id":162610,"date":"2025-09-15T11:16:43","date_gmt":"2025-09-15T09:16:43","guid":{"rendered":"https:\/\/secureus.se\/?post_type=product&#038;p=162610"},"modified":"2026-04-09T15:46:35","modified_gmt":"2026-04-09T13:46:35","slug":"securex-sirenguard-inomhussiren-110-db","status":"publish","type":"product","link":"https:\/\/secureus.se\/es\/securex-sirenguard-inomhussiren-110-db\/","title":{"rendered":"SecureX SirenGuard \u2013 Sirena de interior de 110 dB con luz estrobosc\u00f3pica (largo alcance)"},"content":{"rendered":"<h2 data-start=\"191\" data-end=\"269\">SecureX SirenGuard: potente sirena para interiores con largo alcance (hasta 500 m).<\/h2>\n<p data-start=\"271\" data-end=\"574\">SecureX SirenGuard es un <strong data-start=\"296\" data-end=\"335\">Sirena de interior potente y flexible<\/strong> que mejora su sistema de alarma SecureX con una alarma de audio clara y efectiva de hasta <strong data-start=\"426\" data-end=\"436\">110 dB<\/strong>La sirena est\u00e1 dise\u00f1ada para entornos residenciales y comerciales donde el alto volumen de sonido, la comunicaci\u00f3n estable y la fiabilidad operativa son cruciales.<\/p>\n<p data-start=\"576\" data-end=\"850\">Con <strong data-start=\"580\" data-end=\"601\">Tecnolog\u00eda de largo alcance<\/strong> Obtendr\u00e1s una comunicaci\u00f3n inal\u00e1mbrica estable con hasta <strong data-start=\"651\" data-end=\"685\">Alcance de 500 metros en l\u00ednea de visi\u00f3n clara<\/strong>, lo que hace que SirenGuard sea ideal incluso en propiedades m\u00e1s grandes. El sistema admite hasta <strong data-start=\"771\" data-end=\"785\">10 sirenas<\/strong>para que la alarma se escuche con claridad en todas las instalaciones en caso de incidente.<\/p>\n<hr data-start=\"852\" data-end=\"855\" \/>\n<h3 data-start=\"857\" data-end=\"897\">Adaptable al entorno y a las necesidades.<\/h3>\n<p data-start=\"898\" data-end=\"993\">SecureX SirenGuard se puede ajustar f\u00e1cilmente para adaptarse a diferentes tipos de instalaciones y entornos.<\/p>\n<p data-start=\"995\" data-end=\"1015\">Puedes elegir entre:<\/p>\n<ul data-start=\"1016\" data-end=\"1096\">\n<li data-start=\"1016\" data-end=\"1035\">\n<p data-start=\"1018\" data-end=\"1035\"><strong data-start=\"1018\" data-end=\"1035\">5 niveles de volumen<\/strong><\/p>\n<\/li>\n<li data-start=\"1036\" data-end=\"1062\">\n<p data-start=\"1038\" data-end=\"1062\"><strong data-start=\"1038\" data-end=\"1062\">2 se\u00f1ales de alarma diferentes<\/strong><\/p>\n<\/li>\n<li data-start=\"1063\" data-end=\"1096\">\n<p data-start=\"1065\" data-end=\"1096\"><strong data-start=\"1065\" data-end=\"1096\">4 ajustes de hora de alarma<\/strong><\/p>\n<\/li>\n<li data-start=\"1063\" data-end=\"1096\"><strong>La sirena tiene una luz estrobosc\u00f3pica incorporada para indicaci\u00f3n visual.<\/strong><\/li>\n<\/ul>\n<p data-start=\"1098\" data-end=\"1193\">Esto hace que la sirena sea igualmente adecuada para villas y apartamentos, as\u00ed como para tiendas, almacenes y oficinas.<\/p>\n<hr data-start=\"1195\" data-end=\"1198\" \/>\n<h3 data-start=\"1200\" data-end=\"1236\">Bater\u00eda de respaldo para mayor tranquilidad.<\/h3>\n<p data-start=\"1237\" data-end=\"1435\">SirenGuard est\u00e1 equipado con un <strong data-start=\"1268\" data-end=\"1305\">bater\u00eda de litio integrada de 1000 mAh<\/strong>, lo que garantiza que la sirena siga funcionando incluso en caso de un corte de energ\u00eda. La carga se realiza sin problemas a trav\u00e9s de <strong data-start=\"1407\" data-end=\"1434\">USB Tipo-C (CC 5V \/ 1A)<\/strong>.<\/p>\n<p data-start=\"1437\" data-end=\"1589\">La sirena est\u00e1 dise\u00f1ada para un funcionamiento estable en temperaturas de <strong data-start=\"1497\" data-end=\"1519\">De -20 \u00b0C a +50 \u00b0C<\/strong> Adem\u00e1s, tiene un dise\u00f1o compacto y discreto que se adapta a la mayor\u00eda de los entornos.<\/p>\n<hr data-start=\"1591\" data-end=\"1594\" \/>\n<h3 data-start=\"1596\" data-end=\"1626\">Parte del sistema SecureX<\/h3>\n<p data-start=\"1627\" data-end=\"1734\">SecureX SirenGuard es un componente del sistema para SecureX y siempre se utiliza junto con <strong data-start=\"1715\" data-end=\"1733\">Centro SecureX<\/strong>.<\/p>\n<ul data-start=\"1736\" data-end=\"1930\">\n<li data-start=\"1736\" data-end=\"1775\">\n<p data-start=\"1738\" data-end=\"1775\">La sirena se conecta al concentrador SecureX<\/p>\n<\/li>\n<li data-start=\"1776\" data-end=\"1813\">\n<p data-start=\"1778\" data-end=\"1813\">Toda la gesti\u00f3n de alarmas se realiza a trav\u00e9s del hub.<\/p>\n<\/li>\n<li data-start=\"1814\" data-end=\"1894\">\n<p data-start=\"1816\" data-end=\"1894\">Compatibilidad con <strong data-start=\"1835\" data-end=\"1892\">Stonehouse Smart, Tuya y Smart Life se controlan a trav\u00e9s del hub.<\/strong><\/p>\n<\/li>\n<li data-start=\"1895\" data-end=\"1930\">\n<p data-start=\"1897\" data-end=\"1930\">La sirena no se utiliza de forma independiente<\/p>\n<\/li>\n<\/ul>\n<hr data-start=\"1932\" data-end=\"1935\" \/>\n<h3 data-start=\"1937\" data-end=\"1959\">Ventajas en breve<\/h3>\n<ul data-start=\"1960\" data-end=\"2253\">\n<li data-start=\"1960\" data-end=\"1997\">\n<p data-start=\"1962\" data-end=\"1997\">Alarma sonora potente de hasta 110 dB.<\/p>\n<\/li>\n<li data-start=\"1998\" data-end=\"2054\">\n<p data-start=\"2000\" data-end=\"2054\">Comunicaci\u00f3n de largo alcance con un alcance de hasta 500 m.<\/p>\n<\/li>\n<li data-start=\"2055\" data-end=\"2083\">\n<p data-start=\"2057\" data-end=\"2083\">5 niveles de volumen ajustables<\/p>\n<\/li>\n<li data-start=\"2084\" data-end=\"2118\">\n<p data-start=\"2086\" data-end=\"2118\">2 se\u00f1ales de alarma y 4 tiempos de alarma<\/p>\n<\/li>\n<li data-start=\"2119\" data-end=\"2166\">\n<p data-start=\"2121\" data-end=\"2166\">Admite hasta 10 sirenas en el mismo sistema.<\/p>\n<\/li>\n<li data-start=\"2167\" data-end=\"2204\">\n<p data-start=\"2169\" data-end=\"2204\">Bater\u00eda integrada de 1000 mAh (de respaldo)<\/p>\n<\/li>\n<li data-start=\"2205\" data-end=\"2223\">\n<p data-start=\"2207\" data-end=\"2223\">Carga USB-C<\/p>\n<\/li>\n<li data-start=\"2224\" data-end=\"2253\">\n<p data-start=\"2226\" data-end=\"2253\">Dise\u00f1o compacto y robusto<\/p>\n<\/li>\n<\/ul>\n<hr data-start=\"2255\" data-end=\"2258\" \/>\n<h3 data-start=\"2260\" data-end=\"2290\">Usos t\u00edpicos<\/h3>\n<ul data-start=\"2291\" data-end=\"2401\">\n<li data-start=\"2291\" data-end=\"2316\">\n<p data-start=\"2293\" data-end=\"2316\">Villas y apartamentos<\/p>\n<\/li>\n<li data-start=\"2317\" data-end=\"2345\">\n<p data-start=\"2319\" data-end=\"2345\">Propiedades comerciales<\/p>\n<\/li>\n<li data-start=\"2346\" data-end=\"2367\">\n<p data-start=\"2348\" data-end=\"2367\">Tiendas y almacenes<\/p>\n<\/li>\n<li data-start=\"2368\" data-end=\"2401\">\n<p data-start=\"2370\" data-end=\"2401\">Instalaciones de alarmas avanzadas<\/p>\n<\/li>\n<\/ul>\n<hr data-start=\"2403\" data-end=\"2406\" \/>\n<h3 data-start=\"2408\" data-end=\"2433\">Especificaciones t\u00e9cnicas<\/h3>\n<ul data-start=\"2434\" data-end=\"2786\">\n<li data-start=\"2434\" data-end=\"2479\">\n<p data-start=\"2436\" data-end=\"2479\">Fuente de alimentaci\u00f3n: CC 5V\/1A (USB Tipo-C)<\/p>\n<\/li>\n<li data-start=\"2480\" data-end=\"2516\">\n<p data-start=\"2482\" data-end=\"2516\">Bater\u00eda: litio de 3,7 V \/ 1000 mAh<\/p>\n<\/li>\n<li data-start=\"2517\" data-end=\"2548\">\n<p data-start=\"2519\" data-end=\"2548\">Nivel de sonido: Hasta 110 dB<\/p>\n<\/li>\n<li data-start=\"2549\" data-end=\"2570\">\n<p data-start=\"2551\" data-end=\"2570\">Niveles de volumen: 5 unidades<\/p>\n<\/li>\n<li data-start=\"2571\" data-end=\"2598\">\n<p data-start=\"2573\" data-end=\"2598\">Modos de alarma: 4 opciones<\/p>\n<\/li>\n<li data-start=\"2599\" data-end=\"2622\">\n<p data-start=\"2601\" data-end=\"2622\">Tonos: 2 opciones<\/p>\n<\/li>\n<li data-start=\"2623\" data-end=\"2672\">\n<p data-start=\"2625\" data-end=\"2672\">Tecnolog\u00eda inal\u00e1mbrica: largo alcance, codificaci\u00f3n SecureX<\/p>\n<\/li>\n<li data-start=\"2673\" data-end=\"2715\">\n<p data-start=\"2675\" data-end=\"2715\">Alcance: hasta aprox. 500 m (l\u00ednea de visi\u00f3n)<\/p>\n<\/li>\n<li data-start=\"2716\" data-end=\"2756\">\n<p data-start=\"2718\" data-end=\"2756\">Temperatura de funcionamiento: \u221220 \u00b0C a +50 \u00b0C<\/p>\n<\/li>\n<li data-start=\"2757\" data-end=\"2786\">\n<p data-start=\"2759\" data-end=\"2786\">Dimensiones: 135 \u00d7 100 \u00d7 27,5 mm<\/p>\n<\/li>\n<\/ul>\n<hr data-start=\"2788\" data-end=\"2791\" \/>\n<h3 data-start=\"2793\" data-end=\"2813\">Contenido del env\u00edo<\/h3>\n<ul data-start=\"2814\" data-end=\"2966\">\n<li data-start=\"2814\" data-end=\"2855\">\n<p data-start=\"2816\" data-end=\"2855\">Sirena de interior SecureX SirenGuard: 1 unidad<\/p>\n<\/li>\n<li data-start=\"2856\" data-end=\"2886\">\n<p data-start=\"2858\" data-end=\"2886\">Placa de montaje en pared: 1 ud.<\/p>\n<\/li>\n<li data-start=\"2887\" data-end=\"2904\">\n<p data-start=\"2889\" data-end=\"2904\">Tornillos: 4 piezas<\/p>\n<\/li>\n<li data-start=\"2905\" data-end=\"2920\">\n<p data-start=\"2907\" data-end=\"2920\">Enchufe: 4 piezas<\/p>\n<\/li>\n<li data-start=\"2921\" data-end=\"2949\">\n<p data-start=\"2923\" data-end=\"2949\">Adaptador de corriente USB-C: 1 unidad<\/p>\n<\/li>\n<li data-start=\"2950\" data-end=\"2966\">\n<p data-start=\"2952\" data-end=\"2966\">Manual: 1 pieza<\/p>\n<\/li>\n<\/ul>","protected":false},"excerpt":{"rendered":"<p>La sirena de interior SecureX con protocolo de largo alcance proporciona un sonido potente de 110 dB y tiene volumen ajustable en cinco niveles.<\/p>\n<p>La sirena tiene una luz estrobosc\u00f3pica incorporada para indicaci\u00f3n visual.<\/p>\n<p>Equipado con una bater\u00eda recargable, m\u00faltiples modos de alarma y comunicaci\u00f3n confiable a larga distancia.<\/p>","protected":false},"featured_media":162607,"template":"","meta":{"_acf_changed":false},"product_brand":[],"product_cat":[5064],"product_tag":[],"class_list":{"0":"post-162610","1":"product","2":"type-product","3":"status-publish","4":"has-post-thumbnail","6":"product_cat-securex-sirener","7":"pa_brands-securex-connect-pro","8":"pa_brands-stonehouse-smart","9":"tm-no-options","11":"first","12":"instock","13":"sale","14":"taxable","15":"shipping-taxable","16":"purchasable","17":"product-type-simple"},"acf":[],"_links":{"self":[{"href":"https:\/\/secureus.se\/es\/wp-json\/wp\/v2\/product\/162610","targetHints":{"allow":["GET"]}}],"collection":[{"href":"https:\/\/secureus.se\/es\/wp-json\/wp\/v2\/product"}],"about":[{"href":"https:\/\/secureus.se\/es\/wp-json\/wp\/v2\/types\/product"}],"wp:featuredmedia":[{"embeddable":true,"href":"https:\/\/secureus.se\/es\/wp-json\/wp\/v2\/media\/162607"}],"wp:attachment":[{"href":"https:\/\/secureus.se\/es\/wp-json\/wp\/v2\/media?parent=162610"}],"wp:term":[{"taxonomy":"product_brand","embeddable":true,"href":"https:\/\/secureus.se\/es\/wp-json\/wp\/v2\/product_brand?post=162610"},{"taxonomy":"product_cat","embeddable":true,"href":"https:\/\/secureus.se\/es\/wp-json\/wp\/v2\/product_cat?post=162610"},{"taxonomy":"product_tag","embeddable":true,"href":"https:\/\/secureus.se\/es\/wp-json\/wp\/v2\/product_tag?post=162610"}],"curies":[{"name":"wp","href":"https:\/\/api.w.org\/{rel}","templated":true}]}}