{"id":162639,"date":"2025-09-15T11:16:42","date_gmt":"2025-09-15T09:16:42","guid":{"rendered":"https:\/\/secureus.se\/?post_type=product&#038;p=162639"},"modified":"2026-04-09T15:47:50","modified_gmt":"2026-04-09T13:47:50","slug":"securex-connect-pro-lorapanel-touchskarm","status":"publish","type":"product","link":"https:\/\/secureus.se\/es\/securex-connect-pro-lorapanel-touchskarm\/","title":{"rendered":"SecureX Connect Pro Central con pantalla t\u00e1ctil \u2013 versi\u00f3n sueca con 4G y aplicaci\u00f3n"},"content":{"rendered":"<h2>SecureX Connect Pro Central Touchscreen Versi\u00f3n sueca<\/h2>\n<p>Alarma sin suscripci\u00f3n con 3 a\u00f1os de garant\u00eda y soporte completo a trav\u00e9s de la empresa sueca Stonehouse Security AB.<\/p>\n<p>SecureX Connect Pro es el coraz\u00f3n del sistema SecureX: un potente centro de alarmas con <strong>Pantalla t\u00e1ctil de 7 pulgadas<\/strong> que re\u00fane todos los dispositivos SecureX en un \u00fanico sistema.<\/p>\n<p>Con el sencillo men\u00fa de inicio, cualquiera puede configurar la alarma en unos 30 minutos; el men\u00fa muestra en sueco c\u00f3mo hacerlo., <span style=\"text-decoration: underline;\"><strong>El men\u00fa siempre se mostrar\u00e1 en el idioma que hayas seleccionado.<\/strong><\/span> tenerlo como est\u00e1ndar.<\/p>\n<p>En caso de alarma, las sirenas se activar\u00e1n y recibir\u00e1s la notificaci\u00f3n en tu tel\u00e9fono m\u00f3vil a trav\u00e9s de la aplicaci\u00f3n. Si has seleccionado y configurado una tarjeta SIM 4G, recibir\u00e1s un SMS y un mensaje de voz en tu tel\u00e9fono.<\/p>\n<p>La voz anuncia en tu idioma qu\u00e9 secci\u00f3n se ha activado y tambi\u00e9n puedes escuchar lo que sucede en tu propiedad; por ejemplo, si tienes una alarma SOS silenciosa, la persona puede hablarte y puedes comunicarte con ella a trav\u00e9s del micr\u00f3fono incorporado del hub.<\/p>\n<p>El panel obtiene <strong>Actualizaciones gratuitas a trav\u00e9s de la aplicaci\u00f3n.<\/strong> durante toda la vida \u00fatil de la alarma.<\/p>\n<p>La alarma SecureX <strong>Panel (con pantalla y texto plano), mensajes de voz y aplicaci\u00f3n Stonehouse Smart<\/strong> Disponible en:<\/p>\n<p><em><strong><span style=\"text-decoration: underline;\">Sueco, ingl\u00e9s, alem\u00e1n, finland\u00e9s, franc\u00e9s, holand\u00e9s, polaco, espa\u00f1ol, noruego y dan\u00e9s.<\/span><\/strong><\/em><\/p>\n<hr \/>\n<h3>Panel potente con largo alcance<\/h3>\n<p>El grande <strong>Pantalla t\u00e1ctil IPS de 7 pulgadas (1024\u00d7600)<\/strong> Proporciona una interfaz clara y f\u00e1cil de usar. <strong>chip de 600 MHz<\/strong> y <strong>bater\u00eda integrada de 5000 mAh<\/strong> El sistema contin\u00faa funcionando incluso en caso de un corte de energ\u00eda.<\/p>\n<p>Gracias a <strong>Largo alcance\/LoRa<\/strong> \u00bfTe levantas? <strong>Alcance de 500 m en l\u00ednea de visi\u00f3n directa.<\/strong>, lo que la hace especialmente \u00fatil en propiedades grandes donde el alcance del WiFi convencional no es suficiente.<\/p>\n<hr \/>\n<h3>Alarma h\u00edbrida: inal\u00e1mbrica + con cable<\/h3>\n<p>SecureX Connect Pro es compatible con:<\/p>\n<ul>\n<li>Arriba a <strong>200 dispositivos inal\u00e1mbricos SecureX<\/strong><\/li>\n<li><strong>8 zonas cableadas<\/strong> para instalaci\u00f3n h\u00edbrida<\/li>\n<li><strong>Wi-Fi, 2G o 4G<\/strong> para la conexi\u00f3n<\/li>\n<li><strong>Comunicaci\u00f3n bidireccional<\/strong> y hasta <strong>5 n\u00fameros de emergencia<\/strong><\/li>\n<li>Protocolos integrados: <strong>433 MHz (EV1527)<\/strong> y <strong>Largo alcance de 868 MHz<\/strong> con cifrado SecureX<\/li>\n<\/ul>\n<p>Todo el control se realiza a trav\u00e9s de <strong>La aplicaci\u00f3n Stonehouse Smart<\/strong> (con idiomas n\u00f3rdicos). Compatibilidad con <strong>Tuya<\/strong> y <strong>Vida inteligente<\/strong> se lleva a cabo a trav\u00e9s del concentrador.<\/p>\n<hr \/>\n<h3>Aclaraci\u00f3n importante<\/h3>\n<ul>\n<li>Esto es <strong>Solo el hub\/panel SecureX<\/strong><\/li>\n<li><strong>No incluye sensores ni accesorios.<\/strong><\/li>\n<li><strong>Adaptador de corriente USB-C incluido<\/strong><\/li>\n<li>Se utiliza con sensores y accesorios SecureX.<\/li>\n<\/ul>\n<hr \/>\n<h3>Caracter\u00edsticas y beneficios<\/h3>\n<ul>\n<li><strong>Pantalla t\u00e1ctil IPS de 7 pulgadas<\/strong> con alta resoluci\u00f3n<\/li>\n<li><strong>10 idiomas + informaci\u00f3n de voz:<\/strong> Sueco, noruego, dan\u00e9s, finland\u00e9s, ingl\u00e9s, alem\u00e1n, polaco, franc\u00e9s, espa\u00f1ol, holand\u00e9s<\/li>\n<li><strong>Largo alcance\/LoRa hasta 500 m<\/strong> (visi\u00f3n clara)<\/li>\n<li><strong>200 dispositivos inal\u00e1mbricos + 8 zonas cableadas<\/strong><\/li>\n<li><strong>Sirena incorporada <\/strong>(hasta 120 dB)<\/li>\n<li><strong>Bater\u00eda de respaldo de 5000 mAh<\/strong> (hasta aprox. 32 h en espera)<\/li>\n<li><strong>Llamadas bidireccionales y m\u00faltiples n\u00fameros de emergencia.<\/strong><\/li>\n<li><strong>Alarma antisabotaje y aviso de bater\u00eda baja<\/strong><\/li>\n<li>Control total a trav\u00e9s de la aplicaci\u00f3n.<\/li>\n<li>F\u00e1cil instalaci\u00f3n mediante <strong>USB-C<\/strong> o <strong>12 V<\/strong><\/li>\n<li><strong>Actualizaciones OTA gratuitas<\/strong> a trav\u00e9s de la aplicaci\u00f3n Stonehouse Smart<\/li>\n<li><strong>Soporte a trav\u00e9s de Stonehouse Security<\/strong> quien tambi\u00e9n es responsable de la aplicaci\u00f3n y del software de la unidad de alarma.<\/li>\n<\/ul>\n<hr \/>\n<h3>Certificaciones y calidad<\/h3>\n<p>SecureX Connect Pro ha sido probado y certificado seg\u00fan:<\/p>\n<ul>\n<li><strong>CE<\/strong><\/li>\n<li><strong>RoHS<\/strong><\/li>\n<li><strong>ALCANZAR<\/strong><\/li>\n<li><strong>Identificaci\u00f3n de la FCC (H700)<\/strong><\/li>\n<li><strong>UKCA (H700)<\/strong><\/li>\n<li><strong>Informe ERP<\/strong> (construcci\u00f3n energ\u00e9ticamente eficiente)<\/li>\n<\/ul>\n<hr \/>\n<h3>Contenido del env\u00edo<\/h3>\n<ul>\n<li>Central de alarmas SecureX Connect Pro de 7 pulgadas: <strong>1 pieza<\/strong><\/li>\n<li>Adaptador de corriente USB-C: <strong>1 pieza<\/strong><\/li>\n<li>Soporte de montaje en pared<\/li>\n<li>Tornillos y tapones<\/li>\n<li>Manual<\/li>\n<\/ul>","protected":false},"excerpt":{"rendered":"<p class=\"\" data-start=\"307\" data-end=\"466\"><strong data-start=\"46\" data-end=\"116\">SecureX Connect Pro Hub desarrollado para el mercado espa\u00f1ol.<\/strong><\/p>\n<p class=\"\" data-start=\"307\" data-end=\"466\">La pantalla t\u00e1ctil en espa\u00f1ol y la sencilla gu\u00eda de inicio hacen que el sistema sea f\u00e1cil de usar. La central re\u00fane todos los dispositivos SecureX en un sistema inteligente y f\u00e1cil de manejar.<\/p>\n<p class=\"\" data-start=\"307\" data-end=\"466\">Recibir\u00e1s las alarmas directamente en tu tel\u00e9fono m\u00f3vil y, con una tarjeta SIM 4G, tambi\u00e9n podr\u00e1s recibir mensajes SMS y de voz en caso de alarma.<\/p>\n<p class=\"\" data-start=\"307\" data-end=\"466\">El panel cuenta con sirena integrada, alarma antisabotaje, bater\u00eda de respaldo y se controla mediante protocolo sueco. <strong data-start=\"348\" data-end=\"374\">La aplicaci\u00f3n Stonehouse Smart<\/strong>, y es compatible con <strong data-start=\"399\" data-end=\"420\" data-is-only-node=\"\">Tuya y vida inteligente<\/strong>.<\/p>\n<p data-start=\"307\" data-end=\"466\">La alarma SecureX <strong>Panel (con pantalla y texto plano), mensajes de voz y aplicaci\u00f3n Stonehouse Smart<\/strong> Disponible en sueco, ingl\u00e9s, alem\u00e1n, finland\u00e9s, franc\u00e9s, holand\u00e9s, polaco, espa\u00f1ol, noruego y dan\u00e9s.<\/p>","protected":false},"featured_media":162629,"template":"","meta":{"_acf_changed":false},"product_brand":[],"product_cat":[5060,5099],"product_tag":[],"class_list":{"0":"post-162639","1":"product","2":"type-product","3":"status-publish","4":"has-post-thumbnail","6":"product_cat-securex-kit-hub","7":"product_cat-smart-home-larm-securex","8":"pa_brands-securex-connect-pro","9":"pa_brands-stonehouse-smart","10":"tm-no-options","12":"first","13":"instock","14":"sale","15":"taxable","16":"shipping-taxable","17":"purchasable","18":"product-type-simple"},"acf":[],"_links":{"self":[{"href":"https:\/\/secureus.se\/es\/wp-json\/wp\/v2\/product\/162639","targetHints":{"allow":["GET"]}}],"collection":[{"href":"https:\/\/secureus.se\/es\/wp-json\/wp\/v2\/product"}],"about":[{"href":"https:\/\/secureus.se\/es\/wp-json\/wp\/v2\/types\/product"}],"wp:featuredmedia":[{"embeddable":true,"href":"https:\/\/secureus.se\/es\/wp-json\/wp\/v2\/media\/162629"}],"wp:attachment":[{"href":"https:\/\/secureus.se\/es\/wp-json\/wp\/v2\/media?parent=162639"}],"wp:term":[{"taxonomy":"product_brand","embeddable":true,"href":"https:\/\/secureus.se\/es\/wp-json\/wp\/v2\/product_brand?post=162639"},{"taxonomy":"product_cat","embeddable":true,"href":"https:\/\/secureus.se\/es\/wp-json\/wp\/v2\/product_cat?post=162639"},{"taxonomy":"product_tag","embeddable":true,"href":"https:\/\/secureus.se\/es\/wp-json\/wp\/v2\/product_tag?post=162639"}],"curies":[{"name":"wp","href":"https:\/\/api.w.org\/{rel}","templated":true}]}}