{"id":162644,"date":"2025-09-15T11:16:42","date_gmt":"2025-09-15T09:16:42","guid":{"rendered":"https:\/\/secureus.se\/?post_type=product&#038;p=162644"},"modified":"2026-04-09T15:47:14","modified_gmt":"2026-04-09T13:47:14","slug":"securex-keyaccess-knappsats-rfid","status":"publish","type":"product","link":"https:\/\/secureus.se\/es\/securex-keyaccess-knappsats-rfid\/","title":{"rendered":"SecureX KeyAccess \u2013 teclado con RFID de largo alcance de 500 metros"},"content":{"rendered":"<h2 data-start=\"0\" data-end=\"76\">SecureX KeyAccess: teclado adicional con RFID para SecureX Pro (largo alcance)<\/h2>\n<p data-start=\"78\" data-end=\"419\">SecureX KeyAccess es un teclado adicional para SecureX Pro que facilita el control de la alarma con <strong data-start=\"174\" data-end=\"215\">c\u00f3digo, etiquetas RFID o pulsaci\u00f3n de bot\u00f3n<\/strong>. Con <strong data-start=\"221\" data-end=\"243\">Largo alcance 868 MHz<\/strong> Obtendr\u00e1 una conexi\u00f3n inal\u00e1mbrica estable con hasta <strong data-start=\"293\" data-end=\"327\">Alcance de 500 metros en l\u00ednea de visi\u00f3n clara<\/strong>, lo cual es perfecto para propiedades m\u00e1s grandes o donde se desee una comunicaci\u00f3n m\u00e1s segura.<\/p>\n<p data-start=\"421\" data-end=\"637\">El teclado est\u00e1 dise\u00f1ado para ser suave y seguro en el uso diario. Admite m\u00faltiples usuarios, RFID, activaci\u00f3n por presencia inteligente e iluminaci\u00f3n autom\u00e1tica, por lo que siempre es claro y f\u00e1cil de usar.<\/p>\n<p data-start=\"639\" data-end=\"806\">Todo el manejo se realiza a trav\u00e9s de <strong data-start=\"662\" data-end=\"680\">Centro SecureX<\/strong> y ver\u00e1 el estado y los eventos en <strong data-start=\"715\" data-end=\"741\">La aplicaci\u00f3n Stonehouse Smart<\/strong>. Compatibilidad con <strong data-start=\"762\" data-end=\"770\">Tuya<\/strong> y <strong data-start=\"775\" data-end=\"789\">Vida inteligente<\/strong> se lleva a cabo a trav\u00e9s del concentrador.<\/p>\n<hr data-start=\"808\" data-end=\"811\" \/>\n<h3 data-start=\"813\" data-end=\"851\">Funciones inteligentes para una vida cotidiana m\u00e1s f\u00e1cil<\/h3>\n<ul data-start=\"852\" data-end=\"1161\">\n<li data-start=\"852\" data-end=\"911\">\n<p data-start=\"854\" data-end=\"911\"><strong data-start=\"854\" data-end=\"889\">Compatibilidad con RFID (hasta 10 etiquetas)<\/strong> \u2013 r\u00e1pido y seguro<\/p>\n<\/li>\n<li data-start=\"912\" data-end=\"952\">\n<p data-start=\"914\" data-end=\"952\"><strong data-start=\"914\" data-end=\"950\">M\u00faltiples c\u00f3digos de usuario (multiusuario)<\/strong><\/p>\n<\/li>\n<li data-start=\"953\" data-end=\"1007\">\n<p data-start=\"955\" data-end=\"1007\"><strong data-start=\"955\" data-end=\"974\">Sensor de microondas<\/strong> activa el teclado cuando est\u00e1 presente<\/p>\n<\/li>\n<li data-start=\"1008\" data-end=\"1068\">\n<p data-start=\"1010\" data-end=\"1068\"><strong data-start=\"1010\" data-end=\"1024\">sensor de luz<\/strong> ajusta autom\u00e1ticamente la retroiluminaci\u00f3n<\/p>\n<\/li>\n<li data-start=\"1069\" data-end=\"1115\">\n<p data-start=\"1071\" data-end=\"1115\"><strong data-start=\"1071\" data-end=\"1090\">Bot\u00f3n del timbre<\/strong> para mayor comodidad<\/p>\n<\/li>\n<li data-start=\"1116\" data-end=\"1161\">\n<p data-start=\"1118\" data-end=\"1161\"><strong data-start=\"1118\" data-end=\"1135\">Alarma de manipulaci\u00f3n<\/strong> en caso de intentos de manipulaci\u00f3n<\/p>\n<\/li>\n<\/ul>\n<hr data-start=\"1163\" data-end=\"1166\" \/>\n<h3 data-start=\"1168\" data-end=\"1195\">Funcionamiento y carga de la bater\u00eda<\/h3>\n<p data-start=\"1196\" data-end=\"1369\">KeyAccess tiene una funci\u00f3n integrada <strong data-start=\"1222\" data-end=\"1256\">Bater\u00eda de litio de 3,7 V \/ 1500 mAh<\/strong> y se carga a trav\u00e9s de <strong data-start=\"1272\" data-end=\"1291\">USB-C (5V\/1A)<\/strong>. Su bajo consumo energ\u00e9tico proporciona un tiempo de funcionamiento prolongado incluso con un uso frecuente.<\/p>\n<hr data-start=\"1371\" data-end=\"1374\" \/>\n<h3 data-start=\"1376\" data-end=\"1413\">Importante: sistema y compatibilidad<\/h3>\n<ul data-start=\"1414\" data-end=\"1576\">\n<li data-start=\"1414\" data-end=\"1465\">\n<p data-start=\"1416\" data-end=\"1465\">Este es un <strong data-start=\"1428\" data-end=\"1463\">Teclado adicional para SecureX Pro<\/strong><\/p>\n<\/li>\n<li data-start=\"1466\" data-end=\"1524\">\n<p data-start=\"1468\" data-end=\"1524\"><strong data-start=\"1468\" data-end=\"1491\">Requiere SecureX hub<\/strong> (No se puede usar de forma independiente)<\/p>\n<\/li>\n<li data-start=\"1525\" data-end=\"1576\">\n<p data-start=\"1527\" data-end=\"1576\">Se realiza el control y la integraci\u00f3n de la aplicaci\u00f3n. <strong data-start=\"1560\" data-end=\"1574\">a trav\u00e9s del centro<\/strong><\/p>\n<\/li>\n<\/ul>\n<hr data-start=\"1578\" data-end=\"1581\" \/>\n<h3 data-start=\"1583\" data-end=\"1608\">Beneficios y caracter\u00edsticas<\/h3>\n<ul data-start=\"1609\" data-end=\"2028\">\n<li data-start=\"1609\" data-end=\"1678\">\n<p data-start=\"1611\" data-end=\"1678\"><strong data-start=\"1611\" data-end=\"1633\">Largo alcance 868 MHz<\/strong> con hasta <strong data-start=\"1647\" data-end=\"1665\">Alcance de 500 m<\/strong> (visi\u00f3n clara)<\/p>\n<\/li>\n<li data-start=\"1679\" data-end=\"1725\">\n<p data-start=\"1681\" data-end=\"1725\">Viene con <strong data-start=\"1695\" data-end=\"1723\">3 etiquetas RFID SecureX<\/strong><\/p>\n<\/li>\n<li data-start=\"1726\" data-end=\"1769\">\n<p data-start=\"1728\" data-end=\"1769\">Integraci\u00f3n completa a trav\u00e9s de <strong data-start=\"1749\" data-end=\"1767\">Centro SecureX<\/strong><\/p>\n<\/li>\n<li data-start=\"1770\" data-end=\"1817\">\n<p data-start=\"1772\" data-end=\"1817\">Estado en tiempo real en <strong data-start=\"1789\" data-end=\"1815\">La aplicaci\u00f3n Stonehouse Smart<\/strong><\/p>\n<\/li>\n<li data-start=\"1818\" data-end=\"1858\">\n<p data-start=\"1820\" data-end=\"1858\"><strong data-start=\"1820\" data-end=\"1841\">Tuya y vida inteligente<\/strong> compatible a trav\u00e9s de hub<\/p>\n<\/li>\n<li data-start=\"1859\" data-end=\"1900\">\n<p data-start=\"1861\" data-end=\"1900\">Soporte para hasta <strong data-start=\"1879\" data-end=\"1898\">10 etiquetas RFID<\/strong><\/p>\n<\/li>\n<li data-start=\"1901\" data-end=\"1921\">\n<p data-start=\"1903\" data-end=\"1921\">C\u00f3digos multiusuario<\/p>\n<\/li>\n<li data-start=\"1922\" data-end=\"1971\">\n<p data-start=\"1924\" data-end=\"1971\">Bot\u00f3n del timbre, sensor de microondas y sensor de luz.<\/p>\n<\/li>\n<li data-start=\"1972\" data-end=\"1989\">\n<p data-start=\"1974\" data-end=\"1989\">Alarma de manipulaci\u00f3n<\/p>\n<\/li>\n<li data-start=\"1990\" data-end=\"2028\">\n<p data-start=\"1992\" data-end=\"2028\">Carga USB-C y bater\u00eda integrada<\/p>\n<\/li>\n<\/ul>\n<hr data-start=\"2030\" data-end=\"2033\" \/>\n<h3 data-start=\"2035\" data-end=\"2057\">\u00c1reas de uso<\/h3>\n<ul data-start=\"2058\" data-end=\"2192\">\n<li data-start=\"2058\" data-end=\"2083\">\n<p data-start=\"2060\" data-end=\"2083\">Villas y apartamentos<\/p>\n<\/li>\n<li data-start=\"2084\" data-end=\"2113\">\n<p data-start=\"2086\" data-end=\"2113\">Empresas y locales comerciales<\/p>\n<\/li>\n<li data-start=\"2114\" data-end=\"2141\">\n<p data-start=\"2116\" data-end=\"2141\">Casas de veraneo y garajes<\/p>\n<\/li>\n<li data-start=\"2142\" data-end=\"2192\">\n<p data-start=\"2144\" data-end=\"2192\">Entornos industriales con requisitos de acceso estable<\/p>\n<\/li>\n<\/ul>\n<hr data-start=\"2194\" data-end=\"2197\" \/>\n<h3 data-start=\"2199\" data-end=\"2224\">Especificaciones t\u00e9cnicas<\/h3>\n<ul data-start=\"2225\" data-end=\"2619\">\n<li data-start=\"2225\" data-end=\"2269\">\n<p data-start=\"2227\" data-end=\"2269\"><strong data-start=\"2227\" data-end=\"2248\">Fuente de alimentaci\u00f3n:<\/strong> CC 5V \/ 1A (USB-C)<\/p>\n<\/li>\n<li data-start=\"2270\" data-end=\"2310\">\n<p data-start=\"2272\" data-end=\"2310\"><strong data-start=\"2272\" data-end=\"2284\">Bater\u00eda:<\/strong> Litio de 3,7 V\/1500 mAh<\/p>\n<\/li>\n<li data-start=\"2311\" data-end=\"2340\">\n<p data-start=\"2313\" data-end=\"2340\"><strong data-start=\"2313\" data-end=\"2330\">Energ\u00eda en modo de espera:<\/strong> &lt;100 \u00b5A<\/p>\n<\/li>\n<li data-start=\"2341\" data-end=\"2368\">\n<p data-start=\"2343\" data-end=\"2368\"><strong data-start=\"2343\" data-end=\"2359\">Corriente de trabajo:<\/strong> &lt;10 mA<\/p>\n<\/li>\n<li data-start=\"2369\" data-end=\"2410\">\n<p data-start=\"2371\" data-end=\"2410\"><strong data-start=\"2371\" data-end=\"2389\">Comunicaci\u00f3n:<\/strong> Largo alcance 868 MHz<\/p>\n<\/li>\n<li data-start=\"2411\" data-end=\"2454\">\n<p data-start=\"2413\" data-end=\"2454\"><strong data-start=\"2413\" data-end=\"2426\">Alcance:<\/strong> hasta 500 m (l\u00ednea de visi\u00f3n)<\/p>\n<\/li>\n<li data-start=\"2455\" data-end=\"2499\">\n<p data-start=\"2457\" data-end=\"2499\"><strong data-start=\"2457\" data-end=\"2478\">Temperatura de trabajo:<\/strong> \u221210\u00b0C a +50\u00b0C<\/p>\n<\/li>\n<li data-start=\"2500\" data-end=\"2547\">\n<p data-start=\"2502\" data-end=\"2547\"><strong data-start=\"2502\" data-end=\"2524\">Humedad relativa:<\/strong> &lt;95 % (sin condensaci\u00f3n)<\/p>\n<\/li>\n<li data-start=\"2548\" data-end=\"2586\">\n<p data-start=\"2550\" data-end=\"2586\"><strong data-start=\"2550\" data-end=\"2564\">Compatibilidad con RFID:<\/strong> hasta 10 baldosas<\/p>\n<\/li>\n<li data-start=\"2587\" data-end=\"2619\">\n<p data-start=\"2589\" data-end=\"2619\"><strong data-start=\"2589\" data-end=\"2598\">Medida:<\/strong> aprox. 90 \u00d7 90 \u00d7 45 mm<\/p>\n<\/li>\n<\/ul>\n<hr data-start=\"2621\" data-end=\"2624\" \/>\n<h3 data-start=\"2626\" data-end=\"2646\">Contenido del env\u00edo<\/h3>\n<ul data-start=\"2647\" data-end=\"2792\">\n<li data-start=\"2647\" data-end=\"2684\">\n<p data-start=\"2649\" data-end=\"2684\">Teclado SecureX KeyAccess: 1 unidad<\/p>\n<\/li>\n<li data-start=\"2685\" data-end=\"2714\">\n<p data-start=\"2687\" data-end=\"2714\">Etiquetas RFID SecureX: 3 unidades<\/p>\n<\/li>\n<li data-start=\"2715\" data-end=\"2740\">\n<p data-start=\"2717\" data-end=\"2740\">Cable de carga USB-C: 1 unidad<\/p>\n<\/li>\n<li data-start=\"2741\" data-end=\"2781\">\n<p data-start=\"2743\" data-end=\"2781\">Materiales de montaje (tornillos y tacos)<\/p>\n<\/li>\n<li data-start=\"2782\" data-end=\"2792\">\n<p data-start=\"2784\" data-end=\"2792\">Manual<\/p>\n<\/li>\n<\/ul>","protected":false},"excerpt":{"rendered":"<p class=\"\" data-start=\"307\" data-end=\"466\">Teclado de alcance extra largo (868 Mhz) con RFID para SecureX Pro.<\/p>\n<p class=\"\" data-start=\"307\" data-end=\"466\">Alcance de hasta 500 m, c\u00f3digos multiusuario, alarma antimanipulaci\u00f3n y carga USB-C.<\/p>\n<p class=\"\" data-start=\"307\" data-end=\"466\">3 etiquetas RFID incluidas.<\/p>","protected":false},"featured_media":162734,"template":"","meta":{"_acf_changed":false},"product_brand":[],"product_cat":[5067],"product_tag":[],"class_list":{"0":"post-162644","1":"product","2":"type-product","3":"status-publish","4":"has-post-thumbnail","6":"product_cat-securex-knappsatser","7":"pa_brands-securex-connect-pro","8":"pa_brands-stonehouse-smart","9":"tm-no-options","11":"first","12":"instock","13":"sale","14":"taxable","15":"shipping-taxable","16":"purchasable","17":"product-type-simple"},"acf":[],"_links":{"self":[{"href":"https:\/\/secureus.se\/es\/wp-json\/wp\/v2\/product\/162644","targetHints":{"allow":["GET"]}}],"collection":[{"href":"https:\/\/secureus.se\/es\/wp-json\/wp\/v2\/product"}],"about":[{"href":"https:\/\/secureus.se\/es\/wp-json\/wp\/v2\/types\/product"}],"wp:featuredmedia":[{"embeddable":true,"href":"https:\/\/secureus.se\/es\/wp-json\/wp\/v2\/media\/162734"}],"wp:attachment":[{"href":"https:\/\/secureus.se\/es\/wp-json\/wp\/v2\/media?parent=162644"}],"wp:term":[{"taxonomy":"product_brand","embeddable":true,"href":"https:\/\/secureus.se\/es\/wp-json\/wp\/v2\/product_brand?post=162644"},{"taxonomy":"product_cat","embeddable":true,"href":"https:\/\/secureus.se\/es\/wp-json\/wp\/v2\/product_cat?post=162644"},{"taxonomy":"product_tag","embeddable":true,"href":"https:\/\/secureus.se\/es\/wp-json\/wp\/v2\/product_tag?post=162644"}],"curies":[{"name":"wp","href":"https:\/\/api.w.org\/{rel}","templated":true}]}}