{"id":162649,"date":"2025-09-15T11:16:41","date_gmt":"2025-09-15T09:16:41","guid":{"rendered":"https:\/\/secureus.se\/?post_type=product&#038;p=162649"},"modified":"2026-04-28T19:58:14","modified_gmt":"2026-04-28T17:58:14","slug":"securex-connect-pro-kit-touchskarm","status":"publish","type":"product","link":"https:\/\/secureus.se\/es\/securex-connect-pro-kit-touchskarm\/","title":{"rendered":"Paquete b\u00e1sico SecureX Connect Pro: versi\u00f3n sueca con pantalla t\u00e1ctil, 4G y aplicaci\u00f3n."},"content":{"rendered":"<h2>SecureX Connect Pro Kit - versi\u00f3n espa\u00f1ola (Kit de inicio completo)<\/h2>\n<p>Alarma sin suscripci\u00f3n con 3 a\u00f1os de garant\u00eda y soporte completo a trav\u00e9s de la empresa sueca Stonehouse Security AB.<\/p>\n<p>SecureX Connect Pro es el coraz\u00f3n del sistema SecureX: un potente centro de alarmas con <strong>Pantalla t\u00e1ctil de 7 pulgadas<\/strong> que re\u00fane todos los dispositivos SecureX en un \u00fanico sistema.<\/p>\n<p>Con el sencillo men\u00fa de inicio, cualquiera puede configurar la alarma en unos 30 minutos; el men\u00fa muestra en sueco c\u00f3mo hacerlo., <span style=\"text-decoration: underline;\"><strong>El men\u00fa siempre se mostrar\u00e1 en el idioma que hayas seleccionado.<\/strong><\/span> tenerlo como est\u00e1ndar.<\/p>\n<p>En caso de alarma, las sirenas se activar\u00e1n y recibir\u00e1s la notificaci\u00f3n en tu tel\u00e9fono m\u00f3vil a trav\u00e9s de la aplicaci\u00f3n. Si has seleccionado y configurado una tarjeta SIM 4G, recibir\u00e1s un SMS y un mensaje de voz en tu tel\u00e9fono.<\/p>\n<p>La voz anuncia en tu idioma qu\u00e9 secci\u00f3n se ha activado y tambi\u00e9n puedes escuchar lo que sucede en tu propiedad. Si tienes, por ejemplo, una alarma SOS silenciosa, la persona puede hablarte y puedes comunicarte con ella a trav\u00e9s del micr\u00f3fono integrado del concentrador.<\/p>\n<p>La alarma SecureX <strong>Panel (con pantalla y texto plano), mensajes de voz y aplicaci\u00f3n Stonehouse Smart<\/strong> Disponible en:<\/p>\n<p><em><strong><span style=\"text-decoration: underline;\">Sueco, ingl\u00e9s, alem\u00e1n, finland\u00e9s, franc\u00e9s, holand\u00e9s, polaco, espa\u00f1ol, noruego y dan\u00e9s.<\/span><\/strong><\/em><\/p>\n<hr \/>\n<ul>\n<li>Pantalla t\u00e1ctil de 7\u201d con largo alcance\/LoRa<\/li>\n<li>Arriba a <strong>200 dispositivos inal\u00e1mbricos<\/strong><\/li>\n<li><strong>Wi-Fi, 2G y 4G<\/strong> para la conexi\u00f3n<\/li>\n<li>Sirena incorporada (hasta 120dB) + <strong>bater\u00eda de respaldo de 5000 mAh<\/strong><\/li>\n<li>Control remoto y notificaciones mediante aplicaci\u00f3n<\/li>\n<li>F\u00e1cil de ampliar si es necesario.<\/li>\n<\/ul>\n<hr \/>\n<h3>Caracter\u00edsticas y beneficios<\/h3>\n<ul>\n<li><strong>Pantalla t\u00e1ctil IPS de 7\u201d (1024\u00d7600)<\/strong> \u2013 claro y f\u00e1cil de usar<\/li>\n<li>Protocolos integrados: <strong>433 MHz (EV1527)<\/strong> y <strong>868 MHz<\/strong> con cifrado SecureX<\/li>\n<li><strong>Largo alcance<\/strong> \u2013 hasta aprox. <strong>500 metros<\/strong> alcance (l\u00ednea de visi\u00f3n)<\/li>\n<li>Soporte h\u00edbrido: <strong>200 dispositivos inal\u00e1mbricos + 8 zonas cableadas<\/strong><\/li>\n<li>Sirena incorporada + <strong>alarma de sabotaje<\/strong><\/li>\n<li><strong>Bater\u00eda de respaldo de 5000 mAh<\/strong> \u2013 funcionamiento incluso durante cortes de electricidad<\/li>\n<li>Comunicaci\u00f3n bidireccional y m\u00faltiples n\u00fameros de emergencia<\/li>\n<li><strong>Actualizaciones OTA gratuitas<\/strong> a trav\u00e9s de la aplicaci\u00f3n Stonehouse Smart<\/li>\n<li><strong>10 idiomas + informaci\u00f3n de voz:<\/strong> Sueco, noruego, dan\u00e9s, finland\u00e9s, ingl\u00e9s, alem\u00e1n, polaco, franc\u00e9s, espa\u00f1ol, holand\u00e9s<\/li>\n<li>F\u00e1cil instalaci\u00f3n mediante <strong>USB-C o 12 V<\/strong><\/li>\n<\/ul>\n<hr \/>\n<h3>Integraciones inteligentes y de aplicaciones<\/h3>\n<ul>\n<li>Control total a trav\u00e9s de <strong>La aplicaci\u00f3n Stonehouse Smart<\/strong><\/li>\n<li><strong>Tuya y vida inteligente<\/strong> compatible (a trav\u00e9s del concentrador)<\/li>\n<li>Posibilidad de crear escenas\/automatizaciones (por ejemplo iluminaci\u00f3n en caso de alarma)<\/li>\n<li>Apoyo para <strong>Asistente de Google<\/strong><\/li>\n<\/ul>\n<hr \/>\n<h3>Certificaciones y calidad<\/h3>\n<ul>\n<li>CE<\/li>\n<li>RoHS<\/li>\n<li>ALCANZAR<\/li>\n<li>Identificaci\u00f3n de la FCC (H700)<\/li>\n<li>UKCA (H700)<\/li>\n<li>ERP \u2013 dise\u00f1o energ\u00e9ticamente eficiente<\/li>\n<\/ul>\n<hr \/>\n<h3>Esto est\u00e1 incluido en el kit SecureX Connect Pro<\/h3>\n<ul>\n<li><strong>1 pieza<\/strong> Panel SecureX Connect Pro: panel LoRa de 7\u201d con pantalla t\u00e1ctil<\/li>\n<li><strong>2 piezas<\/strong> Controles remotos SecureX QuickControl<\/li>\n<li><strong>1 pieza<\/strong> SecureX MotionEye Pro \u2013 Detector de movimiento PIR<\/li>\n<li><strong>1 pieza<\/strong> SecureX DoorSense Pro: contacto magn\u00e9tico para puertas y ventanas<\/li>\n<li><strong>3 piezas<\/strong> Pegatinas de alarma autoadhesivas de aluminio en tama\u00f1o (A8) 52x74 mm<\/li>\n<li>Soporte de panel para montaje<\/li>\n<li>Tornillos y tacos para montaje en panel<\/li>\n<\/ul>\n<p>&nbsp;<\/p>","protected":false},"excerpt":{"rendered":"<h2>SecureX Connect Pro Kit - versi\u00f3n espa\u00f1ola (Kit de inicio completo)<\/h2>\n<p class=\"\" data-start=\"307\" data-end=\"466\">La pantalla t\u00e1ctil sueca y la sencilla gu\u00eda de inicio hacen que sea f\u00e1cil empezar a usar el sistema.<\/p>\n<p class=\"\" data-start=\"307\" data-end=\"466\">El hub re\u00fane todos los dispositivos SecureX en un sistema inteligente y f\u00e1cil de usar.<\/p>\n<p class=\"\" data-start=\"307\" data-end=\"466\">Recibir\u00e1s las alarmas directamente en tu tel\u00e9fono m\u00f3vil y, con una tarjeta SIM 4G, tambi\u00e9n podr\u00e1s recibir mensajes SMS y de voz en caso de alarma.<\/p>\n<p class=\"\" data-start=\"307\" data-end=\"466\">El panel cuenta con sirena integrada, alarma antisabotaje, bater\u00eda de respaldo y se controla mediante protocolo sueco. <strong data-start=\"348\" data-end=\"374\">La aplicaci\u00f3n Stonehouse Smart<\/strong>, y es compatible con <strong data-start=\"399\" data-end=\"420\" data-is-only-node=\"\">Tuya y vida inteligente<\/strong>.<\/p>\n<p data-start=\"307\" data-end=\"466\">La alarma SecureX <strong>Panel (con pantalla y texto plano), mensajes de voz y aplicaci\u00f3n Stonehouse Smart<\/strong> Disponible en sueco, ingl\u00e9s, alem\u00e1n, finland\u00e9s, franc\u00e9s, holand\u00e9s, polaco, espa\u00f1ol, noruego y dan\u00e9s.<\/p>","protected":false},"featured_media":162736,"template":"","meta":{"_acf_changed":false},"product_brand":[],"product_cat":[5060,5059],"product_tag":[],"class_list":{"0":"post-162649","1":"product","2":"type-product","3":"status-publish","4":"has-post-thumbnail","6":"product_cat-securex-kit-hub","7":"product_cat-smart-larm-securex","8":"pa_brands-securex-connect-pro","9":"pa_brands-stonehouse-smart","10":"tm-no-options","12":"first","13":"instock","14":"sale","15":"taxable","16":"shipping-taxable","17":"purchasable","18":"product-type-simple"},"acf":[],"_links":{"self":[{"href":"https:\/\/secureus.se\/es\/wp-json\/wp\/v2\/product\/162649","targetHints":{"allow":["GET"]}}],"collection":[{"href":"https:\/\/secureus.se\/es\/wp-json\/wp\/v2\/product"}],"about":[{"href":"https:\/\/secureus.se\/es\/wp-json\/wp\/v2\/types\/product"}],"wp:featuredmedia":[{"embeddable":true,"href":"https:\/\/secureus.se\/es\/wp-json\/wp\/v2\/media\/162736"}],"wp:attachment":[{"href":"https:\/\/secureus.se\/es\/wp-json\/wp\/v2\/media?parent=162649"}],"wp:term":[{"taxonomy":"product_brand","embeddable":true,"href":"https:\/\/secureus.se\/es\/wp-json\/wp\/v2\/product_brand?post=162649"},{"taxonomy":"product_cat","embeddable":true,"href":"https:\/\/secureus.se\/es\/wp-json\/wp\/v2\/product_cat?post=162649"},{"taxonomy":"product_tag","embeddable":true,"href":"https:\/\/secureus.se\/es\/wp-json\/wp\/v2\/product_tag?post=162649"}],"curies":[{"name":"wp","href":"https:\/\/api.w.org\/{rel}","templated":true}]}}