{"id":162654,"date":"2025-09-15T11:16:40","date_gmt":"2025-09-15T09:16:40","guid":{"rendered":"https:\/\/secureus.se\/?post_type=product&#038;p=162654"},"modified":"2026-04-09T15:49:42","modified_gmt":"2026-04-09T13:49:42","slug":"securex-multiknapp-dorrklocka","status":"publish","type":"product","link":"https:\/\/secureus.se\/es\/securex-multiknapp-dorrklocka\/","title":{"rendered":"Bot\u00f3n m\u00faltiple SecureX: timbre para conexi\u00f3n a SecureX"},"content":{"rendered":"<h2>Timbre multibot\u00f3n SecureX<\/h2>\n<p>SecureX Multi-button \u2013 Doorbell es un bot\u00f3n rectangular inal\u00e1mbrico que ofrece una pr\u00e1ctica funci\u00f3n de timbre en su sistema SecureX. Con una simple pulsaci\u00f3n, la se\u00f1al se env\u00eda a <strong>Centro SecureX<\/strong>, que activa el timbre y env\u00eda <strong>notificaciones push en tiempo real<\/strong> a tu m\u00f3vil.<\/p>\n<p>Todos los eventos se muestran en <strong>La aplicaci\u00f3n Stonehouse Smart<\/strong> (iOS\/Android). Para mayor flexibilidad, compatibilidad con <strong>Tuya<\/strong> y <strong>Vida inteligente<\/strong> a trav\u00e9s del concentrador.<\/p>\n<p>El multibot\u00f3n tambi\u00e9n se puede programar como transmisor\/sensor de alarma, es decir, permite crear alarmas tanto silenciosas como sonoras. La opci\u00f3n de adquirir texto opcional puede ser una alternativa para que la funci\u00f3n o la ubicaci\u00f3n en su propiedad sean m\u00e1s claras.<\/p>\n<hr \/>\n<h3>Montaje sencillo \u2013 dise\u00f1o discreto<\/h3>\n<p>El bot\u00f3n m\u00faltiple es compacto y discreto (<strong>48 \u00d7 76 \u00d7 11 mm<\/strong>) y se ensambla r\u00e1pidamente con <strong>cinta de doble cara<\/strong> (incluido). Para una instalaci\u00f3n m\u00e1s permanente, hay <strong>dos orificios de montaje<\/strong> Para tornillo (tornillo no incluido).<\/p>\n<p>Est\u00e1 alimentado por <strong>1 bater\u00eda de 23 A y 12 V<\/strong> y tiene un bajo consumo de energ\u00eda, lo que proporciona una larga duraci\u00f3n de la bater\u00eda.<\/p>\n<hr \/>\n<h3>Comunicaci\u00f3n inal\u00e1mbrica estable<\/h3>\n<p>El bot\u00f3n utiliza <strong>433 MHz (eV1527)<\/strong> y est\u00e1 codificado para SecureX, que proporciona un funcionamiento estable tanto en entornos residenciales como comerciales.<\/p>\n<hr \/>\n<h3>Importante: sistema y compatibilidad<\/h3>\n<ul>\n<li>El bot\u00f3n m\u00faltiple se utiliza junto con <strong>Centro SecureX<\/strong><\/li>\n<li>Las notificaciones y funciones se gestionan en <strong>La aplicaci\u00f3n Stonehouse Smart<\/strong><\/li>\n<li><strong>Tuya y vida inteligente<\/strong> apoyado <strong>a trav\u00e9s del centro<\/strong><\/li>\n<li>El bot\u00f3n es <strong>no independiente<\/strong><\/li>\n<\/ul>\n<hr \/>\n<h3>Beneficios y caracter\u00edsticas<\/h3>\n<ul>\n<li>Bot\u00f3n de timbre inal\u00e1mbrico (rectangular)<\/li>\n<li>Integraci\u00f3n completa a trav\u00e9s del concentrador SecureX<\/li>\n<li>Notificaciones en tiempo real en la aplicaci\u00f3n Stonehouse Smart<\/li>\n<li>Tuya y Smart Life a trav\u00e9s del hub<\/li>\n<li>F\u00e1cil montaje con cinta o tornillos.<\/li>\n<li>Bater\u00eda de larga duraci\u00f3n gracias al bajo consumo<\/li>\n<li>Dise\u00f1o compacto y discreto<\/li>\n<\/ul>\n<hr \/>\n<h3>\u00c1reas de uso<\/h3>\n<ul>\n<li>Timbre para villas y apartamentos<\/li>\n<li>Entradas a tiendas y oficinas<\/li>\n<li>Casas de vacaciones y pensiones<\/li>\n<li>Timbre adicional en puertas laterales o traseras<\/li>\n<\/ul>\n<hr \/>\n<h3>Especificaciones t\u00e9cnicas<\/h3>\n<ul>\n<li><strong>Bater\u00eda:<\/strong> 23 A 12 V \u00d7 1<\/li>\n<li><strong>Energ\u00eda en modo de espera:<\/strong> 0 mA<\/li>\n<li><strong>Corriente de trabajo:<\/strong> &lt;40 mA<\/li>\n<li><strong>Frecuencia inal\u00e1mbrica:<\/strong> 433 MHz (eV1527) codificado para SecureX<\/li>\n<li><strong>Medida:<\/strong> 48 \u00d7 76 \u00d7 11 mm<\/li>\n<li><strong>Temperatura de trabajo:<\/strong> \u221210\u00b0C a +50\u00b0C<\/li>\n<li><strong>Humedad relativa:<\/strong> &lt;95 % (sin condensaci\u00f3n)<\/li>\n<li><strong>Montaje:<\/strong> Cinta adhesiva de doble cara (incluida) o tornillo a trav\u00e9s de 2 orificios para tornillos (tornillos no incluidos)<\/li>\n<\/ul>\n<hr \/>\n<h3>Contenido del env\u00edo<\/h3>\n<ul>\n<li>Timbre multibot\u00f3n SecureX: 1 ud.<\/li>\n<li>Cinta adhesiva de doble cara<\/li>\n<li>Manual<\/li>\n<\/ul>","protected":false},"excerpt":{"rendered":"<p>SecureX Multi-button \u2013 Doorbell es un bot\u00f3n inal\u00e1mbrico que funciona como un timbre en su sistema de alarma.<\/p>\n<p>Totalmente integrado con el concentrador SecureX y la aplicaci\u00f3n Stonehouse Smart, compatible con Tuya y Smart Life.<\/p>\n<p>Tambi\u00e9n puede programar el bot\u00f3n m\u00faltiple como sensor de alarma con funciones seleccionadas.<\/p>\n<p>F\u00e1cil montaje con cinta de doble cara o tornillos.<\/p>","protected":false},"featured_media":162650,"template":"","meta":{"_acf_changed":false},"product_brand":[],"product_cat":[5063],"product_tag":[],"class_list":{"0":"post-162654","1":"product","2":"type-product","3":"status-publish","4":"has-post-thumbnail","6":"product_cat-securex-knappar-nod","7":"pa_brands-securex","8":"tm-no-options","10":"first","11":"instock","12":"sale","13":"taxable","14":"shipping-taxable","15":"purchasable","16":"product-type-simple"},"acf":[],"_links":{"self":[{"href":"https:\/\/secureus.se\/es\/wp-json\/wp\/v2\/product\/162654","targetHints":{"allow":["GET"]}}],"collection":[{"href":"https:\/\/secureus.se\/es\/wp-json\/wp\/v2\/product"}],"about":[{"href":"https:\/\/secureus.se\/es\/wp-json\/wp\/v2\/types\/product"}],"wp:featuredmedia":[{"embeddable":true,"href":"https:\/\/secureus.se\/es\/wp-json\/wp\/v2\/media\/162650"}],"wp:attachment":[{"href":"https:\/\/secureus.se\/es\/wp-json\/wp\/v2\/media?parent=162654"}],"wp:term":[{"taxonomy":"product_brand","embeddable":true,"href":"https:\/\/secureus.se\/es\/wp-json\/wp\/v2\/product_brand?post=162654"},{"taxonomy":"product_cat","embeddable":true,"href":"https:\/\/secureus.se\/es\/wp-json\/wp\/v2\/product_cat?post=162654"},{"taxonomy":"product_tag","embeddable":true,"href":"https:\/\/secureus.se\/es\/wp-json\/wp\/v2\/product_tag?post=162654"}],"curies":[{"name":"wp","href":"https:\/\/api.w.org\/{rel}","templated":true}]}}