{"id":162659,"date":"2025-09-15T11:16:39","date_gmt":"2025-09-15T09:16:39","guid":{"rendered":"https:\/\/secureus.se\/?post_type=product&#038;p=162659"},"modified":"2026-04-09T15:50:04","modified_gmt":"2026-04-09T13:50:04","slug":"securex-multiknapp-sos","status":"publish","type":"product","link":"https:\/\/secureus.se\/es\/securex-multiknapp-sos\/","title":{"rendered":"Bot\u00f3n SOS multiusos SecureX para conexi\u00f3n al concentrador SecureX."},"content":{"rendered":"<h2>SecureX Multibot\u00f3n \u2013 SOS<\/h2>\n<p>El bot\u00f3n m\u00faltiple SecureX SOS es un bot\u00f3n de emergencia inal\u00e1mbrico rectangular con un s\u00edmbolo SOS claro, dise\u00f1ado para pedir ayuda r\u00e1pidamente en situaciones cr\u00edticas. Con una sola pulsaci\u00f3n, se env\u00eda una se\u00f1al SOS a trav\u00e9s de <strong>Centro SecureX<\/strong>, lo que activa inmediatamente la alarma y env\u00eda <strong>notificaciones push en tiempo real<\/strong> al tel\u00e9fono m\u00f3vil.<\/p>\n<p>Todos los eventos se muestran en <strong>La aplicaci\u00f3n Stonehouse Smart<\/strong> (iOS\/Android). Para mayor flexibilidad, compatibilidad con <strong>Tuya<\/strong> y <strong>Vida inteligente<\/strong> a trav\u00e9s del concentrador.<\/p>\n<p>El multibot\u00f3n tambi\u00e9n se puede programar como transmisor\/sensor de alarma, es decir, permite crear alarmas tanto silenciosas como sonoras. La opci\u00f3n de adquirir texto opcional puede ser una alternativa para que la funci\u00f3n o la ubicaci\u00f3n en su propiedad sean m\u00e1s claras.<\/p>\n<hr \/>\n<h3>F\u00e1cil de colocar: siempre a mano.<\/h3>\n<p>El bot\u00f3n es compacto (<strong>48 \u00d7 76 \u00d7 11 mm<\/strong>) y se puede ensamblar r\u00e1pidamente con <strong>cinta de doble cara<\/strong> (incluido). Para una instalaci\u00f3n m\u00e1s permanente, hay <strong>dos orificios de montaje<\/strong> Para tornillos. El claro s\u00edmbolo SOS hace que el bot\u00f3n sea f\u00e1cil de reconocer y usar, incluso bajo presi\u00f3n.<\/p>\n<p>Est\u00e1 alimentado por <strong>1 bater\u00eda de 23 A y 12 V<\/strong> Adem\u00e1s, tiene un bajo consumo de energ\u00eda, lo que proporciona una larga duraci\u00f3n de la bater\u00eda y un funcionamiento fiable.<\/p>\n<hr \/>\n<h3>Comunicaci\u00f3n inal\u00e1mbrica estable<\/h3>\n<p>Botones m\u00faltiples \u2013 Usos SOS <strong>433 MHz (eV1527)<\/strong> y est\u00e1 programado para SecureX, que proporciona un funcionamiento estable en muchos entornos, como hogares, oficinas y centros sanitarios.<\/p>\n<hr \/>\n<h3>Importante: sistema y compatibilidad<\/h3>\n<ul>\n<li>El bot\u00f3n SOS se utiliza junto con <strong>Centro SecureX<\/strong><\/li>\n<li>Las alarmas y notificaciones se gestionan en <strong>La aplicaci\u00f3n Stonehouse Smart<\/strong><\/li>\n<li><strong>Tuya y vida inteligente<\/strong> apoyado <strong>a trav\u00e9s del centro<\/strong><\/li>\n<li>El producto es <strong>no independiente<\/strong><\/li>\n<\/ul>\n<hr \/>\n<h3>Beneficios y caracter\u00edsticas<\/h3>\n<ul>\n<li>Activaci\u00f3n r\u00e1pida del SOS en caso de emergencia.<\/li>\n<li>Funcionamiento inal\u00e1mbrico con se\u00f1al estable<\/li>\n<li>Integraci\u00f3n completa a trav\u00e9s de <strong>Centro SecureX<\/strong><\/li>\n<li>Notificaciones en tiempo real en <strong>La aplicaci\u00f3n Stonehouse Smart<\/strong><\/li>\n<li>Tuya y Smart Life son compatibles a trav\u00e9s de un hub.<\/li>\n<li>F\u00e1cil montaje con cinta o tornillos.<\/li>\n<li>Bajo consumo de energ\u00eda para una mayor duraci\u00f3n de la bater\u00eda.<\/li>\n<li>Compacto, discreto y claramente marcado con SOS.<\/li>\n<\/ul>\n<hr \/>\n<h3>\u00c1reas de uso<\/h3>\n<ul>\n<li>Protecci\u00f3n del hogar y la familia<\/li>\n<li>Residencias de ancianos y cuidados para personas mayores<\/li>\n<li>Tiendas, oficinas y lugares de trabajo<\/li>\n<li>Protecci\u00f3n personal en entornos vulnerables<\/li>\n<\/ul>\n<hr \/>\n<h3>Especificaciones t\u00e9cnicas<\/h3>\n<ul>\n<li><strong>Bater\u00eda:<\/strong> 23 A 12 V \u00d7 1<\/li>\n<li><strong>Energ\u00eda en modo de espera:<\/strong> 0 mA<\/li>\n<li><strong>Corriente de trabajo:<\/strong> &lt;40 mA<\/li>\n<li><strong>Frecuencia:<\/strong> 433 MHz (eV1527) y codificaci\u00f3n SecureX<\/li>\n<li><strong>Medida:<\/strong> 48 \u00d7 76 \u00d7 11 mm<\/li>\n<li><strong>Temperatura de trabajo:<\/strong> \u221210\u00b0C a +50\u00b0C<\/li>\n<li><strong>Humedad relativa:<\/strong> &lt;95 % (sin condensaci\u00f3n)<\/li>\n<\/ul>\n<hr \/>\n<h3>Contenido del env\u00edo<\/h3>\n<ul>\n<li>SecureX Multi-bot\u00f3n \u2013 SOS: 1 unidad<\/li>\n<li>Cinta adhesiva de doble cara<\/li>\n<li>Tornillos<\/li>\n<li>Manual<\/li>\n<\/ul>","protected":false},"excerpt":{"rendered":"<p>Bot\u00f3n SOS inal\u00e1mbrico rectangular para el sistema SecureX.<\/p>\n<p>Con solo presionar un bot\u00f3n se env\u00edan alertas de emergencia y notificaciones push a trav\u00e9s del concentrador SecureX.<\/p>\n<p>Tambi\u00e9n puede programar el bot\u00f3n m\u00faltiple como sensor de alarma con funciones seleccionadas.<\/p>\n<p>F\u00e1cil montaje y bater\u00eda de larga duraci\u00f3n.<\/p>","protected":false},"featured_media":162655,"template":"","meta":{"_acf_changed":false},"product_brand":[],"product_cat":[5063],"product_tag":[],"class_list":{"0":"post-162659","1":"product","2":"type-product","3":"status-publish","4":"has-post-thumbnail","6":"product_cat-securex-knappar-nod","7":"pa_brands-securex","8":"tm-no-options","10":"first","11":"instock","12":"sale","13":"taxable","14":"shipping-taxable","15":"purchasable","16":"product-type-simple"},"acf":[],"_links":{"self":[{"href":"https:\/\/secureus.se\/es\/wp-json\/wp\/v2\/product\/162659","targetHints":{"allow":["GET"]}}],"collection":[{"href":"https:\/\/secureus.se\/es\/wp-json\/wp\/v2\/product"}],"about":[{"href":"https:\/\/secureus.se\/es\/wp-json\/wp\/v2\/types\/product"}],"wp:featuredmedia":[{"embeddable":true,"href":"https:\/\/secureus.se\/es\/wp-json\/wp\/v2\/media\/162655"}],"wp:attachment":[{"href":"https:\/\/secureus.se\/es\/wp-json\/wp\/v2\/media?parent=162659"}],"wp:term":[{"taxonomy":"product_brand","embeddable":true,"href":"https:\/\/secureus.se\/es\/wp-json\/wp\/v2\/product_brand?post=162659"},{"taxonomy":"product_cat","embeddable":true,"href":"https:\/\/secureus.se\/es\/wp-json\/wp\/v2\/product_cat?post=162659"},{"taxonomy":"product_tag","embeddable":true,"href":"https:\/\/secureus.se\/es\/wp-json\/wp\/v2\/product_tag?post=162659"}],"curies":[{"name":"wp","href":"https:\/\/api.w.org\/{rel}","templated":true}]}}