{"id":162717,"date":"2026-02-16T10:35:17","date_gmt":"2026-02-16T09:35:17","guid":{"rendered":"https:\/\/secureus.se\/securex-rfid-tagg-for-larmstyrning\/"},"modified":"2026-04-02T13:03:28","modified_gmt":"2026-04-02T11:03:28","slug":"securex-rfid-tagg-for-larmstyrning","status":"publish","type":"product","link":"https:\/\/secureus.se\/es\/securex-rfid-tagg-for-larmstyrning\/","title":{"rendered":"Etiqueta RFID SecureX para control de alarmas"},"content":{"rendered":"<p data-start=\"286\" data-end=\"532\">Las etiquetas RFID SecureX son una soluci\u00f3n sencilla y segura para la identificaci\u00f3n y el acceso al sistema SecureX. Con solo acercar el lector, los usuarios pueden desactivar la alarma, acceder al sistema o identificarse, sin necesidad de c\u00f3digo ni aplicaci\u00f3n.<\/p>\n<p data-start=\"534\" data-end=\"765\">Dise\u00f1adas para el uso diario, estas etiquetas cuentan con una construcci\u00f3n robusta que resiste el desgaste con el paso del tiempo. Son ideales para empresas, propiedades, personal, visitantes u otros entornos donde el acceso fluido y controlado es fundamental.<\/p>\n<p data-start=\"767\" data-end=\"978\">Al ser un producto exclusivo de SecureX, las etiquetas RFID tambi\u00e9n se pueden personalizar con su propio texto o logotipo.<\/p>\n<p data-start=\"767\" data-end=\"978\">Esto proporciona una imagen uniforme y profesional, a la vez que facilita el reconocimiento de las etiquetas y su vinculaci\u00f3n con su negocio.<\/p>\n<p data-start=\"980\" data-end=\"993\"><strong data-start=\"980\" data-end=\"993\">Ventajas:<\/strong><\/p>\n<ul data-start=\"994\" data-end=\"1195\">\n<li data-start=\"994\" data-end=\"1027\">\n<p data-start=\"996\" data-end=\"1027\">Identificaci\u00f3n r\u00e1pida y sencilla<\/p>\n<\/li>\n<li data-start=\"1028\" data-end=\"1070\">\n<p data-start=\"1030\" data-end=\"1070\">F\u00e1cil de usar sin c\u00f3digo ni tel\u00e9fono m\u00f3vil.<\/p>\n<\/li>\n<li data-start=\"1071\" data-end=\"1111\">\n<p data-start=\"1073\" data-end=\"1111\">Alta fiabilidad operativa y larga vida \u00fatil.<\/p>\n<\/li>\n<li data-start=\"1112\" data-end=\"1150\">\n<p data-start=\"1114\" data-end=\"1150\">Posibilidad de personalizaci\u00f3n con su propio logotipo<\/p>\n<\/li>\n<li data-start=\"1151\" data-end=\"1195\">\n<p data-start=\"1153\" data-end=\"1195\">Compatibilidad total con el sistema SecureX.<\/p>\n<\/li>\n<\/ul>\n<p data-start=\"1197\" data-end=\"1262\" data-is-last-node=\"\" data-is-only-node=\"\">Una soluci\u00f3n pr\u00e1ctica y profesional para el control de accesos moderno.<\/p>","protected":false},"excerpt":{"rendered":"<p>Las etiquetas RFID SecureX proporcionan acceso r\u00e1pido y sencillo a su sistema SecureX. Simplemente acerque la etiqueta al lector para desactivar o controlar los permisos.<\/p>\n<p>Las etiquetas son duraderas, confiables y se pueden entregar con su propio logotipo\/n\u00famero para una soluci\u00f3n profesional y personal.<\/p>","protected":false},"featured_media":162716,"template":"","meta":{"_acf_changed":false},"product_brand":[],"product_cat":[5067,5065],"product_tag":[],"class_list":{"0":"post-162717","1":"product","2":"type-product","3":"status-publish","4":"has-post-thumbnail","6":"product_cat-securex-knappsatser","7":"product_cat-securex-tillbehor","8":"tm-no-options","10":"first","11":"instock","12":"sale","13":"taxable","14":"shipping-taxable","15":"purchasable","16":"product-type-simple"},"acf":[],"_links":{"self":[{"href":"https:\/\/secureus.se\/es\/wp-json\/wp\/v2\/product\/162717","targetHints":{"allow":["GET"]}}],"collection":[{"href":"https:\/\/secureus.se\/es\/wp-json\/wp\/v2\/product"}],"about":[{"href":"https:\/\/secureus.se\/es\/wp-json\/wp\/v2\/types\/product"}],"wp:featuredmedia":[{"embeddable":true,"href":"https:\/\/secureus.se\/es\/wp-json\/wp\/v2\/media\/162716"}],"wp:attachment":[{"href":"https:\/\/secureus.se\/es\/wp-json\/wp\/v2\/media?parent=162717"}],"wp:term":[{"taxonomy":"product_brand","embeddable":true,"href":"https:\/\/secureus.se\/es\/wp-json\/wp\/v2\/product_brand?post=162717"},{"taxonomy":"product_cat","embeddable":true,"href":"https:\/\/secureus.se\/es\/wp-json\/wp\/v2\/product_cat?post=162717"},{"taxonomy":"product_tag","embeddable":true,"href":"https:\/\/secureus.se\/es\/wp-json\/wp\/v2\/product_tag?post=162717"}],"curies":[{"name":"wp","href":"https:\/\/api.w.org\/{rel}","templated":true}]}}